{"id":5044,"date":"2022-12-21T13:06:06","date_gmt":"2022-12-21T12:06:06","guid":{"rendered":"https:\/\/www.silvelox.it\/fr\/?page_id=5044"},"modified":"2025-06-20T15:25:13","modified_gmt":"2025-06-20T13:25:13","slug":"motorisation-securlap","status":"publish","type":"page","link":"https:\/\/www.silvelox.it\/fr\/motorisation-securlap\/","title":{"rendered":"Motorisation securlap"},"content":{"rendered":"\t\t<div data-elementor-type=\"wp-page\" data-elementor-id=\"5044\" class=\"elementor elementor-5044\" data-elementor-post-type=\"page\">\n\t\t\t\t\t\t<section class=\"elementor-section elementor-top-section elementor-element elementor-element-21fc21d4 news-main-sec meccanica elementor-section-content-middle elementor-section-boxed elementor-section-height-default elementor-section-height-default\" data-id=\"21fc21d4\" data-element_type=\"section\" data-e-type=\"section\">\n\t\t\t\t\t\t<div class=\"elementor-container elementor-column-gap-default\">\n\t\t\t\t\t<div class=\"elementor-column elementor-col-50 elementor-top-column elementor-element elementor-element-a0ed47b\" data-id=\"a0ed47b\" data-element_type=\"column\" data-e-type=\"column\">\n\t\t\t<div class=\"elementor-widget-wrap elementor-element-populated\">\n\t\t\t\t\t\t<div class=\"elementor-element elementor-element-75aaae85 elementor-widget elementor-widget-heading\" data-id=\"75aaae85\" data-element_type=\"widget\" data-e-type=\"widget\" data-widget_type=\"heading.default\">\n\t\t\t\t<div class=\"elementor-widget-container\">\n\t\t\t\t\t<h1 class=\"elementor-heading-title elementor-size-default\">Plus d'espace pour votre espace<\/h1>\t\t\t\t<\/div>\n\t\t\t\t<\/div>\n\t\t\t\t\t<\/div>\n\t\t<\/div>\n\t\t\t\t<div class=\"elementor-column elementor-col-50 elementor-top-column elementor-element elementor-element-3e726f30 lavoran-info\" data-id=\"3e726f30\" data-element_type=\"column\" data-e-type=\"column\">\n\t\t\t<div class=\"elementor-widget-wrap elementor-element-populated\">\n\t\t\t\t\t\t<div class=\"elementor-element elementor-element-b1d8a65 elementor-icon-list--layout-inline elementor-align-end mecc-bann-buttons elementor-list-item-link-full_width elementor-widget elementor-widget-icon-list\" data-id=\"b1d8a65\" data-element_type=\"widget\" data-e-type=\"widget\" data-widget_type=\"icon-list.default\">\n\t\t\t\t<div class=\"elementor-widget-container\">\n\t\t\t\t\t\t\t<ul class=\"elementor-icon-list-items elementor-inline-items\">\n\t\t\t\t\t\t\t<li class=\"elementor-icon-list-item elementor-inline-item\">\n\t\t\t\t\t\t\t\t\t\t\t<a href=\"#footer-main-form\">\n\n\t\t\t\t\t\t\t\t\t\t\t\t<span class=\"elementor-icon-list-icon\">\n\t\t\t\t\t\t\t<svg xmlns=\"http:\/\/www.w3.org\/2000\/svg\" xmlns:xlink=\"http:\/\/www.w3.org\/1999\/xlink\" width=\"21px\" height=\"21px\" viewBox=\"0 0 21 21\"><title>Group 3<\/title><g id=\"Page-1\" stroke=\"none\" stroke-width=\"1\" fill=\"none\" fill-rule=\"evenodd\" stroke-linecap=\"round\"><g id=\"01---Homepage\" transform=\"translate(-1076.000000, -1808.000000)\" stroke=\"#976747\" stroke-width=\"2\"><g id=\"Group-6\" transform=\"translate(145.000000, 1472.873548)\"><g id=\"Group-4\" transform=\"translate(814.600000, 336.195204)\"><g id=\"Group-3\" transform=\"translate(117.400000, 0.000000)\"><line x1=\"18.5398218\" y1=\"8.89911447\" x2=\"0.539821812\" y2=\"8.89911447\" id=\"Line-2\"><\/line><line x1=\"9.64070734\" y1=\"0\" x2=\"9.64070734\" y2=\"18\" id=\"Line-2\"><\/line><\/g><\/g><\/g><\/g><\/g><\/svg>\t\t\t\t\t\t<\/span>\n\t\t\t\t\t\t\t\t\t\t<span class=\"elementor-icon-list-text\">Demande d'information<\/span>\n\t\t\t\t\t\t\t\t\t\t\t<\/a>\n\t\t\t\t\t\t\t\t\t<\/li>\n\t\t\t\t\t\t<\/ul>\n\t\t\t\t\t\t<\/div>\n\t\t\t\t<\/div>\n\t\t\t\t\t<\/div>\n\t\t<\/div>\n\t\t\t\t\t<\/div>\n\t\t<\/section>\n\t\t\t\t<section class=\"elementor-section elementor-top-section elementor-element elementor-element-1d924abf mecc-sec-one elementor-section-boxed elementor-section-height-default elementor-section-height-default\" data-id=\"1d924abf\" data-element_type=\"section\" data-e-type=\"section\">\n\t\t\t\t\t\t<div class=\"elementor-container elementor-column-gap-default\">\n\t\t\t\t\t<div class=\"elementor-column elementor-col-100 elementor-top-column elementor-element elementor-element-626672e4\" data-id=\"626672e4\" data-element_type=\"column\" data-e-type=\"column\">\n\t\t\t<div class=\"elementor-widget-wrap elementor-element-populated\">\n\t\t\t\t\t\t<div class=\"elementor-element elementor-element-29653df0 la-limita-sec elementor-widget elementor-widget-text-editor\" data-id=\"29653df0\" data-element_type=\"widget\" data-e-type=\"widget\" data-widget_type=\"text-editor.default\">\n\t\t\t\t<div class=\"elementor-widget-container\">\n\t\t\t\t\t\t\t\t\t<p>La porte sectionnelle SECURLAP_OO poss\u00e8de une m\u00e9canique unifi\u00e9e pour chaque type de cavit\u00e9 murale et s&rsquo;adapte facilement aux diff\u00e9rentes situations de r\u00e9novation dans tout type de b\u00e2timent. Elle se pr\u00eate \u00e0 une utilisation dans des situations particuli\u00e8res de locaux int\u00e9rieurs caract\u00e9ris\u00e9s par la pr\u00e9sence de murs lat\u00e9raux inclin\u00e9s, vo\u00fbt\u00e9s, \u00e0 poutres basses et \u00e0 rayon \u00e9troit, ainsi que de plafonds obliques.<\/p><p>Traduit avec DeepL.com (version gratuite)<\/p>\t\t\t\t\t\t\t\t<\/div>\n\t\t\t\t<\/div>\n\t\t\t\t\t<\/div>\n\t\t<\/div>\n\t\t\t\t\t<\/div>\n\t\t<\/section>\n\t\t\t\t<section class=\"elementor-section elementor-top-section elementor-element elementor-element-438cf28 mecc-sec-two elementor-section-boxed elementor-section-height-default elementor-section-height-default\" data-id=\"438cf28\" data-element_type=\"section\" data-e-type=\"section\">\n\t\t\t\t\t\t<div class=\"elementor-container elementor-column-gap-default\">\n\t\t\t\t\t<div class=\"elementor-column elementor-col-50 elementor-top-column elementor-element elementor-element-5645649 anta-main-sec\" data-id=\"5645649\" data-element_type=\"column\" data-e-type=\"column\">\n\t\t\t<div class=\"elementor-widget-wrap elementor-element-populated\">\n\t\t\t\t\t\t<div class=\"elementor-element elementor-element-3464084 elementor-widget__width-initial elementor-position-top elementor-widget elementor-widget-image-box\" data-id=\"3464084\" data-element_type=\"widget\" data-e-type=\"widget\" data-widget_type=\"image-box.default\">\n\t\t\t\t<div class=\"elementor-widget-container\">\n\t\t\t\t\t<div class=\"elementor-image-box-wrapper\"><figure class=\"elementor-image-box-img\"><img fetchpriority=\"high\" decoding=\"async\" width=\"2025\" height=\"1336\" src=\"https:\/\/www.silvelox.it\/fr\/wp-content\/uploads\/sites\/3\/2025\/06\/Catalogo-Silvelox-Overlap_unlocked_mod-48.png\" class=\"attachment-2048x2048 size-2048x2048 wp-image-12933\" alt=\"\" srcset=\"https:\/\/www.silvelox.it\/fr\/wp-content\/uploads\/sites\/3\/2025\/06\/Catalogo-Silvelox-Overlap_unlocked_mod-48.png 2025w, https:\/\/www.silvelox.it\/fr\/wp-content\/uploads\/sites\/3\/2025\/06\/Catalogo-Silvelox-Overlap_unlocked_mod-48-300x198.png 300w, https:\/\/www.silvelox.it\/fr\/wp-content\/uploads\/sites\/3\/2025\/06\/Catalogo-Silvelox-Overlap_unlocked_mod-48-1024x676.png 1024w, https:\/\/www.silvelox.it\/fr\/wp-content\/uploads\/sites\/3\/2025\/06\/Catalogo-Silvelox-Overlap_unlocked_mod-48-768x507.png 768w, https:\/\/www.silvelox.it\/fr\/wp-content\/uploads\/sites\/3\/2025\/06\/Catalogo-Silvelox-Overlap_unlocked_mod-48-1536x1013.png 1536w\" sizes=\"(max-width: 2025px) 100vw, 2025px\" \/><\/figure><\/div>\t\t\t\t<\/div>\n\t\t\t\t<\/div>\n\t\t\t\t\t<\/div>\n\t\t<\/div>\n\t\t\t\t<div class=\"elementor-column elementor-col-50 elementor-top-column elementor-element elementor-element-fef4b33 anta-main-sec\" data-id=\"fef4b33\" data-element_type=\"column\" data-e-type=\"column\">\n\t\t\t<div class=\"elementor-widget-wrap elementor-element-populated\">\n\t\t\t\t\t\t<div class=\"elementor-element elementor-element-74be717 elementor-widget__width-initial elementor-position-top elementor-widget elementor-widget-image-box\" data-id=\"74be717\" data-element_type=\"widget\" data-e-type=\"widget\" data-widget_type=\"image-box.default\">\n\t\t\t\t<div class=\"elementor-widget-container\">\n\t\t\t\t\t<div class=\"elementor-image-box-wrapper\"><figure class=\"elementor-image-box-img\"><img decoding=\"async\" width=\"2348\" height=\"1320\" src=\"https:\/\/www.silvelox.it\/fr\/wp-content\/uploads\/sites\/3\/2025\/06\/Catalogo-Silvelox-Overlap_unlocked_mod-49.png\" class=\"attachment-full size-full wp-image-12934\" alt=\"\" srcset=\"https:\/\/www.silvelox.it\/fr\/wp-content\/uploads\/sites\/3\/2025\/06\/Catalogo-Silvelox-Overlap_unlocked_mod-49.png 2348w, https:\/\/www.silvelox.it\/fr\/wp-content\/uploads\/sites\/3\/2025\/06\/Catalogo-Silvelox-Overlap_unlocked_mod-49-300x169.png 300w, https:\/\/www.silvelox.it\/fr\/wp-content\/uploads\/sites\/3\/2025\/06\/Catalogo-Silvelox-Overlap_unlocked_mod-49-1024x576.png 1024w, https:\/\/www.silvelox.it\/fr\/wp-content\/uploads\/sites\/3\/2025\/06\/Catalogo-Silvelox-Overlap_unlocked_mod-49-768x432.png 768w, https:\/\/www.silvelox.it\/fr\/wp-content\/uploads\/sites\/3\/2025\/06\/Catalogo-Silvelox-Overlap_unlocked_mod-49-1536x864.png 1536w, https:\/\/www.silvelox.it\/fr\/wp-content\/uploads\/sites\/3\/2025\/06\/Catalogo-Silvelox-Overlap_unlocked_mod-49-2048x1151.png 2048w\" sizes=\"(max-width: 2348px) 100vw, 2348px\" \/><\/figure><\/div>\t\t\t\t<\/div>\n\t\t\t\t<\/div>\n\t\t\t\t\t<\/div>\n\t\t<\/div>\n\t\t\t\t\t<\/div>\n\t\t<\/section>\n\t\t\t\t<\/div>\n\t\t","protected":false},"excerpt":{"rendered":"<p>Plus d&rsquo;espace pour votre espace Group 3 Demande d&rsquo;information La porte sectionnelle SECURLAP_OO poss\u00e8de une m\u00e9canique unifi\u00e9e pour chaque type de cavit\u00e9 murale et s&rsquo;adapte facilement aux diff\u00e9rentes situations de r\u00e9novation dans tout type de b\u00e2timent. Elle se pr\u00eate \u00e0 une utilisation dans des situations particuli\u00e8res de locaux int\u00e9rieurs caract\u00e9ris\u00e9s par la pr\u00e9sence de murs [&hellip;]<\/p>\n","protected":false},"author":2,"featured_media":0,"parent":0,"menu_order":0,"comment_status":"closed","ping_status":"closed","template":"","meta":{"_acf_changed":false,"footnotes":""},"class_list":["post-5044","page","type-page","status-publish","hentry"],"acf":[],"yoast_head":"<!-- This site is optimized with the Yoast SEO plugin v27.5 - https:\/\/yoast.com\/product\/yoast-seo-wordpress\/ -->\n<title>Motorisation securlap | Silvelox Group S.p.a. FR<\/title>\n<meta name=\"description\" content=\"Plus d&#039;espace pour votre espace Group 3 Demande d&#039;information La porte sectionnelle SECURLAP_OO poss\u00e8de une m\u00e9canique unifi\u00e9e pour chaque type de cavit\u00e9\" \/>\n<meta name=\"robots\" content=\"index, follow, max-snippet:-1, max-image-preview:large, max-video-preview:-1\" \/>\n<link rel=\"canonical\" href=\"https:\/\/www.silvelox.it\/fr\/motorisation-securlap\/\" \/>\n<meta property=\"og:locale\" content=\"fr_FR\" \/>\n<meta property=\"og:type\" content=\"article\" \/>\n<meta property=\"og:title\" content=\"Motorisation securlap | Silvelox Group S.p.a. FR\" \/>\n<meta property=\"og:description\" content=\"Plus d&#039;espace pour votre espace Group 3 Demande d&#039;information La porte sectionnelle SECURLAP_OO poss\u00e8de une m\u00e9canique unifi\u00e9e pour chaque type de cavit\u00e9\" \/>\n<meta property=\"og:url\" content=\"https:\/\/www.silvelox.it\/fr\/motorisation-securlap\/\" \/>\n<meta property=\"og:site_name\" content=\"Silvelox Group S.p.a. FR\" \/>\n<meta property=\"article:modified_time\" content=\"2025-06-20T13:25:13+00:00\" \/>\n<meta property=\"og:image\" content=\"https:\/\/www.silvelox.it\/fr\/wp-content\/uploads\/sites\/3\/2025\/06\/Catalogo-Silvelox-Overlap_unlocked_mod-48.png\" \/>\n<meta name=\"twitter:card\" content=\"summary_large_image\" \/>\n<meta name=\"twitter:label1\" content=\"Dur\u00e9e de lecture estim\u00e9e\" \/>\n\t<meta name=\"twitter:data1\" content=\"1 minute\" \/>\n<script type=\"application\/ld+json\" class=\"yoast-schema-graph\">{\"@context\":\"https:\\\/\\\/schema.org\",\"@graph\":[{\"@type\":\"WebPage\",\"@id\":\"https:\\\/\\\/www.silvelox.it\\\/fr\\\/motorisation-securlap\\\/\",\"url\":\"https:\\\/\\\/www.silvelox.it\\\/fr\\\/motorisation-securlap\\\/\",\"name\":\"Motorisation securlap | Silvelox Group S.p.a. FR\",\"isPartOf\":{\"@id\":\"https:\\\/\\\/www.silvelox.it\\\/fr\\\/#website\"},\"primaryImageOfPage\":{\"@id\":\"https:\\\/\\\/www.silvelox.it\\\/fr\\\/motorisation-securlap\\\/#primaryimage\"},\"image\":{\"@id\":\"https:\\\/\\\/www.silvelox.it\\\/fr\\\/motorisation-securlap\\\/#primaryimage\"},\"thumbnailUrl\":\"https:\\\/\\\/www.silvelox.it\\\/fr\\\/wp-content\\\/uploads\\\/sites\\\/3\\\/2025\\\/06\\\/Catalogo-Silvelox-Overlap_unlocked_mod-48.png\",\"datePublished\":\"2022-12-21T12:06:06+00:00\",\"dateModified\":\"2025-06-20T13:25:13+00:00\",\"description\":\"Plus d'espace pour votre espace Group 3 Demande d'information La porte sectionnelle SECURLAP_OO poss\u00e8de une m\u00e9canique unifi\u00e9e pour chaque type de cavit\u00e9\",\"breadcrumb\":{\"@id\":\"https:\\\/\\\/www.silvelox.it\\\/fr\\\/motorisation-securlap\\\/#breadcrumb\"},\"inLanguage\":\"fr-FR\",\"potentialAction\":[{\"@type\":\"ReadAction\",\"target\":[\"https:\\\/\\\/www.silvelox.it\\\/fr\\\/motorisation-securlap\\\/\"]}]},{\"@type\":\"ImageObject\",\"inLanguage\":\"fr-FR\",\"@id\":\"https:\\\/\\\/www.silvelox.it\\\/fr\\\/motorisation-securlap\\\/#primaryimage\",\"url\":\"https:\\\/\\\/www.silvelox.it\\\/fr\\\/wp-content\\\/uploads\\\/sites\\\/3\\\/2025\\\/06\\\/Catalogo-Silvelox-Overlap_unlocked_mod-48.png\",\"contentUrl\":\"https:\\\/\\\/www.silvelox.it\\\/fr\\\/wp-content\\\/uploads\\\/sites\\\/3\\\/2025\\\/06\\\/Catalogo-Silvelox-Overlap_unlocked_mod-48.png\",\"width\":2025,\"height\":1336},{\"@type\":\"BreadcrumbList\",\"@id\":\"https:\\\/\\\/www.silvelox.it\\\/fr\\\/motorisation-securlap\\\/#breadcrumb\",\"itemListElement\":[{\"@type\":\"ListItem\",\"position\":1,\"name\":\"Home\",\"item\":\"https:\\\/\\\/www.silvelox.it\\\/fr\\\/\"},{\"@type\":\"ListItem\",\"position\":2,\"name\":\"Motorisation securlap\"}]},{\"@type\":\"WebSite\",\"@id\":\"https:\\\/\\\/www.silvelox.it\\\/fr\\\/#website\",\"url\":\"https:\\\/\\\/www.silvelox.it\\\/fr\\\/\",\"name\":\"Silvelox Group S.p.a. FR\",\"description\":\"\",\"potentialAction\":[{\"@type\":\"SearchAction\",\"target\":{\"@type\":\"EntryPoint\",\"urlTemplate\":\"https:\\\/\\\/www.silvelox.it\\\/fr\\\/?s={search_term_string}\"},\"query-input\":{\"@type\":\"PropertyValueSpecification\",\"valueRequired\":true,\"valueName\":\"search_term_string\"}}],\"inLanguage\":\"fr-FR\"}]}<\/script>\n<!-- \/ Yoast SEO plugin. -->","yoast_head_json":{"title":"Motorisation securlap | Silvelox Group S.p.a. FR","description":"Plus d'espace pour votre espace Group 3 Demande d'information La porte sectionnelle SECURLAP_OO poss\u00e8de une m\u00e9canique unifi\u00e9e pour chaque type de cavit\u00e9","robots":{"index":"index","follow":"follow","max-snippet":"max-snippet:-1","max-image-preview":"max-image-preview:large","max-video-preview":"max-video-preview:-1"},"canonical":"https:\/\/www.silvelox.it\/fr\/motorisation-securlap\/","og_locale":"fr_FR","og_type":"article","og_title":"Motorisation securlap | Silvelox Group S.p.a. FR","og_description":"Plus d'espace pour votre espace Group 3 Demande d'information La porte sectionnelle SECURLAP_OO poss\u00e8de une m\u00e9canique unifi\u00e9e pour chaque type de cavit\u00e9","og_url":"https:\/\/www.silvelox.it\/fr\/motorisation-securlap\/","og_site_name":"Silvelox Group S.p.a. FR","article_modified_time":"2025-06-20T13:25:13+00:00","og_image":[{"url":"https:\/\/www.silvelox.it\/fr\/wp-content\/uploads\/sites\/3\/2025\/06\/Catalogo-Silvelox-Overlap_unlocked_mod-48.png","type":"","width":"","height":""}],"twitter_card":"summary_large_image","twitter_misc":{"Dur\u00e9e de lecture estim\u00e9e":"1 minute"},"schema":{"@context":"https:\/\/schema.org","@graph":[{"@type":"WebPage","@id":"https:\/\/www.silvelox.it\/fr\/motorisation-securlap\/","url":"https:\/\/www.silvelox.it\/fr\/motorisation-securlap\/","name":"Motorisation securlap | Silvelox Group S.p.a. FR","isPartOf":{"@id":"https:\/\/www.silvelox.it\/fr\/#website"},"primaryImageOfPage":{"@id":"https:\/\/www.silvelox.it\/fr\/motorisation-securlap\/#primaryimage"},"image":{"@id":"https:\/\/www.silvelox.it\/fr\/motorisation-securlap\/#primaryimage"},"thumbnailUrl":"https:\/\/www.silvelox.it\/fr\/wp-content\/uploads\/sites\/3\/2025\/06\/Catalogo-Silvelox-Overlap_unlocked_mod-48.png","datePublished":"2022-12-21T12:06:06+00:00","dateModified":"2025-06-20T13:25:13+00:00","description":"Plus d'espace pour votre espace Group 3 Demande d'information La porte sectionnelle SECURLAP_OO poss\u00e8de une m\u00e9canique unifi\u00e9e pour chaque type de cavit\u00e9","breadcrumb":{"@id":"https:\/\/www.silvelox.it\/fr\/motorisation-securlap\/#breadcrumb"},"inLanguage":"fr-FR","potentialAction":[{"@type":"ReadAction","target":["https:\/\/www.silvelox.it\/fr\/motorisation-securlap\/"]}]},{"@type":"ImageObject","inLanguage":"fr-FR","@id":"https:\/\/www.silvelox.it\/fr\/motorisation-securlap\/#primaryimage","url":"https:\/\/www.silvelox.it\/fr\/wp-content\/uploads\/sites\/3\/2025\/06\/Catalogo-Silvelox-Overlap_unlocked_mod-48.png","contentUrl":"https:\/\/www.silvelox.it\/fr\/wp-content\/uploads\/sites\/3\/2025\/06\/Catalogo-Silvelox-Overlap_unlocked_mod-48.png","width":2025,"height":1336},{"@type":"BreadcrumbList","@id":"https:\/\/www.silvelox.it\/fr\/motorisation-securlap\/#breadcrumb","itemListElement":[{"@type":"ListItem","position":1,"name":"Home","item":"https:\/\/www.silvelox.it\/fr\/"},{"@type":"ListItem","position":2,"name":"Motorisation securlap"}]},{"@type":"WebSite","@id":"https:\/\/www.silvelox.it\/fr\/#website","url":"https:\/\/www.silvelox.it\/fr\/","name":"Silvelox Group S.p.a. FR","description":"","potentialAction":[{"@type":"SearchAction","target":{"@type":"EntryPoint","urlTemplate":"https:\/\/www.silvelox.it\/fr\/?s={search_term_string}"},"query-input":{"@type":"PropertyValueSpecification","valueRequired":true,"valueName":"search_term_string"}}],"inLanguage":"fr-FR"}]}},"_links":{"self":[{"href":"https:\/\/www.silvelox.it\/fr\/wp-json\/wp\/v2\/pages\/5044","targetHints":{"allow":["GET"]}}],"collection":[{"href":"https:\/\/www.silvelox.it\/fr\/wp-json\/wp\/v2\/pages"}],"about":[{"href":"https:\/\/www.silvelox.it\/fr\/wp-json\/wp\/v2\/types\/page"}],"author":[{"embeddable":true,"href":"https:\/\/www.silvelox.it\/fr\/wp-json\/wp\/v2\/users\/2"}],"replies":[{"embeddable":true,"href":"https:\/\/www.silvelox.it\/fr\/wp-json\/wp\/v2\/comments?post=5044"}],"version-history":[{"count":27,"href":"https:\/\/www.silvelox.it\/fr\/wp-json\/wp\/v2\/pages\/5044\/revisions"}],"predecessor-version":[{"id":12940,"href":"https:\/\/www.silvelox.it\/fr\/wp-json\/wp\/v2\/pages\/5044\/revisions\/12940"}],"wp:attachment":[{"href":"https:\/\/www.silvelox.it\/fr\/wp-json\/wp\/v2\/media?parent=5044"}],"curies":[{"name":"wp","href":"https:\/\/api.w.org\/{rel}","templated":true}]}}