{"id":4996,"date":"2022-12-21T12:17:26","date_gmt":"2022-12-21T11:17:26","guid":{"rendered":"https:\/\/www.silvelox.it\/fr\/?page_id=4996"},"modified":"2023-10-04T10:03:59","modified_gmt":"2023-10-04T08:03:59","slug":"unicite-securlap","status":"publish","type":"page","link":"https:\/\/www.silvelox.it\/fr\/unicite-securlap\/","title":{"rendered":"Unicit\u00e9 securlap"},"content":{"rendered":"\t\t<div data-elementor-type=\"wp-page\" data-elementor-id=\"4996\" class=\"elementor elementor-4996\" data-elementor-post-type=\"page\">\n\t\t\t\t\t\t<section class=\"elementor-section elementor-top-section elementor-element elementor-element-734c5d2 news-main-sec meccanica elementor-section-content-middle elementor-section-boxed elementor-section-height-default elementor-section-height-default\" data-id=\"734c5d2\" data-element_type=\"section\" data-e-type=\"section\">\n\t\t\t\t\t\t<div class=\"elementor-container elementor-column-gap-default\">\n\t\t\t\t\t<div class=\"elementor-column elementor-col-50 elementor-top-column elementor-element elementor-element-170008b9\" data-id=\"170008b9\" data-element_type=\"column\" data-e-type=\"column\">\n\t\t\t<div class=\"elementor-widget-wrap elementor-element-populated\">\n\t\t\t\t\t\t<div class=\"elementor-element elementor-element-11ffc8bd elementor-widget elementor-widget-heading\" data-id=\"11ffc8bd\" data-element_type=\"widget\" data-e-type=\"widget\" data-widget_type=\"heading.default\">\n\t\t\t\t<div class=\"elementor-widget-container\">\n\t\t\t\t\t<h1 class=\"elementor-heading-title elementor-size-default\">Unicit\u00e9<\/h1>\t\t\t\t<\/div>\n\t\t\t\t<\/div>\n\t\t\t\t\t<\/div>\n\t\t<\/div>\n\t\t\t\t<div class=\"elementor-column elementor-col-50 elementor-top-column elementor-element elementor-element-39a83538 lavoran-info\" data-id=\"39a83538\" data-element_type=\"column\" data-e-type=\"column\">\n\t\t\t<div class=\"elementor-widget-wrap elementor-element-populated\">\n\t\t\t\t\t\t<div class=\"elementor-element elementor-element-1b5c9ca elementor-icon-list--layout-inline elementor-align-end mecc-bann-buttons elementor-list-item-link-full_width elementor-widget elementor-widget-icon-list\" data-id=\"1b5c9ca\" data-element_type=\"widget\" data-e-type=\"widget\" data-widget_type=\"icon-list.default\">\n\t\t\t\t<div class=\"elementor-widget-container\">\n\t\t\t\t\t\t\t<ul class=\"elementor-icon-list-items elementor-inline-items\">\n\t\t\t\t\t\t\t<li class=\"elementor-icon-list-item elementor-inline-item\">\n\t\t\t\t\t\t\t\t\t\t\t<a href=\"#footer-main-form\">\n\n\t\t\t\t\t\t\t\t\t\t\t\t<span class=\"elementor-icon-list-icon\">\n\t\t\t\t\t\t\t<svg xmlns=\"http:\/\/www.w3.org\/2000\/svg\" xmlns:xlink=\"http:\/\/www.w3.org\/1999\/xlink\" width=\"21px\" height=\"21px\" viewBox=\"0 0 21 21\"><title>Group 3<\/title><g id=\"Page-1\" stroke=\"none\" stroke-width=\"1\" fill=\"none\" fill-rule=\"evenodd\" stroke-linecap=\"round\"><g id=\"01---Homepage\" transform=\"translate(-1076.000000, -1808.000000)\" stroke=\"#976747\" stroke-width=\"2\"><g id=\"Group-6\" transform=\"translate(145.000000, 1472.873548)\"><g id=\"Group-4\" transform=\"translate(814.600000, 336.195204)\"><g id=\"Group-3\" transform=\"translate(117.400000, 0.000000)\"><line x1=\"18.5398218\" y1=\"8.89911447\" x2=\"0.539821812\" y2=\"8.89911447\" id=\"Line-2\"><\/line><line x1=\"9.64070734\" y1=\"0\" x2=\"9.64070734\" y2=\"18\" id=\"Line-2\"><\/line><\/g><\/g><\/g><\/g><\/g><\/svg>\t\t\t\t\t\t<\/span>\n\t\t\t\t\t\t\t\t\t\t<span class=\"elementor-icon-list-text\">Demande d'information<\/span>\n\t\t\t\t\t\t\t\t\t\t\t<\/a>\n\t\t\t\t\t\t\t\t\t<\/li>\n\t\t\t\t\t\t<\/ul>\n\t\t\t\t\t\t<\/div>\n\t\t\t\t<\/div>\n\t\t\t\t\t<\/div>\n\t\t<\/div>\n\t\t\t\t\t<\/div>\n\t\t<\/section>\n\t\t\t\t<section class=\"elementor-section elementor-top-section elementor-element elementor-element-ffe2670 mecc-sec-one elementor-section-boxed elementor-section-height-default elementor-section-height-default\" data-id=\"ffe2670\" data-element_type=\"section\" data-e-type=\"section\">\n\t\t\t\t\t\t<div class=\"elementor-container elementor-column-gap-default\">\n\t\t\t\t\t<div class=\"elementor-column elementor-col-100 elementor-top-column elementor-element elementor-element-faae102\" data-id=\"faae102\" data-element_type=\"column\" data-e-type=\"column\">\n\t\t\t<div class=\"elementor-widget-wrap elementor-element-populated\">\n\t\t\t\t\t\t<div class=\"elementor-element elementor-element-d181f1a la-limita-sec elementor-widget elementor-widget-text-editor\" data-id=\"d181f1a\" data-element_type=\"widget\" data-e-type=\"widget\" data-widget_type=\"text-editor.default\">\n\t\t\t\t<div class=\"elementor-widget-container\">\n\t\t\t\t\t\t\t\t\t<p><strong>SECURLAP est la seule porte sectionnelle innovante gr\u00e2ce \u00e0 son syst\u00e8me d&rsquo;ouverture original, qui ne n\u00e9cessite pas de rails au plafond et r\u00e9duit de moiti\u00e9 l&rsquo;espace int\u00e9rieur n\u00e9cessaire.<\/strong><\/p><p>Avec SECURLAP, vous exploitez au mieux l&rsquo;espace \u00e0 l&rsquo;int\u00e9rieur du garage et optimisez le d\u00e9gagement du passage, tant en hauteur qu&rsquo;en largeur. Lorsque le tablier est ouvert, la hauteur de passage n&rsquo;est inf\u00e9rieure que de 200 mm \u00e0 la hauteur du plafond.<\/p><p>Le standard de construction de la porte sectionnelle SECURLAP est le syst\u00e8me de motorisation Silvelox int\u00e9gr\u00e9 dans la traverse sup\u00e9rieure du cadre. Ce syst\u00e8me entra\u00eene le mouvement du vantail de la porte sans qu&rsquo;il soit n\u00e9cessaire de recourir \u00e0 un moteur et \u00e0 des guides visibles appliqu\u00e9s au plafond.<\/p><p>Le vantail se soul\u00e8ve, se plie en deux, tourne sous le plafond et se divise en deux parties, la plus basse glissant sous la plus haute.<\/p><p><strong>ESPACE MINIMUM. OUVERTURE MAXIMALE<\/strong>.<\/p><p>SECURLAP est une porte sectionnelle innovante par son syst\u00e8me d&rsquo;ouverture original, qui ne n\u00e9cessite pas de rails au plafond et divise par deux l&rsquo;encombrement int\u00e9rieur. Avec SECURLAP, vous exploitez au mieux l&rsquo;espace \u00e0 l&rsquo;int\u00e9rieur du garage et vous optimisez la lumi\u00e8re de passage, tant en hauteur qu&rsquo;en largeur. Lorsque le tablier est ouvert, la hauteur de passage n&rsquo;est inf\u00e9rieure que de 200 mm \u00e0 la hauteur du plafond. Le standard de construction de la porte sectionnelle SECURLAP est le syst\u00e8me de motorisation Silvelox int\u00e9gr\u00e9 dans la traverse sup\u00e9rieure du cadre. Ce syst\u00e8me entra\u00eene le mouvement du vantail de la porte sans qu&rsquo;il soit n\u00e9cessaire d&rsquo;utiliser des moteurs visibles et des guides appliqu\u00e9s au plafond.<\/p>\t\t\t\t\t\t\t\t<\/div>\n\t\t\t\t<\/div>\n\t\t\t\t<div class=\"elementor-element elementor-element-7e93aaa elementor-arrows-position-inside elementor-widget elementor-widget-image-carousel\" data-id=\"7e93aaa\" data-element_type=\"widget\" data-e-type=\"widget\" data-settings=\"{&quot;slides_to_show&quot;:&quot;4&quot;,&quot;slides_to_scroll&quot;:&quot;1&quot;,&quot;navigation&quot;:&quot;arrows&quot;,&quot;image_spacing_custom&quot;:{&quot;unit&quot;:&quot;px&quot;,&quot;size&quot;:10,&quot;sizes&quot;:[]},&quot;autoplay&quot;:&quot;yes&quot;,&quot;pause_on_hover&quot;:&quot;yes&quot;,&quot;pause_on_interaction&quot;:&quot;yes&quot;,&quot;autoplay_speed&quot;:5000,&quot;infinite&quot;:&quot;yes&quot;,&quot;speed&quot;:500,&quot;image_spacing_custom_tablet&quot;:{&quot;unit&quot;:&quot;px&quot;,&quot;size&quot;:&quot;&quot;,&quot;sizes&quot;:[]},&quot;image_spacing_custom_mobile&quot;:{&quot;unit&quot;:&quot;px&quot;,&quot;size&quot;:&quot;&quot;,&quot;sizes&quot;:[]}}\" data-widget_type=\"image-carousel.default\">\n\t\t\t\t<div class=\"elementor-widget-container\">\n\t\t\t\t\t\t\t<div class=\"elementor-image-carousel-wrapper swiper\" role=\"region\" aria-roledescription=\"carousel\" aria-label=\"Carrousel d\u2019images\" dir=\"ltr\">\n\t\t\t<div class=\"elementor-image-carousel swiper-wrapper\" aria-live=\"off\">\n\t\t\t\t\t\t\t\t<div class=\"swiper-slide\" role=\"group\" aria-roledescription=\"slide\" aria-label=\"1 sur 8\"><figure class=\"swiper-slide-inner\"><img decoding=\"async\" class=\"swiper-slide-image\" src=\"https:\/\/www.silvelox.it\/fr\/wp-content\/uploads\/sites\/3\/2023\/10\/securlap-01-.jpg\" alt=\"securlap-01-.jpg\" \/><\/figure><\/div><div class=\"swiper-slide\" role=\"group\" aria-roledescription=\"slide\" aria-label=\"2 sur 8\"><figure class=\"swiper-slide-inner\"><img decoding=\"async\" class=\"swiper-slide-image\" src=\"https:\/\/www.silvelox.it\/fr\/wp-content\/uploads\/sites\/3\/2023\/10\/securlap-02-.jpg\" alt=\"securlap-02-.jpg\" \/><\/figure><\/div><div class=\"swiper-slide\" role=\"group\" aria-roledescription=\"slide\" aria-label=\"3 sur 8\"><figure class=\"swiper-slide-inner\"><img decoding=\"async\" class=\"swiper-slide-image\" src=\"https:\/\/www.silvelox.it\/fr\/wp-content\/uploads\/sites\/3\/2023\/10\/securlap-03-.jpg\" alt=\"securlap-03-.jpg\" \/><\/figure><\/div><div class=\"swiper-slide\" role=\"group\" aria-roledescription=\"slide\" aria-label=\"4 sur 8\"><figure class=\"swiper-slide-inner\"><img decoding=\"async\" class=\"swiper-slide-image\" src=\"https:\/\/www.silvelox.it\/fr\/wp-content\/uploads\/sites\/3\/2023\/10\/securlap-04-.jpg\" alt=\"securlap-04-.jpg\" \/><\/figure><\/div><div class=\"swiper-slide\" role=\"group\" aria-roledescription=\"slide\" aria-label=\"5 sur 8\"><figure class=\"swiper-slide-inner\"><img decoding=\"async\" class=\"swiper-slide-image\" src=\"https:\/\/www.silvelox.it\/fr\/wp-content\/uploads\/sites\/3\/2023\/10\/securlap-05-.jpg\" alt=\"securlap-05-.jpg\" \/><\/figure><\/div><div class=\"swiper-slide\" role=\"group\" aria-roledescription=\"slide\" aria-label=\"6 sur 8\"><figure class=\"swiper-slide-inner\"><img decoding=\"async\" class=\"swiper-slide-image\" src=\"https:\/\/www.silvelox.it\/fr\/wp-content\/uploads\/sites\/3\/2023\/10\/securlap-04-1-1.jpg\" alt=\"securlap-04-1-1.jpg\" \/><\/figure><\/div><div class=\"swiper-slide\" role=\"group\" aria-roledescription=\"slide\" aria-label=\"7 sur 8\"><figure class=\"swiper-slide-inner\"><img decoding=\"async\" class=\"swiper-slide-image\" src=\"https:\/\/www.silvelox.it\/fr\/wp-content\/uploads\/sites\/3\/2023\/10\/securlap-03-1-1.jpg\" alt=\"securlap-03-1-1.jpg\" \/><\/figure><\/div><div class=\"swiper-slide\" role=\"group\" aria-roledescription=\"slide\" aria-label=\"8 sur 8\"><figure class=\"swiper-slide-inner\"><img decoding=\"async\" class=\"swiper-slide-image\" src=\"https:\/\/www.silvelox.it\/fr\/wp-content\/uploads\/sites\/3\/2023\/10\/securlap-02-1-1.jpg\" alt=\"securlap-02-1-1.jpg\" \/><\/figure><\/div>\t\t\t<\/div>\n\t\t\t\t\t\t\t\t\t\t\t\t<div class=\"elementor-swiper-button elementor-swiper-button-prev\" role=\"button\" tabindex=\"0\">\n\t\t\t\t\t\t<i aria-hidden=\"true\" class=\"eicon-chevron-left\"><\/i>\t\t\t\t\t<\/div>\n\t\t\t\t\t<div class=\"elementor-swiper-button elementor-swiper-button-next\" role=\"button\" tabindex=\"0\">\n\t\t\t\t\t\t<i aria-hidden=\"true\" class=\"eicon-chevron-right\"><\/i>\t\t\t\t\t<\/div>\n\t\t\t\t\n\t\t\t\t\t\t\t\t\t<\/div>\n\t\t\t\t\t\t<\/div>\n\t\t\t\t<\/div>\n\t\t\t\t<div class=\"elementor-element elementor-element-8eb3c64 elementor-widget elementor-widget-text-editor\" data-id=\"8eb3c64\" data-element_type=\"widget\" data-e-type=\"widget\" data-widget_type=\"text-editor.default\">\n\t\t\t\t<div class=\"elementor-widget-container\">\n\t\t\t\t\t\t\t\t\t<p><strong>MOTEUR CACH\u00c9 :<\/strong><br \/>compl\u00e8tement dissimul\u00e9 dans la traverse sup\u00e9rieure du cadre p\u00e9rim\u00e9trique de la porte, il ne n\u00e9cessite pas de barres coulissantes et ne r\u00e9duit pas l&rsquo;espace de passage.<\/p><p><strong>SYST\u00c8ME DE CONTREPOIDS :<\/strong><br \/>le syst\u00e8me de fonctionnement m\u00e9canique est avec l&rsquo;\u00e9quilibrage du vantail au moyen de doubles contrepoids, les parties sujettes \u00e0 l&rsquo;usure sont r\u00e9duites au minimum.<\/p><p><strong>C\u00d4T\u00c9 INT\u00c9RIEUR :<\/strong><br \/>la construction sp\u00e9ciale permet un aspect propre sans charni\u00e8res visibles.<\/p><p><strong>TECHNOLOGIE SECURLAP :<\/strong><\/p><p>La porte SECURLAP a \u00e9t\u00e9 con\u00e7ue et r\u00e9alis\u00e9e sur la base de la TECHNOLOGIE SECURLAP, un syst\u00e8me brevet\u00e9 visant \u00e0 obtenir un maximum de fonctionnalit\u00e9 et d&rsquo;esth\u00e9tique.<br \/>La <strong>SECURLAP TECHNOLOGIE<\/strong> permet d&rsquo;adapter la porte \u00e0 tout type de construction et d&rsquo;en faire la premi\u00e8re carte de visite de la maison.<\/p><h6>\u00a0<\/h6><h6><strong>Syst\u00e8me de s\u00e9curit\u00e9 maximale pour les portes Securlap<\/strong><\/h6><p>La porte est \u00e9quip\u00e9e d&rsquo;un bord de s\u00e9curit\u00e9 qui, en cas de contact avec un corps \u00e9tranger, interrompt le mouvement en inversant le sens de d\u00e9placement afin d&rsquo;\u00e9viter tout risque d&rsquo;\u00e9crasement.<\/p>\t\t\t\t\t\t\t\t<\/div>\n\t\t\t\t<\/div>\n\t\t\t\t<div class=\"elementor-element elementor-element-a4b8cea elementor-widget__width-initial elementor-widget elementor-widget-image\" data-id=\"a4b8cea\" data-element_type=\"widget\" data-e-type=\"widget\" data-widget_type=\"image.default\">\n\t\t\t\t<div class=\"elementor-widget-container\">\n\t\t\t\t\t\t\t\t\t\t\t\t\t\t\t<img fetchpriority=\"high\" decoding=\"async\" width=\"1024\" height=\"512\" src=\"https:\/\/www.silvelox.it\/fr\/wp-content\/uploads\/sites\/3\/2023\/10\/Prodotti-SilveloxGroup-Securlap_sicurezza-02-1024x512.jpg\" class=\"attachment-large size-large wp-image-10152\" alt=\"\" srcset=\"https:\/\/www.silvelox.it\/fr\/wp-content\/uploads\/sites\/3\/2023\/10\/Prodotti-SilveloxGroup-Securlap_sicurezza-02-1024x512.jpg 1024w, https:\/\/www.silvelox.it\/fr\/wp-content\/uploads\/sites\/3\/2023\/10\/Prodotti-SilveloxGroup-Securlap_sicurezza-02-300x150.jpg 300w, https:\/\/www.silvelox.it\/fr\/wp-content\/uploads\/sites\/3\/2023\/10\/Prodotti-SilveloxGroup-Securlap_sicurezza-02-768x384.jpg 768w, https:\/\/www.silvelox.it\/fr\/wp-content\/uploads\/sites\/3\/2023\/10\/Prodotti-SilveloxGroup-Securlap_sicurezza-02-1536x768.jpg 1536w, https:\/\/www.silvelox.it\/fr\/wp-content\/uploads\/sites\/3\/2023\/10\/Prodotti-SilveloxGroup-Securlap_sicurezza-02.jpg 2000w\" sizes=\"(max-width: 1024px) 100vw, 1024px\" \/>\t\t\t\t\t\t\t\t\t\t\t\t\t\t\t<\/div>\n\t\t\t\t<\/div>\n\t\t\t\t\t<\/div>\n\t\t<\/div>\n\t\t\t\t\t<\/div>\n\t\t<\/section>\n\t\t\t\t<\/div>\n\t\t","protected":false},"excerpt":{"rendered":"<p>Meccanica Richiedi informazioni SECURLAP \u00e8 una porta sezionale innovativa per l\u2019originale sistema d\u2019apertura, che non necessita delle guide a soffitto e dimezza l\u2019ingombro interno. Con SECURLAP si ha il miglior utilizzo dello spazio interno al garage e si ottimizza la luce di passaggio, sia in altezza che in larghezza. Ad anta aperta, l\u2019altezza di passaggio [&hellip;]<\/p>\n","protected":false},"author":2,"featured_media":0,"parent":0,"menu_order":0,"comment_status":"closed","ping_status":"closed","template":"","meta":{"_acf_changed":false,"footnotes":""},"class_list":["post-4996","page","type-page","status-publish","hentry"],"acf":[],"yoast_head":"<!-- This site is optimized with the Yoast SEO plugin v27.4 - https:\/\/yoast.com\/product\/yoast-seo-wordpress\/ -->\n<title>Unicit\u00e9 securlap | Silvelox Group S.p.a. FR<\/title>\n<meta name=\"description\" content=\"Meccanica Richiedi informazioni SECURLAP \u00e8 una porta sezionale innovativa per l\u2019originale sistema d\u2019apertura, che non necessita delle guide a soffitto e\" \/>\n<meta name=\"robots\" content=\"index, follow, max-snippet:-1, max-image-preview:large, max-video-preview:-1\" \/>\n<link rel=\"canonical\" href=\"https:\/\/www.silvelox.it\/fr\/unicite-securlap\/\" \/>\n<meta property=\"og:locale\" content=\"fr_FR\" \/>\n<meta property=\"og:type\" content=\"article\" \/>\n<meta property=\"og:title\" content=\"Unicit\u00e9 securlap | Silvelox Group S.p.a. FR\" \/>\n<meta property=\"og:description\" content=\"Meccanica Richiedi informazioni SECURLAP \u00e8 una porta sezionale innovativa per l\u2019originale sistema d\u2019apertura, che non necessita delle guide a soffitto e\" \/>\n<meta property=\"og:url\" content=\"https:\/\/www.silvelox.it\/fr\/unicite-securlap\/\" \/>\n<meta property=\"og:site_name\" content=\"Silvelox Group S.p.a. FR\" \/>\n<meta property=\"article:modified_time\" content=\"2023-10-04T08:03:59+00:00\" \/>\n<meta property=\"og:image\" content=\"https:\/\/www.silvelox.it\/fr\/wp-content\/uploads\/sites\/3\/2022\/12\/securlap-01-.jpg\" \/>\n<meta name=\"twitter:card\" content=\"summary_large_image\" \/>\n<meta name=\"twitter:label1\" content=\"Dur\u00e9e de lecture estim\u00e9e\" \/>\n\t<meta name=\"twitter:data1\" content=\"3 minutes\" \/>\n<script type=\"application\/ld+json\" class=\"yoast-schema-graph\">{\"@context\":\"https:\\\/\\\/schema.org\",\"@graph\":[{\"@type\":\"WebPage\",\"@id\":\"https:\\\/\\\/www.silvelox.it\\\/fr\\\/unicite-securlap\\\/\",\"url\":\"https:\\\/\\\/www.silvelox.it\\\/fr\\\/unicite-securlap\\\/\",\"name\":\"Unicit\u00e9 securlap | Silvelox Group S.p.a. FR\",\"isPartOf\":{\"@id\":\"https:\\\/\\\/www.silvelox.it\\\/fr\\\/#website\"},\"primaryImageOfPage\":{\"@id\":\"https:\\\/\\\/www.silvelox.it\\\/fr\\\/unicite-securlap\\\/#primaryimage\"},\"image\":{\"@id\":\"https:\\\/\\\/www.silvelox.it\\\/fr\\\/unicite-securlap\\\/#primaryimage\"},\"thumbnailUrl\":\"https:\\\/\\\/www.silvelox.it\\\/fr\\\/wp-content\\\/uploads\\\/sites\\\/3\\\/2022\\\/12\\\/securlap-01-.jpg\",\"datePublished\":\"2022-12-21T11:17:26+00:00\",\"dateModified\":\"2023-10-04T08:03:59+00:00\",\"description\":\"Meccanica Richiedi informazioni SECURLAP \u00e8 una porta sezionale innovativa per l\u2019originale sistema d\u2019apertura, che non necessita delle guide a soffitto e\",\"breadcrumb\":{\"@id\":\"https:\\\/\\\/www.silvelox.it\\\/fr\\\/unicite-securlap\\\/#breadcrumb\"},\"inLanguage\":\"fr-FR\",\"potentialAction\":[{\"@type\":\"ReadAction\",\"target\":[\"https:\\\/\\\/www.silvelox.it\\\/fr\\\/unicite-securlap\\\/\"]}]},{\"@type\":\"ImageObject\",\"inLanguage\":\"fr-FR\",\"@id\":\"https:\\\/\\\/www.silvelox.it\\\/fr\\\/unicite-securlap\\\/#primaryimage\",\"url\":\"https:\\\/\\\/www.silvelox.it\\\/fr\\\/wp-content\\\/uploads\\\/sites\\\/3\\\/2022\\\/12\\\/securlap-01-.jpg\",\"contentUrl\":\"https:\\\/\\\/www.silvelox.it\\\/fr\\\/wp-content\\\/uploads\\\/sites\\\/3\\\/2022\\\/12\\\/securlap-01-.jpg\",\"width\":500,\"height\":500},{\"@type\":\"BreadcrumbList\",\"@id\":\"https:\\\/\\\/www.silvelox.it\\\/fr\\\/unicite-securlap\\\/#breadcrumb\",\"itemListElement\":[{\"@type\":\"ListItem\",\"position\":1,\"name\":\"Home\",\"item\":\"https:\\\/\\\/www.silvelox.it\\\/fr\\\/\"},{\"@type\":\"ListItem\",\"position\":2,\"name\":\"Unicit\u00e9 securlap\"}]},{\"@type\":\"WebSite\",\"@id\":\"https:\\\/\\\/www.silvelox.it\\\/fr\\\/#website\",\"url\":\"https:\\\/\\\/www.silvelox.it\\\/fr\\\/\",\"name\":\"Silvelox Group S.p.a. FR\",\"description\":\"\",\"potentialAction\":[{\"@type\":\"SearchAction\",\"target\":{\"@type\":\"EntryPoint\",\"urlTemplate\":\"https:\\\/\\\/www.silvelox.it\\\/fr\\\/?s={search_term_string}\"},\"query-input\":{\"@type\":\"PropertyValueSpecification\",\"valueRequired\":true,\"valueName\":\"search_term_string\"}}],\"inLanguage\":\"fr-FR\"}]}<\/script>\n<!-- \/ Yoast SEO plugin. -->","yoast_head_json":{"title":"Unicit\u00e9 securlap | Silvelox Group S.p.a. FR","description":"Meccanica Richiedi informazioni SECURLAP \u00e8 una porta sezionale innovativa per l\u2019originale sistema d\u2019apertura, che non necessita delle guide a soffitto e","robots":{"index":"index","follow":"follow","max-snippet":"max-snippet:-1","max-image-preview":"max-image-preview:large","max-video-preview":"max-video-preview:-1"},"canonical":"https:\/\/www.silvelox.it\/fr\/unicite-securlap\/","og_locale":"fr_FR","og_type":"article","og_title":"Unicit\u00e9 securlap | Silvelox Group S.p.a. FR","og_description":"Meccanica Richiedi informazioni SECURLAP \u00e8 una porta sezionale innovativa per l\u2019originale sistema d\u2019apertura, che non necessita delle guide a soffitto e","og_url":"https:\/\/www.silvelox.it\/fr\/unicite-securlap\/","og_site_name":"Silvelox Group S.p.a. FR","article_modified_time":"2023-10-04T08:03:59+00:00","og_image":[{"url":"https:\/\/www.silvelox.it\/fr\/wp-content\/uploads\/sites\/3\/2022\/12\/securlap-01-.jpg","type":"","width":"","height":""}],"twitter_card":"summary_large_image","twitter_misc":{"Dur\u00e9e de lecture estim\u00e9e":"3 minutes"},"schema":{"@context":"https:\/\/schema.org","@graph":[{"@type":"WebPage","@id":"https:\/\/www.silvelox.it\/fr\/unicite-securlap\/","url":"https:\/\/www.silvelox.it\/fr\/unicite-securlap\/","name":"Unicit\u00e9 securlap | Silvelox Group S.p.a. FR","isPartOf":{"@id":"https:\/\/www.silvelox.it\/fr\/#website"},"primaryImageOfPage":{"@id":"https:\/\/www.silvelox.it\/fr\/unicite-securlap\/#primaryimage"},"image":{"@id":"https:\/\/www.silvelox.it\/fr\/unicite-securlap\/#primaryimage"},"thumbnailUrl":"https:\/\/www.silvelox.it\/fr\/wp-content\/uploads\/sites\/3\/2022\/12\/securlap-01-.jpg","datePublished":"2022-12-21T11:17:26+00:00","dateModified":"2023-10-04T08:03:59+00:00","description":"Meccanica Richiedi informazioni SECURLAP \u00e8 una porta sezionale innovativa per l\u2019originale sistema d\u2019apertura, che non necessita delle guide a soffitto e","breadcrumb":{"@id":"https:\/\/www.silvelox.it\/fr\/unicite-securlap\/#breadcrumb"},"inLanguage":"fr-FR","potentialAction":[{"@type":"ReadAction","target":["https:\/\/www.silvelox.it\/fr\/unicite-securlap\/"]}]},{"@type":"ImageObject","inLanguage":"fr-FR","@id":"https:\/\/www.silvelox.it\/fr\/unicite-securlap\/#primaryimage","url":"https:\/\/www.silvelox.it\/fr\/wp-content\/uploads\/sites\/3\/2022\/12\/securlap-01-.jpg","contentUrl":"https:\/\/www.silvelox.it\/fr\/wp-content\/uploads\/sites\/3\/2022\/12\/securlap-01-.jpg","width":500,"height":500},{"@type":"BreadcrumbList","@id":"https:\/\/www.silvelox.it\/fr\/unicite-securlap\/#breadcrumb","itemListElement":[{"@type":"ListItem","position":1,"name":"Home","item":"https:\/\/www.silvelox.it\/fr\/"},{"@type":"ListItem","position":2,"name":"Unicit\u00e9 securlap"}]},{"@type":"WebSite","@id":"https:\/\/www.silvelox.it\/fr\/#website","url":"https:\/\/www.silvelox.it\/fr\/","name":"Silvelox Group S.p.a. FR","description":"","potentialAction":[{"@type":"SearchAction","target":{"@type":"EntryPoint","urlTemplate":"https:\/\/www.silvelox.it\/fr\/?s={search_term_string}"},"query-input":{"@type":"PropertyValueSpecification","valueRequired":true,"valueName":"search_term_string"}}],"inLanguage":"fr-FR"}]}},"_links":{"self":[{"href":"https:\/\/www.silvelox.it\/fr\/wp-json\/wp\/v2\/pages\/4996","targetHints":{"allow":["GET"]}}],"collection":[{"href":"https:\/\/www.silvelox.it\/fr\/wp-json\/wp\/v2\/pages"}],"about":[{"href":"https:\/\/www.silvelox.it\/fr\/wp-json\/wp\/v2\/types\/page"}],"author":[{"embeddable":true,"href":"https:\/\/www.silvelox.it\/fr\/wp-json\/wp\/v2\/users\/2"}],"replies":[{"embeddable":true,"href":"https:\/\/www.silvelox.it\/fr\/wp-json\/wp\/v2\/comments?post=4996"}],"version-history":[{"count":28,"href":"https:\/\/www.silvelox.it\/fr\/wp-json\/wp\/v2\/pages\/4996\/revisions"}],"predecessor-version":[{"id":10158,"href":"https:\/\/www.silvelox.it\/fr\/wp-json\/wp\/v2\/pages\/4996\/revisions\/10158"}],"wp:attachment":[{"href":"https:\/\/www.silvelox.it\/fr\/wp-json\/wp\/v2\/media?parent=4996"}],"curies":[{"name":"wp","href":"https:\/\/api.w.org\/{rel}","templated":true}]}}