{"id":4979,"date":"2022-12-21T12:03:59","date_gmt":"2022-12-21T11:03:59","guid":{"rendered":"https:\/\/www.silvelox.it\/fr\/?page_id=4979"},"modified":"2023-10-09T14:06:53","modified_gmt":"2023-10-09T12:06:53","slug":"motorisation-basculap","status":"publish","type":"page","link":"https:\/\/www.silvelox.it\/fr\/motorisation-basculap\/","title":{"rendered":"Motorisation basculap"},"content":{"rendered":"\t\t<div data-elementor-type=\"wp-page\" data-elementor-id=\"4979\" class=\"elementor elementor-4979\" data-elementor-post-type=\"page\">\n\t\t\t\t\t\t<section class=\"elementor-section elementor-top-section elementor-element elementor-element-6df639fc news-main-sec meccanica elementor-section-content-middle elementor-section-boxed elementor-section-height-default elementor-section-height-default\" data-id=\"6df639fc\" data-element_type=\"section\" data-e-type=\"section\">\n\t\t\t\t\t\t<div class=\"elementor-container elementor-column-gap-default\">\n\t\t\t\t\t<div class=\"elementor-column elementor-col-50 elementor-top-column elementor-element elementor-element-7fa7d704\" data-id=\"7fa7d704\" data-element_type=\"column\" data-e-type=\"column\">\n\t\t\t<div class=\"elementor-widget-wrap elementor-element-populated\">\n\t\t\t\t\t\t<div class=\"elementor-element elementor-element-47ac4091 elementor-widget elementor-widget-heading\" data-id=\"47ac4091\" data-element_type=\"widget\" data-e-type=\"widget\" data-widget_type=\"heading.default\">\n\t\t\t\t<div class=\"elementor-widget-container\">\n\t\t\t\t\t<h1 class=\"elementor-heading-title elementor-size-default\">Motorisation<\/h1>\t\t\t\t<\/div>\n\t\t\t\t<\/div>\n\t\t\t\t\t<\/div>\n\t\t<\/div>\n\t\t\t\t<div class=\"elementor-column elementor-col-50 elementor-top-column elementor-element elementor-element-728d4385 lavoran-info\" data-id=\"728d4385\" data-element_type=\"column\" data-e-type=\"column\">\n\t\t\t<div class=\"elementor-widget-wrap elementor-element-populated\">\n\t\t\t\t\t\t<div class=\"elementor-element elementor-element-57cafca9 elementor-icon-list--layout-inline elementor-align-end mecc-bann-buttons elementor-list-item-link-full_width elementor-widget elementor-widget-icon-list\" data-id=\"57cafca9\" data-element_type=\"widget\" data-e-type=\"widget\" data-widget_type=\"icon-list.default\">\n\t\t\t\t<div class=\"elementor-widget-container\">\n\t\t\t\t\t\t\t<ul class=\"elementor-icon-list-items elementor-inline-items\">\n\t\t\t\t\t\t\t<li class=\"elementor-icon-list-item elementor-inline-item\">\n\t\t\t\t\t\t\t\t\t\t\t<a href=\"#footer-main-form\">\n\n\t\t\t\t\t\t\t\t\t\t\t\t<span class=\"elementor-icon-list-icon\">\n\t\t\t\t\t\t\t<svg xmlns=\"http:\/\/www.w3.org\/2000\/svg\" xmlns:xlink=\"http:\/\/www.w3.org\/1999\/xlink\" width=\"21px\" height=\"21px\" viewBox=\"0 0 21 21\"><title>Group 3<\/title><g id=\"Page-1\" stroke=\"none\" stroke-width=\"1\" fill=\"none\" fill-rule=\"evenodd\" stroke-linecap=\"round\"><g id=\"01---Homepage\" transform=\"translate(-1076.000000, -1808.000000)\" stroke=\"#976747\" stroke-width=\"2\"><g id=\"Group-6\" transform=\"translate(145.000000, 1472.873548)\"><g id=\"Group-4\" transform=\"translate(814.600000, 336.195204)\"><g id=\"Group-3\" transform=\"translate(117.400000, 0.000000)\"><line x1=\"18.5398218\" y1=\"8.89911447\" x2=\"0.539821812\" y2=\"8.89911447\" id=\"Line-2\"><\/line><line x1=\"9.64070734\" y1=\"0\" x2=\"9.64070734\" y2=\"18\" id=\"Line-2\"><\/line><\/g><\/g><\/g><\/g><\/g><\/svg>\t\t\t\t\t\t<\/span>\n\t\t\t\t\t\t\t\t\t\t<span class=\"elementor-icon-list-text\">Demande d'information<\/span>\n\t\t\t\t\t\t\t\t\t\t\t<\/a>\n\t\t\t\t\t\t\t\t\t<\/li>\n\t\t\t\t\t\t<\/ul>\n\t\t\t\t\t\t<\/div>\n\t\t\t\t<\/div>\n\t\t\t\t\t<\/div>\n\t\t<\/div>\n\t\t\t\t\t<\/div>\n\t\t<\/section>\n\t\t\t\t<section class=\"elementor-section elementor-top-section elementor-element elementor-element-6cbe3375 mecc-sec-one elementor-section-boxed elementor-section-height-default elementor-section-height-default\" data-id=\"6cbe3375\" data-element_type=\"section\" data-e-type=\"section\">\n\t\t\t\t\t\t<div class=\"elementor-container elementor-column-gap-default\">\n\t\t\t\t\t<div class=\"elementor-column elementor-col-100 elementor-top-column elementor-element elementor-element-32734435\" data-id=\"32734435\" data-element_type=\"column\" data-e-type=\"column\">\n\t\t\t<div class=\"elementor-widget-wrap elementor-element-populated\">\n\t\t\t\t\t\t<div class=\"elementor-element elementor-element-536b1cf8 la-limita-sec elementor-widget elementor-widget-text-editor\" data-id=\"536b1cf8\" data-element_type=\"widget\" data-e-type=\"widget\" data-widget_type=\"text-editor.default\">\n\t\t\t\t<div class=\"elementor-widget-container\">\n\t\t\t\t\t\t\t\t\t<p><strong>Motorisation brevet\u00e9e, unique sur le march\u00e9.<\/strong><\/p><p>Basculap, comme toutes les portes basculantes Silvelox, dispose d&rsquo;une motorisation int\u00e9gr\u00e9e dans la traverse sup\u00e9rieure, sans qu&rsquo;il soit n\u00e9cessaire d&rsquo;ajouter des moteurs externes peu esth\u00e9tiques.<\/p><p>De plus, le moteur Silvelox est capable \u00e0 lui seul de faire fonctionner des portes jusqu&rsquo;\u00e0 6,5 m de large sans aide suppl\u00e9mentaire, alors que d&rsquo;autres portes basculantes sur le march\u00e9 n\u00e9cessitent deux moteurs externes.<\/p><p>Le moteur est prot\u00e9g\u00e9 par un bo\u00eetier assorti au cadre de la porte, un brevet Silvelox.<\/p><p>Chaque porte, m\u00eame si elle est command\u00e9e en version manuelle, est pr\u00e9par\u00e9e pour l&rsquo;installation ult\u00e9rieure du moteur, sans aucune modification.<\/p><p><strong>Les caract\u00e9ristiques de fonctionnement de l&rsquo;actionneur \u00e9lectrom\u00e9canique sont les suivantes :<\/strong><\/p><ul><li>Tension d&rsquo;alimentation nominale 230 V~ monophas\u00e9 &#8211; 50 Hz<\/li><li>Puissance nominale : 350 W<\/li><li>Niveau sonore de l&rsquo;\u00e9quipement : inf\u00e9rieur \u00e0 70 dB (A)<\/li><li>Degr\u00e9 de protection : IP34<\/li><li>Tension nominale 36 V<\/li><li>Puissance maximale : 300 W<\/li><li>Vitesse de rotation en sortie : 140 g\/min<\/li><li>Couple maximal de sortie : 16 Nm<\/li><\/ul>\t\t\t\t\t\t\t\t<\/div>\n\t\t\t\t<\/div>\n\t\t\t\t<div class=\"elementor-element elementor-element-a6eea81 elementor-widget elementor-widget-image\" data-id=\"a6eea81\" data-element_type=\"widget\" data-e-type=\"widget\" data-widget_type=\"image.default\">\n\t\t\t\t<div class=\"elementor-widget-container\">\n\t\t\t\t\t\t\t\t\t\t\t\t\t\t\t<img fetchpriority=\"high\" decoding=\"async\" width=\"1403\" height=\"1072\" src=\"https:\/\/www.silvelox.it\/fr\/wp-content\/uploads\/sites\/3\/2023\/10\/basculap-interno.jpg\" class=\"attachment-full size-full wp-image-10327\" alt=\"\" srcset=\"https:\/\/www.silvelox.it\/fr\/wp-content\/uploads\/sites\/3\/2023\/10\/basculap-interno.jpg 1403w, https:\/\/www.silvelox.it\/fr\/wp-content\/uploads\/sites\/3\/2023\/10\/basculap-interno-300x229.jpg 300w, https:\/\/www.silvelox.it\/fr\/wp-content\/uploads\/sites\/3\/2023\/10\/basculap-interno-1024x782.jpg 1024w, https:\/\/www.silvelox.it\/fr\/wp-content\/uploads\/sites\/3\/2023\/10\/basculap-interno-768x587.jpg 768w\" sizes=\"(max-width: 1403px) 100vw, 1403px\" \/>\t\t\t\t\t\t\t\t\t\t\t\t\t\t\t<\/div>\n\t\t\t\t<\/div>\n\t\t\t\t\t<\/div>\n\t\t<\/div>\n\t\t\t\t\t<\/div>\n\t\t<\/section>\n\t\t\t\t<\/div>\n\t\t","protected":false},"excerpt":{"rendered":"<p>Motorizzazione Richiedi informazioni Motorizzazione brevettata, unica nel mercato. Basculap come tutte le basculanti Silvelox ha una motorizzazione integrata nella traversa superiore senza la necessit\u00e0 di motori esterni aggiuntivi ed anti estetici. Inoltre, il motore Silvelox \u00e8 in grado da solo di azionare porte fino 6.5 mt di larghezza senza ausili aggiuntivi, mentre le altre basculanti [&hellip;]<\/p>\n","protected":false},"author":2,"featured_media":0,"parent":0,"menu_order":0,"comment_status":"closed","ping_status":"closed","template":"","meta":{"_acf_changed":false,"footnotes":""},"class_list":["post-4979","page","type-page","status-publish","hentry"],"acf":[],"yoast_head":"<!-- This site is optimized with the Yoast SEO plugin v27.5 - https:\/\/yoast.com\/product\/yoast-seo-wordpress\/ -->\n<title>Motorisation basculap | Silvelox Group S.p.a. FR<\/title>\n<meta name=\"description\" content=\"Motorizzazione Richiedi informazioni Motorizzazione brevettata, unica nel mercato. Basculap come tutte le basculanti Silvelox ha una motorizzazione\" \/>\n<meta name=\"robots\" content=\"index, follow, max-snippet:-1, max-image-preview:large, max-video-preview:-1\" \/>\n<link rel=\"canonical\" href=\"https:\/\/www.silvelox.it\/fr\/motorisation-basculap\/\" \/>\n<meta property=\"og:locale\" content=\"fr_FR\" \/>\n<meta property=\"og:type\" content=\"article\" \/>\n<meta property=\"og:title\" content=\"Motorisation basculap | Silvelox Group S.p.a. FR\" \/>\n<meta property=\"og:description\" content=\"Motorizzazione Richiedi informazioni Motorizzazione brevettata, unica nel mercato. Basculap come tutte le basculanti Silvelox ha una motorizzazione\" \/>\n<meta property=\"og:url\" content=\"https:\/\/www.silvelox.it\/fr\/motorisation-basculap\/\" \/>\n<meta property=\"og:site_name\" content=\"Silvelox Group S.p.a. FR\" \/>\n<meta property=\"article:modified_time\" content=\"2023-10-09T12:06:53+00:00\" \/>\n<meta property=\"og:image\" content=\"https:\/\/www.silvelox.it\/fr\/wp-content\/uploads\/sites\/3\/2022\/12\/immagini-prodotti-BASCULAP-meccanica02.jpg\" \/>\n<meta name=\"twitter:card\" content=\"summary_large_image\" \/>\n<meta name=\"twitter:label1\" content=\"Dur\u00e9e de lecture estim\u00e9e\" \/>\n\t<meta name=\"twitter:data1\" content=\"2 minutes\" \/>\n<script type=\"application\/ld+json\" class=\"yoast-schema-graph\">{\"@context\":\"https:\\\/\\\/schema.org\",\"@graph\":[{\"@type\":\"WebPage\",\"@id\":\"https:\\\/\\\/www.silvelox.it\\\/fr\\\/motorisation-basculap\\\/\",\"url\":\"https:\\\/\\\/www.silvelox.it\\\/fr\\\/motorisation-basculap\\\/\",\"name\":\"Motorisation basculap | Silvelox Group S.p.a. FR\",\"isPartOf\":{\"@id\":\"https:\\\/\\\/www.silvelox.it\\\/fr\\\/#website\"},\"primaryImageOfPage\":{\"@id\":\"https:\\\/\\\/www.silvelox.it\\\/fr\\\/motorisation-basculap\\\/#primaryimage\"},\"image\":{\"@id\":\"https:\\\/\\\/www.silvelox.it\\\/fr\\\/motorisation-basculap\\\/#primaryimage\"},\"thumbnailUrl\":\"https:\\\/\\\/www.silvelox.it\\\/fr\\\/wp-content\\\/uploads\\\/sites\\\/3\\\/2022\\\/12\\\/immagini-prodotti-BASCULAP-meccanica02.jpg\",\"datePublished\":\"2022-12-21T11:03:59+00:00\",\"dateModified\":\"2023-10-09T12:06:53+00:00\",\"description\":\"Motorizzazione Richiedi informazioni Motorizzazione brevettata, unica nel mercato. Basculap come tutte le basculanti Silvelox ha una motorizzazione\",\"breadcrumb\":{\"@id\":\"https:\\\/\\\/www.silvelox.it\\\/fr\\\/motorisation-basculap\\\/#breadcrumb\"},\"inLanguage\":\"fr-FR\",\"potentialAction\":[{\"@type\":\"ReadAction\",\"target\":[\"https:\\\/\\\/www.silvelox.it\\\/fr\\\/motorisation-basculap\\\/\"]}]},{\"@type\":\"ImageObject\",\"inLanguage\":\"fr-FR\",\"@id\":\"https:\\\/\\\/www.silvelox.it\\\/fr\\\/motorisation-basculap\\\/#primaryimage\",\"url\":\"https:\\\/\\\/www.silvelox.it\\\/fr\\\/wp-content\\\/uploads\\\/sites\\\/3\\\/2022\\\/12\\\/immagini-prodotti-BASCULAP-meccanica02.jpg\",\"contentUrl\":\"https:\\\/\\\/www.silvelox.it\\\/fr\\\/wp-content\\\/uploads\\\/sites\\\/3\\\/2022\\\/12\\\/immagini-prodotti-BASCULAP-meccanica02.jpg\",\"width\":1509,\"height\":1000},{\"@type\":\"BreadcrumbList\",\"@id\":\"https:\\\/\\\/www.silvelox.it\\\/fr\\\/motorisation-basculap\\\/#breadcrumb\",\"itemListElement\":[{\"@type\":\"ListItem\",\"position\":1,\"name\":\"Home\",\"item\":\"https:\\\/\\\/www.silvelox.it\\\/fr\\\/\"},{\"@type\":\"ListItem\",\"position\":2,\"name\":\"Motorisation basculap\"}]},{\"@type\":\"WebSite\",\"@id\":\"https:\\\/\\\/www.silvelox.it\\\/fr\\\/#website\",\"url\":\"https:\\\/\\\/www.silvelox.it\\\/fr\\\/\",\"name\":\"Silvelox Group S.p.a. FR\",\"description\":\"\",\"potentialAction\":[{\"@type\":\"SearchAction\",\"target\":{\"@type\":\"EntryPoint\",\"urlTemplate\":\"https:\\\/\\\/www.silvelox.it\\\/fr\\\/?s={search_term_string}\"},\"query-input\":{\"@type\":\"PropertyValueSpecification\",\"valueRequired\":true,\"valueName\":\"search_term_string\"}}],\"inLanguage\":\"fr-FR\"}]}<\/script>\n<!-- \/ Yoast SEO plugin. -->","yoast_head_json":{"title":"Motorisation basculap | Silvelox Group S.p.a. FR","description":"Motorizzazione Richiedi informazioni Motorizzazione brevettata, unica nel mercato. Basculap come tutte le basculanti Silvelox ha una motorizzazione","robots":{"index":"index","follow":"follow","max-snippet":"max-snippet:-1","max-image-preview":"max-image-preview:large","max-video-preview":"max-video-preview:-1"},"canonical":"https:\/\/www.silvelox.it\/fr\/motorisation-basculap\/","og_locale":"fr_FR","og_type":"article","og_title":"Motorisation basculap | Silvelox Group S.p.a. FR","og_description":"Motorizzazione Richiedi informazioni Motorizzazione brevettata, unica nel mercato. Basculap come tutte le basculanti Silvelox ha una motorizzazione","og_url":"https:\/\/www.silvelox.it\/fr\/motorisation-basculap\/","og_site_name":"Silvelox Group S.p.a. FR","article_modified_time":"2023-10-09T12:06:53+00:00","og_image":[{"url":"https:\/\/www.silvelox.it\/fr\/wp-content\/uploads\/sites\/3\/2022\/12\/immagini-prodotti-BASCULAP-meccanica02.jpg","type":"","width":"","height":""}],"twitter_card":"summary_large_image","twitter_misc":{"Dur\u00e9e de lecture estim\u00e9e":"2 minutes"},"schema":{"@context":"https:\/\/schema.org","@graph":[{"@type":"WebPage","@id":"https:\/\/www.silvelox.it\/fr\/motorisation-basculap\/","url":"https:\/\/www.silvelox.it\/fr\/motorisation-basculap\/","name":"Motorisation basculap | Silvelox Group S.p.a. FR","isPartOf":{"@id":"https:\/\/www.silvelox.it\/fr\/#website"},"primaryImageOfPage":{"@id":"https:\/\/www.silvelox.it\/fr\/motorisation-basculap\/#primaryimage"},"image":{"@id":"https:\/\/www.silvelox.it\/fr\/motorisation-basculap\/#primaryimage"},"thumbnailUrl":"https:\/\/www.silvelox.it\/fr\/wp-content\/uploads\/sites\/3\/2022\/12\/immagini-prodotti-BASCULAP-meccanica02.jpg","datePublished":"2022-12-21T11:03:59+00:00","dateModified":"2023-10-09T12:06:53+00:00","description":"Motorizzazione Richiedi informazioni Motorizzazione brevettata, unica nel mercato. Basculap come tutte le basculanti Silvelox ha una motorizzazione","breadcrumb":{"@id":"https:\/\/www.silvelox.it\/fr\/motorisation-basculap\/#breadcrumb"},"inLanguage":"fr-FR","potentialAction":[{"@type":"ReadAction","target":["https:\/\/www.silvelox.it\/fr\/motorisation-basculap\/"]}]},{"@type":"ImageObject","inLanguage":"fr-FR","@id":"https:\/\/www.silvelox.it\/fr\/motorisation-basculap\/#primaryimage","url":"https:\/\/www.silvelox.it\/fr\/wp-content\/uploads\/sites\/3\/2022\/12\/immagini-prodotti-BASCULAP-meccanica02.jpg","contentUrl":"https:\/\/www.silvelox.it\/fr\/wp-content\/uploads\/sites\/3\/2022\/12\/immagini-prodotti-BASCULAP-meccanica02.jpg","width":1509,"height":1000},{"@type":"BreadcrumbList","@id":"https:\/\/www.silvelox.it\/fr\/motorisation-basculap\/#breadcrumb","itemListElement":[{"@type":"ListItem","position":1,"name":"Home","item":"https:\/\/www.silvelox.it\/fr\/"},{"@type":"ListItem","position":2,"name":"Motorisation basculap"}]},{"@type":"WebSite","@id":"https:\/\/www.silvelox.it\/fr\/#website","url":"https:\/\/www.silvelox.it\/fr\/","name":"Silvelox Group S.p.a. FR","description":"","potentialAction":[{"@type":"SearchAction","target":{"@type":"EntryPoint","urlTemplate":"https:\/\/www.silvelox.it\/fr\/?s={search_term_string}"},"query-input":{"@type":"PropertyValueSpecification","valueRequired":true,"valueName":"search_term_string"}}],"inLanguage":"fr-FR"}]}},"_links":{"self":[{"href":"https:\/\/www.silvelox.it\/fr\/wp-json\/wp\/v2\/pages\/4979","targetHints":{"allow":["GET"]}}],"collection":[{"href":"https:\/\/www.silvelox.it\/fr\/wp-json\/wp\/v2\/pages"}],"about":[{"href":"https:\/\/www.silvelox.it\/fr\/wp-json\/wp\/v2\/types\/page"}],"author":[{"embeddable":true,"href":"https:\/\/www.silvelox.it\/fr\/wp-json\/wp\/v2\/users\/2"}],"replies":[{"embeddable":true,"href":"https:\/\/www.silvelox.it\/fr\/wp-json\/wp\/v2\/comments?post=4979"}],"version-history":[{"count":24,"href":"https:\/\/www.silvelox.it\/fr\/wp-json\/wp\/v2\/pages\/4979\/revisions"}],"predecessor-version":[{"id":10334,"href":"https:\/\/www.silvelox.it\/fr\/wp-json\/wp\/v2\/pages\/4979\/revisions\/10334"}],"wp:attachment":[{"href":"https:\/\/www.silvelox.it\/fr\/wp-json\/wp\/v2\/media?parent=4979"}],"curies":[{"name":"wp","href":"https:\/\/api.w.org\/{rel}","templated":true}]}}