{"id":4908,"date":"2022-12-21T09:57:13","date_gmt":"2022-12-21T08:57:13","guid":{"rendered":"https:\/\/www.silvelox.it\/fr\/?page_id=4908"},"modified":"2023-10-09T11:57:48","modified_gmt":"2023-10-09T09:57:48","slug":"unicite-basculap","status":"publish","type":"page","link":"https:\/\/www.silvelox.it\/fr\/unicite-basculap\/","title":{"rendered":"Unicit\u00e9 basculap"},"content":{"rendered":"\t\t<div data-elementor-type=\"wp-page\" data-elementor-id=\"4908\" class=\"elementor elementor-4908\" data-elementor-post-type=\"page\">\n\t\t\t\t\t\t<section class=\"elementor-section elementor-top-section elementor-element elementor-element-4581195d news-main-sec meccanica elementor-section-content-middle elementor-section-boxed elementor-section-height-default elementor-section-height-default\" data-id=\"4581195d\" data-element_type=\"section\" data-e-type=\"section\">\n\t\t\t\t\t\t<div class=\"elementor-container elementor-column-gap-default\">\n\t\t\t\t\t<div class=\"elementor-column elementor-col-50 elementor-top-column elementor-element elementor-element-575cca13\" data-id=\"575cca13\" data-element_type=\"column\" data-e-type=\"column\">\n\t\t\t<div class=\"elementor-widget-wrap elementor-element-populated\">\n\t\t\t\t\t\t<div class=\"elementor-element elementor-element-31fccd62 elementor-widget elementor-widget-heading\" data-id=\"31fccd62\" data-element_type=\"widget\" data-e-type=\"widget\" data-widget_type=\"heading.default\">\n\t\t\t\t<div class=\"elementor-widget-container\">\n\t\t\t\t\t<h1 class=\"elementor-heading-title elementor-size-default\">Unicit\u00e9<\/h1>\t\t\t\t<\/div>\n\t\t\t\t<\/div>\n\t\t\t\t\t<\/div>\n\t\t<\/div>\n\t\t\t\t<div class=\"elementor-column elementor-col-50 elementor-top-column elementor-element elementor-element-640572ca lavoran-info\" data-id=\"640572ca\" data-element_type=\"column\" data-e-type=\"column\">\n\t\t\t<div class=\"elementor-widget-wrap elementor-element-populated\">\n\t\t\t\t\t\t<div class=\"elementor-element elementor-element-47cc1016 elementor-icon-list--layout-inline elementor-align-end mecc-bann-buttons elementor-list-item-link-full_width elementor-widget elementor-widget-icon-list\" data-id=\"47cc1016\" data-element_type=\"widget\" data-e-type=\"widget\" data-widget_type=\"icon-list.default\">\n\t\t\t\t<div class=\"elementor-widget-container\">\n\t\t\t\t\t\t\t<ul class=\"elementor-icon-list-items elementor-inline-items\">\n\t\t\t\t\t\t\t<li class=\"elementor-icon-list-item elementor-inline-item\">\n\t\t\t\t\t\t\t\t\t\t\t<a href=\"#footer-main-form\">\n\n\t\t\t\t\t\t\t\t\t\t\t\t<span class=\"elementor-icon-list-icon\">\n\t\t\t\t\t\t\t<svg xmlns=\"http:\/\/www.w3.org\/2000\/svg\" xmlns:xlink=\"http:\/\/www.w3.org\/1999\/xlink\" width=\"21px\" height=\"21px\" viewBox=\"0 0 21 21\"><title>Group 3<\/title><g id=\"Page-1\" stroke=\"none\" stroke-width=\"1\" fill=\"none\" fill-rule=\"evenodd\" stroke-linecap=\"round\"><g id=\"01---Homepage\" transform=\"translate(-1076.000000, -1808.000000)\" stroke=\"#976747\" stroke-width=\"2\"><g id=\"Group-6\" transform=\"translate(145.000000, 1472.873548)\"><g id=\"Group-4\" transform=\"translate(814.600000, 336.195204)\"><g id=\"Group-3\" transform=\"translate(117.400000, 0.000000)\"><line x1=\"18.5398218\" y1=\"8.89911447\" x2=\"0.539821812\" y2=\"8.89911447\" id=\"Line-2\"><\/line><line x1=\"9.64070734\" y1=\"0\" x2=\"9.64070734\" y2=\"18\" id=\"Line-2\"><\/line><\/g><\/g><\/g><\/g><\/g><\/svg>\t\t\t\t\t\t<\/span>\n\t\t\t\t\t\t\t\t\t\t<span class=\"elementor-icon-list-text\">Demande d'information<\/span>\n\t\t\t\t\t\t\t\t\t\t\t<\/a>\n\t\t\t\t\t\t\t\t\t<\/li>\n\t\t\t\t\t\t<\/ul>\n\t\t\t\t\t\t<\/div>\n\t\t\t\t<\/div>\n\t\t\t\t\t<\/div>\n\t\t<\/div>\n\t\t\t\t\t<\/div>\n\t\t<\/section>\n\t\t\t\t<section class=\"elementor-section elementor-top-section elementor-element elementor-element-90031f7 mecc-sec-one elementor-section-boxed elementor-section-height-default elementor-section-height-default\" data-id=\"90031f7\" data-element_type=\"section\" data-e-type=\"section\">\n\t\t\t\t\t\t<div class=\"elementor-container elementor-column-gap-default\">\n\t\t\t\t\t<div class=\"elementor-column elementor-col-100 elementor-top-column elementor-element elementor-element-b895787\" data-id=\"b895787\" data-element_type=\"column\" data-e-type=\"column\">\n\t\t\t<div class=\"elementor-widget-wrap elementor-element-populated\">\n\t\t\t\t\t\t<div class=\"elementor-element elementor-element-6454f49 la-limita-sec elementor-widget elementor-widget-text-editor\" data-id=\"6454f49\" data-element_type=\"widget\" data-e-type=\"widget\" data-widget_type=\"text-editor.default\">\n\t\t\t\t<div class=\"elementor-widget-container\">\n\t\t\t\t\t\t\t\t\t<div class=\"elementor-element elementor-element-0e26bab elementor-widget elementor-widget-text-editor\" data-id=\"0e26bab\" data-element_type=\"widget\" data-widget_type=\"text-editor.default\"><div class=\"elementor-widget-container\"><p>BASCULAP est la porte de garage avec m\u00e9canisme \u00e0 contrepoids et syst\u00e8me d&rsquo;ouverture auto-relevable pour ceux qui recherchent un produit aux performances et fonctionnalit\u00e9s \u00e9lev\u00e9es et au design simple et lin\u00e9aire.<\/p><p>Equip\u00e9e de panneaux isol\u00e9s en acier galvanis\u00e9 de 40 mm d&rsquo;\u00e9paisseur jusqu&rsquo;\u00e0 0,6 mm ou de panneaux en bois.<\/p><p>Id\u00e9al pour ceux qui recherchent un produit qui ne n\u00e9cessite pas d&rsquo;entretien \u00e0 l&rsquo;ext\u00e9rieur et qui, \u00e0 l&rsquo;int\u00e9rieur, ne pr\u00e9sente pas les rails de plafond inesth\u00e9tiques typiques des portes sectionnelles.<\/p><p>BASCULAP dispose d&rsquo;un syst\u00e8me brevet\u00e9 d&rsquo;assemblage en kit qui permet un transport sans grue pour la manutention et des temps d&rsquo;installation rapides et faciles sur le chantier.<br \/>des temps d&rsquo;installation rapides et faciles sur le chantier.<\/p><p>Disponible \u00e9galement assembl\u00e9 sur demande.<\/p><p><strong>MANTEAU:<\/strong><\/p><p>Compos\u00e9 d&rsquo;\u00e9l\u00e9ments \u00e0 double paroi de 40 mm d&rsquo;\u00e9paisseur en t\u00f4le d&rsquo;acier galvanis\u00e9e, mouss\u00e9s avec du puliur\u00e9thane (sans CFC) de couleur blanche \u00e0 l&rsquo;int\u00e9rieur. Protection contre les fuites internes et externes. Coefficient d&rsquo;isolation thermique U=0,48 W\/m\u00b2. Disponible avec des panneaux de 40 mm d&rsquo;\u00e9paisseur en bois marin okum\u00e8, un bois hydrofuge et l\u00e9ger de grande valeur, sur demande de faisabilit\u00e9.<\/p><p><strong>MOTORISATION :<\/strong><\/p><p>La motorisation unique est toujours ins\u00e9r\u00e9e dans la traverse sup\u00e9rieure sans qu&rsquo;il soit n\u00e9cessaire d&rsquo;installer des moteurs lat\u00e9raux suppl\u00e9mentaires. Le couvercle du moteur fix\u00e9 sur le manteau est un brevet exclusif tr\u00e8s facile \u00e0 installer.<\/p><p><strong>LA PORTE PI\u00c9TONNE :<\/strong><\/p><p>La porte pi\u00e9tonne est ins\u00e9r\u00e9e au centre du manteau et s&rsquo;ouvre vers l&rsquo;ext\u00e9rieur en tournant dans le sens inverse des aiguilles d&rsquo;une montre la m\u00eame poign\u00e9e que celle qui ouvre la porte. La porte pi\u00e9tonne est disponible de s\u00e9rie avec 3 points de verrouillage qui garantissent une s\u00e9curit\u00e9 maximale contre le vol et l&rsquo;intrusion.<\/p><p><strong>PHOTOCELLULE DE S\u00c9CURIT\u00c9 TSD<\/strong><\/p><p>Ce dispositif innovant est un syst\u00e8me de s\u00e9curit\u00e9 con\u00e7u, d\u00e9velopp\u00e9, produit et brevet\u00e9 par SILVELOX, destin\u00e9 \u00e0 pr\u00e9venir d&rsquo;\u00e9ventuels chocs et\/ou \u00e9crasements de choses ou de personnes pendant le mouvement automatique de la porte BASCULAP.<\/p><\/div><\/div>\t\t\t\t\t\t\t\t<\/div>\n\t\t\t\t<\/div>\n\t\t\t\t\t<\/div>\n\t\t<\/div>\n\t\t\t\t\t<\/div>\n\t\t<\/section>\n\t\t\t\t<section class=\"elementor-section elementor-top-section elementor-element elementor-element-91651d1 elementor-section-boxed elementor-section-height-default elementor-section-height-default\" data-id=\"91651d1\" data-element_type=\"section\" data-e-type=\"section\">\n\t\t\t\t\t\t<div class=\"elementor-container elementor-column-gap-default\">\n\t\t\t\t\t<div class=\"elementor-column elementor-col-100 elementor-top-column elementor-element elementor-element-2629ae4\" data-id=\"2629ae4\" data-element_type=\"column\" data-e-type=\"column\">\n\t\t\t<div class=\"elementor-widget-wrap elementor-element-populated\">\n\t\t\t\t\t\t<section class=\"elementor-section elementor-inner-section elementor-element elementor-element-421fe2c elementor-section-boxed elementor-section-height-default elementor-section-height-default\" data-id=\"421fe2c\" data-element_type=\"section\" data-e-type=\"section\">\n\t\t\t\t\t\t<div class=\"elementor-container elementor-column-gap-default\">\n\t\t\t\t\t<div class=\"elementor-column elementor-col-100 elementor-inner-column elementor-element elementor-element-2bcd72b\" data-id=\"2bcd72b\" data-element_type=\"column\" data-e-type=\"column\">\n\t\t\t<div class=\"elementor-widget-wrap elementor-element-populated\">\n\t\t\t\t\t\t<div class=\"elementor-element elementor-element-f8d5dd2 elementor-widget__width-initial elementor-position-top elementor-widget elementor-widget-image-box\" data-id=\"f8d5dd2\" data-element_type=\"widget\" data-e-type=\"widget\" data-widget_type=\"image-box.default\">\n\t\t\t\t<div class=\"elementor-widget-container\">\n\t\t\t\t\t<div class=\"elementor-image-box-wrapper\"><figure class=\"elementor-image-box-img\"><img fetchpriority=\"high\" decoding=\"async\" width=\"650\" height=\"500\" src=\"https:\/\/www.silvelox.it\/fr\/wp-content\/uploads\/sites\/3\/2023\/10\/BASCULAP.jpg\" class=\"attachment-full size-full wp-image-10273\" alt=\"\" srcset=\"https:\/\/www.silvelox.it\/fr\/wp-content\/uploads\/sites\/3\/2023\/10\/BASCULAP.jpg 650w, https:\/\/www.silvelox.it\/fr\/wp-content\/uploads\/sites\/3\/2023\/10\/BASCULAP-300x231.jpg 300w\" sizes=\"(max-width: 650px) 100vw, 650px\" \/><\/figure><\/div>\t\t\t\t<\/div>\n\t\t\t\t<\/div>\n\t\t\t\t\t<\/div>\n\t\t<\/div>\n\t\t\t\t\t<\/div>\n\t\t<\/section>\n\t\t\t\t\t<\/div>\n\t\t<\/div>\n\t\t\t\t\t<\/div>\n\t\t<\/section>\n\t\t\t\t<\/div>\n\t\t","protected":false},"excerpt":{"rendered":"<p>Gli Accessori Richiedi informazioni OBL\u00d2 E GRIGLIE DI AERAZIONE Kd \u00b7 Quadro \u00b7 Corner \u00b7 Loop MOTORIZZAZIONE Selettore HALO con tastierino numerico. Selettore digitale via radio da abbinare a tutti i ricevitori rolling code con batterie incluse. Apertura e chiusura della porta attraverso il cellulare oppure con radiocomando XR Rolling Code e XR Rolling Code [&hellip;]<\/p>\n","protected":false},"author":2,"featured_media":0,"parent":0,"menu_order":0,"comment_status":"closed","ping_status":"closed","template":"","meta":{"_acf_changed":false,"footnotes":""},"class_list":["post-4908","page","type-page","status-publish","hentry"],"acf":[],"yoast_head":"<!-- This site is optimized with the Yoast SEO plugin v27.5 - https:\/\/yoast.com\/product\/yoast-seo-wordpress\/ -->\n<title>Unicit\u00e9 basculap | Silvelox Group S.p.a. FR<\/title>\n<meta name=\"description\" content=\"Gli Accessori Richiedi informazioni OBL\u00d2 E GRIGLIE DI AERAZIONE Kd \u00b7 Quadro \u00b7 Corner \u00b7 Loop MOTORIZZAZIONE Selettore HALO con tastierino numerico.\" \/>\n<meta name=\"robots\" content=\"index, follow, max-snippet:-1, max-image-preview:large, max-video-preview:-1\" \/>\n<link rel=\"canonical\" href=\"https:\/\/www.silvelox.it\/fr\/unicite-basculap\/\" \/>\n<meta property=\"og:locale\" content=\"fr_FR\" \/>\n<meta property=\"og:type\" content=\"article\" \/>\n<meta property=\"og:title\" content=\"Unicit\u00e9 basculap | Silvelox Group S.p.a. FR\" \/>\n<meta property=\"og:description\" content=\"Gli Accessori Richiedi informazioni OBL\u00d2 E GRIGLIE DI AERAZIONE Kd \u00b7 Quadro \u00b7 Corner \u00b7 Loop MOTORIZZAZIONE Selettore HALO con tastierino numerico.\" \/>\n<meta property=\"og:url\" content=\"https:\/\/www.silvelox.it\/fr\/unicite-basculap\/\" \/>\n<meta property=\"og:site_name\" content=\"Silvelox Group S.p.a. FR\" \/>\n<meta property=\"article:modified_time\" content=\"2023-10-09T09:57:48+00:00\" \/>\n<meta property=\"og:image\" content=\"https:\/\/www.silvelox.it\/fr\/wp-content\/uploads\/sites\/3\/2022\/12\/Schermata-2021-05-20-alle-13.48.37.png\" \/>\n<meta name=\"twitter:card\" content=\"summary_large_image\" \/>\n<meta name=\"twitter:label1\" content=\"Dur\u00e9e de lecture estim\u00e9e\" \/>\n\t<meta name=\"twitter:data1\" content=\"6 minutes\" \/>\n<script type=\"application\/ld+json\" class=\"yoast-schema-graph\">{\"@context\":\"https:\\\/\\\/schema.org\",\"@graph\":[{\"@type\":\"WebPage\",\"@id\":\"https:\\\/\\\/www.silvelox.it\\\/fr\\\/unicite-basculap\\\/\",\"url\":\"https:\\\/\\\/www.silvelox.it\\\/fr\\\/unicite-basculap\\\/\",\"name\":\"Unicit\u00e9 basculap | Silvelox Group S.p.a. FR\",\"isPartOf\":{\"@id\":\"https:\\\/\\\/www.silvelox.it\\\/fr\\\/#website\"},\"primaryImageOfPage\":{\"@id\":\"https:\\\/\\\/www.silvelox.it\\\/fr\\\/unicite-basculap\\\/#primaryimage\"},\"image\":{\"@id\":\"https:\\\/\\\/www.silvelox.it\\\/fr\\\/unicite-basculap\\\/#primaryimage\"},\"thumbnailUrl\":\"https:\\\/\\\/www.silvelox.it\\\/fr\\\/wp-content\\\/uploads\\\/sites\\\/3\\\/2022\\\/12\\\/Schermata-2021-05-20-alle-13.48.37.png\",\"datePublished\":\"2022-12-21T08:57:13+00:00\",\"dateModified\":\"2023-10-09T09:57:48+00:00\",\"description\":\"Gli Accessori Richiedi informazioni OBL\u00d2 E GRIGLIE DI AERAZIONE Kd \u00b7 Quadro \u00b7 Corner \u00b7 Loop MOTORIZZAZIONE Selettore HALO con tastierino numerico.\",\"breadcrumb\":{\"@id\":\"https:\\\/\\\/www.silvelox.it\\\/fr\\\/unicite-basculap\\\/#breadcrumb\"},\"inLanguage\":\"fr-FR\",\"potentialAction\":[{\"@type\":\"ReadAction\",\"target\":[\"https:\\\/\\\/www.silvelox.it\\\/fr\\\/unicite-basculap\\\/\"]}]},{\"@type\":\"ImageObject\",\"inLanguage\":\"fr-FR\",\"@id\":\"https:\\\/\\\/www.silvelox.it\\\/fr\\\/unicite-basculap\\\/#primaryimage\",\"url\":\"https:\\\/\\\/www.silvelox.it\\\/fr\\\/wp-content\\\/uploads\\\/sites\\\/3\\\/2022\\\/12\\\/Schermata-2021-05-20-alle-13.48.37.png\",\"contentUrl\":\"https:\\\/\\\/www.silvelox.it\\\/fr\\\/wp-content\\\/uploads\\\/sites\\\/3\\\/2022\\\/12\\\/Schermata-2021-05-20-alle-13.48.37.png\",\"width\":232,\"height\":218},{\"@type\":\"BreadcrumbList\",\"@id\":\"https:\\\/\\\/www.silvelox.it\\\/fr\\\/unicite-basculap\\\/#breadcrumb\",\"itemListElement\":[{\"@type\":\"ListItem\",\"position\":1,\"name\":\"Home\",\"item\":\"https:\\\/\\\/www.silvelox.it\\\/fr\\\/\"},{\"@type\":\"ListItem\",\"position\":2,\"name\":\"Unicit\u00e9 basculap\"}]},{\"@type\":\"WebSite\",\"@id\":\"https:\\\/\\\/www.silvelox.it\\\/fr\\\/#website\",\"url\":\"https:\\\/\\\/www.silvelox.it\\\/fr\\\/\",\"name\":\"Silvelox Group S.p.a. FR\",\"description\":\"\",\"potentialAction\":[{\"@type\":\"SearchAction\",\"target\":{\"@type\":\"EntryPoint\",\"urlTemplate\":\"https:\\\/\\\/www.silvelox.it\\\/fr\\\/?s={search_term_string}\"},\"query-input\":{\"@type\":\"PropertyValueSpecification\",\"valueRequired\":true,\"valueName\":\"search_term_string\"}}],\"inLanguage\":\"fr-FR\"}]}<\/script>\n<!-- \/ Yoast SEO plugin. -->","yoast_head_json":{"title":"Unicit\u00e9 basculap | Silvelox Group S.p.a. FR","description":"Gli Accessori Richiedi informazioni OBL\u00d2 E GRIGLIE DI AERAZIONE Kd \u00b7 Quadro \u00b7 Corner \u00b7 Loop MOTORIZZAZIONE Selettore HALO con tastierino numerico.","robots":{"index":"index","follow":"follow","max-snippet":"max-snippet:-1","max-image-preview":"max-image-preview:large","max-video-preview":"max-video-preview:-1"},"canonical":"https:\/\/www.silvelox.it\/fr\/unicite-basculap\/","og_locale":"fr_FR","og_type":"article","og_title":"Unicit\u00e9 basculap | Silvelox Group S.p.a. FR","og_description":"Gli Accessori Richiedi informazioni OBL\u00d2 E GRIGLIE DI AERAZIONE Kd \u00b7 Quadro \u00b7 Corner \u00b7 Loop MOTORIZZAZIONE Selettore HALO con tastierino numerico.","og_url":"https:\/\/www.silvelox.it\/fr\/unicite-basculap\/","og_site_name":"Silvelox Group S.p.a. FR","article_modified_time":"2023-10-09T09:57:48+00:00","og_image":[{"url":"https:\/\/www.silvelox.it\/fr\/wp-content\/uploads\/sites\/3\/2022\/12\/Schermata-2021-05-20-alle-13.48.37.png","type":"","width":"","height":""}],"twitter_card":"summary_large_image","twitter_misc":{"Dur\u00e9e de lecture estim\u00e9e":"6 minutes"},"schema":{"@context":"https:\/\/schema.org","@graph":[{"@type":"WebPage","@id":"https:\/\/www.silvelox.it\/fr\/unicite-basculap\/","url":"https:\/\/www.silvelox.it\/fr\/unicite-basculap\/","name":"Unicit\u00e9 basculap | Silvelox Group S.p.a. FR","isPartOf":{"@id":"https:\/\/www.silvelox.it\/fr\/#website"},"primaryImageOfPage":{"@id":"https:\/\/www.silvelox.it\/fr\/unicite-basculap\/#primaryimage"},"image":{"@id":"https:\/\/www.silvelox.it\/fr\/unicite-basculap\/#primaryimage"},"thumbnailUrl":"https:\/\/www.silvelox.it\/fr\/wp-content\/uploads\/sites\/3\/2022\/12\/Schermata-2021-05-20-alle-13.48.37.png","datePublished":"2022-12-21T08:57:13+00:00","dateModified":"2023-10-09T09:57:48+00:00","description":"Gli Accessori Richiedi informazioni OBL\u00d2 E GRIGLIE DI AERAZIONE Kd \u00b7 Quadro \u00b7 Corner \u00b7 Loop MOTORIZZAZIONE Selettore HALO con tastierino numerico.","breadcrumb":{"@id":"https:\/\/www.silvelox.it\/fr\/unicite-basculap\/#breadcrumb"},"inLanguage":"fr-FR","potentialAction":[{"@type":"ReadAction","target":["https:\/\/www.silvelox.it\/fr\/unicite-basculap\/"]}]},{"@type":"ImageObject","inLanguage":"fr-FR","@id":"https:\/\/www.silvelox.it\/fr\/unicite-basculap\/#primaryimage","url":"https:\/\/www.silvelox.it\/fr\/wp-content\/uploads\/sites\/3\/2022\/12\/Schermata-2021-05-20-alle-13.48.37.png","contentUrl":"https:\/\/www.silvelox.it\/fr\/wp-content\/uploads\/sites\/3\/2022\/12\/Schermata-2021-05-20-alle-13.48.37.png","width":232,"height":218},{"@type":"BreadcrumbList","@id":"https:\/\/www.silvelox.it\/fr\/unicite-basculap\/#breadcrumb","itemListElement":[{"@type":"ListItem","position":1,"name":"Home","item":"https:\/\/www.silvelox.it\/fr\/"},{"@type":"ListItem","position":2,"name":"Unicit\u00e9 basculap"}]},{"@type":"WebSite","@id":"https:\/\/www.silvelox.it\/fr\/#website","url":"https:\/\/www.silvelox.it\/fr\/","name":"Silvelox Group S.p.a. FR","description":"","potentialAction":[{"@type":"SearchAction","target":{"@type":"EntryPoint","urlTemplate":"https:\/\/www.silvelox.it\/fr\/?s={search_term_string}"},"query-input":{"@type":"PropertyValueSpecification","valueRequired":true,"valueName":"search_term_string"}}],"inLanguage":"fr-FR"}]}},"_links":{"self":[{"href":"https:\/\/www.silvelox.it\/fr\/wp-json\/wp\/v2\/pages\/4908","targetHints":{"allow":["GET"]}}],"collection":[{"href":"https:\/\/www.silvelox.it\/fr\/wp-json\/wp\/v2\/pages"}],"about":[{"href":"https:\/\/www.silvelox.it\/fr\/wp-json\/wp\/v2\/types\/page"}],"author":[{"embeddable":true,"href":"https:\/\/www.silvelox.it\/fr\/wp-json\/wp\/v2\/users\/2"}],"replies":[{"embeddable":true,"href":"https:\/\/www.silvelox.it\/fr\/wp-json\/wp\/v2\/comments?post=4908"}],"version-history":[{"count":33,"href":"https:\/\/www.silvelox.it\/fr\/wp-json\/wp\/v2\/pages\/4908\/revisions"}],"predecessor-version":[{"id":10280,"href":"https:\/\/www.silvelox.it\/fr\/wp-json\/wp\/v2\/pages\/4908\/revisions\/10280"}],"wp:attachment":[{"href":"https:\/\/www.silvelox.it\/fr\/wp-json\/wp\/v2\/media?parent=4908"}],"curies":[{"name":"wp","href":"https:\/\/api.w.org\/{rel}","templated":true}]}}