{"id":4820,"date":"2022-12-21T07:40:19","date_gmt":"2022-12-21T06:40:19","guid":{"rendered":"https:\/\/www.silvelox.it\/fr\/?page_id=4820"},"modified":"2023-10-02T13:42:44","modified_gmt":"2023-10-02T11:42:44","slug":"porte-pietonne-secur-secur-plus","status":"publish","type":"page","link":"https:\/\/www.silvelox.it\/fr\/porte-pietonne-secur-secur-plus\/","title":{"rendered":"Porte pi\u00e9tonne secur\/secur plus"},"content":{"rendered":"\t\t<div data-elementor-type=\"wp-page\" data-elementor-id=\"4820\" class=\"elementor elementor-4820\" data-elementor-post-type=\"page\">\n\t\t\t\t\t\t<section class=\"elementor-section elementor-top-section elementor-element elementor-element-47ce086b news-main-sec meccanica elementor-section-content-middle elementor-section-boxed elementor-section-height-default elementor-section-height-default\" data-id=\"47ce086b\" data-element_type=\"section\" data-e-type=\"section\">\n\t\t\t\t\t\t<div class=\"elementor-container elementor-column-gap-default\">\n\t\t\t\t\t<div class=\"elementor-column elementor-col-50 elementor-top-column elementor-element elementor-element-1d464611\" data-id=\"1d464611\" data-element_type=\"column\" data-e-type=\"column\">\n\t\t\t<div class=\"elementor-widget-wrap elementor-element-populated\">\n\t\t\t\t\t\t<div class=\"elementor-element elementor-element-64077f51 elementor-widget elementor-widget-heading\" data-id=\"64077f51\" data-element_type=\"widget\" data-e-type=\"widget\" data-widget_type=\"heading.default\">\n\t\t\t\t<div class=\"elementor-widget-container\">\n\t\t\t\t\t<h1 class=\"elementor-heading-title elementor-size-default\">Porte pi\u00e9tonne <\/h1>\t\t\t\t<\/div>\n\t\t\t\t<\/div>\n\t\t\t\t\t<\/div>\n\t\t<\/div>\n\t\t\t\t<div class=\"elementor-column elementor-col-50 elementor-top-column elementor-element elementor-element-7d42f98 lavoran-info\" data-id=\"7d42f98\" data-element_type=\"column\" data-e-type=\"column\">\n\t\t\t<div class=\"elementor-widget-wrap elementor-element-populated\">\n\t\t\t\t\t\t<div class=\"elementor-element elementor-element-6d0ddc98 elementor-icon-list--layout-inline elementor-align-end mecc-bann-buttons elementor-list-item-link-full_width elementor-widget elementor-widget-icon-list\" data-id=\"6d0ddc98\" data-element_type=\"widget\" data-e-type=\"widget\" data-widget_type=\"icon-list.default\">\n\t\t\t\t<div class=\"elementor-widget-container\">\n\t\t\t\t\t\t\t<ul class=\"elementor-icon-list-items elementor-inline-items\">\n\t\t\t\t\t\t\t<li class=\"elementor-icon-list-item elementor-inline-item\">\n\t\t\t\t\t\t\t\t\t\t\t<a href=\"#footer-main-form\">\n\n\t\t\t\t\t\t\t\t\t\t\t\t<span class=\"elementor-icon-list-icon\">\n\t\t\t\t\t\t\t<svg xmlns=\"http:\/\/www.w3.org\/2000\/svg\" xmlns:xlink=\"http:\/\/www.w3.org\/1999\/xlink\" width=\"21px\" height=\"21px\" viewBox=\"0 0 21 21\"><title>Group 3<\/title><g id=\"Page-1\" stroke=\"none\" stroke-width=\"1\" fill=\"none\" fill-rule=\"evenodd\" stroke-linecap=\"round\"><g id=\"01---Homepage\" transform=\"translate(-1076.000000, -1808.000000)\" stroke=\"#976747\" stroke-width=\"2\"><g id=\"Group-6\" transform=\"translate(145.000000, 1472.873548)\"><g id=\"Group-4\" transform=\"translate(814.600000, 336.195204)\"><g id=\"Group-3\" transform=\"translate(117.400000, 0.000000)\"><line x1=\"18.5398218\" y1=\"8.89911447\" x2=\"0.539821812\" y2=\"8.89911447\" id=\"Line-2\"><\/line><line x1=\"9.64070734\" y1=\"0\" x2=\"9.64070734\" y2=\"18\" id=\"Line-2\"><\/line><\/g><\/g><\/g><\/g><\/g><\/svg>\t\t\t\t\t\t<\/span>\n\t\t\t\t\t\t\t\t\t\t<span class=\"elementor-icon-list-text\">Demande d'information<\/span>\n\t\t\t\t\t\t\t\t\t\t\t<\/a>\n\t\t\t\t\t\t\t\t\t<\/li>\n\t\t\t\t\t\t<\/ul>\n\t\t\t\t\t\t<\/div>\n\t\t\t\t<\/div>\n\t\t\t\t\t<\/div>\n\t\t<\/div>\n\t\t\t\t\t<\/div>\n\t\t<\/section>\n\t\t\t\t<section class=\"elementor-section elementor-top-section elementor-element elementor-element-4f7f26c mecc-sec-one elementor-section-boxed elementor-section-height-default elementor-section-height-default\" data-id=\"4f7f26c\" data-element_type=\"section\" data-e-type=\"section\">\n\t\t\t\t\t\t<div class=\"elementor-container elementor-column-gap-default\">\n\t\t\t\t\t<div class=\"elementor-column elementor-col-100 elementor-top-column elementor-element elementor-element-79c7a2c\" data-id=\"79c7a2c\" data-element_type=\"column\" data-e-type=\"column\">\n\t\t\t<div class=\"elementor-widget-wrap elementor-element-populated\">\n\t\t\t\t\t\t<div class=\"elementor-element elementor-element-3227d80 la-limita-sec elementor-widget elementor-widget-text-editor\" data-id=\"3227d80\" data-element_type=\"widget\" data-e-type=\"widget\" data-widget_type=\"text-editor.default\">\n\t\t\t\t<div class=\"elementor-widget-container\">\n\t\t\t\t\t\t\t\t\t<p><strong>La porte pi\u00e9tonne, dissimul\u00e9e dans le vantail principal,<\/strong> devient une porte blind\u00e9e, alliant la praticit\u00e9 d&rsquo;une entr\u00e9e suppl\u00e9mentaire \u00e0 la s\u00e9curit\u00e9 d&rsquo;une protection contre les acc\u00e8s ind\u00e9sirables. Positionn\u00e9e au centre et harmonieusement int\u00e9gr\u00e9e au design de la porte, elle est rendue \u00e0 peine visible gr\u00e2ce \u00e0 la feuillure en bois, un d\u00e9tail de menuiserie raffin\u00e9.<\/p><p>Gr\u00e2ce au syst\u00e8me innovant de charni\u00e8res cach\u00e9es, la porte pi\u00e9tonne est compl\u00e8tement camoufl\u00e9e dans le vantail et, avec un degr\u00e9 d&rsquo;ouverture de 90\u00b0, elle permet un passage sur toute la largeur pour faciliter le transit.<\/p><p><strong>DISPONIBLE SUR TOUS LES MOD\u00c8LES DE PORTES JUSQU&rsquo;\u00c0 6 M\u00c8TRES<\/strong><\/p><p><strong>DIMENSIONS DE LA PORTE P\u00c9DESTRIENNE 800\/1000\/1200 mm<\/strong><\/p>\t\t\t\t\t\t\t\t<\/div>\n\t\t\t\t<\/div>\n\t\t\t\t<section class=\"elementor-section elementor-inner-section elementor-element elementor-element-6cfc7a4 elementor-section-boxed elementor-section-height-default elementor-section-height-default\" data-id=\"6cfc7a4\" data-element_type=\"section\" data-e-type=\"section\">\n\t\t\t\t\t\t<div class=\"elementor-container elementor-column-gap-default\">\n\t\t\t\t\t<div class=\"elementor-column elementor-col-50 elementor-inner-column elementor-element elementor-element-4473ec3\" data-id=\"4473ec3\" data-element_type=\"column\" data-e-type=\"column\">\n\t\t\t<div class=\"elementor-widget-wrap elementor-element-populated\">\n\t\t\t\t\t\t<div class=\"elementor-element elementor-element-74ceb0b elementor-widget__width-initial elementor-position-top elementor-widget elementor-widget-image-box\" data-id=\"74ceb0b\" data-element_type=\"widget\" data-e-type=\"widget\" data-widget_type=\"image-box.default\">\n\t\t\t\t<div class=\"elementor-widget-container\">\n\t\t\t\t\t<div class=\"elementor-image-box-wrapper\"><figure class=\"elementor-image-box-img\"><img fetchpriority=\"high\" decoding=\"async\" width=\"1136\" height=\"560\" src=\"https:\/\/www.silvelox.it\/fr\/wp-content\/uploads\/sites\/3\/2023\/10\/porta-pedonale-secur.jpg\" class=\"attachment-full size-full wp-image-10050\" alt=\"\" srcset=\"https:\/\/www.silvelox.it\/fr\/wp-content\/uploads\/sites\/3\/2023\/10\/porta-pedonale-secur.jpg 1136w, https:\/\/www.silvelox.it\/fr\/wp-content\/uploads\/sites\/3\/2023\/10\/porta-pedonale-secur-300x148.jpg 300w, https:\/\/www.silvelox.it\/fr\/wp-content\/uploads\/sites\/3\/2023\/10\/porta-pedonale-secur-1024x505.jpg 1024w, https:\/\/www.silvelox.it\/fr\/wp-content\/uploads\/sites\/3\/2023\/10\/porta-pedonale-secur-768x379.jpg 768w\" sizes=\"(max-width: 1136px) 100vw, 1136px\" \/><\/figure><\/div>\t\t\t\t<\/div>\n\t\t\t\t<\/div>\n\t\t\t\t\t<\/div>\n\t\t<\/div>\n\t\t\t\t<div class=\"elementor-column elementor-col-50 elementor-inner-column elementor-element elementor-element-5cb532d\" data-id=\"5cb532d\" data-element_type=\"column\" data-e-type=\"column\">\n\t\t\t<div class=\"elementor-widget-wrap elementor-element-populated\">\n\t\t\t\t\t\t<div class=\"elementor-element elementor-element-2feea60 elementor-widget__width-initial elementor-position-top elementor-widget elementor-widget-image-box\" data-id=\"2feea60\" data-element_type=\"widget\" data-e-type=\"widget\" data-widget_type=\"image-box.default\">\n\t\t\t\t<div class=\"elementor-widget-container\">\n\t\t\t\t\t<div class=\"elementor-image-box-wrapper\"><figure class=\"elementor-image-box-img\"><img decoding=\"async\" width=\"1137\" height=\"614\" src=\"https:\/\/www.silvelox.it\/fr\/wp-content\/uploads\/sites\/3\/2023\/10\/porta-pedonale-secur-1.jpg\" class=\"attachment-full size-full wp-image-10051\" alt=\"\" srcset=\"https:\/\/www.silvelox.it\/fr\/wp-content\/uploads\/sites\/3\/2023\/10\/porta-pedonale-secur-1.jpg 1137w, https:\/\/www.silvelox.it\/fr\/wp-content\/uploads\/sites\/3\/2023\/10\/porta-pedonale-secur-1-300x162.jpg 300w, https:\/\/www.silvelox.it\/fr\/wp-content\/uploads\/sites\/3\/2023\/10\/porta-pedonale-secur-1-1024x553.jpg 1024w, https:\/\/www.silvelox.it\/fr\/wp-content\/uploads\/sites\/3\/2023\/10\/porta-pedonale-secur-1-768x415.jpg 768w\" sizes=\"(max-width: 1137px) 100vw, 1137px\" \/><\/figure><\/div>\t\t\t\t<\/div>\n\t\t\t\t<\/div>\n\t\t\t\t\t<\/div>\n\t\t<\/div>\n\t\t\t\t\t<\/div>\n\t\t<\/section>\n\t\t\t\t\t<\/div>\n\t\t<\/div>\n\t\t\t\t\t<\/div>\n\t\t<\/section>\n\t\t\t\t<\/div>\n\t\t","protected":false},"excerpt":{"rendered":"<p>Garanzia Sulla Porta Basculante Secur Richiedi informazioni GARANZIA LEGALE* 2 anni su tutti i componenti del prodotto GARANZIA COMMERCIALE* Ulteriori 8 anni su struttura metallica del battente e telaio; Ulteriori 2 anni sulla durata del \ufb01lm di vernice impermeabilizzante applicato sui componenti del legno; Ulteriori 3 anni sui componenti meccanici della motorizzazione o 20.000 cicli [&hellip;]<\/p>\n","protected":false},"author":2,"featured_media":0,"parent":0,"menu_order":0,"comment_status":"closed","ping_status":"closed","template":"","meta":{"_acf_changed":false,"footnotes":""},"class_list":["post-4820","page","type-page","status-publish","hentry"],"acf":[],"yoast_head":"<!-- This site is optimized with the Yoast SEO plugin v27.4 - https:\/\/yoast.com\/product\/yoast-seo-wordpress\/ -->\n<title>Porte pi\u00e9tonne secur\/secur plus | Silvelox Group S.p.a. FR<\/title>\n<meta name=\"description\" content=\"Garanzia Sulla Porta Basculante Secur Richiedi informazioni GARANZIA LEGALE* 2 anni su tutti i componenti del prodotto GARANZIA COMMERCIALE* Ulteriori 8\" \/>\n<meta name=\"robots\" content=\"index, follow, max-snippet:-1, max-image-preview:large, max-video-preview:-1\" \/>\n<link rel=\"canonical\" href=\"https:\/\/www.silvelox.it\/fr\/porte-pietonne-secur-secur-plus\/\" \/>\n<meta property=\"og:locale\" content=\"fr_FR\" \/>\n<meta property=\"og:type\" content=\"article\" \/>\n<meta property=\"og:title\" content=\"Porte pi\u00e9tonne secur\/secur plus | Silvelox Group S.p.a. FR\" \/>\n<meta property=\"og:description\" content=\"Garanzia Sulla Porta Basculante Secur Richiedi informazioni GARANZIA LEGALE* 2 anni su tutti i componenti del prodotto GARANZIA COMMERCIALE* Ulteriori 8\" \/>\n<meta property=\"og:url\" content=\"https:\/\/www.silvelox.it\/fr\/porte-pietonne-secur-secur-plus\/\" \/>\n<meta property=\"og:site_name\" content=\"Silvelox Group S.p.a. FR\" \/>\n<meta property=\"article:modified_time\" content=\"2023-10-02T11:42:44+00:00\" \/>\n<meta property=\"og:image\" content=\"https:\/\/www.silvelox.it\/fr\/wp-content\/uploads\/sites\/3\/2022\/12\/Prodotti-SilveloxGroup-Secur-garanzia-1.jpg\" \/>\n<meta name=\"twitter:card\" content=\"summary_large_image\" \/>\n<meta name=\"twitter:label1\" content=\"Dur\u00e9e de lecture estim\u00e9e\" \/>\n\t<meta name=\"twitter:data1\" content=\"1 minute\" \/>\n<script type=\"application\/ld+json\" class=\"yoast-schema-graph\">{\"@context\":\"https:\\\/\\\/schema.org\",\"@graph\":[{\"@type\":\"WebPage\",\"@id\":\"https:\\\/\\\/www.silvelox.it\\\/fr\\\/porte-pietonne-secur-secur-plus\\\/\",\"url\":\"https:\\\/\\\/www.silvelox.it\\\/fr\\\/porte-pietonne-secur-secur-plus\\\/\",\"name\":\"Porte pi\u00e9tonne secur\\\/secur plus | Silvelox Group S.p.a. FR\",\"isPartOf\":{\"@id\":\"https:\\\/\\\/www.silvelox.it\\\/fr\\\/#website\"},\"primaryImageOfPage\":{\"@id\":\"https:\\\/\\\/www.silvelox.it\\\/fr\\\/porte-pietonne-secur-secur-plus\\\/#primaryimage\"},\"image\":{\"@id\":\"https:\\\/\\\/www.silvelox.it\\\/fr\\\/porte-pietonne-secur-secur-plus\\\/#primaryimage\"},\"thumbnailUrl\":\"https:\\\/\\\/www.silvelox.it\\\/fr\\\/wp-content\\\/uploads\\\/sites\\\/3\\\/2022\\\/12\\\/Prodotti-SilveloxGroup-Secur-garanzia-1.jpg\",\"datePublished\":\"2022-12-21T06:40:19+00:00\",\"dateModified\":\"2023-10-02T11:42:44+00:00\",\"description\":\"Garanzia Sulla Porta Basculante Secur Richiedi informazioni GARANZIA LEGALE* 2 anni su tutti i componenti del prodotto GARANZIA COMMERCIALE* Ulteriori 8\",\"breadcrumb\":{\"@id\":\"https:\\\/\\\/www.silvelox.it\\\/fr\\\/porte-pietonne-secur-secur-plus\\\/#breadcrumb\"},\"inLanguage\":\"fr-FR\",\"potentialAction\":[{\"@type\":\"ReadAction\",\"target\":[\"https:\\\/\\\/www.silvelox.it\\\/fr\\\/porte-pietonne-secur-secur-plus\\\/\"]}]},{\"@type\":\"ImageObject\",\"inLanguage\":\"fr-FR\",\"@id\":\"https:\\\/\\\/www.silvelox.it\\\/fr\\\/porte-pietonne-secur-secur-plus\\\/#primaryimage\",\"url\":\"https:\\\/\\\/www.silvelox.it\\\/fr\\\/wp-content\\\/uploads\\\/sites\\\/3\\\/2022\\\/12\\\/Prodotti-SilveloxGroup-Secur-garanzia-1.jpg\",\"contentUrl\":\"https:\\\/\\\/www.silvelox.it\\\/fr\\\/wp-content\\\/uploads\\\/sites\\\/3\\\/2022\\\/12\\\/Prodotti-SilveloxGroup-Secur-garanzia-1.jpg\",\"width\":2000,\"height\":1000},{\"@type\":\"BreadcrumbList\",\"@id\":\"https:\\\/\\\/www.silvelox.it\\\/fr\\\/porte-pietonne-secur-secur-plus\\\/#breadcrumb\",\"itemListElement\":[{\"@type\":\"ListItem\",\"position\":1,\"name\":\"Home\",\"item\":\"https:\\\/\\\/www.silvelox.it\\\/fr\\\/\"},{\"@type\":\"ListItem\",\"position\":2,\"name\":\"Porte pi\u00e9tonne secur\\\/secur plus\"}]},{\"@type\":\"WebSite\",\"@id\":\"https:\\\/\\\/www.silvelox.it\\\/fr\\\/#website\",\"url\":\"https:\\\/\\\/www.silvelox.it\\\/fr\\\/\",\"name\":\"Silvelox Group S.p.a. FR\",\"description\":\"\",\"potentialAction\":[{\"@type\":\"SearchAction\",\"target\":{\"@type\":\"EntryPoint\",\"urlTemplate\":\"https:\\\/\\\/www.silvelox.it\\\/fr\\\/?s={search_term_string}\"},\"query-input\":{\"@type\":\"PropertyValueSpecification\",\"valueRequired\":true,\"valueName\":\"search_term_string\"}}],\"inLanguage\":\"fr-FR\"}]}<\/script>\n<!-- \/ Yoast SEO plugin. -->","yoast_head_json":{"title":"Porte pi\u00e9tonne secur\/secur plus | Silvelox Group S.p.a. FR","description":"Garanzia Sulla Porta Basculante Secur Richiedi informazioni GARANZIA LEGALE* 2 anni su tutti i componenti del prodotto GARANZIA COMMERCIALE* Ulteriori 8","robots":{"index":"index","follow":"follow","max-snippet":"max-snippet:-1","max-image-preview":"max-image-preview:large","max-video-preview":"max-video-preview:-1"},"canonical":"https:\/\/www.silvelox.it\/fr\/porte-pietonne-secur-secur-plus\/","og_locale":"fr_FR","og_type":"article","og_title":"Porte pi\u00e9tonne secur\/secur plus | Silvelox Group S.p.a. FR","og_description":"Garanzia Sulla Porta Basculante Secur Richiedi informazioni GARANZIA LEGALE* 2 anni su tutti i componenti del prodotto GARANZIA COMMERCIALE* Ulteriori 8","og_url":"https:\/\/www.silvelox.it\/fr\/porte-pietonne-secur-secur-plus\/","og_site_name":"Silvelox Group S.p.a. FR","article_modified_time":"2023-10-02T11:42:44+00:00","og_image":[{"url":"https:\/\/www.silvelox.it\/fr\/wp-content\/uploads\/sites\/3\/2022\/12\/Prodotti-SilveloxGroup-Secur-garanzia-1.jpg","type":"","width":"","height":""}],"twitter_card":"summary_large_image","twitter_misc":{"Dur\u00e9e de lecture estim\u00e9e":"1 minute"},"schema":{"@context":"https:\/\/schema.org","@graph":[{"@type":"WebPage","@id":"https:\/\/www.silvelox.it\/fr\/porte-pietonne-secur-secur-plus\/","url":"https:\/\/www.silvelox.it\/fr\/porte-pietonne-secur-secur-plus\/","name":"Porte pi\u00e9tonne secur\/secur plus | Silvelox Group S.p.a. FR","isPartOf":{"@id":"https:\/\/www.silvelox.it\/fr\/#website"},"primaryImageOfPage":{"@id":"https:\/\/www.silvelox.it\/fr\/porte-pietonne-secur-secur-plus\/#primaryimage"},"image":{"@id":"https:\/\/www.silvelox.it\/fr\/porte-pietonne-secur-secur-plus\/#primaryimage"},"thumbnailUrl":"https:\/\/www.silvelox.it\/fr\/wp-content\/uploads\/sites\/3\/2022\/12\/Prodotti-SilveloxGroup-Secur-garanzia-1.jpg","datePublished":"2022-12-21T06:40:19+00:00","dateModified":"2023-10-02T11:42:44+00:00","description":"Garanzia Sulla Porta Basculante Secur Richiedi informazioni GARANZIA LEGALE* 2 anni su tutti i componenti del prodotto GARANZIA COMMERCIALE* Ulteriori 8","breadcrumb":{"@id":"https:\/\/www.silvelox.it\/fr\/porte-pietonne-secur-secur-plus\/#breadcrumb"},"inLanguage":"fr-FR","potentialAction":[{"@type":"ReadAction","target":["https:\/\/www.silvelox.it\/fr\/porte-pietonne-secur-secur-plus\/"]}]},{"@type":"ImageObject","inLanguage":"fr-FR","@id":"https:\/\/www.silvelox.it\/fr\/porte-pietonne-secur-secur-plus\/#primaryimage","url":"https:\/\/www.silvelox.it\/fr\/wp-content\/uploads\/sites\/3\/2022\/12\/Prodotti-SilveloxGroup-Secur-garanzia-1.jpg","contentUrl":"https:\/\/www.silvelox.it\/fr\/wp-content\/uploads\/sites\/3\/2022\/12\/Prodotti-SilveloxGroup-Secur-garanzia-1.jpg","width":2000,"height":1000},{"@type":"BreadcrumbList","@id":"https:\/\/www.silvelox.it\/fr\/porte-pietonne-secur-secur-plus\/#breadcrumb","itemListElement":[{"@type":"ListItem","position":1,"name":"Home","item":"https:\/\/www.silvelox.it\/fr\/"},{"@type":"ListItem","position":2,"name":"Porte pi\u00e9tonne secur\/secur plus"}]},{"@type":"WebSite","@id":"https:\/\/www.silvelox.it\/fr\/#website","url":"https:\/\/www.silvelox.it\/fr\/","name":"Silvelox Group S.p.a. FR","description":"","potentialAction":[{"@type":"SearchAction","target":{"@type":"EntryPoint","urlTemplate":"https:\/\/www.silvelox.it\/fr\/?s={search_term_string}"},"query-input":{"@type":"PropertyValueSpecification","valueRequired":true,"valueName":"search_term_string"}}],"inLanguage":"fr-FR"}]}},"_links":{"self":[{"href":"https:\/\/www.silvelox.it\/fr\/wp-json\/wp\/v2\/pages\/4820","targetHints":{"allow":["GET"]}}],"collection":[{"href":"https:\/\/www.silvelox.it\/fr\/wp-json\/wp\/v2\/pages"}],"about":[{"href":"https:\/\/www.silvelox.it\/fr\/wp-json\/wp\/v2\/types\/page"}],"author":[{"embeddable":true,"href":"https:\/\/www.silvelox.it\/fr\/wp-json\/wp\/v2\/users\/2"}],"replies":[{"embeddable":true,"href":"https:\/\/www.silvelox.it\/fr\/wp-json\/wp\/v2\/comments?post=4820"}],"version-history":[{"count":19,"href":"https:\/\/www.silvelox.it\/fr\/wp-json\/wp\/v2\/pages\/4820\/revisions"}],"predecessor-version":[{"id":10055,"href":"https:\/\/www.silvelox.it\/fr\/wp-json\/wp\/v2\/pages\/4820\/revisions\/10055"}],"wp:attachment":[{"href":"https:\/\/www.silvelox.it\/fr\/wp-json\/wp\/v2\/media?parent=4820"}],"curies":[{"name":"wp","href":"https:\/\/api.w.org\/{rel}","templated":true}]}}