{"id":4658,"date":"2022-12-21T05:46:45","date_gmt":"2022-12-21T04:46:45","guid":{"rendered":"https:\/\/www.silvelox.it\/fr\/?page_id=4658"},"modified":"2023-12-01T11:07:43","modified_gmt":"2023-12-01T10:07:43","slug":"solutions-pour-la-construction","status":"publish","type":"page","link":"https:\/\/www.silvelox.it\/fr\/solutions-pour-la-construction\/","title":{"rendered":"Solutions pour la construction"},"content":{"rendered":"\t\t<div data-elementor-type=\"wp-page\" data-elementor-id=\"4658\" class=\"elementor elementor-4658\" data-elementor-post-type=\"page\">\n\t\t\t\t\t\t<section class=\"elementor-section elementor-top-section elementor-element elementor-element-2f216379 news-main-sec meccanica elementor-section-content-middle elementor-section-boxed elementor-section-height-default elementor-section-height-default\" data-id=\"2f216379\" data-element_type=\"section\" data-e-type=\"section\">\n\t\t\t\t\t\t<div class=\"elementor-container elementor-column-gap-default\">\n\t\t\t\t\t<div class=\"elementor-column elementor-col-50 elementor-top-column elementor-element elementor-element-41cf5e84\" data-id=\"41cf5e84\" data-element_type=\"column\" data-e-type=\"column\">\n\t\t\t<div class=\"elementor-widget-wrap elementor-element-populated\">\n\t\t\t\t\t\t<div class=\"elementor-element elementor-element-73ba35a3 elementor-widget elementor-widget-heading\" data-id=\"73ba35a3\" data-element_type=\"widget\" data-e-type=\"widget\" data-widget_type=\"heading.default\">\n\t\t\t\t<div class=\"elementor-widget-container\">\n\t\t\t\t\t<h1 class=\"elementor-heading-title elementor-size-default\">Solutions pour la construction<\/h1>\t\t\t\t<\/div>\n\t\t\t\t<\/div>\n\t\t\t\t\t<\/div>\n\t\t<\/div>\n\t\t\t\t<div class=\"elementor-column elementor-col-50 elementor-top-column elementor-element elementor-element-1d452a8f lavoran-info\" data-id=\"1d452a8f\" data-element_type=\"column\" data-e-type=\"column\">\n\t\t\t<div class=\"elementor-widget-wrap elementor-element-populated\">\n\t\t\t\t\t\t<div class=\"elementor-element elementor-element-69d4c2cf elementor-icon-list--layout-inline elementor-align-end mecc-bann-buttons elementor-list-item-link-full_width elementor-widget elementor-widget-icon-list\" data-id=\"69d4c2cf\" data-element_type=\"widget\" data-e-type=\"widget\" data-widget_type=\"icon-list.default\">\n\t\t\t\t<div class=\"elementor-widget-container\">\n\t\t\t\t\t\t\t<ul class=\"elementor-icon-list-items elementor-inline-items\">\n\t\t\t\t\t\t\t<li class=\"elementor-icon-list-item elementor-inline-item\">\n\t\t\t\t\t\t\t\t\t\t\t<a href=\"#footer-main-form\">\n\n\t\t\t\t\t\t\t\t\t\t\t\t<span class=\"elementor-icon-list-icon\">\n\t\t\t\t\t\t\t<svg xmlns=\"http:\/\/www.w3.org\/2000\/svg\" xmlns:xlink=\"http:\/\/www.w3.org\/1999\/xlink\" width=\"21px\" height=\"21px\" viewBox=\"0 0 21 21\"><title>Group 3<\/title><g id=\"Page-1\" stroke=\"none\" stroke-width=\"1\" fill=\"none\" fill-rule=\"evenodd\" stroke-linecap=\"round\"><g id=\"01---Homepage\" transform=\"translate(-1076.000000, -1808.000000)\" stroke=\"#976747\" stroke-width=\"2\"><g id=\"Group-6\" transform=\"translate(145.000000, 1472.873548)\"><g id=\"Group-4\" transform=\"translate(814.600000, 336.195204)\"><g id=\"Group-3\" transform=\"translate(117.400000, 0.000000)\"><line x1=\"18.5398218\" y1=\"8.89911447\" x2=\"0.539821812\" y2=\"8.89911447\" id=\"Line-2\"><\/line><line x1=\"9.64070734\" y1=\"0\" x2=\"9.64070734\" y2=\"18\" id=\"Line-2\"><\/line><\/g><\/g><\/g><\/g><\/g><\/svg>\t\t\t\t\t\t<\/span>\n\t\t\t\t\t\t\t\t\t\t<span class=\"elementor-icon-list-text\">Demande d'information<\/span>\n\t\t\t\t\t\t\t\t\t\t\t<\/a>\n\t\t\t\t\t\t\t\t\t<\/li>\n\t\t\t\t\t\t<\/ul>\n\t\t\t\t\t\t<\/div>\n\t\t\t\t<\/div>\n\t\t\t\t\t<\/div>\n\t\t<\/div>\n\t\t\t\t\t<\/div>\n\t\t<\/section>\n\t\t\t\t<section class=\"elementor-section elementor-top-section elementor-element elementor-element-2844ae0 elementor-section-boxed elementor-section-height-default elementor-section-height-default\" data-id=\"2844ae0\" data-element_type=\"section\" data-e-type=\"section\">\n\t\t\t\t\t\t<div class=\"elementor-container elementor-column-gap-default\">\n\t\t\t\t\t<div class=\"elementor-column elementor-col-100 elementor-top-column elementor-element elementor-element-d4fe478\" data-id=\"d4fe478\" data-element_type=\"column\" data-e-type=\"column\">\n\t\t\t<div class=\"elementor-widget-wrap elementor-element-populated\">\n\t\t\t\t\t\t<section class=\"elementor-section elementor-inner-section elementor-element elementor-element-047cdff elementor-section-boxed elementor-section-height-default elementor-section-height-default\" data-id=\"047cdff\" data-element_type=\"section\" data-e-type=\"section\">\n\t\t\t\t\t\t<div class=\"elementor-container elementor-column-gap-default\">\n\t\t\t\t\t<div class=\"elementor-column elementor-col-33 elementor-inner-column elementor-element elementor-element-b3e7aec\" data-id=\"b3e7aec\" data-element_type=\"column\" data-e-type=\"column\">\n\t\t\t<div class=\"elementor-widget-wrap elementor-element-populated\">\n\t\t\t\t\t\t<div class=\"elementor-element elementor-element-8336fc6 elementor-position-top elementor-widget elementor-widget-image-box\" data-id=\"8336fc6\" data-element_type=\"widget\" data-e-type=\"widget\" data-widget_type=\"image-box.default\">\n\t\t\t\t<div class=\"elementor-widget-container\">\n\t\t\t\t\t<div class=\"elementor-image-box-wrapper\"><figure class=\"elementor-image-box-img\"><img fetchpriority=\"high\" decoding=\"async\" width=\"300\" height=\"274\" src=\"https:\/\/www.silvelox.it\/fr\/wp-content\/uploads\/sites\/3\/2022\/12\/cost_1-300x274-1.png\" class=\"attachment-full size-full wp-image-4662\" alt=\"\" \/><\/figure><\/div>\t\t\t\t<\/div>\n\t\t\t\t<\/div>\n\t\t\t\t\t<\/div>\n\t\t<\/div>\n\t\t\t\t<div class=\"elementor-column elementor-col-33 elementor-inner-column elementor-element elementor-element-5bf264d\" data-id=\"5bf264d\" data-element_type=\"column\" data-e-type=\"column\">\n\t\t\t<div class=\"elementor-widget-wrap elementor-element-populated\">\n\t\t\t\t\t\t<div class=\"elementor-element elementor-element-c46bf23 elementor-position-top elementor-widget elementor-widget-image-box\" data-id=\"c46bf23\" data-element_type=\"widget\" data-e-type=\"widget\" data-widget_type=\"image-box.default\">\n\t\t\t\t<div class=\"elementor-widget-container\">\n\t\t\t\t\t<div class=\"elementor-image-box-wrapper\"><figure class=\"elementor-image-box-img\"><img decoding=\"async\" width=\"300\" height=\"274\" src=\"https:\/\/www.silvelox.it\/fr\/wp-content\/uploads\/sites\/3\/2022\/12\/cost_2-300x274-1.png\" class=\"attachment-full size-full wp-image-4663\" alt=\"\" \/><\/figure><\/div>\t\t\t\t<\/div>\n\t\t\t\t<\/div>\n\t\t\t\t\t<\/div>\n\t\t<\/div>\n\t\t\t\t<div class=\"elementor-column elementor-col-33 elementor-inner-column elementor-element elementor-element-0902cb2\" data-id=\"0902cb2\" data-element_type=\"column\" data-e-type=\"column\">\n\t\t\t<div class=\"elementor-widget-wrap elementor-element-populated\">\n\t\t\t\t\t\t<div class=\"elementor-element elementor-element-989e7aa elementor-position-top elementor-widget elementor-widget-image-box\" data-id=\"989e7aa\" data-element_type=\"widget\" data-e-type=\"widget\" data-widget_type=\"image-box.default\">\n\t\t\t\t<div class=\"elementor-widget-container\">\n\t\t\t\t\t<div class=\"elementor-image-box-wrapper\"><figure class=\"elementor-image-box-img\"><img decoding=\"async\" width=\"300\" height=\"274\" src=\"https:\/\/www.silvelox.it\/fr\/wp-content\/uploads\/sites\/3\/2022\/12\/cost_3-300x274-1.png\" class=\"attachment-full size-full wp-image-4664\" alt=\"\" \/><\/figure><\/div>\t\t\t\t<\/div>\n\t\t\t\t<\/div>\n\t\t\t\t\t<\/div>\n\t\t<\/div>\n\t\t\t\t\t<\/div>\n\t\t<\/section>\n\t\t\t\t<section class=\"elementor-section elementor-inner-section elementor-element elementor-element-c753daa elementor-section-boxed elementor-section-height-default elementor-section-height-default\" data-id=\"c753daa\" data-element_type=\"section\" data-e-type=\"section\">\n\t\t\t\t\t\t<div class=\"elementor-container elementor-column-gap-default\">\n\t\t\t\t\t<div class=\"elementor-column elementor-col-33 elementor-inner-column elementor-element elementor-element-54fd861\" data-id=\"54fd861\" data-element_type=\"column\" data-e-type=\"column\">\n\t\t\t<div class=\"elementor-widget-wrap elementor-element-populated\">\n\t\t\t\t\t\t<div class=\"elementor-element elementor-element-7553d1c elementor-position-top elementor-widget elementor-widget-image-box\" data-id=\"7553d1c\" data-element_type=\"widget\" data-e-type=\"widget\" data-widget_type=\"image-box.default\">\n\t\t\t\t<div class=\"elementor-widget-container\">\n\t\t\t\t\t<div class=\"elementor-image-box-wrapper\"><figure class=\"elementor-image-box-img\"><img loading=\"lazy\" decoding=\"async\" width=\"300\" height=\"274\" src=\"https:\/\/www.silvelox.it\/fr\/wp-content\/uploads\/sites\/3\/2022\/12\/cost_4-300x274-1.png\" class=\"attachment-full size-full wp-image-4665\" alt=\"\" \/><\/figure><\/div>\t\t\t\t<\/div>\n\t\t\t\t<\/div>\n\t\t\t\t\t<\/div>\n\t\t<\/div>\n\t\t\t\t<div class=\"elementor-column elementor-col-33 elementor-inner-column elementor-element elementor-element-3182f42\" data-id=\"3182f42\" data-element_type=\"column\" data-e-type=\"column\">\n\t\t\t<div class=\"elementor-widget-wrap elementor-element-populated\">\n\t\t\t\t\t\t<div class=\"elementor-element elementor-element-28844cd elementor-position-top elementor-widget elementor-widget-image-box\" data-id=\"28844cd\" data-element_type=\"widget\" data-e-type=\"widget\" data-widget_type=\"image-box.default\">\n\t\t\t\t<div class=\"elementor-widget-container\">\n\t\t\t\t\t<div class=\"elementor-image-box-wrapper\"><figure class=\"elementor-image-box-img\"><img loading=\"lazy\" decoding=\"async\" width=\"300\" height=\"274\" src=\"https:\/\/www.silvelox.it\/fr\/wp-content\/uploads\/sites\/3\/2022\/12\/cost_5-300x274-1.png\" class=\"attachment-full size-full wp-image-4666\" alt=\"\" \/><\/figure><\/div>\t\t\t\t<\/div>\n\t\t\t\t<\/div>\n\t\t\t\t\t<\/div>\n\t\t<\/div>\n\t\t\t\t<div class=\"elementor-column elementor-col-33 elementor-inner-column elementor-element elementor-element-ed7c59e\" data-id=\"ed7c59e\" data-element_type=\"column\" data-e-type=\"column\">\n\t\t\t<div class=\"elementor-widget-wrap\">\n\t\t\t\t\t\t\t<\/div>\n\t\t<\/div>\n\t\t\t\t\t<\/div>\n\t\t<\/section>\n\t\t\t\t\t<\/div>\n\t\t<\/div>\n\t\t\t\t\t<\/div>\n\t\t<\/section>\n\t\t\t\t<section class=\"elementor-section elementor-top-section elementor-element elementor-element-7e95a2b elementor-section-boxed elementor-section-height-default elementor-section-height-default\" data-id=\"7e95a2b\" data-element_type=\"section\" data-e-type=\"section\">\n\t\t\t\t\t\t<div class=\"elementor-container elementor-column-gap-default\">\n\t\t\t\t\t<div class=\"elementor-column elementor-col-100 elementor-top-column elementor-element elementor-element-b3dbaa6\" data-id=\"b3dbaa6\" data-element_type=\"column\" data-e-type=\"column\">\n\t\t\t<div class=\"elementor-widget-wrap elementor-element-populated\">\n\t\t\t\t\t\t<div class=\"elementor-element elementor-element-f7da431 font-size-35 elementor-widget elementor-widget-heading\" data-id=\"f7da431\" data-element_type=\"widget\" data-e-type=\"widget\" data-widget_type=\"heading.default\">\n\t\t\t\t<div class=\"elementor-widget-container\">\n\t\t\t\t\t<div class=\"elementor-heading-title elementor-size-default\">Solutions pour le vitrage<\/div>\t\t\t\t<\/div>\n\t\t\t\t<\/div>\n\t\t\t\t<div class=\"elementor-element elementor-element-0aa5110 elementor-widget elementor-widget-text-editor\" data-id=\"0aa5110\" data-element_type=\"widget\" data-e-type=\"widget\" data-widget_type=\"text-editor.default\">\n\t\t\t\t<div class=\"elementor-widget-container\">\n\t\t\t\t\t\t\t\t\t<p>Design italien, coplanarit\u00e9 des deux c\u00f4t\u00e9s. Efficacit\u00e9 \u00e9nerg\u00e9tique et s\u00e9curit\u00e9 dans les versions pleines et vitr\u00e9es.<\/p><p>Technologie de pointe pour garantir les performances et la durabilit\u00e9.<\/p>\t\t\t\t\t\t\t\t<\/div>\n\t\t\t\t<\/div>\n\t\t\t\t<section class=\"elementor-section elementor-inner-section elementor-element elementor-element-ab7382c elementor-section-boxed elementor-section-height-default elementor-section-height-default\" data-id=\"ab7382c\" data-element_type=\"section\" data-e-type=\"section\">\n\t\t\t\t\t\t<div class=\"elementor-container elementor-column-gap-default\">\n\t\t\t\t\t<div class=\"elementor-column elementor-col-50 elementor-inner-column elementor-element elementor-element-9327a51\" data-id=\"9327a51\" data-element_type=\"column\" data-e-type=\"column\">\n\t\t\t<div class=\"elementor-widget-wrap elementor-element-populated\">\n\t\t\t\t\t\t<div class=\"elementor-element elementor-element-9c6ed74 elementor-position-top elementor-widget elementor-widget-image-box\" data-id=\"9c6ed74\" data-element_type=\"widget\" data-e-type=\"widget\" data-widget_type=\"image-box.default\">\n\t\t\t\t<div class=\"elementor-widget-container\">\n\t\t\t\t\t<div class=\"elementor-image-box-wrapper\"><figure class=\"elementor-image-box-img\"><img loading=\"lazy\" decoding=\"async\" width=\"600\" height=\"547\" src=\"https:\/\/www.silvelox.it\/fr\/wp-content\/uploads\/sites\/3\/2022\/12\/vetri1.png\" class=\"attachment-full size-full wp-image-4676\" alt=\"\" srcset=\"https:\/\/www.silvelox.it\/fr\/wp-content\/uploads\/sites\/3\/2022\/12\/vetri1.png 600w, https:\/\/www.silvelox.it\/fr\/wp-content\/uploads\/sites\/3\/2022\/12\/vetri1-300x274.png 300w\" sizes=\"(max-width: 600px) 100vw, 600px\" \/><\/figure><\/div>\t\t\t\t<\/div>\n\t\t\t\t<\/div>\n\t\t\t\t\t<\/div>\n\t\t<\/div>\n\t\t\t\t<div class=\"elementor-column elementor-col-50 elementor-inner-column elementor-element elementor-element-a0cf355\" data-id=\"a0cf355\" data-element_type=\"column\" data-e-type=\"column\">\n\t\t\t<div class=\"elementor-widget-wrap elementor-element-populated\">\n\t\t\t\t\t\t<div class=\"elementor-element elementor-element-a71e2d3 elementor-position-top elementor-widget elementor-widget-image-box\" data-id=\"a71e2d3\" data-element_type=\"widget\" data-e-type=\"widget\" data-widget_type=\"image-box.default\">\n\t\t\t\t<div class=\"elementor-widget-container\">\n\t\t\t\t\t<div class=\"elementor-image-box-wrapper\"><figure class=\"elementor-image-box-img\"><img loading=\"lazy\" decoding=\"async\" width=\"600\" height=\"547\" src=\"https:\/\/www.silvelox.it\/fr\/wp-content\/uploads\/sites\/3\/2022\/12\/vetri2.png\" class=\"attachment-full size-full wp-image-4677\" alt=\"\" srcset=\"https:\/\/www.silvelox.it\/fr\/wp-content\/uploads\/sites\/3\/2022\/12\/vetri2.png 600w, https:\/\/www.silvelox.it\/fr\/wp-content\/uploads\/sites\/3\/2022\/12\/vetri2-300x274.png 300w\" sizes=\"(max-width: 600px) 100vw, 600px\" \/><\/figure><\/div>\t\t\t\t<\/div>\n\t\t\t\t<\/div>\n\t\t\t\t\t<\/div>\n\t\t<\/div>\n\t\t\t\t\t<\/div>\n\t\t<\/section>\n\t\t\t\t\t<\/div>\n\t\t<\/div>\n\t\t\t\t\t<\/div>\n\t\t<\/section>\n\t\t\t\t<\/div>\n\t\t","protected":false},"excerpt":{"rendered":"<p>Soluzioni Costruttive Richiedi informazioni Soluzioni Vetrate Design italiano, complanarit\u00e0 sui due lati. Efficienza energetica e sicurezza sia nella versione cieca che a vetri. Tecnologia all\u2019avanguardia a garanzia di prestazioni e durata.<\/p>\n","protected":false},"author":2,"featured_media":0,"parent":0,"menu_order":0,"comment_status":"closed","ping_status":"closed","template":"","meta":{"_acf_changed":false,"footnotes":""},"class_list":["post-4658","page","type-page","status-publish","hentry"],"acf":[],"yoast_head":"<!-- This site is optimized with the Yoast SEO plugin v27.4 - https:\/\/yoast.com\/product\/yoast-seo-wordpress\/ -->\n<title>Solutions pour la construction | Silvelox Group S.p.a. FR<\/title>\n<meta name=\"description\" content=\"Soluzioni Costruttive Richiedi informazioni Soluzioni Vetrate Design italiano, complanarit\u00e0 sui due lati. Efficienza energetica e sicurezza sia nella\" \/>\n<meta name=\"robots\" content=\"index, follow, max-snippet:-1, max-image-preview:large, max-video-preview:-1\" \/>\n<link rel=\"canonical\" href=\"https:\/\/www.silvelox.it\/fr\/solutions-pour-la-construction\/\" \/>\n<meta property=\"og:locale\" content=\"fr_FR\" \/>\n<meta property=\"og:type\" content=\"article\" \/>\n<meta property=\"og:title\" content=\"Solutions pour la construction | Silvelox Group S.p.a. FR\" \/>\n<meta property=\"og:description\" content=\"Soluzioni Costruttive Richiedi informazioni Soluzioni Vetrate Design italiano, complanarit\u00e0 sui due lati. Efficienza energetica e sicurezza sia nella\" \/>\n<meta property=\"og:url\" content=\"https:\/\/www.silvelox.it\/fr\/solutions-pour-la-construction\/\" \/>\n<meta property=\"og:site_name\" content=\"Silvelox Group S.p.a. FR\" \/>\n<meta property=\"article:modified_time\" content=\"2023-12-01T10:07:43+00:00\" \/>\n<meta property=\"og:image\" content=\"https:\/\/www.silvelox.it\/fr\/wp-content\/uploads\/sites\/3\/2022\/12\/cost_1-300x274-1.png\" \/>\n<meta name=\"twitter:card\" content=\"summary_large_image\" \/>\n<meta name=\"twitter:label1\" content=\"Dur\u00e9e de lecture estim\u00e9e\" \/>\n\t<meta name=\"twitter:data1\" content=\"2 minutes\" \/>\n<script type=\"application\/ld+json\" class=\"yoast-schema-graph\">{\"@context\":\"https:\\\/\\\/schema.org\",\"@graph\":[{\"@type\":\"WebPage\",\"@id\":\"https:\\\/\\\/www.silvelox.it\\\/fr\\\/solutions-pour-la-construction\\\/\",\"url\":\"https:\\\/\\\/www.silvelox.it\\\/fr\\\/solutions-pour-la-construction\\\/\",\"name\":\"Solutions pour la construction | Silvelox Group S.p.a. FR\",\"isPartOf\":{\"@id\":\"https:\\\/\\\/www.silvelox.it\\\/fr\\\/#website\"},\"primaryImageOfPage\":{\"@id\":\"https:\\\/\\\/www.silvelox.it\\\/fr\\\/solutions-pour-la-construction\\\/#primaryimage\"},\"image\":{\"@id\":\"https:\\\/\\\/www.silvelox.it\\\/fr\\\/solutions-pour-la-construction\\\/#primaryimage\"},\"thumbnailUrl\":\"https:\\\/\\\/www.silvelox.it\\\/fr\\\/wp-content\\\/uploads\\\/sites\\\/3\\\/2022\\\/12\\\/cost_1-300x274-1.png\",\"datePublished\":\"2022-12-21T04:46:45+00:00\",\"dateModified\":\"2023-12-01T10:07:43+00:00\",\"description\":\"Soluzioni Costruttive Richiedi informazioni Soluzioni Vetrate Design italiano, complanarit\u00e0 sui due lati. Efficienza energetica e sicurezza sia nella\",\"breadcrumb\":{\"@id\":\"https:\\\/\\\/www.silvelox.it\\\/fr\\\/solutions-pour-la-construction\\\/#breadcrumb\"},\"inLanguage\":\"fr-FR\",\"potentialAction\":[{\"@type\":\"ReadAction\",\"target\":[\"https:\\\/\\\/www.silvelox.it\\\/fr\\\/solutions-pour-la-construction\\\/\"]}]},{\"@type\":\"ImageObject\",\"inLanguage\":\"fr-FR\",\"@id\":\"https:\\\/\\\/www.silvelox.it\\\/fr\\\/solutions-pour-la-construction\\\/#primaryimage\",\"url\":\"https:\\\/\\\/www.silvelox.it\\\/fr\\\/wp-content\\\/uploads\\\/sites\\\/3\\\/2022\\\/12\\\/cost_1-300x274-1.png\",\"contentUrl\":\"https:\\\/\\\/www.silvelox.it\\\/fr\\\/wp-content\\\/uploads\\\/sites\\\/3\\\/2022\\\/12\\\/cost_1-300x274-1.png\",\"width\":300,\"height\":274},{\"@type\":\"BreadcrumbList\",\"@id\":\"https:\\\/\\\/www.silvelox.it\\\/fr\\\/solutions-pour-la-construction\\\/#breadcrumb\",\"itemListElement\":[{\"@type\":\"ListItem\",\"position\":1,\"name\":\"Home\",\"item\":\"https:\\\/\\\/www.silvelox.it\\\/fr\\\/\"},{\"@type\":\"ListItem\",\"position\":2,\"name\":\"Solutions pour la construction\"}]},{\"@type\":\"WebSite\",\"@id\":\"https:\\\/\\\/www.silvelox.it\\\/fr\\\/#website\",\"url\":\"https:\\\/\\\/www.silvelox.it\\\/fr\\\/\",\"name\":\"Silvelox Group S.p.a. FR\",\"description\":\"\",\"potentialAction\":[{\"@type\":\"SearchAction\",\"target\":{\"@type\":\"EntryPoint\",\"urlTemplate\":\"https:\\\/\\\/www.silvelox.it\\\/fr\\\/?s={search_term_string}\"},\"query-input\":{\"@type\":\"PropertyValueSpecification\",\"valueRequired\":true,\"valueName\":\"search_term_string\"}}],\"inLanguage\":\"fr-FR\"}]}<\/script>\n<!-- \/ Yoast SEO plugin. -->","yoast_head_json":{"title":"Solutions pour la construction | Silvelox Group S.p.a. FR","description":"Soluzioni Costruttive Richiedi informazioni Soluzioni Vetrate Design italiano, complanarit\u00e0 sui due lati. Efficienza energetica e sicurezza sia nella","robots":{"index":"index","follow":"follow","max-snippet":"max-snippet:-1","max-image-preview":"max-image-preview:large","max-video-preview":"max-video-preview:-1"},"canonical":"https:\/\/www.silvelox.it\/fr\/solutions-pour-la-construction\/","og_locale":"fr_FR","og_type":"article","og_title":"Solutions pour la construction | Silvelox Group S.p.a. FR","og_description":"Soluzioni Costruttive Richiedi informazioni Soluzioni Vetrate Design italiano, complanarit\u00e0 sui due lati. Efficienza energetica e sicurezza sia nella","og_url":"https:\/\/www.silvelox.it\/fr\/solutions-pour-la-construction\/","og_site_name":"Silvelox Group S.p.a. FR","article_modified_time":"2023-12-01T10:07:43+00:00","og_image":[{"url":"https:\/\/www.silvelox.it\/fr\/wp-content\/uploads\/sites\/3\/2022\/12\/cost_1-300x274-1.png","type":"","width":"","height":""}],"twitter_card":"summary_large_image","twitter_misc":{"Dur\u00e9e de lecture estim\u00e9e":"2 minutes"},"schema":{"@context":"https:\/\/schema.org","@graph":[{"@type":"WebPage","@id":"https:\/\/www.silvelox.it\/fr\/solutions-pour-la-construction\/","url":"https:\/\/www.silvelox.it\/fr\/solutions-pour-la-construction\/","name":"Solutions pour la construction | Silvelox Group S.p.a. FR","isPartOf":{"@id":"https:\/\/www.silvelox.it\/fr\/#website"},"primaryImageOfPage":{"@id":"https:\/\/www.silvelox.it\/fr\/solutions-pour-la-construction\/#primaryimage"},"image":{"@id":"https:\/\/www.silvelox.it\/fr\/solutions-pour-la-construction\/#primaryimage"},"thumbnailUrl":"https:\/\/www.silvelox.it\/fr\/wp-content\/uploads\/sites\/3\/2022\/12\/cost_1-300x274-1.png","datePublished":"2022-12-21T04:46:45+00:00","dateModified":"2023-12-01T10:07:43+00:00","description":"Soluzioni Costruttive Richiedi informazioni Soluzioni Vetrate Design italiano, complanarit\u00e0 sui due lati. Efficienza energetica e sicurezza sia nella","breadcrumb":{"@id":"https:\/\/www.silvelox.it\/fr\/solutions-pour-la-construction\/#breadcrumb"},"inLanguage":"fr-FR","potentialAction":[{"@type":"ReadAction","target":["https:\/\/www.silvelox.it\/fr\/solutions-pour-la-construction\/"]}]},{"@type":"ImageObject","inLanguage":"fr-FR","@id":"https:\/\/www.silvelox.it\/fr\/solutions-pour-la-construction\/#primaryimage","url":"https:\/\/www.silvelox.it\/fr\/wp-content\/uploads\/sites\/3\/2022\/12\/cost_1-300x274-1.png","contentUrl":"https:\/\/www.silvelox.it\/fr\/wp-content\/uploads\/sites\/3\/2022\/12\/cost_1-300x274-1.png","width":300,"height":274},{"@type":"BreadcrumbList","@id":"https:\/\/www.silvelox.it\/fr\/solutions-pour-la-construction\/#breadcrumb","itemListElement":[{"@type":"ListItem","position":1,"name":"Home","item":"https:\/\/www.silvelox.it\/fr\/"},{"@type":"ListItem","position":2,"name":"Solutions pour la construction"}]},{"@type":"WebSite","@id":"https:\/\/www.silvelox.it\/fr\/#website","url":"https:\/\/www.silvelox.it\/fr\/","name":"Silvelox Group S.p.a. FR","description":"","potentialAction":[{"@type":"SearchAction","target":{"@type":"EntryPoint","urlTemplate":"https:\/\/www.silvelox.it\/fr\/?s={search_term_string}"},"query-input":{"@type":"PropertyValueSpecification","valueRequired":true,"valueName":"search_term_string"}}],"inLanguage":"fr-FR"}]}},"_links":{"self":[{"href":"https:\/\/www.silvelox.it\/fr\/wp-json\/wp\/v2\/pages\/4658","targetHints":{"allow":["GET"]}}],"collection":[{"href":"https:\/\/www.silvelox.it\/fr\/wp-json\/wp\/v2\/pages"}],"about":[{"href":"https:\/\/www.silvelox.it\/fr\/wp-json\/wp\/v2\/types\/page"}],"author":[{"embeddable":true,"href":"https:\/\/www.silvelox.it\/fr\/wp-json\/wp\/v2\/users\/2"}],"replies":[{"embeddable":true,"href":"https:\/\/www.silvelox.it\/fr\/wp-json\/wp\/v2\/comments?post=4658"}],"version-history":[{"count":24,"href":"https:\/\/www.silvelox.it\/fr\/wp-json\/wp\/v2\/pages\/4658\/revisions"}],"predecessor-version":[{"id":10761,"href":"https:\/\/www.silvelox.it\/fr\/wp-json\/wp\/v2\/pages\/4658\/revisions\/10761"}],"wp:attachment":[{"href":"https:\/\/www.silvelox.it\/fr\/wp-json\/wp\/v2\/media?parent=4658"}],"curies":[{"name":"wp","href":"https:\/\/api.w.org\/{rel}","templated":true}]}}