{"id":4390,"date":"2022-12-20T09:50:52","date_gmt":"2022-12-20T08:50:52","guid":{"rendered":"https:\/\/www.silvelox.it\/fr\/?page_id=4390"},"modified":"2024-01-25T17:38:45","modified_gmt":"2024-01-25T16:38:45","slug":"unicite-in-wall","status":"publish","type":"page","link":"https:\/\/www.silvelox.it\/fr\/unicite-in-wall\/","title":{"rendered":"Unicit\u00e9 in wall"},"content":{"rendered":"\t\t<div data-elementor-type=\"wp-page\" data-elementor-id=\"4390\" class=\"elementor elementor-4390\" data-elementor-post-type=\"page\">\n\t\t\t\t\t\t<section class=\"elementor-section elementor-top-section elementor-element elementor-element-cef64f3 news-main-sec meccanica elementor-section-content-middle elementor-section-boxed elementor-section-height-default elementor-section-height-default\" data-id=\"cef64f3\" data-element_type=\"section\" data-e-type=\"section\">\n\t\t\t\t\t\t<div class=\"elementor-container elementor-column-gap-default\">\n\t\t\t\t\t<div class=\"elementor-column elementor-col-50 elementor-top-column elementor-element elementor-element-887a121\" data-id=\"887a121\" data-element_type=\"column\" data-e-type=\"column\">\n\t\t\t<div class=\"elementor-widget-wrap elementor-element-populated\">\n\t\t\t\t\t\t<div class=\"elementor-element elementor-element-03db4c8 elementor-widget elementor-widget-heading\" data-id=\"03db4c8\" data-element_type=\"widget\" data-e-type=\"widget\" data-widget_type=\"heading.default\">\n\t\t\t\t<div class=\"elementor-widget-container\">\n\t\t\t\t\t<h1 class=\"elementor-heading-title elementor-size-default\">Unicit\u00e9<\/h1>\t\t\t\t<\/div>\n\t\t\t\t<\/div>\n\t\t\t\t\t<\/div>\n\t\t<\/div>\n\t\t\t\t<div class=\"elementor-column elementor-col-50 elementor-top-column elementor-element elementor-element-c541749 lavoran-info\" data-id=\"c541749\" data-element_type=\"column\" data-e-type=\"column\">\n\t\t\t<div class=\"elementor-widget-wrap elementor-element-populated\">\n\t\t\t\t\t\t<div class=\"elementor-element elementor-element-d653322 elementor-icon-list--layout-inline elementor-align-end mecc-bann-buttons elementor-list-item-link-full_width elementor-widget elementor-widget-icon-list\" data-id=\"d653322\" data-element_type=\"widget\" data-e-type=\"widget\" data-widget_type=\"icon-list.default\">\n\t\t\t\t<div class=\"elementor-widget-container\">\n\t\t\t\t\t\t\t<ul class=\"elementor-icon-list-items elementor-inline-items\">\n\t\t\t\t\t\t\t<li class=\"elementor-icon-list-item elementor-inline-item\">\n\t\t\t\t\t\t\t\t\t\t\t<a href=\"#footer-main-form\">\n\n\t\t\t\t\t\t\t\t\t\t\t\t<span class=\"elementor-icon-list-icon\">\n\t\t\t\t\t\t\t<svg xmlns=\"http:\/\/www.w3.org\/2000\/svg\" xmlns:xlink=\"http:\/\/www.w3.org\/1999\/xlink\" width=\"21px\" height=\"21px\" viewBox=\"0 0 21 21\"><title>Group 3<\/title><g id=\"Page-1\" stroke=\"none\" stroke-width=\"1\" fill=\"none\" fill-rule=\"evenodd\" stroke-linecap=\"round\"><g id=\"01---Homepage\" transform=\"translate(-1076.000000, -1808.000000)\" stroke=\"#976747\" stroke-width=\"2\"><g id=\"Group-6\" transform=\"translate(145.000000, 1472.873548)\"><g id=\"Group-4\" transform=\"translate(814.600000, 336.195204)\"><g id=\"Group-3\" transform=\"translate(117.400000, 0.000000)\"><line x1=\"18.5398218\" y1=\"8.89911447\" x2=\"0.539821812\" y2=\"8.89911447\" id=\"Line-2\"><\/line><line x1=\"9.64070734\" y1=\"0\" x2=\"9.64070734\" y2=\"18\" id=\"Line-2\"><\/line><\/g><\/g><\/g><\/g><\/g><\/svg>\t\t\t\t\t\t<\/span>\n\t\t\t\t\t\t\t\t\t\t<span class=\"elementor-icon-list-text\">Demande d'information<\/span>\n\t\t\t\t\t\t\t\t\t\t\t<\/a>\n\t\t\t\t\t\t\t\t\t<\/li>\n\t\t\t\t\t\t<\/ul>\n\t\t\t\t\t\t<\/div>\n\t\t\t\t<\/div>\n\t\t\t\t\t<\/div>\n\t\t<\/div>\n\t\t\t\t\t<\/div>\n\t\t<\/section>\n\t\t\t\t<section class=\"elementor-section elementor-top-section elementor-element elementor-element-4543b16 mecc-sec-one elementor-section-boxed elementor-section-height-default elementor-section-height-default\" data-id=\"4543b16\" data-element_type=\"section\" data-e-type=\"section\">\n\t\t\t\t\t\t<div class=\"elementor-container elementor-column-gap-default\">\n\t\t\t\t\t<div class=\"elementor-column elementor-col-100 elementor-top-column elementor-element elementor-element-3fb90a1\" data-id=\"3fb90a1\" data-element_type=\"column\" data-e-type=\"column\">\n\t\t\t<div class=\"elementor-widget-wrap elementor-element-populated\">\n\t\t\t\t\t\t<div class=\"elementor-element elementor-element-d7bbcf5 la-limita-sec elementor-widget elementor-widget-text-editor\" data-id=\"d7bbcf5\" data-element_type=\"widget\" data-e-type=\"widget\" data-widget_type=\"text-editor.default\">\n\t\t\t\t<div class=\"elementor-widget-container\">\n\t\t\t\t\t\t\t\t\t<p><strong>La porte de s\u00e9curit\u00e9 Silvelox, certifi\u00e9e de classe 4, se trouve au mur.<\/strong><\/p>\t\t\t\t\t\t\t\t<\/div>\n\t\t\t\t<\/div>\n\t\t\t\t\t<\/div>\n\t\t<\/div>\n\t\t\t\t\t<\/div>\n\t\t<\/section>\n\t\t\t\t<section class=\"elementor-section elementor-top-section elementor-element elementor-element-9b05959 mecc-sec-one elementor-section-boxed elementor-section-height-default elementor-section-height-default\" data-id=\"9b05959\" data-element_type=\"section\" data-e-type=\"section\">\n\t\t\t\t\t\t<div class=\"elementor-container elementor-column-gap-default\">\n\t\t\t\t\t<div class=\"elementor-column elementor-col-100 elementor-top-column elementor-element elementor-element-b848288\" data-id=\"b848288\" data-element_type=\"column\" data-e-type=\"column\">\n\t\t\t<div class=\"elementor-widget-wrap elementor-element-populated\">\n\t\t\t\t\t\t<div class=\"elementor-element elementor-element-af396b1 la-limita-sec elementor-widget elementor-widget-text-editor\" data-id=\"af396b1\" data-element_type=\"widget\" data-e-type=\"widget\" data-widget_type=\"text-editor.default\">\n\t\t\t\t<div class=\"elementor-widget-container\">\n\t\t\t\t\t\t\t\t\t<p><strong>In_Wall est la porte d&rsquo;entr\u00e9e blind\u00e9e Silvelox affleurant le mur int\u00e9rieur et ext\u00e9rieur.<\/strong><\/p><p>La porte s&rsquo;affranchit ainsi des cadres et des montants, obtenant une coplanarit\u00e9 totale avec le support pour un r\u00e9sultat esth\u00e9tique au nom de l&rsquo;\u00e9l\u00e9gance et de la propret\u00e9 formelle. Une proposition au look contemporain et au design essentiel qui s&rsquo;adresse \u00e0 ceux qui recherchent la s\u00e9curit\u00e9 et des performances \u00e9lev\u00e9es d&rsquo;isolation thermique et acoustique sans devoir renoncer \u00e0 un produit exclusif et de qualit\u00e9.<\/p>\t\t\t\t\t\t\t\t<\/div>\n\t\t\t\t<\/div>\n\t\t\t\t\t<\/div>\n\t\t<\/div>\n\t\t\t\t\t<\/div>\n\t\t<\/section>\n\t\t\t\t<section class=\"elementor-section elementor-top-section elementor-element elementor-element-3034d3c sec-two elementor-section-content-middle elementor-section-boxed elementor-section-height-default elementor-section-height-default elementor-invisible\" data-id=\"3034d3c\" data-element_type=\"section\" data-e-type=\"section\" data-settings=\"{&quot;animation&quot;:&quot;fadeIn&quot;}\">\n\t\t\t\t\t\t<div class=\"elementor-container elementor-column-gap-default\">\n\t\t\t\t\t<div class=\"elementor-column elementor-col-66 elementor-top-column elementor-element elementor-element-78e5970c\" data-id=\"78e5970c\" data-element_type=\"column\" data-e-type=\"column\">\n\t\t\t<div class=\"elementor-widget-wrap elementor-element-populated\">\n\t\t\t\t\t\t<div class=\"elementor-element elementor-element-7f5a49f8 elementor-widget elementor-widget-image\" data-id=\"7f5a49f8\" data-element_type=\"widget\" data-e-type=\"widget\" data-widget_type=\"image.default\">\n\t\t\t\t<div class=\"elementor-widget-container\">\n\t\t\t\t\t\t\t\t\t\t\t\t\t\t\t<img fetchpriority=\"high\" decoding=\"async\" width=\"900\" height=\"604\" src=\"https:\/\/www.silvelox.it\/fr\/wp-content\/uploads\/sites\/3\/2022\/12\/immagini-prodotti-INWALL-sicurezza2.jpg\" class=\"attachment-full size-full wp-image-4393\" alt=\"\" srcset=\"https:\/\/www.silvelox.it\/fr\/wp-content\/uploads\/sites\/3\/2022\/12\/immagini-prodotti-INWALL-sicurezza2.jpg 900w, https:\/\/www.silvelox.it\/fr\/wp-content\/uploads\/sites\/3\/2022\/12\/immagini-prodotti-INWALL-sicurezza2-300x201.jpg 300w, https:\/\/www.silvelox.it\/fr\/wp-content\/uploads\/sites\/3\/2022\/12\/immagini-prodotti-INWALL-sicurezza2-768x515.jpg 768w\" sizes=\"(max-width: 900px) 100vw, 900px\" \/>\t\t\t\t\t\t\t\t\t\t\t\t\t\t\t<\/div>\n\t\t\t\t<\/div>\n\t\t\t\t\t<\/div>\n\t\t<\/div>\n\t\t\t\t<div class=\"elementor-column elementor-col-33 elementor-top-column elementor-element elementor-element-1b842a56 specialist-sec-home\" data-id=\"1b842a56\" data-element_type=\"column\" data-e-type=\"column\">\n\t\t\t<div class=\"elementor-widget-wrap elementor-element-populated\">\n\t\t\t\t\t\t<div class=\"elementor-element elementor-element-2ab5c474 elementor-widget elementor-widget-text-editor\" data-id=\"2ab5c474\" data-element_type=\"widget\" data-e-type=\"widget\" data-widget_type=\"text-editor.default\">\n\t\t\t\t<div class=\"elementor-widget-container\">\n\t\t\t\t\t\t\t\t\t<p>Le niveau de protection de classe 4 garantit la r\u00e9sistance de la porte aux tentatives d&rsquo;effraction bruyantes et persistantes d&rsquo;un cambrioleur exp\u00e9riment\u00e9 qui peut \u00e9galement utiliser des perceuses, des scies, des haches, des marteaux, etc. Il convient aux entr\u00e9es principales de villas, de maisons isol\u00e9es ou de magasins pr\u00e9sentant un risque particulier d&rsquo;effraction.<\/p>\t\t\t\t\t\t\t\t<\/div>\n\t\t\t\t<\/div>\n\t\t\t\t<div class=\"elementor-element elementor-element-58bd646 font-size-25 elementor-widget elementor-widget-heading\" data-id=\"58bd646\" data-element_type=\"widget\" data-e-type=\"widget\" data-widget_type=\"heading.default\">\n\t\t\t\t<div class=\"elementor-widget-container\">\n\t\t\t\t\t<div class=\"elementor-heading-title elementor-size-default\">TRIPLE FEUILLURE<\/div>\t\t\t\t<\/div>\n\t\t\t\t<\/div>\n\t\t\t\t<div class=\"elementor-element elementor-element-414de95 elementor-widget elementor-widget-text-editor\" data-id=\"414de95\" data-element_type=\"widget\" data-e-type=\"widget\" data-widget_type=\"text-editor.default\">\n\t\t\t\t<div class=\"elementor-widget-container\">\n\t\t\t\t\t\t\t\t\t<p>Le syst\u00e8me innovant brevet\u00e9 de triple feuillure de Silvelox garantit d&rsquo;excellentes performances anti-effraction ainsi qu&rsquo;une isolation acoustique et une efficacit\u00e9 thermique \u00e9lev\u00e9es.<\/p>\t\t\t\t\t\t\t\t<\/div>\n\t\t\t\t<\/div>\n\t\t\t\t\t<\/div>\n\t\t<\/div>\n\t\t\t\t\t<\/div>\n\t\t<\/section>\n\t\t\t\t<section class=\"elementor-section elementor-top-section elementor-element elementor-element-cf33fce sec-two elementor-section-content-middle elementor-reverse-mobile elementor-section-boxed elementor-section-height-default elementor-section-height-default elementor-invisible\" data-id=\"cf33fce\" data-element_type=\"section\" data-e-type=\"section\" data-settings=\"{&quot;animation&quot;:&quot;fadeIn&quot;}\">\n\t\t\t\t\t\t<div class=\"elementor-container elementor-column-gap-default\">\n\t\t\t\t\t<div class=\"elementor-column elementor-col-33 elementor-top-column elementor-element elementor-element-154effb specialist-sec-home\" data-id=\"154effb\" data-element_type=\"column\" data-e-type=\"column\">\n\t\t\t<div class=\"elementor-widget-wrap elementor-element-populated\">\n\t\t\t\t\t\t<div class=\"elementor-element elementor-element-d943eac font-size-25 elementor-widget elementor-widget-heading\" data-id=\"d943eac\" data-element_type=\"widget\" data-e-type=\"widget\" data-widget_type=\"heading.default\">\n\t\t\t\t<div class=\"elementor-widget-container\">\n\t\t\t\t\t<div class=\"elementor-heading-title elementor-size-default\">SYST\u00c8ME DE CYLINDRE DE S\u00c9CURIT\u00c9<\/div>\t\t\t\t<\/div>\n\t\t\t\t<\/div>\n\t\t\t\t<div class=\"elementor-element elementor-element-3282c56 elementor-align-start elementor-icon-list--layout-traditional elementor-list-item-link-full_width elementor-widget elementor-widget-icon-list\" data-id=\"3282c56\" data-element_type=\"widget\" data-e-type=\"widget\" data-widget_type=\"icon-list.default\">\n\t\t\t\t<div class=\"elementor-widget-container\">\n\t\t\t\t\t\t\t<ul class=\"elementor-icon-list-items\">\n\t\t\t\t\t\t\t<li class=\"elementor-icon-list-item\">\n\t\t\t\t\t\t\t\t\t\t\t<span class=\"elementor-icon-list-icon\">\n\t\t\t\t\t\t\t<i aria-hidden=\"true\" class=\"fas fa-circle\"><\/i>\t\t\t\t\t\t<\/span>\n\t\t\t\t\t\t\t\t\t\t<span class=\"elementor-icon-list-text\">5 cl\u00e9s principales<\/span>\n\t\t\t\t\t\t\t\t\t<\/li>\n\t\t\t\t\t\t\t\t<li class=\"elementor-icon-list-item\">\n\t\t\t\t\t\t\t\t\t\t\t<span class=\"elementor-icon-list-icon\">\n\t\t\t\t\t\t\t<i aria-hidden=\"true\" class=\"fas fa-circle\"><\/i>\t\t\t\t\t\t<\/span>\n\t\t\t\t\t\t\t\t\t\t<span class=\"elementor-icon-list-text\">1 cl\u00e9 de construction<\/span>\n\t\t\t\t\t\t\t\t\t<\/li>\n\t\t\t\t\t\t\t\t<li class=\"elementor-icon-list-item\">\n\t\t\t\t\t\t\t\t\t\t\t<span class=\"elementor-icon-list-icon\">\n\t\t\t\t\t\t\t<i aria-hidden=\"true\" class=\"fas fa-circle\"><\/i>\t\t\t\t\t\t<\/span>\n\t\t\t\t\t\t\t\t\t\t<span class=\"elementor-icon-list-text\">Carte de s\u00e9curit\u00e9<\/span>\n\t\t\t\t\t\t\t\t\t<\/li>\n\t\t\t\t\t\t\t\t<li class=\"elementor-icon-list-item\">\n\t\t\t\t\t\t\t\t\t\t\t<span class=\"elementor-icon-list-icon\">\n\t\t\t\t\t\t\t<i aria-hidden=\"true\" class=\"fas fa-circle\"><\/i>\t\t\t\t\t\t<\/span>\n\t\t\t\t\t\t\t\t\t\t<span class=\"elementor-icon-list-text\">Certification : Grade 6 (grade le plus \u00e9lev\u00e9) selon EN 1303<\/span>\n\t\t\t\t\t\t\t\t\t<\/li>\n\t\t\t\t\t\t<\/ul>\n\t\t\t\t\t\t<\/div>\n\t\t\t\t<\/div>\n\t\t\t\t\t<\/div>\n\t\t<\/div>\n\t\t\t\t<div class=\"elementor-column elementor-col-66 elementor-top-column elementor-element elementor-element-dd1f0df\" data-id=\"dd1f0df\" data-element_type=\"column\" data-e-type=\"column\">\n\t\t\t<div class=\"elementor-widget-wrap elementor-element-populated\">\n\t\t\t\t\t\t<div class=\"elementor-element elementor-element-10178e0 elementor-widget elementor-widget-image\" data-id=\"10178e0\" data-element_type=\"widget\" data-e-type=\"widget\" data-widget_type=\"image.default\">\n\t\t\t\t<div class=\"elementor-widget-container\">\n\t\t\t\t\t\t\t\t\t\t\t\t\t\t\t<img decoding=\"async\" width=\"300\" height=\"187\" src=\"https:\/\/www.silvelox.it\/fr\/wp-content\/uploads\/sites\/3\/2022\/12\/cilindro-con-croce.jpg\" class=\"attachment-full size-full wp-image-4055\" alt=\"\" \/>\t\t\t\t\t\t\t\t\t\t\t\t\t\t\t<\/div>\n\t\t\t\t<\/div>\n\t\t\t\t\t<\/div>\n\t\t<\/div>\n\t\t\t\t\t<\/div>\n\t\t<\/section>\n\t\t\t\t<section class=\"elementor-section elementor-top-section elementor-element elementor-element-d101345 elementor-section-boxed elementor-section-height-default elementor-section-height-default\" data-id=\"d101345\" data-element_type=\"section\" data-e-type=\"section\">\n\t\t\t\t\t\t<div class=\"elementor-container elementor-column-gap-default\">\n\t\t\t\t\t<div class=\"elementor-column elementor-col-100 elementor-top-column elementor-element elementor-element-f5c6614\" data-id=\"f5c6614\" data-element_type=\"column\" data-e-type=\"column\">\n\t\t\t<div class=\"elementor-widget-wrap elementor-element-populated\">\n\t\t\t\t\t\t<div class=\"elementor-element elementor-element-ac2b25b elementor-widget elementor-widget-heading\" data-id=\"ac2b25b\" data-element_type=\"widget\" data-e-type=\"widget\" data-widget_type=\"heading.default\">\n\t\t\t\t<div class=\"elementor-widget-container\">\n\t\t\t\t\t<h2 class=\"elementor-heading-title elementor-size-default\">Isolation acoustique et thermique<\/h2>\t\t\t\t<\/div>\n\t\t\t\t<\/div>\n\t\t\t\t\t<\/div>\n\t\t<\/div>\n\t\t\t\t\t<\/div>\n\t\t<\/section>\n\t\t\t\t<section class=\"elementor-section elementor-top-section elementor-element elementor-element-fc1db11 mecc-sec-one elementor-section-boxed elementor-section-height-default elementor-section-height-default\" data-id=\"fc1db11\" data-element_type=\"section\" data-e-type=\"section\">\n\t\t\t\t\t\t<div class=\"elementor-container elementor-column-gap-default\">\n\t\t\t\t\t<div class=\"elementor-column elementor-col-100 elementor-top-column elementor-element elementor-element-4edc991\" data-id=\"4edc991\" data-element_type=\"column\" data-e-type=\"column\">\n\t\t\t<div class=\"elementor-widget-wrap elementor-element-populated\">\n\t\t\t\t\t\t<div class=\"elementor-element elementor-element-7b58cb9 font-size-25 elementor-widget elementor-widget-heading\" data-id=\"7b58cb9\" data-element_type=\"widget\" data-e-type=\"widget\" data-widget_type=\"heading.default\">\n\t\t\t\t<div class=\"elementor-widget-container\">\n\t\t\t\t\t<div class=\"elementor-heading-title elementor-size-default\">IN WALL est certifi\u00e9 pour une isolation acoustique jusqu'\u00e0 44,6DB et pour une isolation thermique jusqu'\u00e0 1,2 W\/m2K avec un indice de transmittance thermique<\/div>\t\t\t\t<\/div>\n\t\t\t\t<\/div>\n\t\t\t\t<div class=\"elementor-element elementor-element-32fff40 elementor-widget elementor-widget-image\" data-id=\"32fff40\" data-element_type=\"widget\" data-e-type=\"widget\" data-widget_type=\"image.default\">\n\t\t\t\t<div class=\"elementor-widget-container\">\n\t\t\t\t\t\t\t\t\t\t\t\t\t\t\t<img decoding=\"async\" width=\"1785\" height=\"1000\" src=\"https:\/\/www.silvelox.it\/fr\/wp-content\/uploads\/sites\/3\/2023\/09\/immagini-prodotti-INWALL-isolamento.jpg\" class=\"attachment-full size-full wp-image-9991\" alt=\"\" srcset=\"https:\/\/www.silvelox.it\/fr\/wp-content\/uploads\/sites\/3\/2023\/09\/immagini-prodotti-INWALL-isolamento.jpg 1785w, https:\/\/www.silvelox.it\/fr\/wp-content\/uploads\/sites\/3\/2023\/09\/immagini-prodotti-INWALL-isolamento-300x168.jpg 300w, https:\/\/www.silvelox.it\/fr\/wp-content\/uploads\/sites\/3\/2023\/09\/immagini-prodotti-INWALL-isolamento-1024x574.jpg 1024w, https:\/\/www.silvelox.it\/fr\/wp-content\/uploads\/sites\/3\/2023\/09\/immagini-prodotti-INWALL-isolamento-768x430.jpg 768w, https:\/\/www.silvelox.it\/fr\/wp-content\/uploads\/sites\/3\/2023\/09\/immagini-prodotti-INWALL-isolamento-1536x861.jpg 1536w\" sizes=\"(max-width: 1785px) 100vw, 1785px\" \/>\t\t\t\t\t\t\t\t\t\t\t\t\t\t\t<\/div>\n\t\t\t\t<\/div>\n\t\t\t\t\t<\/div>\n\t\t<\/div>\n\t\t\t\t\t<\/div>\n\t\t<\/section>\n\t\t\t\t<\/div>\n\t\t","protected":false},"excerpt":{"rendered":"<p>Unicit\u00e9 Group 3 Demande d&rsquo;information La porte de s\u00e9curit\u00e9 Silvelox, certifi\u00e9e de classe 4, se trouve au mur. In_Wall est la porte d&rsquo;entr\u00e9e blind\u00e9e Silvelox affleurant le mur int\u00e9rieur et ext\u00e9rieur. La porte s&rsquo;affranchit ainsi des cadres et des montants, obtenant une coplanarit\u00e9 totale avec le support pour un r\u00e9sultat esth\u00e9tique au nom de l&rsquo;\u00e9l\u00e9gance [&hellip;]<\/p>\n","protected":false},"author":2,"featured_media":0,"parent":0,"menu_order":0,"comment_status":"closed","ping_status":"closed","template":"","meta":{"_acf_changed":false,"footnotes":""},"class_list":["post-4390","page","type-page","status-publish","hentry"],"acf":[],"yoast_head":"<!-- This site is optimized with the Yoast SEO plugin v27.5 - https:\/\/yoast.com\/product\/yoast-seo-wordpress\/ -->\n<title>Unicit\u00e9 in wall | Silvelox Group S.p.a. FR<\/title>\n<meta name=\"description\" content=\"Unicit\u00e9 Group 3 Demande d&#039;information La porte de s\u00e9curit\u00e9 Silvelox, certifi\u00e9e de classe 4, se trouve au mur.In_Wall est la porte d&#039;entr\u00e9e blind\u00e9e\" \/>\n<meta name=\"robots\" content=\"index, follow, max-snippet:-1, max-image-preview:large, max-video-preview:-1\" \/>\n<link rel=\"canonical\" href=\"https:\/\/www.silvelox.it\/fr\/unicite-in-wall\/\" \/>\n<meta property=\"og:locale\" content=\"fr_FR\" \/>\n<meta property=\"og:type\" content=\"article\" \/>\n<meta property=\"og:title\" content=\"Unicit\u00e9 in wall | Silvelox Group S.p.a. FR\" \/>\n<meta property=\"og:description\" content=\"Unicit\u00e9 Group 3 Demande d&#039;information La porte de s\u00e9curit\u00e9 Silvelox, certifi\u00e9e de classe 4, se trouve au mur.In_Wall est la porte d&#039;entr\u00e9e blind\u00e9e\" \/>\n<meta property=\"og:url\" content=\"https:\/\/www.silvelox.it\/fr\/unicite-in-wall\/\" \/>\n<meta property=\"og:site_name\" content=\"Silvelox Group S.p.a. FR\" \/>\n<meta property=\"article:modified_time\" content=\"2024-01-25T16:38:45+00:00\" \/>\n<meta property=\"og:image\" content=\"https:\/\/www.silvelox.it\/fr\/wp-content\/uploads\/sites\/3\/2022\/12\/immagini-prodotti-INWALL-sicurezza2.jpg\" \/>\n<meta name=\"twitter:card\" content=\"summary_large_image\" \/>\n<meta name=\"twitter:label1\" content=\"Dur\u00e9e de lecture estim\u00e9e\" \/>\n\t<meta name=\"twitter:data1\" content=\"2 minutes\" \/>\n<script type=\"application\/ld+json\" class=\"yoast-schema-graph\">{\"@context\":\"https:\\\/\\\/schema.org\",\"@graph\":[{\"@type\":\"WebPage\",\"@id\":\"https:\\\/\\\/www.silvelox.it\\\/fr\\\/unicite-in-wall\\\/\",\"url\":\"https:\\\/\\\/www.silvelox.it\\\/fr\\\/unicite-in-wall\\\/\",\"name\":\"Unicit\u00e9 in wall | Silvelox Group S.p.a. FR\",\"isPartOf\":{\"@id\":\"https:\\\/\\\/www.silvelox.it\\\/fr\\\/#website\"},\"primaryImageOfPage\":{\"@id\":\"https:\\\/\\\/www.silvelox.it\\\/fr\\\/unicite-in-wall\\\/#primaryimage\"},\"image\":{\"@id\":\"https:\\\/\\\/www.silvelox.it\\\/fr\\\/unicite-in-wall\\\/#primaryimage\"},\"thumbnailUrl\":\"https:\\\/\\\/www.silvelox.it\\\/fr\\\/wp-content\\\/uploads\\\/sites\\\/3\\\/2022\\\/12\\\/immagini-prodotti-INWALL-sicurezza2.jpg\",\"datePublished\":\"2022-12-20T08:50:52+00:00\",\"dateModified\":\"2024-01-25T16:38:45+00:00\",\"description\":\"Unicit\u00e9 Group 3 Demande d'information La porte de s\u00e9curit\u00e9 Silvelox, certifi\u00e9e de classe 4, se trouve au mur.In_Wall est la porte d'entr\u00e9e blind\u00e9e\",\"breadcrumb\":{\"@id\":\"https:\\\/\\\/www.silvelox.it\\\/fr\\\/unicite-in-wall\\\/#breadcrumb\"},\"inLanguage\":\"fr-FR\",\"potentialAction\":[{\"@type\":\"ReadAction\",\"target\":[\"https:\\\/\\\/www.silvelox.it\\\/fr\\\/unicite-in-wall\\\/\"]}]},{\"@type\":\"ImageObject\",\"inLanguage\":\"fr-FR\",\"@id\":\"https:\\\/\\\/www.silvelox.it\\\/fr\\\/unicite-in-wall\\\/#primaryimage\",\"url\":\"https:\\\/\\\/www.silvelox.it\\\/fr\\\/wp-content\\\/uploads\\\/sites\\\/3\\\/2022\\\/12\\\/immagini-prodotti-INWALL-sicurezza2.jpg\",\"contentUrl\":\"https:\\\/\\\/www.silvelox.it\\\/fr\\\/wp-content\\\/uploads\\\/sites\\\/3\\\/2022\\\/12\\\/immagini-prodotti-INWALL-sicurezza2.jpg\",\"width\":900,\"height\":604},{\"@type\":\"BreadcrumbList\",\"@id\":\"https:\\\/\\\/www.silvelox.it\\\/fr\\\/unicite-in-wall\\\/#breadcrumb\",\"itemListElement\":[{\"@type\":\"ListItem\",\"position\":1,\"name\":\"Home\",\"item\":\"https:\\\/\\\/www.silvelox.it\\\/fr\\\/\"},{\"@type\":\"ListItem\",\"position\":2,\"name\":\"Unicit\u00e9 in wall\"}]},{\"@type\":\"WebSite\",\"@id\":\"https:\\\/\\\/www.silvelox.it\\\/fr\\\/#website\",\"url\":\"https:\\\/\\\/www.silvelox.it\\\/fr\\\/\",\"name\":\"Silvelox Group S.p.a. FR\",\"description\":\"\",\"potentialAction\":[{\"@type\":\"SearchAction\",\"target\":{\"@type\":\"EntryPoint\",\"urlTemplate\":\"https:\\\/\\\/www.silvelox.it\\\/fr\\\/?s={search_term_string}\"},\"query-input\":{\"@type\":\"PropertyValueSpecification\",\"valueRequired\":true,\"valueName\":\"search_term_string\"}}],\"inLanguage\":\"fr-FR\"}]}<\/script>\n<!-- \/ Yoast SEO plugin. -->","yoast_head_json":{"title":"Unicit\u00e9 in wall | Silvelox Group S.p.a. FR","description":"Unicit\u00e9 Group 3 Demande d'information La porte de s\u00e9curit\u00e9 Silvelox, certifi\u00e9e de classe 4, se trouve au mur.In_Wall est la porte d'entr\u00e9e blind\u00e9e","robots":{"index":"index","follow":"follow","max-snippet":"max-snippet:-1","max-image-preview":"max-image-preview:large","max-video-preview":"max-video-preview:-1"},"canonical":"https:\/\/www.silvelox.it\/fr\/unicite-in-wall\/","og_locale":"fr_FR","og_type":"article","og_title":"Unicit\u00e9 in wall | Silvelox Group S.p.a. FR","og_description":"Unicit\u00e9 Group 3 Demande d'information La porte de s\u00e9curit\u00e9 Silvelox, certifi\u00e9e de classe 4, se trouve au mur.In_Wall est la porte d'entr\u00e9e blind\u00e9e","og_url":"https:\/\/www.silvelox.it\/fr\/unicite-in-wall\/","og_site_name":"Silvelox Group S.p.a. FR","article_modified_time":"2024-01-25T16:38:45+00:00","og_image":[{"url":"https:\/\/www.silvelox.it\/fr\/wp-content\/uploads\/sites\/3\/2022\/12\/immagini-prodotti-INWALL-sicurezza2.jpg","type":"","width":"","height":""}],"twitter_card":"summary_large_image","twitter_misc":{"Dur\u00e9e de lecture estim\u00e9e":"2 minutes"},"schema":{"@context":"https:\/\/schema.org","@graph":[{"@type":"WebPage","@id":"https:\/\/www.silvelox.it\/fr\/unicite-in-wall\/","url":"https:\/\/www.silvelox.it\/fr\/unicite-in-wall\/","name":"Unicit\u00e9 in wall | Silvelox Group S.p.a. FR","isPartOf":{"@id":"https:\/\/www.silvelox.it\/fr\/#website"},"primaryImageOfPage":{"@id":"https:\/\/www.silvelox.it\/fr\/unicite-in-wall\/#primaryimage"},"image":{"@id":"https:\/\/www.silvelox.it\/fr\/unicite-in-wall\/#primaryimage"},"thumbnailUrl":"https:\/\/www.silvelox.it\/fr\/wp-content\/uploads\/sites\/3\/2022\/12\/immagini-prodotti-INWALL-sicurezza2.jpg","datePublished":"2022-12-20T08:50:52+00:00","dateModified":"2024-01-25T16:38:45+00:00","description":"Unicit\u00e9 Group 3 Demande d'information La porte de s\u00e9curit\u00e9 Silvelox, certifi\u00e9e de classe 4, se trouve au mur.In_Wall est la porte d'entr\u00e9e blind\u00e9e","breadcrumb":{"@id":"https:\/\/www.silvelox.it\/fr\/unicite-in-wall\/#breadcrumb"},"inLanguage":"fr-FR","potentialAction":[{"@type":"ReadAction","target":["https:\/\/www.silvelox.it\/fr\/unicite-in-wall\/"]}]},{"@type":"ImageObject","inLanguage":"fr-FR","@id":"https:\/\/www.silvelox.it\/fr\/unicite-in-wall\/#primaryimage","url":"https:\/\/www.silvelox.it\/fr\/wp-content\/uploads\/sites\/3\/2022\/12\/immagini-prodotti-INWALL-sicurezza2.jpg","contentUrl":"https:\/\/www.silvelox.it\/fr\/wp-content\/uploads\/sites\/3\/2022\/12\/immagini-prodotti-INWALL-sicurezza2.jpg","width":900,"height":604},{"@type":"BreadcrumbList","@id":"https:\/\/www.silvelox.it\/fr\/unicite-in-wall\/#breadcrumb","itemListElement":[{"@type":"ListItem","position":1,"name":"Home","item":"https:\/\/www.silvelox.it\/fr\/"},{"@type":"ListItem","position":2,"name":"Unicit\u00e9 in wall"}]},{"@type":"WebSite","@id":"https:\/\/www.silvelox.it\/fr\/#website","url":"https:\/\/www.silvelox.it\/fr\/","name":"Silvelox Group S.p.a. FR","description":"","potentialAction":[{"@type":"SearchAction","target":{"@type":"EntryPoint","urlTemplate":"https:\/\/www.silvelox.it\/fr\/?s={search_term_string}"},"query-input":{"@type":"PropertyValueSpecification","valueRequired":true,"valueName":"search_term_string"}}],"inLanguage":"fr-FR"}]}},"_links":{"self":[{"href":"https:\/\/www.silvelox.it\/fr\/wp-json\/wp\/v2\/pages\/4390","targetHints":{"allow":["GET"]}}],"collection":[{"href":"https:\/\/www.silvelox.it\/fr\/wp-json\/wp\/v2\/pages"}],"about":[{"href":"https:\/\/www.silvelox.it\/fr\/wp-json\/wp\/v2\/types\/page"}],"author":[{"embeddable":true,"href":"https:\/\/www.silvelox.it\/fr\/wp-json\/wp\/v2\/users\/2"}],"replies":[{"embeddable":true,"href":"https:\/\/www.silvelox.it\/fr\/wp-json\/wp\/v2\/comments?post=4390"}],"version-history":[{"count":25,"href":"https:\/\/www.silvelox.it\/fr\/wp-json\/wp\/v2\/pages\/4390\/revisions"}],"predecessor-version":[{"id":10996,"href":"https:\/\/www.silvelox.it\/fr\/wp-json\/wp\/v2\/pages\/4390\/revisions\/10996"}],"wp:attachment":[{"href":"https:\/\/www.silvelox.it\/fr\/wp-json\/wp\/v2\/media?parent=4390"}],"curies":[{"name":"wp","href":"https:\/\/api.w.org\/{rel}","templated":true}]}}