{"id":4358,"date":"2022-12-20T08:40:33","date_gmt":"2022-12-20T07:40:33","guid":{"rendered":"https:\/\/www.silvelox.it\/fr\/?page_id=4358"},"modified":"2023-09-26T15:31:00","modified_gmt":"2023-09-26T13:31:00","slug":"motorisation","status":"publish","type":"page","link":"https:\/\/www.silvelox.it\/fr\/motorisation\/","title":{"rendered":"Motorisation"},"content":{"rendered":"\t\t<div data-elementor-type=\"wp-page\" data-elementor-id=\"4358\" class=\"elementor elementor-4358\" data-elementor-post-type=\"page\">\n\t\t\t\t\t\t<section class=\"elementor-section elementor-top-section elementor-element elementor-element-7b2410e news-main-sec meccanica elementor-section-content-middle elementor-section-boxed elementor-section-height-default elementor-section-height-default\" data-id=\"7b2410e\" data-element_type=\"section\" data-e-type=\"section\">\n\t\t\t\t\t\t<div class=\"elementor-container elementor-column-gap-default\">\n\t\t\t\t\t<div class=\"elementor-column elementor-col-50 elementor-top-column elementor-element elementor-element-73575975\" data-id=\"73575975\" data-element_type=\"column\" data-e-type=\"column\">\n\t\t\t<div class=\"elementor-widget-wrap elementor-element-populated\">\n\t\t\t\t\t\t<div class=\"elementor-element elementor-element-52414dda elementor-widget elementor-widget-heading\" data-id=\"52414dda\" data-element_type=\"widget\" data-e-type=\"widget\" data-widget_type=\"heading.default\">\n\t\t\t\t<div class=\"elementor-widget-container\">\n\t\t\t\t\t<h1 class=\"elementor-heading-title elementor-size-default\">Motorisation <\/h1>\t\t\t\t<\/div>\n\t\t\t\t<\/div>\n\t\t\t\t\t<\/div>\n\t\t<\/div>\n\t\t\t\t<div class=\"elementor-column elementor-col-50 elementor-top-column elementor-element elementor-element-2dc73e9d lavoran-info\" data-id=\"2dc73e9d\" data-element_type=\"column\" data-e-type=\"column\">\n\t\t\t<div class=\"elementor-widget-wrap elementor-element-populated\">\n\t\t\t\t\t\t<div class=\"elementor-element elementor-element-f14198e elementor-icon-list--layout-inline elementor-align-end mecc-bann-buttons elementor-list-item-link-full_width elementor-widget elementor-widget-icon-list\" data-id=\"f14198e\" data-element_type=\"widget\" data-e-type=\"widget\" data-widget_type=\"icon-list.default\">\n\t\t\t\t<div class=\"elementor-widget-container\">\n\t\t\t\t\t\t\t<ul class=\"elementor-icon-list-items elementor-inline-items\">\n\t\t\t\t\t\t\t<li class=\"elementor-icon-list-item elementor-inline-item\">\n\t\t\t\t\t\t\t\t\t\t\t<a href=\"#footer-main-form\">\n\n\t\t\t\t\t\t\t\t\t\t\t\t<span class=\"elementor-icon-list-icon\">\n\t\t\t\t\t\t\t<svg xmlns=\"http:\/\/www.w3.org\/2000\/svg\" xmlns:xlink=\"http:\/\/www.w3.org\/1999\/xlink\" width=\"21px\" height=\"21px\" viewBox=\"0 0 21 21\"><title>Group 3<\/title><g id=\"Page-1\" stroke=\"none\" stroke-width=\"1\" fill=\"none\" fill-rule=\"evenodd\" stroke-linecap=\"round\"><g id=\"01---Homepage\" transform=\"translate(-1076.000000, -1808.000000)\" stroke=\"#976747\" stroke-width=\"2\"><g id=\"Group-6\" transform=\"translate(145.000000, 1472.873548)\"><g id=\"Group-4\" transform=\"translate(814.600000, 336.195204)\"><g id=\"Group-3\" transform=\"translate(117.400000, 0.000000)\"><line x1=\"18.5398218\" y1=\"8.89911447\" x2=\"0.539821812\" y2=\"8.89911447\" id=\"Line-2\"><\/line><line x1=\"9.64070734\" y1=\"0\" x2=\"9.64070734\" y2=\"18\" id=\"Line-2\"><\/line><\/g><\/g><\/g><\/g><\/g><\/svg>\t\t\t\t\t\t<\/span>\n\t\t\t\t\t\t\t\t\t\t<span class=\"elementor-icon-list-text\">Demande d'information <\/span>\n\t\t\t\t\t\t\t\t\t\t\t<\/a>\n\t\t\t\t\t\t\t\t\t<\/li>\n\t\t\t\t\t\t\t\t<li class=\"elementor-icon-list-item elementor-inline-item\">\n\t\t\t\t\t\t\t\t\t\t\t<a href=\"#caratteristiche-sec\">\n\n\t\t\t\t\t\t\t\t\t\t\t\t<span class=\"elementor-icon-list-icon\">\n\t\t\t\t\t\t\t<svg xmlns=\"http:\/\/www.w3.org\/2000\/svg\" xmlns:xlink=\"http:\/\/www.w3.org\/1999\/xlink\" width=\"17px\" height=\"17px\" viewBox=\"0 0 17 17\"><title>Group 3<\/title><g id=\"Page-1\" stroke=\"none\" stroke-width=\"1\" fill=\"none\" fill-rule=\"evenodd\" stroke-linecap=\"round\"><g id=\"04---Prodotto\" transform=\"translate(-513.000000, -492.000000)\" stroke=\"#976747\" stroke-width=\"2\"><g id=\"Group-4\" transform=\"translate(424.000000, 493.895131)\"><g id=\"Group-3\" transform=\"translate(97.318549, 7.444645) rotate(-315.000000) translate(-97.318549, -7.444645) translate(91.868992, 2.365884)\"><line x1=\"9.64070734\" y1=\"8.89911447\" x2=\"0.539821812\" y2=\"8.89911447\" id=\"Line-2\"><\/line><line x1=\"9.64070734\" y1=\"0\" x2=\"9.64070734\" y2=\"8.89911447\" id=\"Line-2\"><\/line><\/g><\/g><\/g><\/g><\/svg>\t\t\t\t\t\t<\/span>\n\t\t\t\t\t\t\t\t\t\t<span class=\"elementor-icon-list-text\">Caract\u00e9ristiques<\/span>\n\t\t\t\t\t\t\t\t\t\t\t<\/a>\n\t\t\t\t\t\t\t\t\t<\/li>\n\t\t\t\t\t\t<\/ul>\n\t\t\t\t\t\t<\/div>\n\t\t\t\t<\/div>\n\t\t\t\t\t<\/div>\n\t\t<\/div>\n\t\t\t\t\t<\/div>\n\t\t<\/section>\n\t\t\t\t<section class=\"elementor-section elementor-top-section elementor-element elementor-element-58821843 mecc-sec-one elementor-section-boxed elementor-section-height-default elementor-section-height-default\" data-id=\"58821843\" data-element_type=\"section\" data-e-type=\"section\">\n\t\t\t\t\t\t<div class=\"elementor-container elementor-column-gap-default\">\n\t\t\t\t\t<div class=\"elementor-column elementor-col-100 elementor-top-column elementor-element elementor-element-4ae0bf1f\" data-id=\"4ae0bf1f\" data-element_type=\"column\" data-e-type=\"column\">\n\t\t\t<div class=\"elementor-widget-wrap elementor-element-populated\">\n\t\t\t\t\t\t<div class=\"elementor-element elementor-element-1ce95944 la-limita-sec elementor-widget elementor-widget-text-editor\" data-id=\"1ce95944\" data-element_type=\"widget\" data-e-type=\"widget\" data-widget_type=\"text-editor.default\">\n\t\t\t\t<div class=\"elementor-widget-container\">\n\t\t\t\t\t\t\t\t\t<p>En enrichissant la base m\u00e9canique des serrures avec des composants \u00e9lectroniques de derni\u00e8re g\u00e9n\u00e9ration, il est possible de rendre l&rsquo;acc\u00e8s \u00e0 la maison plus intelligent, et surtout plus pratique et plus s\u00fbr.<\/p><p>Selon les besoins, vous pouvez choisir entre une ouverture depuis l&rsquo;ext\u00e9rieur avec un lecteur de transpondeur (TAG) ou un clavier \u00e0 code num\u00e9rique r\u00e9tro-\u00e9clair\u00e9, pour une vision optimale m\u00eame la nuit.<\/p>\t\t\t\t\t\t\t\t<\/div>\n\t\t\t\t<\/div>\n\t\t\t\t<div class=\"elementor-element elementor-element-d55891f font-size-25 elementor-widget elementor-widget-heading\" data-id=\"d55891f\" data-element_type=\"widget\" data-e-type=\"widget\" data-widget_type=\"heading.default\">\n\t\t\t\t<div class=\"elementor-widget-container\">\n\t\t\t\t\t<div class=\"elementor-heading-title elementor-size-default\">Lecteur de transpondeur (TAG)<\/div>\t\t\t\t<\/div>\n\t\t\t\t<\/div>\n\t\t\t\t<div class=\"elementor-element elementor-element-d44e004 la-limita-sec elementor-widget elementor-widget-text-editor\" data-id=\"d44e004\" data-element_type=\"widget\" data-e-type=\"widget\" data-widget_type=\"text-editor.default\">\n\t\t\t\t<div class=\"elementor-widget-container\">\n\t\t\t\t\t\t\t\t\t<p>Avec ce syst\u00e8me \u00e9lectronique, il suffit d&rsquo;approcher la cl\u00e9 \u00e9lectronique de la serrure pour l&rsquo;ouvrir.<\/p>\t\t\t\t\t\t\t\t<\/div>\n\t\t\t\t<\/div>\n\t\t\t\t<div class=\"elementor-element elementor-element-762a657 font-size-25 elementor-widget elementor-widget-heading\" data-id=\"762a657\" data-element_type=\"widget\" data-e-type=\"widget\" data-widget_type=\"heading.default\">\n\t\t\t\t<div class=\"elementor-widget-container\">\n\t\t\t\t\t<div class=\"elementor-heading-title elementor-size-default\">Clavier \u00e0 code num\u00e9rique<\/div>\t\t\t\t<\/div>\n\t\t\t\t<\/div>\n\t\t\t\t<div class=\"elementor-element elementor-element-9d3cc92 la-limita-sec elementor-widget elementor-widget-text-editor\" data-id=\"9d3cc92\" data-element_type=\"widget\" data-e-type=\"widget\" data-widget_type=\"text-editor.default\">\n\t\t\t\t<div class=\"elementor-widget-container\">\n\t\t\t\t\t\t\t\t\t<div class=\"wpb_text_column wpb_content_element  vc_custom_1579625275981\"><div class=\"wpb_wrapper\"><p class=\"p1\">Le code num\u00e9rique saisi (jusqu\u2019\u00e0 8 chiffres maximum) est trait\u00e9 par le processeur de la carte \u00e9lectronique et, s\u2019il est reconnu comme valide, g\u00e9n\u00e8re l\u2019ouverture de la porte.<\/p><\/div><\/div><div class=\"wpb_text_column wpb_content_element  vc_custom_1579625281213\"><div class=\"wpb_wrapper\"><p>Autres accessoires compl\u00e9mentaires :<\/p><p>\u2022 Lecteur d\u2019empreintes<\/p><p>\u2022 Dispositif d\u2019ouverture par appareil t\u00e9l\u00e9phonique<\/p><\/div><\/div>\t\t\t\t\t\t\t\t<\/div>\n\t\t\t\t<\/div>\n\t\t\t\t\t<\/div>\n\t\t<\/div>\n\t\t\t\t\t<\/div>\n\t\t<\/section>\n\t\t\t\t<section class=\"elementor-section elementor-top-section elementor-element elementor-element-266853d mecc-sec-one elementor-section-boxed elementor-section-height-default elementor-section-height-default\" data-id=\"266853d\" data-element_type=\"section\" data-e-type=\"section\">\n\t\t\t\t\t\t<div class=\"elementor-container elementor-column-gap-default\">\n\t\t\t\t\t<div class=\"elementor-column elementor-col-100 elementor-top-column elementor-element elementor-element-b140839\" data-id=\"b140839\" data-element_type=\"column\" data-e-type=\"column\">\n\t\t\t<div class=\"elementor-widget-wrap elementor-element-populated\">\n\t\t\t\t\t\t<div class=\"elementor-element elementor-element-9764c20 font-size-25 elementor-widget elementor-widget-heading\" data-id=\"9764c20\" data-element_type=\"widget\" data-e-type=\"widget\" data-widget_type=\"heading.default\">\n\t\t\t\t<div class=\"elementor-widget-container\">\n\t\t\t\t\t<div class=\"elementor-heading-title elementor-size-default\">1. Serrure motoris\u00e9e X1R SMART | 2. Lecteur pour smartphone | 3. Lecteur de carte <\/div>\t\t\t\t<\/div>\n\t\t\t\t<\/div>\n\t\t\t\t<div class=\"elementor-element elementor-element-aafc3f1 elementor-widget elementor-widget-image\" data-id=\"aafc3f1\" data-element_type=\"widget\" data-e-type=\"widget\" data-widget_type=\"image.default\">\n\t\t\t\t<div class=\"elementor-widget-container\">\n\t\t\t\t\t\t\t\t\t\t\t\t\t\t\t<img fetchpriority=\"high\" decoding=\"async\" width=\"989\" height=\"427\" src=\"https:\/\/www.silvelox.it\/fr\/wp-content\/uploads\/sites\/3\/2023\/09\/serratura-blindateSikura.jpg\" class=\"attachment-full size-full wp-image-9715\" alt=\"\" srcset=\"https:\/\/www.silvelox.it\/fr\/wp-content\/uploads\/sites\/3\/2023\/09\/serratura-blindateSikura.jpg 989w, https:\/\/www.silvelox.it\/fr\/wp-content\/uploads\/sites\/3\/2023\/09\/serratura-blindateSikura-300x130.jpg 300w, https:\/\/www.silvelox.it\/fr\/wp-content\/uploads\/sites\/3\/2023\/09\/serratura-blindateSikura-768x332.jpg 768w\" sizes=\"(max-width: 989px) 100vw, 989px\" \/>\t\t\t\t\t\t\t\t\t\t\t\t\t\t\t<\/div>\n\t\t\t\t<\/div>\n\t\t\t\t\t<\/div>\n\t\t<\/div>\n\t\t\t\t\t<\/div>\n\t\t<\/section>\n\t\t\t\t<section class=\"elementor-section elementor-top-section elementor-element elementor-element-e38ac51 elementor-section-boxed elementor-section-height-default elementor-section-height-default\" data-id=\"e38ac51\" data-element_type=\"section\" data-e-type=\"section\">\n\t\t\t\t\t\t<div class=\"elementor-container elementor-column-gap-default\">\n\t\t\t\t\t<div class=\"elementor-column elementor-col-100 elementor-top-column elementor-element elementor-element-9f97a6d\" data-id=\"9f97a6d\" data-element_type=\"column\" data-e-type=\"column\">\n\t\t\t<div class=\"elementor-widget-wrap elementor-element-populated\">\n\t\t\t\t\t\t<div class=\"elementor-element elementor-element-df86734 elementor-widget__width-initial elementor-widget elementor-widget-image\" data-id=\"df86734\" data-element_type=\"widget\" data-e-type=\"widget\" data-widget_type=\"image.default\">\n\t\t\t\t<div class=\"elementor-widget-container\">\n\t\t\t\t\t\t\t\t\t\t\t\t\t\t\t<img decoding=\"async\" width=\"456\" height=\"436\" src=\"https:\/\/www.silvelox.it\/fr\/wp-content\/uploads\/sites\/3\/2023\/09\/lettore-smartphoneSikura.jpg\" class=\"attachment-large size-large wp-image-9716\" alt=\"\" srcset=\"https:\/\/www.silvelox.it\/fr\/wp-content\/uploads\/sites\/3\/2023\/09\/lettore-smartphoneSikura.jpg 456w, https:\/\/www.silvelox.it\/fr\/wp-content\/uploads\/sites\/3\/2023\/09\/lettore-smartphoneSikura-300x287.jpg 300w\" sizes=\"(max-width: 456px) 100vw, 456px\" \/>\t\t\t\t\t\t\t\t\t\t\t\t\t\t\t<\/div>\n\t\t\t\t<\/div>\n\t\t\t\t<div class=\"elementor-element elementor-element-c7dc2b0 elementor-widget__width-initial elementor-widget elementor-widget-image\" data-id=\"c7dc2b0\" data-element_type=\"widget\" data-e-type=\"widget\" data-widget_type=\"image.default\">\n\t\t\t\t<div class=\"elementor-widget-container\">\n\t\t\t\t\t\t\t\t\t\t\t\t\t\t\t<img decoding=\"async\" width=\"458\" height=\"438\" src=\"https:\/\/www.silvelox.it\/fr\/wp-content\/uploads\/sites\/3\/2023\/09\/lettore-cardSikura.jpg\" class=\"attachment-full size-full wp-image-9717\" alt=\"\" srcset=\"https:\/\/www.silvelox.it\/fr\/wp-content\/uploads\/sites\/3\/2023\/09\/lettore-cardSikura.jpg 458w, https:\/\/www.silvelox.it\/fr\/wp-content\/uploads\/sites\/3\/2023\/09\/lettore-cardSikura-300x287.jpg 300w\" sizes=\"(max-width: 458px) 100vw, 458px\" \/>\t\t\t\t\t\t\t\t\t\t\t\t\t\t\t<\/div>\n\t\t\t\t<\/div>\n\t\t\t\t\t<\/div>\n\t\t<\/div>\n\t\t\t\t\t<\/div>\n\t\t<\/section>\n\t\t\t\t<\/div>\n\t\t","protected":false},"excerpt":{"rendered":"<p>Tecnologia Richiedi informazioni Caratteristiche L\u2019arricchimento della base meccanica delle serrature con componenti elettronici di ultima generazione permette di rendere intelligente, e soprattutto pi\u00f9 pratico e sicuro, l\u2019accesso all\u2019abitazione. A seconda delle esigenze, si pu\u00f2 scegliere tra un\u2019apertura dall\u2019esterno con lettore transponder (TAG) o una tastiera a codice numerico retroilluminata, per una visione ottimale anche notturna. [&hellip;]<\/p>\n","protected":false},"author":2,"featured_media":0,"parent":0,"menu_order":0,"comment_status":"closed","ping_status":"closed","template":"","meta":{"_acf_changed":false,"footnotes":""},"class_list":["post-4358","page","type-page","status-publish","hentry"],"acf":[],"yoast_head":"<!-- This site is optimized with the Yoast SEO plugin v27.4 - https:\/\/yoast.com\/product\/yoast-seo-wordpress\/ -->\n<title>Motorisation | Silvelox Group S.p.a. FR<\/title>\n<meta name=\"description\" content=\"Tecnologia Richiedi informazioni Caratteristiche L\u2019arricchimento della base meccanica delle serrature con componenti elettronici di ultima generazione\" \/>\n<meta name=\"robots\" content=\"index, follow, max-snippet:-1, max-image-preview:large, max-video-preview:-1\" \/>\n<link rel=\"canonical\" href=\"https:\/\/www.silvelox.it\/fr\/motorisation\/\" \/>\n<meta property=\"og:locale\" content=\"fr_FR\" \/>\n<meta property=\"og:type\" content=\"article\" \/>\n<meta property=\"og:title\" content=\"Motorisation | Silvelox Group S.p.a. FR\" \/>\n<meta property=\"og:description\" content=\"Tecnologia Richiedi informazioni Caratteristiche L\u2019arricchimento della base meccanica delle serrature con componenti elettronici di ultima generazione\" \/>\n<meta property=\"og:url\" content=\"https:\/\/www.silvelox.it\/fr\/motorisation\/\" \/>\n<meta property=\"og:site_name\" content=\"Silvelox Group S.p.a. FR\" \/>\n<meta property=\"article:modified_time\" content=\"2023-09-26T13:31:00+00:00\" \/>\n<meta property=\"og:image\" content=\"https:\/\/www.silvelox.it\/fr\/wp-content\/uploads\/sites\/3\/2022\/12\/Silvelox-Group_Porte-Blindate_Tecnologia01.jpg\" \/>\n<meta name=\"twitter:card\" content=\"summary_large_image\" \/>\n<meta name=\"twitter:label1\" content=\"Dur\u00e9e de lecture estim\u00e9e\" \/>\n\t<meta name=\"twitter:data1\" content=\"2 minutes\" \/>\n<script type=\"application\/ld+json\" class=\"yoast-schema-graph\">{\"@context\":\"https:\\\/\\\/schema.org\",\"@graph\":[{\"@type\":\"WebPage\",\"@id\":\"https:\\\/\\\/www.silvelox.it\\\/fr\\\/motorisation\\\/\",\"url\":\"https:\\\/\\\/www.silvelox.it\\\/fr\\\/motorisation\\\/\",\"name\":\"Motorisation | Silvelox Group S.p.a. FR\",\"isPartOf\":{\"@id\":\"https:\\\/\\\/www.silvelox.it\\\/fr\\\/#website\"},\"primaryImageOfPage\":{\"@id\":\"https:\\\/\\\/www.silvelox.it\\\/fr\\\/motorisation\\\/#primaryimage\"},\"image\":{\"@id\":\"https:\\\/\\\/www.silvelox.it\\\/fr\\\/motorisation\\\/#primaryimage\"},\"thumbnailUrl\":\"https:\\\/\\\/www.silvelox.it\\\/fr\\\/wp-content\\\/uploads\\\/sites\\\/3\\\/2022\\\/12\\\/Silvelox-Group_Porte-Blindate_Tecnologia01.jpg\",\"datePublished\":\"2022-12-20T07:40:33+00:00\",\"dateModified\":\"2023-09-26T13:31:00+00:00\",\"description\":\"Tecnologia Richiedi informazioni Caratteristiche L\u2019arricchimento della base meccanica delle serrature con componenti elettronici di ultima generazione\",\"breadcrumb\":{\"@id\":\"https:\\\/\\\/www.silvelox.it\\\/fr\\\/motorisation\\\/#breadcrumb\"},\"inLanguage\":\"fr-FR\",\"potentialAction\":[{\"@type\":\"ReadAction\",\"target\":[\"https:\\\/\\\/www.silvelox.it\\\/fr\\\/motorisation\\\/\"]}]},{\"@type\":\"ImageObject\",\"inLanguage\":\"fr-FR\",\"@id\":\"https:\\\/\\\/www.silvelox.it\\\/fr\\\/motorisation\\\/#primaryimage\",\"url\":\"https:\\\/\\\/www.silvelox.it\\\/fr\\\/wp-content\\\/uploads\\\/sites\\\/3\\\/2022\\\/12\\\/Silvelox-Group_Porte-Blindate_Tecnologia01.jpg\",\"contentUrl\":\"https:\\\/\\\/www.silvelox.it\\\/fr\\\/wp-content\\\/uploads\\\/sites\\\/3\\\/2022\\\/12\\\/Silvelox-Group_Porte-Blindate_Tecnologia01.jpg\",\"width\":1248,\"height\":879},{\"@type\":\"BreadcrumbList\",\"@id\":\"https:\\\/\\\/www.silvelox.it\\\/fr\\\/motorisation\\\/#breadcrumb\",\"itemListElement\":[{\"@type\":\"ListItem\",\"position\":1,\"name\":\"Home\",\"item\":\"https:\\\/\\\/www.silvelox.it\\\/fr\\\/\"},{\"@type\":\"ListItem\",\"position\":2,\"name\":\"Motorisation\"}]},{\"@type\":\"WebSite\",\"@id\":\"https:\\\/\\\/www.silvelox.it\\\/fr\\\/#website\",\"url\":\"https:\\\/\\\/www.silvelox.it\\\/fr\\\/\",\"name\":\"Silvelox Group S.p.a. FR\",\"description\":\"\",\"potentialAction\":[{\"@type\":\"SearchAction\",\"target\":{\"@type\":\"EntryPoint\",\"urlTemplate\":\"https:\\\/\\\/www.silvelox.it\\\/fr\\\/?s={search_term_string}\"},\"query-input\":{\"@type\":\"PropertyValueSpecification\",\"valueRequired\":true,\"valueName\":\"search_term_string\"}}],\"inLanguage\":\"fr-FR\"}]}<\/script>\n<!-- \/ Yoast SEO plugin. -->","yoast_head_json":{"title":"Motorisation | Silvelox Group S.p.a. FR","description":"Tecnologia Richiedi informazioni Caratteristiche L\u2019arricchimento della base meccanica delle serrature con componenti elettronici di ultima generazione","robots":{"index":"index","follow":"follow","max-snippet":"max-snippet:-1","max-image-preview":"max-image-preview:large","max-video-preview":"max-video-preview:-1"},"canonical":"https:\/\/www.silvelox.it\/fr\/motorisation\/","og_locale":"fr_FR","og_type":"article","og_title":"Motorisation | Silvelox Group S.p.a. FR","og_description":"Tecnologia Richiedi informazioni Caratteristiche L\u2019arricchimento della base meccanica delle serrature con componenti elettronici di ultima generazione","og_url":"https:\/\/www.silvelox.it\/fr\/motorisation\/","og_site_name":"Silvelox Group S.p.a. FR","article_modified_time":"2023-09-26T13:31:00+00:00","og_image":[{"url":"https:\/\/www.silvelox.it\/fr\/wp-content\/uploads\/sites\/3\/2022\/12\/Silvelox-Group_Porte-Blindate_Tecnologia01.jpg","type":"","width":"","height":""}],"twitter_card":"summary_large_image","twitter_misc":{"Dur\u00e9e de lecture estim\u00e9e":"2 minutes"},"schema":{"@context":"https:\/\/schema.org","@graph":[{"@type":"WebPage","@id":"https:\/\/www.silvelox.it\/fr\/motorisation\/","url":"https:\/\/www.silvelox.it\/fr\/motorisation\/","name":"Motorisation | Silvelox Group S.p.a. FR","isPartOf":{"@id":"https:\/\/www.silvelox.it\/fr\/#website"},"primaryImageOfPage":{"@id":"https:\/\/www.silvelox.it\/fr\/motorisation\/#primaryimage"},"image":{"@id":"https:\/\/www.silvelox.it\/fr\/motorisation\/#primaryimage"},"thumbnailUrl":"https:\/\/www.silvelox.it\/fr\/wp-content\/uploads\/sites\/3\/2022\/12\/Silvelox-Group_Porte-Blindate_Tecnologia01.jpg","datePublished":"2022-12-20T07:40:33+00:00","dateModified":"2023-09-26T13:31:00+00:00","description":"Tecnologia Richiedi informazioni Caratteristiche L\u2019arricchimento della base meccanica delle serrature con componenti elettronici di ultima generazione","breadcrumb":{"@id":"https:\/\/www.silvelox.it\/fr\/motorisation\/#breadcrumb"},"inLanguage":"fr-FR","potentialAction":[{"@type":"ReadAction","target":["https:\/\/www.silvelox.it\/fr\/motorisation\/"]}]},{"@type":"ImageObject","inLanguage":"fr-FR","@id":"https:\/\/www.silvelox.it\/fr\/motorisation\/#primaryimage","url":"https:\/\/www.silvelox.it\/fr\/wp-content\/uploads\/sites\/3\/2022\/12\/Silvelox-Group_Porte-Blindate_Tecnologia01.jpg","contentUrl":"https:\/\/www.silvelox.it\/fr\/wp-content\/uploads\/sites\/3\/2022\/12\/Silvelox-Group_Porte-Blindate_Tecnologia01.jpg","width":1248,"height":879},{"@type":"BreadcrumbList","@id":"https:\/\/www.silvelox.it\/fr\/motorisation\/#breadcrumb","itemListElement":[{"@type":"ListItem","position":1,"name":"Home","item":"https:\/\/www.silvelox.it\/fr\/"},{"@type":"ListItem","position":2,"name":"Motorisation"}]},{"@type":"WebSite","@id":"https:\/\/www.silvelox.it\/fr\/#website","url":"https:\/\/www.silvelox.it\/fr\/","name":"Silvelox Group S.p.a. FR","description":"","potentialAction":[{"@type":"SearchAction","target":{"@type":"EntryPoint","urlTemplate":"https:\/\/www.silvelox.it\/fr\/?s={search_term_string}"},"query-input":{"@type":"PropertyValueSpecification","valueRequired":true,"valueName":"search_term_string"}}],"inLanguage":"fr-FR"}]}},"_links":{"self":[{"href":"https:\/\/www.silvelox.it\/fr\/wp-json\/wp\/v2\/pages\/4358","targetHints":{"allow":["GET"]}}],"collection":[{"href":"https:\/\/www.silvelox.it\/fr\/wp-json\/wp\/v2\/pages"}],"about":[{"href":"https:\/\/www.silvelox.it\/fr\/wp-json\/wp\/v2\/types\/page"}],"author":[{"embeddable":true,"href":"https:\/\/www.silvelox.it\/fr\/wp-json\/wp\/v2\/users\/2"}],"replies":[{"embeddable":true,"href":"https:\/\/www.silvelox.it\/fr\/wp-json\/wp\/v2\/comments?post=4358"}],"version-history":[{"count":40,"href":"https:\/\/www.silvelox.it\/fr\/wp-json\/wp\/v2\/pages\/4358\/revisions"}],"predecessor-version":[{"id":9906,"href":"https:\/\/www.silvelox.it\/fr\/wp-json\/wp\/v2\/pages\/4358\/revisions\/9906"}],"wp:attachment":[{"href":"https:\/\/www.silvelox.it\/fr\/wp-json\/wp\/v2\/media?parent=4358"}],"curies":[{"name":"wp","href":"https:\/\/api.w.org\/{rel}","templated":true}]}}