{"id":11962,"date":"2024-05-21T17:43:52","date_gmt":"2024-05-21T15:43:52","guid":{"rendered":"https:\/\/www.silvelox.it\/fr\/?page_id=11962"},"modified":"2024-05-21T17:45:00","modified_gmt":"2024-05-21T15:45:00","slug":"enquete-devaluation-de-la-materialite","status":"publish","type":"page","link":"https:\/\/www.silvelox.it\/fr\/enquete-devaluation-de-la-materialite\/","title":{"rendered":"Enqu\u00eate d&rsquo;\u00e9valuation de la mat\u00e9rialit\u00e9"},"content":{"rendered":"\t\t<div data-elementor-type=\"wp-page\" data-elementor-id=\"11962\" class=\"elementor elementor-11962\" data-elementor-post-type=\"page\">\n\t\t\t\t\t\t<section class=\"elementor-section elementor-top-section elementor-element elementor-element-ae2643e breadcrumb-main-inner elementor-section-full_width elementor-section-height-default elementor-section-height-default\" data-id=\"ae2643e\" data-element_type=\"section\" data-e-type=\"section\">\n\t\t\t\t\t\t<div class=\"elementor-container elementor-column-gap-default\">\n\t\t\t\t\t<div class=\"elementor-column elementor-col-100 elementor-top-column elementor-element elementor-element-8fcf261\" data-id=\"8fcf261\" data-element_type=\"column\" data-e-type=\"column\">\n\t\t\t<div class=\"elementor-widget-wrap elementor-element-populated\">\n\t\t\t\t\t\t<div class=\"elementor-element elementor-element-eb98688 elementor-widget elementor-widget-shortcode\" data-id=\"eb98688\" data-element_type=\"widget\" data-e-type=\"widget\" data-widget_type=\"shortcode.default\">\n\t\t\t\t<div class=\"elementor-widget-container\">\n\t\t\t\t\t\t\t<div class=\"elementor-shortcode\"><div class=\"breadcrumbs\">\n<a href=\"https:\/\/www.silvelox.it\/fr\">Homepage<\/a> \n\n<\/a> \n\/ <b> Enqu\u00eate d&rsquo;\u00e9valuation de la mat\u00e9rialit\u00e9<\/b>\n<\/div>\n<\/div>\n\t\t\t\t\t\t<\/div>\n\t\t\t\t<\/div>\n\t\t\t\t\t<\/div>\n\t\t<\/div>\n\t\t\t\t\t<\/div>\n\t\t<\/section>\n\t\t\t\t<section class=\"elementor-section elementor-top-section elementor-element elementor-element-e82cdd1 group-sec-six_ elementor-section-content-middle elementor-section-boxed elementor-section-height-default elementor-section-height-default elementor-invisible\" data-id=\"e82cdd1\" data-element_type=\"section\" data-e-type=\"section\" data-settings=\"{&quot;background_background&quot;:&quot;classic&quot;,&quot;animation&quot;:&quot;fadeIn&quot;}\">\n\t\t\t\t\t\t<div class=\"elementor-container elementor-column-gap-default\">\n\t\t\t\t\t<div class=\"elementor-column elementor-col-100 elementor-top-column elementor-element elementor-element-ccccd4b una-visione-left\" data-id=\"ccccd4b\" data-element_type=\"column\" data-e-type=\"column\">\n\t\t\t<div class=\"elementor-widget-wrap elementor-element-populated\">\n\t\t\t\t\t\t<div class=\"elementor-element elementor-element-74b6aac elementor-widget elementor-widget-html\" data-id=\"74b6aac\" data-element_type=\"widget\" data-e-type=\"widget\" data-widget_type=\"html.default\">\n\t\t\t\t<div class=\"elementor-widget-container\">\n\t\t\t\t\t<script>(function(t,e,s,n){var o,a,c;t.SMCX=t.SMCX||[],e.getElementById(n)||(o=e.getElementsByTagName(s),a=o[o.length-1],c=e.createElement(s),c.type=\"text\/javascript\",c.async=!0,c.id=n,c.src=\"https:\/\/widget.surveymonkey.com\/collect\/website\/js\/tRaiETqnLgj758hTBazgd3_2BXcYOjeT0nQveQqTtD0W5MOLxR4aZ8fZDpwuN10vA7.js\",a.parentNode.insertBefore(c,a))})(window,document,\"script\",\"smcx-sdk\");<\/script>\t\t\t\t<\/div>\n\t\t\t\t<\/div>\n\t\t\t\t\t<\/div>\n\t\t<\/div>\n\t\t\t\t\t<\/div>\n\t\t<\/section>\n\t\t\t\t<\/div>\n\t\t","protected":false},"excerpt":{"rendered":"","protected":false},"author":1,"featured_media":0,"parent":0,"menu_order":0,"comment_status":"closed","ping_status":"closed","template":"elementor_header_footer","meta":{"_acf_changed":false,"footnotes":""},"class_list":["post-11962","page","type-page","status-publish","hentry"],"acf":[],"yoast_head":"<!-- This site is optimized with the Yoast SEO plugin v27.5 - https:\/\/yoast.com\/product\/yoast-seo-wordpress\/ -->\n<title>Enqu\u00eate d&#039;\u00e9valuation de la mat\u00e9rialit\u00e9 | Silvelox Group S.p.a. FR<\/title>\n<meta name=\"robots\" content=\"noindex, nofollow\" \/>\n<meta property=\"og:locale\" content=\"fr_FR\" \/>\n<meta property=\"og:type\" content=\"article\" \/>\n<meta property=\"og:title\" content=\"Enqu\u00eate d&#039;\u00e9valuation de la mat\u00e9rialit\u00e9 | Silvelox Group S.p.a. FR\" \/>\n<meta property=\"og:url\" content=\"https:\/\/www.silvelox.it\/fr\/enquete-devaluation-de-la-materialite\/\" \/>\n<meta property=\"og:site_name\" content=\"Silvelox Group S.p.a. FR\" \/>\n<meta property=\"article:modified_time\" content=\"2024-05-21T15:45:00+00:00\" \/>\n<meta name=\"twitter:card\" content=\"summary_large_image\" \/>\n<script type=\"application\/ld+json\" class=\"yoast-schema-graph\">{\"@context\":\"https:\\\/\\\/schema.org\",\"@graph\":[{\"@type\":\"WebPage\",\"@id\":\"https:\\\/\\\/www.silvelox.it\\\/fr\\\/enquete-devaluation-de-la-materialite\\\/\",\"url\":\"https:\\\/\\\/www.silvelox.it\\\/fr\\\/enquete-devaluation-de-la-materialite\\\/\",\"name\":\"Enqu\u00eate d'\u00e9valuation de la mat\u00e9rialit\u00e9 | Silvelox Group S.p.a. FR\",\"isPartOf\":{\"@id\":\"https:\\\/\\\/www.silvelox.it\\\/fr\\\/#website\"},\"datePublished\":\"2024-05-21T15:43:52+00:00\",\"dateModified\":\"2024-05-21T15:45:00+00:00\",\"breadcrumb\":{\"@id\":\"https:\\\/\\\/www.silvelox.it\\\/fr\\\/enquete-devaluation-de-la-materialite\\\/#breadcrumb\"},\"inLanguage\":\"fr-FR\",\"potentialAction\":[{\"@type\":\"ReadAction\",\"target\":[\"https:\\\/\\\/www.silvelox.it\\\/fr\\\/enquete-devaluation-de-la-materialite\\\/\"]}]},{\"@type\":\"BreadcrumbList\",\"@id\":\"https:\\\/\\\/www.silvelox.it\\\/fr\\\/enquete-devaluation-de-la-materialite\\\/#breadcrumb\",\"itemListElement\":[{\"@type\":\"ListItem\",\"position\":1,\"name\":\"Home\",\"item\":\"https:\\\/\\\/www.silvelox.it\\\/fr\\\/\"},{\"@type\":\"ListItem\",\"position\":2,\"name\":\"Enqu\u00eate d&#8217;\u00e9valuation de la mat\u00e9rialit\u00e9\"}]},{\"@type\":\"WebSite\",\"@id\":\"https:\\\/\\\/www.silvelox.it\\\/fr\\\/#website\",\"url\":\"https:\\\/\\\/www.silvelox.it\\\/fr\\\/\",\"name\":\"Silvelox Group S.p.a. FR\",\"description\":\"\",\"potentialAction\":[{\"@type\":\"SearchAction\",\"target\":{\"@type\":\"EntryPoint\",\"urlTemplate\":\"https:\\\/\\\/www.silvelox.it\\\/fr\\\/?s={search_term_string}\"},\"query-input\":{\"@type\":\"PropertyValueSpecification\",\"valueRequired\":true,\"valueName\":\"search_term_string\"}}],\"inLanguage\":\"fr-FR\"}]}<\/script>\n<!-- \/ Yoast SEO plugin. -->","yoast_head_json":{"title":"Enqu\u00eate d'\u00e9valuation de la mat\u00e9rialit\u00e9 | Silvelox Group S.p.a. FR","robots":{"index":"noindex","follow":"nofollow"},"og_locale":"fr_FR","og_type":"article","og_title":"Enqu\u00eate d'\u00e9valuation de la mat\u00e9rialit\u00e9 | Silvelox Group S.p.a. FR","og_url":"https:\/\/www.silvelox.it\/fr\/enquete-devaluation-de-la-materialite\/","og_site_name":"Silvelox Group S.p.a. FR","article_modified_time":"2024-05-21T15:45:00+00:00","twitter_card":"summary_large_image","schema":{"@context":"https:\/\/schema.org","@graph":[{"@type":"WebPage","@id":"https:\/\/www.silvelox.it\/fr\/enquete-devaluation-de-la-materialite\/","url":"https:\/\/www.silvelox.it\/fr\/enquete-devaluation-de-la-materialite\/","name":"Enqu\u00eate d'\u00e9valuation de la mat\u00e9rialit\u00e9 | Silvelox Group S.p.a. FR","isPartOf":{"@id":"https:\/\/www.silvelox.it\/fr\/#website"},"datePublished":"2024-05-21T15:43:52+00:00","dateModified":"2024-05-21T15:45:00+00:00","breadcrumb":{"@id":"https:\/\/www.silvelox.it\/fr\/enquete-devaluation-de-la-materialite\/#breadcrumb"},"inLanguage":"fr-FR","potentialAction":[{"@type":"ReadAction","target":["https:\/\/www.silvelox.it\/fr\/enquete-devaluation-de-la-materialite\/"]}]},{"@type":"BreadcrumbList","@id":"https:\/\/www.silvelox.it\/fr\/enquete-devaluation-de-la-materialite\/#breadcrumb","itemListElement":[{"@type":"ListItem","position":1,"name":"Home","item":"https:\/\/www.silvelox.it\/fr\/"},{"@type":"ListItem","position":2,"name":"Enqu\u00eate d&#8217;\u00e9valuation de la mat\u00e9rialit\u00e9"}]},{"@type":"WebSite","@id":"https:\/\/www.silvelox.it\/fr\/#website","url":"https:\/\/www.silvelox.it\/fr\/","name":"Silvelox Group S.p.a. FR","description":"","potentialAction":[{"@type":"SearchAction","target":{"@type":"EntryPoint","urlTemplate":"https:\/\/www.silvelox.it\/fr\/?s={search_term_string}"},"query-input":{"@type":"PropertyValueSpecification","valueRequired":true,"valueName":"search_term_string"}}],"inLanguage":"fr-FR"}]}},"_links":{"self":[{"href":"https:\/\/www.silvelox.it\/fr\/wp-json\/wp\/v2\/pages\/11962","targetHints":{"allow":["GET"]}}],"collection":[{"href":"https:\/\/www.silvelox.it\/fr\/wp-json\/wp\/v2\/pages"}],"about":[{"href":"https:\/\/www.silvelox.it\/fr\/wp-json\/wp\/v2\/types\/page"}],"author":[{"embeddable":true,"href":"https:\/\/www.silvelox.it\/fr\/wp-json\/wp\/v2\/users\/1"}],"replies":[{"embeddable":true,"href":"https:\/\/www.silvelox.it\/fr\/wp-json\/wp\/v2\/comments?post=11962"}],"version-history":[{"count":7,"href":"https:\/\/www.silvelox.it\/fr\/wp-json\/wp\/v2\/pages\/11962\/revisions"}],"predecessor-version":[{"id":11969,"href":"https:\/\/www.silvelox.it\/fr\/wp-json\/wp\/v2\/pages\/11962\/revisions\/11969"}],"wp:attachment":[{"href":"https:\/\/www.silvelox.it\/fr\/wp-json\/wp\/v2\/media?parent=11962"}],"curies":[{"name":"wp","href":"https:\/\/api.w.org\/{rel}","templated":true}]}}