{"id":11574,"date":"2024-04-11T11:03:16","date_gmt":"2024-04-11T09:03:16","guid":{"rendered":"https:\/\/www.silvelox.it\/fr\/?page_id=11574"},"modified":"2025-06-13T08:36:56","modified_gmt":"2025-06-13T06:36:56","slug":"news-cas-pratiques","status":"publish","type":"page","link":"https:\/\/www.silvelox.it\/fr\/news-cas-pratiques\/","title":{"rendered":"News &#8211; Cas pratiques"},"content":{"rendered":"\t\t<div data-elementor-type=\"wp-page\" data-elementor-id=\"11574\" class=\"elementor elementor-11574\" data-elementor-post-type=\"page\">\n\t\t\t\t\t\t<section class=\"elementor-section elementor-top-section elementor-element elementor-element-c673449 breadcrumb-main-inner elementor-section-full_width elementor-section-height-default elementor-section-height-default\" data-id=\"c673449\" data-element_type=\"section\" data-e-type=\"section\">\n\t\t\t\t\t\t<div class=\"elementor-container elementor-column-gap-default\">\n\t\t\t\t\t<div class=\"elementor-column elementor-col-100 elementor-top-column elementor-element elementor-element-51f49a8\" data-id=\"51f49a8\" data-element_type=\"column\" data-e-type=\"column\">\n\t\t\t<div class=\"elementor-widget-wrap elementor-element-populated\">\n\t\t\t\t\t\t<div class=\"elementor-element elementor-element-b0d93c4 elementor-widget elementor-widget-shortcode\" data-id=\"b0d93c4\" data-element_type=\"widget\" data-e-type=\"widget\" data-widget_type=\"shortcode.default\">\n\t\t\t\t<div class=\"elementor-widget-container\">\n\t\t\t\t\t\t\t<div class=\"elementor-shortcode\"><div class=\"breadcrumbs\">\n<a href=\"https:\/\/www.silvelox.it\/fr\">Homepage<\/a> \n\n<\/a> \n\/ <b> News &#8211; Cas pratiques<\/b>\n<\/div>\n<\/div>\n\t\t\t\t\t\t<\/div>\n\t\t\t\t<\/div>\n\t\t\t\t\t<\/div>\n\t\t<\/div>\n\t\t\t\t\t<\/div>\n\t\t<\/section>\n\t\t\t\t<section class=\"elementor-section elementor-top-section elementor-element elementor-element-64f0227 news-main-sec elementor-section-boxed elementor-section-height-default elementor-section-height-default\" data-id=\"64f0227\" data-element_type=\"section\" data-e-type=\"section\">\n\t\t\t\t\t\t<div class=\"elementor-container elementor-column-gap-default\">\n\t\t\t\t\t<div class=\"elementor-column elementor-col-50 elementor-top-column elementor-element elementor-element-3ffa896 lavoran-info\" data-id=\"3ffa896\" data-element_type=\"column\" data-e-type=\"column\">\n\t\t\t<div class=\"elementor-widget-wrap elementor-element-populated\">\n\t\t\t\t\t\t<div class=\"elementor-element elementor-element-9404ed9 elementor-widget elementor-widget-heading\" data-id=\"9404ed9\" data-element_type=\"widget\" data-e-type=\"widget\" data-widget_type=\"heading.default\">\n\t\t\t\t<div class=\"elementor-widget-container\">\n\t\t\t\t\t<h1 class=\"elementor-heading-title elementor-size-default\">News - Cas pratiques<\/h1>\t\t\t\t<\/div>\n\t\t\t\t<\/div>\n\t\t\t\t\t<\/div>\n\t\t<\/div>\n\t\t\t\t<div class=\"elementor-column elementor-col-50 elementor-top-column elementor-element elementor-element-94f4b60 i-nostri-video-sec\" data-id=\"94f4b60\" data-element_type=\"column\" data-e-type=\"column\">\n\t\t\t<div class=\"elementor-widget-wrap elementor-element-populated\">\n\t\t\t\t\t\t<div class=\"elementor-element elementor-element-3e431c4 elementor-align-right elementor-widget__width-auto elementor-widget elementor-widget-button\" data-id=\"3e431c4\" data-element_type=\"widget\" data-e-type=\"widget\" data-widget_type=\"button.default\">\n\t\t\t\t<div class=\"elementor-widget-container\">\n\t\t\t\t\t\t\t\t\t<div class=\"elementor-button-wrapper\">\n\t\t\t\t\t<a class=\"elementor-button elementor-button-link elementor-size-sm\" href=\"https:\/\/www.silvelox.it\/fr\/news\/\">\n\t\t\t\t\t\t<span class=\"elementor-button-content-wrapper\">\n\t\t\t\t\t\t\t\t\t<span class=\"elementor-button-text\">Toutes les news<\/span>\n\t\t\t\t\t<\/span>\n\t\t\t\t\t<\/a>\n\t\t\t\t<\/div>\n\t\t\t\t\t\t\t\t<\/div>\n\t\t\t\t<\/div>\n\t\t\t\t<div class=\"elementor-element elementor-element-a8df570 elementor-align-right elementor-widget__width-auto elementor-widget elementor-widget-button\" data-id=\"a8df570\" data-element_type=\"widget\" data-e-type=\"widget\" data-widget_type=\"button.default\">\n\t\t\t\t<div class=\"elementor-widget-container\">\n\t\t\t\t\t\t\t\t\t<div class=\"elementor-button-wrapper\">\n\t\t\t\t\t<a class=\"elementor-button elementor-button-link elementor-size-sm\" href=\"https:\/\/www.silvelox.it\/fr\/news-entreprise\/\">\n\t\t\t\t\t\t<span class=\"elementor-button-content-wrapper\">\n\t\t\t\t\t\t\t\t\t<span class=\"elementor-button-text\">Entreprise<\/span>\n\t\t\t\t\t<\/span>\n\t\t\t\t\t<\/a>\n\t\t\t\t<\/div>\n\t\t\t\t\t\t\t\t<\/div>\n\t\t\t\t<\/div>\n\t\t\t\t<div class=\"elementor-element elementor-element-18f0256 elementor-align-right elementor-widget__width-auto elementor-widget elementor-widget-button\" data-id=\"18f0256\" data-element_type=\"widget\" data-e-type=\"widget\" data-widget_type=\"button.default\">\n\t\t\t\t<div class=\"elementor-widget-container\">\n\t\t\t\t\t\t\t\t\t<div class=\"elementor-button-wrapper\">\n\t\t\t\t\t<a class=\"elementor-button elementor-button-link elementor-size-sm\" href=\"https:\/\/www.silvelox.it\/fr\/news-cas-pratiques\/\">\n\t\t\t\t\t\t<span class=\"elementor-button-content-wrapper\">\n\t\t\t\t\t\t\t\t\t<span class=\"elementor-button-text\">Cas pratiques<\/span>\n\t\t\t\t\t<\/span>\n\t\t\t\t\t<\/a>\n\t\t\t\t<\/div>\n\t\t\t\t\t\t\t\t<\/div>\n\t\t\t\t<\/div>\n\t\t\t\t<div class=\"elementor-element elementor-element-cd32da4 elementor-align-right elementor-widget__width-auto elementor-widget elementor-widget-button\" data-id=\"cd32da4\" data-element_type=\"widget\" data-e-type=\"widget\" data-widget_type=\"button.default\">\n\t\t\t\t<div class=\"elementor-widget-container\">\n\t\t\t\t\t\t\t\t\t<div class=\"elementor-button-wrapper\">\n\t\t\t\t\t<a class=\"elementor-button elementor-button-link elementor-size-sm\" href=\"https:\/\/www.silvelox.it\/fr\/news-evenements\/\">\n\t\t\t\t\t\t<span class=\"elementor-button-content-wrapper\">\n\t\t\t\t\t\t\t\t\t<span class=\"elementor-button-text\">\u00c9v\u00e9nements<\/span>\n\t\t\t\t\t<\/span>\n\t\t\t\t\t<\/a>\n\t\t\t\t<\/div>\n\t\t\t\t\t\t\t\t<\/div>\n\t\t\t\t<\/div>\n\t\t\t\t<div class=\"elementor-element elementor-element-86ae418 elementor-align-right elementor-widget__width-auto elementor-widget elementor-widget-button\" data-id=\"86ae418\" data-element_type=\"widget\" data-e-type=\"widget\" data-widget_type=\"button.default\">\n\t\t\t\t<div class=\"elementor-widget-container\">\n\t\t\t\t\t\t\t\t\t<div class=\"elementor-button-wrapper\">\n\t\t\t\t\t<a class=\"elementor-button elementor-button-link elementor-size-sm\" href=\"https:\/\/www.silvelox.it\/fr\/nos-videos\">\n\t\t\t\t\t\t<span class=\"elementor-button-content-wrapper\">\n\t\t\t\t\t\t\t\t\t<span class=\"elementor-button-text\">Nos vid\u00e9os<\/span>\n\t\t\t\t\t<\/span>\n\t\t\t\t\t<\/a>\n\t\t\t\t<\/div>\n\t\t\t\t\t\t\t\t<\/div>\n\t\t\t\t<\/div>\n\t\t\t\t\t<\/div>\n\t\t<\/div>\n\t\t\t\t\t<\/div>\n\t\t<\/section>\n\t\t\t\t<section class=\"elementor-section elementor-top-section elementor-element elementor-element-7f195d8 blog-post-sec-one elementor-section-boxed elementor-section-height-default elementor-section-height-default\" data-id=\"7f195d8\" data-element_type=\"section\" data-e-type=\"section\">\n\t\t\t\t\t\t<div class=\"elementor-container elementor-column-gap-default\">\n\t\t\t\t\t<div class=\"elementor-column elementor-col-100 elementor-top-column elementor-element elementor-element-004aeee\" data-id=\"004aeee\" data-element_type=\"column\" data-e-type=\"column\">\n\t\t\t<div class=\"elementor-widget-wrap elementor-element-populated\">\n\t\t\t\t\t\t<div class=\"elementor-element elementor-element-b631ed2 elementor-widget elementor-widget-shortcode\" data-id=\"b631ed2\" data-element_type=\"widget\" data-e-type=\"widget\" data-widget_type=\"shortcode.default\">\n\t\t\t\t<div class=\"elementor-widget-container\">\n\t\t\t\t\t\t\t<div class=\"elementor-shortcode\">\t<div class=\"blog-post-page-sec\">\t\n\t\t\t\t\n\t\t<div class=\"blog-post-box\">\n\t\t \n\t\t<a href=\"https:\/\/www.silvelox.it\/fr\/case-history-porte-sectionnelle\/\">\n\t\t<div class=\"blog-post-image\">\n\t\t<img decoding=\"async\" src=\"https:\/\/www.silvelox.it\/fr\/wp-content\/uploads\/sites\/3\/2024\/09\/sezionale-1.jpg\">\n\t\t<\/div>\n\t\t<div class=\"post-date\">\n\t\t Sep 27, 2024\t\t  <\/div>\n\t\t         \n\t\t<\/a>\n\t    <a href=\"https:\/\/www.silvelox.it\/fr\/case-history-porte-sectionnelle\/\"><h4 class=\"blog-box-heading\">Case History \u2013 Porte sectionnelle<\/h4>\n\t    <!--p>\n\t\t\t\t<\/p-->\n\t\t\n\t\t<div class=\"leggi-tutto\">Lisez tout<img decoding=\"async\" src=\"https:\/\/www.silvelox.it\/fr\/wp-content\/themes\/silvelox-child\/assets\/images\/plus-brown.svg\"><\/div>\n\t\t<\/a>\n\t\t<\/div>\n\t\t\n\t\t\n\t\t\t\t\n\t\t<div class=\"blog-post-box\">\n\t\t \n\t\t<a href=\"https:\/\/www.silvelox.it\/fr\/case-history-inwall\/\">\n\t\t<div class=\"blog-post-image\">\n\t\t<img decoding=\"async\" src=\"https:\/\/www.silvelox.it\/fr\/wp-content\/uploads\/sites\/3\/2024\/09\/inwall.jpg\">\n\t\t<\/div>\n\t\t<div class=\"post-date\">\n\t\t Sep 27, 2024\t\t  <\/div>\n\t\t         \n\t\t<\/a>\n\t    <a href=\"https:\/\/www.silvelox.it\/fr\/case-history-inwall\/\"><h4 class=\"blog-box-heading\">Case History \u2013 InWall<\/h4>\n\t    <!--p>\n\t\t\t\t<\/p-->\n\t\t\n\t\t<div class=\"leggi-tutto\">Lisez tout<img decoding=\"async\" src=\"https:\/\/www.silvelox.it\/fr\/wp-content\/themes\/silvelox-child\/assets\/images\/plus-brown.svg\"><\/div>\n\t\t<\/a>\n\t\t<\/div>\n\t\t\n\t\t\n\t\t\t\t\n\t\t<div class=\"blog-post-box\">\n\t\t \n\t\t<a href=\"https:\/\/www.silvelox.it\/fr\/case-history-perseo\/\">\n\t\t<div class=\"blog-post-image\">\n\t\t<img decoding=\"async\" src=\"https:\/\/www.silvelox.it\/fr\/wp-content\/uploads\/sites\/3\/2024\/09\/perseo2.jpg\">\n\t\t<\/div>\n\t\t<div class=\"post-date\">\n\t\t Sep 27, 2024\t\t  <\/div>\n\t\t         \n\t\t<\/a>\n\t    <a href=\"https:\/\/www.silvelox.it\/fr\/case-history-perseo\/\"><h4 class=\"blog-box-heading\">Case History \u2013 Perseo<\/h4>\n\t    <!--p>\n\t\t\t\t<\/p-->\n\t\t\n\t\t<div class=\"leggi-tutto\">Lisez tout<img decoding=\"async\" src=\"https:\/\/www.silvelox.it\/fr\/wp-content\/themes\/silvelox-child\/assets\/images\/plus-brown.svg\"><\/div>\n\t\t<\/a>\n\t\t<\/div>\n\t\t\n\t\t\n\t\t\t\t\n\t\t<div class=\"blog-post-box\">\n\t\t \n\t\t<a href=\"https:\/\/www.silvelox.it\/fr\/case-history-pivot\/\">\n\t\t<div class=\"blog-post-image\">\n\t\t<img decoding=\"async\" src=\"https:\/\/www.silvelox.it\/fr\/wp-content\/uploads\/sites\/3\/2024\/09\/pivot-1.jpg\">\n\t\t<\/div>\n\t\t<div class=\"post-date\">\n\t\t Sep 27, 2024\t\t  <\/div>\n\t\t         \n\t\t<\/a>\n\t    <a href=\"https:\/\/www.silvelox.it\/fr\/case-history-pivot\/\"><h4 class=\"blog-box-heading\">Case History \u2013 Pivot<\/h4>\n\t    <!--p>\n\t\t\t\t<\/p-->\n\t\t\n\t\t<div class=\"leggi-tutto\">Lisez tout<img decoding=\"async\" src=\"https:\/\/www.silvelox.it\/fr\/wp-content\/themes\/silvelox-child\/assets\/images\/plus-brown.svg\"><\/div>\n\t\t<\/a>\n\t\t<\/div>\n\t\t\n\t\t\n\t\t\t\t\n\t\t<div class=\"blog-post-box\">\n\t\t \n\t\t<a href=\"https:\/\/www.silvelox.it\/fr\/case-history-secur-e-perseo\/\">\n\t\t<div class=\"blog-post-image\">\n\t\t<img decoding=\"async\" src=\"https:\/\/www.silvelox.it\/fr\/wp-content\/uploads\/sites\/3\/2024\/09\/pivot-1.jpg\">\n\t\t<\/div>\n\t\t<div class=\"post-date\">\n\t\t Sep 27, 2024\t\t  <\/div>\n\t\t         \n\t\t<\/a>\n\t    <a href=\"https:\/\/www.silvelox.it\/fr\/case-history-secur-e-perseo\/\"><h4 class=\"blog-box-heading\">Case History \u2013 Secur e Perseo<\/h4>\n\t    <!--p>\n\t\t\t\t<\/p-->\n\t\t\n\t\t<div class=\"leggi-tutto\">Lisez tout<img decoding=\"async\" src=\"https:\/\/www.silvelox.it\/fr\/wp-content\/themes\/silvelox-child\/assets\/images\/plus-brown.svg\"><\/div>\n\t\t<\/a>\n\t\t<\/div>\n\t\t\n\t\t\n\t\t\t\t\n\t\t<div class=\"blog-post-box\">\n\t\t \n\t\t<a href=\"https:\/\/www.silvelox.it\/fr\/case-history-secur\/\">\n\t\t<div class=\"blog-post-image\">\n\t\t<img decoding=\"async\" src=\"https:\/\/www.silvelox.it\/fr\/wp-content\/uploads\/sites\/3\/2024\/09\/secur.jpg\">\n\t\t<\/div>\n\t\t<div class=\"post-date\">\n\t\t Sep 27, 2024\t\t  <\/div>\n\t\t         \n\t\t<\/a>\n\t    <a href=\"https:\/\/www.silvelox.it\/fr\/case-history-secur\/\"><h4 class=\"blog-box-heading\">Case History \u2013 Secur<\/h4>\n\t    <!--p>\n\t\t\t\t<\/p-->\n\t\t\n\t\t<div class=\"leggi-tutto\">Lisez tout<img decoding=\"async\" src=\"https:\/\/www.silvelox.it\/fr\/wp-content\/themes\/silvelox-child\/assets\/images\/plus-brown.svg\"><\/div>\n\t\t<\/a>\n\t\t<\/div>\n\t\t\n\t\t\n\t\t\t\t\n\t\t<div class=\"blog-post-box\">\n\t\t \n\t\t<a href=\"https:\/\/www.silvelox.it\/fr\/case-history-securplus\/\">\n\t\t<div class=\"blog-post-image\">\n\t\t<img decoding=\"async\" src=\"https:\/\/www.silvelox.it\/fr\/wp-content\/uploads\/sites\/3\/2024\/09\/securplus.jpg\">\n\t\t<\/div>\n\t\t<div class=\"post-date\">\n\t\t Sep 27, 2024\t\t  <\/div>\n\t\t         \n\t\t<\/a>\n\t    <a href=\"https:\/\/www.silvelox.it\/fr\/case-history-securplus\/\"><h4 class=\"blog-box-heading\">Case History \u2013 Securplus<\/h4>\n\t    <!--p>\n\t\t\t\t<\/p-->\n\t\t\n\t\t<div class=\"leggi-tutto\">Lisez tout<img decoding=\"async\" src=\"https:\/\/www.silvelox.it\/fr\/wp-content\/themes\/silvelox-child\/assets\/images\/plus-brown.svg\"><\/div>\n\t\t<\/a>\n\t\t<\/div>\n\t\t\n\t\t\n\t\t\t\t <div class=\"load-more-blog-butt\">\n\t\t  <a href=\"\" class=\"load-more\">Charger plus <\/a>\n\t\t <\/div>\n\t<\/div\n\t>\n\t<!--div class=\"post-pagination\">\n\t\t\t<\/div-->\n\t\t<\/div>\n\t\t\t\t\t\t<\/div>\n\t\t\t\t<\/div>\n\t\t\t\t\t<\/div>\n\t\t<\/div>\n\t\t\t\t\t<\/div>\n\t\t<\/section>\n\t\t\t\t<\/div>\n\t\t","protected":false},"excerpt":{"rendered":"<p>News &#8211; Cas pratiques Toutes les news Entreprise Cas pratiques \u00c9v\u00e9nements Nos vid\u00e9os<\/p>\n","protected":false},"author":1,"featured_media":0,"parent":0,"menu_order":0,"comment_status":"closed","ping_status":"closed","template":"elementor_header_footer","meta":{"_acf_changed":false,"footnotes":""},"class_list":["post-11574","page","type-page","status-publish","hentry"],"acf":[],"yoast_head":"<!-- This site is optimized with the Yoast SEO plugin v27.5 - https:\/\/yoast.com\/product\/yoast-seo-wordpress\/ -->\n<title>News - Cas pratiques | Silvelox Group S.p.a. FR<\/title>\n<meta name=\"description\" content=\"News - Cas pratiques Toutes les news Entreprise Cas pratiques \u00c9v\u00e9nements Nos\" \/>\n<meta name=\"robots\" content=\"index, follow, max-snippet:-1, max-image-preview:large, max-video-preview:-1\" \/>\n<link rel=\"canonical\" href=\"https:\/\/www.silvelox.it\/fr\/news-cas-pratiques\/\" \/>\n<meta property=\"og:locale\" content=\"fr_FR\" \/>\n<meta property=\"og:type\" content=\"article\" \/>\n<meta property=\"og:title\" content=\"News - Cas pratiques | Silvelox Group S.p.a. FR\" \/>\n<meta property=\"og:description\" content=\"News - Cas pratiques Toutes les news Entreprise Cas pratiques \u00c9v\u00e9nements Nos\" \/>\n<meta property=\"og:url\" content=\"https:\/\/www.silvelox.it\/fr\/news-cas-pratiques\/\" \/>\n<meta property=\"og:site_name\" content=\"Silvelox Group S.p.a. FR\" \/>\n<meta property=\"article:modified_time\" content=\"2025-06-13T06:36:56+00:00\" \/>\n<meta name=\"twitter:card\" content=\"summary_large_image\" \/>\n<meta name=\"twitter:label1\" content=\"Dur\u00e9e de lecture estim\u00e9e\" \/>\n\t<meta name=\"twitter:data1\" content=\"1 minute\" \/>\n<script type=\"application\/ld+json\" class=\"yoast-schema-graph\">{\"@context\":\"https:\\\/\\\/schema.org\",\"@graph\":[{\"@type\":\"WebPage\",\"@id\":\"https:\\\/\\\/www.silvelox.it\\\/fr\\\/news-cas-pratiques\\\/\",\"url\":\"https:\\\/\\\/www.silvelox.it\\\/fr\\\/news-cas-pratiques\\\/\",\"name\":\"News - Cas pratiques | Silvelox Group S.p.a. FR\",\"isPartOf\":{\"@id\":\"https:\\\/\\\/www.silvelox.it\\\/fr\\\/#website\"},\"datePublished\":\"2024-04-11T09:03:16+00:00\",\"dateModified\":\"2025-06-13T06:36:56+00:00\",\"description\":\"News - Cas pratiques Toutes les news Entreprise Cas pratiques \u00c9v\u00e9nements Nos\",\"breadcrumb\":{\"@id\":\"https:\\\/\\\/www.silvelox.it\\\/fr\\\/news-cas-pratiques\\\/#breadcrumb\"},\"inLanguage\":\"fr-FR\",\"potentialAction\":[{\"@type\":\"ReadAction\",\"target\":[\"https:\\\/\\\/www.silvelox.it\\\/fr\\\/news-cas-pratiques\\\/\"]}]},{\"@type\":\"BreadcrumbList\",\"@id\":\"https:\\\/\\\/www.silvelox.it\\\/fr\\\/news-cas-pratiques\\\/#breadcrumb\",\"itemListElement\":[{\"@type\":\"ListItem\",\"position\":1,\"name\":\"Home\",\"item\":\"https:\\\/\\\/www.silvelox.it\\\/fr\\\/\"},{\"@type\":\"ListItem\",\"position\":2,\"name\":\"News &#8211; Cas pratiques\"}]},{\"@type\":\"WebSite\",\"@id\":\"https:\\\/\\\/www.silvelox.it\\\/fr\\\/#website\",\"url\":\"https:\\\/\\\/www.silvelox.it\\\/fr\\\/\",\"name\":\"Silvelox Group S.p.a. FR\",\"description\":\"\",\"potentialAction\":[{\"@type\":\"SearchAction\",\"target\":{\"@type\":\"EntryPoint\",\"urlTemplate\":\"https:\\\/\\\/www.silvelox.it\\\/fr\\\/?s={search_term_string}\"},\"query-input\":{\"@type\":\"PropertyValueSpecification\",\"valueRequired\":true,\"valueName\":\"search_term_string\"}}],\"inLanguage\":\"fr-FR\"}]}<\/script>\n<!-- \/ Yoast SEO plugin. -->","yoast_head_json":{"title":"News - Cas pratiques | Silvelox Group S.p.a. FR","description":"News - Cas pratiques Toutes les news Entreprise Cas pratiques \u00c9v\u00e9nements Nos","robots":{"index":"index","follow":"follow","max-snippet":"max-snippet:-1","max-image-preview":"max-image-preview:large","max-video-preview":"max-video-preview:-1"},"canonical":"https:\/\/www.silvelox.it\/fr\/news-cas-pratiques\/","og_locale":"fr_FR","og_type":"article","og_title":"News - Cas pratiques | Silvelox Group S.p.a. FR","og_description":"News - Cas pratiques Toutes les news Entreprise Cas pratiques \u00c9v\u00e9nements Nos","og_url":"https:\/\/www.silvelox.it\/fr\/news-cas-pratiques\/","og_site_name":"Silvelox Group S.p.a. FR","article_modified_time":"2025-06-13T06:36:56+00:00","twitter_card":"summary_large_image","twitter_misc":{"Dur\u00e9e de lecture estim\u00e9e":"1 minute"},"schema":{"@context":"https:\/\/schema.org","@graph":[{"@type":"WebPage","@id":"https:\/\/www.silvelox.it\/fr\/news-cas-pratiques\/","url":"https:\/\/www.silvelox.it\/fr\/news-cas-pratiques\/","name":"News - Cas pratiques | Silvelox Group S.p.a. FR","isPartOf":{"@id":"https:\/\/www.silvelox.it\/fr\/#website"},"datePublished":"2024-04-11T09:03:16+00:00","dateModified":"2025-06-13T06:36:56+00:00","description":"News - Cas pratiques Toutes les news Entreprise Cas pratiques \u00c9v\u00e9nements Nos","breadcrumb":{"@id":"https:\/\/www.silvelox.it\/fr\/news-cas-pratiques\/#breadcrumb"},"inLanguage":"fr-FR","potentialAction":[{"@type":"ReadAction","target":["https:\/\/www.silvelox.it\/fr\/news-cas-pratiques\/"]}]},{"@type":"BreadcrumbList","@id":"https:\/\/www.silvelox.it\/fr\/news-cas-pratiques\/#breadcrumb","itemListElement":[{"@type":"ListItem","position":1,"name":"Home","item":"https:\/\/www.silvelox.it\/fr\/"},{"@type":"ListItem","position":2,"name":"News &#8211; Cas pratiques"}]},{"@type":"WebSite","@id":"https:\/\/www.silvelox.it\/fr\/#website","url":"https:\/\/www.silvelox.it\/fr\/","name":"Silvelox Group S.p.a. FR","description":"","potentialAction":[{"@type":"SearchAction","target":{"@type":"EntryPoint","urlTemplate":"https:\/\/www.silvelox.it\/fr\/?s={search_term_string}"},"query-input":{"@type":"PropertyValueSpecification","valueRequired":true,"valueName":"search_term_string"}}],"inLanguage":"fr-FR"}]}},"_links":{"self":[{"href":"https:\/\/www.silvelox.it\/fr\/wp-json\/wp\/v2\/pages\/11574","targetHints":{"allow":["GET"]}}],"collection":[{"href":"https:\/\/www.silvelox.it\/fr\/wp-json\/wp\/v2\/pages"}],"about":[{"href":"https:\/\/www.silvelox.it\/fr\/wp-json\/wp\/v2\/types\/page"}],"author":[{"embeddable":true,"href":"https:\/\/www.silvelox.it\/fr\/wp-json\/wp\/v2\/users\/1"}],"replies":[{"embeddable":true,"href":"https:\/\/www.silvelox.it\/fr\/wp-json\/wp\/v2\/comments?post=11574"}],"version-history":[{"count":13,"href":"https:\/\/www.silvelox.it\/fr\/wp-json\/wp\/v2\/pages\/11574\/revisions"}],"predecessor-version":[{"id":12926,"href":"https:\/\/www.silvelox.it\/fr\/wp-json\/wp\/v2\/pages\/11574\/revisions\/12926"}],"wp:attachment":[{"href":"https:\/\/www.silvelox.it\/fr\/wp-json\/wp\/v2\/media?parent=11574"}],"curies":[{"name":"wp","href":"https:\/\/api.w.org\/{rel}","templated":true}]}}