{"id":7003,"date":"2023-02-13T08:00:49","date_gmt":"2023-02-13T07:00:49","guid":{"rendered":"https:\/\/www.silvelox.it\/deu\/?page_id=7003"},"modified":"2023-12-21T15:51:48","modified_gmt":"2023-12-21T14:51:48","slug":"akustische-und-thermische-isolierung","status":"publish","type":"page","link":"https:\/\/www.silvelox.it\/de\/akustische-und-thermische-isolierung\/","title":{"rendered":"Akustische und thermische Isolierung"},"content":{"rendered":"\t\t<div data-elementor-type=\"wp-page\" data-elementor-id=\"7003\" class=\"elementor elementor-7003\" data-elementor-post-type=\"page\">\n\t\t\t\t\t\t<section class=\"elementor-section elementor-top-section elementor-element elementor-element-76eca09c news-main-sec meccanica elementor-section-content-middle elementor-section-boxed elementor-section-height-default elementor-section-height-default\" data-id=\"76eca09c\" data-element_type=\"section\" data-e-type=\"section\">\n\t\t\t\t\t\t<div class=\"elementor-container elementor-column-gap-default\">\n\t\t\t\t\t<div class=\"elementor-column elementor-col-50 elementor-top-column elementor-element elementor-element-62ac9d8\" data-id=\"62ac9d8\" data-element_type=\"column\" data-e-type=\"column\">\n\t\t\t<div class=\"elementor-widget-wrap elementor-element-populated\">\n\t\t\t\t\t\t<div class=\"elementor-element elementor-element-2ebf3b1a elementor-widget elementor-widget-heading\" data-id=\"2ebf3b1a\" data-element_type=\"widget\" data-e-type=\"widget\" data-widget_type=\"heading.default\">\n\t\t\t\t<div class=\"elementor-widget-container\">\n\t\t\t\t\t<h1 class=\"elementor-heading-title elementor-size-default\">Akustische und thermische Isolierung<\/h1>\t\t\t\t<\/div>\n\t\t\t\t<\/div>\n\t\t\t\t\t<\/div>\n\t\t<\/div>\n\t\t\t\t<div class=\"elementor-column elementor-col-50 elementor-top-column elementor-element elementor-element-5dae7091 lavoran-info\" data-id=\"5dae7091\" data-element_type=\"column\" data-e-type=\"column\">\n\t\t\t<div class=\"elementor-widget-wrap elementor-element-populated\">\n\t\t\t\t\t\t<div class=\"elementor-element elementor-element-22216ed2 elementor-icon-list--layout-inline elementor-align-end mecc-bann-buttons elementor-list-item-link-full_width elementor-widget elementor-widget-icon-list\" data-id=\"22216ed2\" data-element_type=\"widget\" data-e-type=\"widget\" data-widget_type=\"icon-list.default\">\n\t\t\t\t<div class=\"elementor-widget-container\">\n\t\t\t\t\t\t\t<ul class=\"elementor-icon-list-items elementor-inline-items\">\n\t\t\t\t\t\t\t<li class=\"elementor-icon-list-item elementor-inline-item\">\n\t\t\t\t\t\t\t\t\t\t\t<a href=\"#footer-main-form\">\n\n\t\t\t\t\t\t\t\t\t\t\t\t<span class=\"elementor-icon-list-icon\">\n\t\t\t\t\t\t\t<svg xmlns=\"http:\/\/www.w3.org\/2000\/svg\" xmlns:xlink=\"http:\/\/www.w3.org\/1999\/xlink\" width=\"21px\" height=\"21px\" viewBox=\"0 0 21 21\"><title>Group 3<\/title><g id=\"Page-1\" stroke=\"none\" stroke-width=\"1\" fill=\"none\" fill-rule=\"evenodd\" stroke-linecap=\"round\"><g id=\"01---Homepage\" transform=\"translate(-1076.000000, -1808.000000)\" stroke=\"#976747\" stroke-width=\"2\"><g id=\"Group-6\" transform=\"translate(145.000000, 1472.873548)\"><g id=\"Group-4\" transform=\"translate(814.600000, 336.195204)\"><g id=\"Group-3\" transform=\"translate(117.400000, 0.000000)\"><line x1=\"18.5398218\" y1=\"8.89911447\" x2=\"0.539821812\" y2=\"8.89911447\" id=\"Line-2\"><\/line><line x1=\"9.64070734\" y1=\"0\" x2=\"9.64070734\" y2=\"18\" id=\"Line-2\"><\/line><\/g><\/g><\/g><\/g><\/g><\/svg>\t\t\t\t\t\t<\/span>\n\t\t\t\t\t\t\t\t\t\t<span class=\"elementor-icon-list-text\">Informationen anfordern<\/span>\n\t\t\t\t\t\t\t\t\t\t\t<\/a>\n\t\t\t\t\t\t\t\t\t<\/li>\n\t\t\t\t\t\t<\/ul>\n\t\t\t\t\t\t<\/div>\n\t\t\t\t<\/div>\n\t\t\t\t\t<\/div>\n\t\t<\/div>\n\t\t\t\t\t<\/div>\n\t\t<\/section>\n\t\t\t\t<section class=\"elementor-section elementor-top-section elementor-element elementor-element-16b6f08 mecc-sec-one elementor-section-boxed elementor-section-height-default elementor-section-height-default\" data-id=\"16b6f08\" data-element_type=\"section\" data-e-type=\"section\">\n\t\t\t\t\t\t<div class=\"elementor-container elementor-column-gap-default\">\n\t\t\t\t\t<div class=\"elementor-column elementor-col-100 elementor-top-column elementor-element elementor-element-6fe7cc7f\" data-id=\"6fe7cc7f\" data-element_type=\"column\" data-e-type=\"column\">\n\t\t\t<div class=\"elementor-widget-wrap elementor-element-populated\">\n\t\t\t\t\t\t<div class=\"elementor-element elementor-element-1e471d38 la-limita-sec elementor-widget elementor-widget-text-editor\" data-id=\"1e471d38\" data-element_type=\"widget\" data-e-type=\"widget\" data-widget_type=\"text-editor.default\">\n\t\t\t\t<div class=\"elementor-widget-container\">\n\t\t\t\t\t\t\t\t\t<p>Die T\u00fcr ist somit frei von Rahmen und Zargen und erreicht eine vollst\u00e4ndige Koplanarit\u00e4t mit dem Untergrund f\u00fcr ein \u00e4sthetisch ansprechendes und sauberes Ergebnis.<\/p><p>Ein Vorschlag mit zeitgem\u00e4\u00dfem Aussehen und essentiellem Design, der sich an diejenigen richtet, die Sicherheit und hohe W\u00e4rme- und Schalld\u00e4mmleistungen suchen, ohne auf ein exklusives Qualit\u00e4tsprodukt verzichten zu m\u00fcssen.<\/p><p>Maty ist f\u00fcr eine Schalld\u00e4mmung bis zu 40 db und eine W\u00e4rmed\u00e4mmung bis zu einem W\u00e4rmedurchgangswert von 1,3 W\/m2K zertifiziert.<\/p>\t\t\t\t\t\t\t\t<\/div>\n\t\t\t\t<\/div>\n\t\t\t\t\t<\/div>\n\t\t<\/div>\n\t\t\t\t\t<\/div>\n\t\t<\/section>\n\t\t\t\t<section class=\"elementor-section elementor-top-section elementor-element elementor-element-be8a664 mecc-sec-one elementor-section-boxed elementor-section-height-default elementor-section-height-default\" data-id=\"be8a664\" data-element_type=\"section\" data-e-type=\"section\">\n\t\t\t\t\t\t<div class=\"elementor-container elementor-column-gap-default\">\n\t\t\t\t\t<div class=\"elementor-column elementor-col-100 elementor-top-column elementor-element elementor-element-8c21467\" data-id=\"8c21467\" data-element_type=\"column\" data-e-type=\"column\">\n\t\t\t<div class=\"elementor-widget-wrap elementor-element-populated\">\n\t\t\t\t\t\t<section class=\"elementor-section elementor-inner-section elementor-element elementor-element-3c6d9b2 acqua-sec elementor-section-boxed elementor-section-height-default elementor-section-height-default\" data-id=\"3c6d9b2\" data-element_type=\"section\" data-e-type=\"section\">\n\t\t\t\t\t\t<div class=\"elementor-container elementor-column-gap-default\">\n\t\t\t\t\t<div class=\"elementor-column elementor-col-33 elementor-inner-column elementor-element elementor-element-e896447\" data-id=\"e896447\" data-element_type=\"column\" data-e-type=\"column\">\n\t\t\t<div class=\"elementor-widget-wrap elementor-element-populated\">\n\t\t\t\t\t\t<div class=\"elementor-element elementor-element-3a15f3f elementor-position-left elementor-vertical-align-top elementor-widget elementor-widget-image-box\" data-id=\"3a15f3f\" data-element_type=\"widget\" data-e-type=\"widget\" data-widget_type=\"image-box.default\">\n\t\t\t\t<div class=\"elementor-widget-container\">\n\t\t\t\t\t<div class=\"elementor-image-box-wrapper\"><figure class=\"elementor-image-box-img\"><img decoding=\"async\" width=\"59\" height=\"60\" src=\"https:\/\/www.silvelox.it\/de\/wp-content\/uploads\/sites\/4\/2023\/02\/i1.png\" class=\"attachment-full size-full wp-image-7023\" alt=\"\" \/><\/figure><div class=\"elementor-image-box-content\"><div class=\"elementor-image-box-title\">THERMAL 1,8 W\/m2k   <br> AIR        4<\/div><\/div><\/div>\t\t\t\t<\/div>\n\t\t\t\t<\/div>\n\t\t\t\t\t<\/div>\n\t\t<\/div>\n\t\t\t\t<div class=\"elementor-column elementor-col-33 elementor-inner-column elementor-element elementor-element-e93b367\" data-id=\"e93b367\" data-element_type=\"column\" data-e-type=\"column\">\n\t\t\t<div class=\"elementor-widget-wrap elementor-element-populated\">\n\t\t\t\t\t\t<div class=\"elementor-element elementor-element-84b06a0 elementor-position-left elementor-vertical-align-top elementor-widget elementor-widget-image-box\" data-id=\"84b06a0\" data-element_type=\"widget\" data-e-type=\"widget\" data-widget_type=\"image-box.default\">\n\t\t\t\t<div class=\"elementor-widget-container\">\n\t\t\t\t\t<div class=\"elementor-image-box-wrapper\"><figure class=\"elementor-image-box-img\"><img decoding=\"async\" width=\"59\" height=\"60\" src=\"https:\/\/www.silvelox.it\/de\/wp-content\/uploads\/sites\/4\/2023\/02\/i2.png\" class=\"attachment-full size-full wp-image-7027\" alt=\"\" \/><\/figure><div class=\"elementor-image-box-content\"><div class=\"elementor-image-box-title\">WASSER   6B<\/div><\/div><\/div>\t\t\t\t<\/div>\n\t\t\t\t<\/div>\n\t\t\t\t\t<\/div>\n\t\t<\/div>\n\t\t\t\t<div class=\"elementor-column elementor-col-33 elementor-inner-column elementor-element elementor-element-c31fc62\" data-id=\"c31fc62\" data-element_type=\"column\" data-e-type=\"column\">\n\t\t\t<div class=\"elementor-widget-wrap elementor-element-populated\">\n\t\t\t\t\t\t<div class=\"elementor-element elementor-element-af7a54e elementor-position-left elementor-vertical-align-top elementor-widget elementor-widget-image-box\" data-id=\"af7a54e\" data-element_type=\"widget\" data-e-type=\"widget\" data-widget_type=\"image-box.default\">\n\t\t\t\t<div class=\"elementor-widget-container\">\n\t\t\t\t\t<div class=\"elementor-image-box-wrapper\"><figure class=\"elementor-image-box-img\"><img decoding=\"async\" width=\"59\" height=\"60\" src=\"https:\/\/www.silvelox.it\/de\/wp-content\/uploads\/sites\/4\/2023\/02\/i3.png\" class=\"attachment-full size-full wp-image-7028\" alt=\"\" \/><\/figure><div class=\"elementor-image-box-content\"><div class=\"elementor-image-box-title\">AKUSTIK 41 DB   <\/div><\/div><\/div>\t\t\t\t<\/div>\n\t\t\t\t<\/div>\n\t\t\t\t\t<\/div>\n\t\t<\/div>\n\t\t\t\t\t<\/div>\n\t\t<\/section>\n\t\t\t\t<div class=\"elementor-element elementor-element-8196123 elementor-widget__width-initial elementor-widget elementor-widget-image\" data-id=\"8196123\" data-element_type=\"widget\" data-e-type=\"widget\" data-widget_type=\"image.default\">\n\t\t\t\t<div class=\"elementor-widget-container\">\n\t\t\t\t\t\t\t\t\t\t\t\t\t\t\t<img loading=\"lazy\" decoding=\"async\" width=\"105\" height=\"90\" src=\"https:\/\/www.silvelox.it\/de\/wp-content\/uploads\/sites\/4\/2023\/02\/Maty-03-e1686917371457.jpg\" class=\"attachment-full size-full wp-image-6853\" alt=\"\" \/>\t\t\t\t\t\t\t\t\t\t\t\t\t\t\t<\/div>\n\t\t\t\t<\/div>\n\t\t\t\t\t<\/div>\n\t\t<\/div>\n\t\t\t\t\t<\/div>\n\t\t<\/section>\n\t\t\t\t<\/div>\n\t\t","protected":false},"excerpt":{"rendered":"<p>Akustische und thermische Isolierung Group 3 Informationen anfordern Die T\u00fcr ist somit frei von Rahmen und Zargen und erreicht eine vollst\u00e4ndige Koplanarit\u00e4t mit dem Untergrund f\u00fcr ein \u00e4sthetisch ansprechendes und sauberes Ergebnis. Ein Vorschlag mit zeitgem\u00e4\u00dfem Aussehen und essentiellem Design, der sich an diejenigen richtet, die Sicherheit und hohe W\u00e4rme- und Schalld\u00e4mmleistungen suchen, ohne auf [&hellip;]<\/p>\n","protected":false},"author":2,"featured_media":0,"parent":0,"menu_order":0,"comment_status":"closed","ping_status":"closed","template":"","meta":{"_acf_changed":false,"footnotes":""},"class_list":["post-7003","page","type-page","status-publish","hentry"],"acf":[],"yoast_head":"<!-- This site is optimized with the Yoast SEO plugin v27.5 - https:\/\/yoast.com\/product\/yoast-seo-wordpress\/ -->\n<title>Akustische und thermische Isolierung - silvelox de<\/title>\n<meta name=\"description\" content=\"Akustische und thermische Isolierung Group 3 Informationen anfordern Die T\u00fcr ist somit frei von Rahmen und Zargen und erreicht eine vollst\u00e4ndige\" \/>\n<meta name=\"robots\" content=\"index, follow, max-snippet:-1, max-image-preview:large, max-video-preview:-1\" \/>\n<link rel=\"canonical\" href=\"https:\/\/www.silvelox.it\/de\/akustische-und-thermische-isolierung\/\" \/>\n<meta property=\"og:locale\" content=\"de_DE\" \/>\n<meta property=\"og:type\" content=\"article\" \/>\n<meta property=\"og:title\" content=\"Akustische und thermische Isolierung - silvelox de\" \/>\n<meta property=\"og:description\" content=\"Akustische und thermische Isolierung Group 3 Informationen anfordern Die T\u00fcr ist somit frei von Rahmen und Zargen und erreicht eine vollst\u00e4ndige\" \/>\n<meta property=\"og:url\" content=\"https:\/\/www.silvelox.it\/de\/akustische-und-thermische-isolierung\/\" \/>\n<meta property=\"og:site_name\" content=\"silvelox de\" \/>\n<meta property=\"article:modified_time\" content=\"2023-12-21T14:51:48+00:00\" \/>\n<meta property=\"og:image\" content=\"https:\/\/www.silvelox.it\/deu\/wp-content\/uploads\/sites\/4\/2023\/02\/i1.png\" \/>\n<meta name=\"twitter:card\" content=\"summary_large_image\" \/>\n<meta name=\"twitter:label1\" content=\"Gesch\u00e4tzte Lesezeit\" \/>\n\t<meta name=\"twitter:data1\" content=\"2\u00a0Minuten\" \/>\n<script type=\"application\/ld+json\" class=\"yoast-schema-graph\">{\"@context\":\"https:\\\/\\\/schema.org\",\"@graph\":[{\"@type\":\"WebPage\",\"@id\":\"https:\\\/\\\/www.silvelox.it\\\/de\\\/akustische-und-thermische-isolierung\\\/\",\"url\":\"https:\\\/\\\/www.silvelox.it\\\/de\\\/akustische-und-thermische-isolierung\\\/\",\"name\":\"Akustische und thermische Isolierung - silvelox de\",\"isPartOf\":{\"@id\":\"https:\\\/\\\/www.silvelox.it\\\/de\\\/#website\"},\"primaryImageOfPage\":{\"@id\":\"https:\\\/\\\/www.silvelox.it\\\/de\\\/akustische-und-thermische-isolierung\\\/#primaryimage\"},\"image\":{\"@id\":\"https:\\\/\\\/www.silvelox.it\\\/de\\\/akustische-und-thermische-isolierung\\\/#primaryimage\"},\"thumbnailUrl\":\"https:\\\/\\\/www.silvelox.it\\\/deu\\\/wp-content\\\/uploads\\\/sites\\\/4\\\/2023\\\/02\\\/i1.png\",\"datePublished\":\"2023-02-13T07:00:49+00:00\",\"dateModified\":\"2023-12-21T14:51:48+00:00\",\"description\":\"Akustische und thermische Isolierung Group 3 Informationen anfordern Die T\u00fcr ist somit frei von Rahmen und Zargen und erreicht eine vollst\u00e4ndige\",\"breadcrumb\":{\"@id\":\"https:\\\/\\\/www.silvelox.it\\\/de\\\/akustische-und-thermische-isolierung\\\/#breadcrumb\"},\"inLanguage\":\"de\",\"potentialAction\":[{\"@type\":\"ReadAction\",\"target\":[\"https:\\\/\\\/www.silvelox.it\\\/de\\\/akustische-und-thermische-isolierung\\\/\"]}]},{\"@type\":\"ImageObject\",\"inLanguage\":\"de\",\"@id\":\"https:\\\/\\\/www.silvelox.it\\\/de\\\/akustische-und-thermische-isolierung\\\/#primaryimage\",\"url\":\"https:\\\/\\\/www.silvelox.it\\\/de\\\/wp-content\\\/uploads\\\/sites\\\/4\\\/2023\\\/02\\\/i1.png\",\"contentUrl\":\"https:\\\/\\\/www.silvelox.it\\\/de\\\/wp-content\\\/uploads\\\/sites\\\/4\\\/2023\\\/02\\\/i1.png\",\"width\":59,\"height\":60},{\"@type\":\"BreadcrumbList\",\"@id\":\"https:\\\/\\\/www.silvelox.it\\\/de\\\/akustische-und-thermische-isolierung\\\/#breadcrumb\",\"itemListElement\":[{\"@type\":\"ListItem\",\"position\":1,\"name\":\"Home\",\"item\":\"https:\\\/\\\/www.silvelox.it\\\/de\\\/\"},{\"@type\":\"ListItem\",\"position\":2,\"name\":\"Akustische und thermische Isolierung\"}]},{\"@type\":\"WebSite\",\"@id\":\"https:\\\/\\\/www.silvelox.it\\\/de\\\/#website\",\"url\":\"https:\\\/\\\/www.silvelox.it\\\/de\\\/\",\"name\":\"silvelox de\",\"description\":\"\",\"potentialAction\":[{\"@type\":\"SearchAction\",\"target\":{\"@type\":\"EntryPoint\",\"urlTemplate\":\"https:\\\/\\\/www.silvelox.it\\\/de\\\/?s={search_term_string}\"},\"query-input\":{\"@type\":\"PropertyValueSpecification\",\"valueRequired\":true,\"valueName\":\"search_term_string\"}}],\"inLanguage\":\"de\"}]}<\/script>\n<!-- \/ Yoast SEO plugin. -->","yoast_head_json":{"title":"Akustische und thermische Isolierung - silvelox de","description":"Akustische und thermische Isolierung Group 3 Informationen anfordern Die T\u00fcr ist somit frei von Rahmen und Zargen und erreicht eine vollst\u00e4ndige","robots":{"index":"index","follow":"follow","max-snippet":"max-snippet:-1","max-image-preview":"max-image-preview:large","max-video-preview":"max-video-preview:-1"},"canonical":"https:\/\/www.silvelox.it\/de\/akustische-und-thermische-isolierung\/","og_locale":"de_DE","og_type":"article","og_title":"Akustische und thermische Isolierung - silvelox de","og_description":"Akustische und thermische Isolierung Group 3 Informationen anfordern Die T\u00fcr ist somit frei von Rahmen und Zargen und erreicht eine vollst\u00e4ndige","og_url":"https:\/\/www.silvelox.it\/de\/akustische-und-thermische-isolierung\/","og_site_name":"silvelox de","article_modified_time":"2023-12-21T14:51:48+00:00","og_image":[{"url":"https:\/\/www.silvelox.it\/deu\/wp-content\/uploads\/sites\/4\/2023\/02\/i1.png","type":"","width":"","height":""}],"twitter_card":"summary_large_image","twitter_misc":{"Gesch\u00e4tzte Lesezeit":"2\u00a0Minuten"},"schema":{"@context":"https:\/\/schema.org","@graph":[{"@type":"WebPage","@id":"https:\/\/www.silvelox.it\/de\/akustische-und-thermische-isolierung\/","url":"https:\/\/www.silvelox.it\/de\/akustische-und-thermische-isolierung\/","name":"Akustische und thermische Isolierung - silvelox de","isPartOf":{"@id":"https:\/\/www.silvelox.it\/de\/#website"},"primaryImageOfPage":{"@id":"https:\/\/www.silvelox.it\/de\/akustische-und-thermische-isolierung\/#primaryimage"},"image":{"@id":"https:\/\/www.silvelox.it\/de\/akustische-und-thermische-isolierung\/#primaryimage"},"thumbnailUrl":"https:\/\/www.silvelox.it\/deu\/wp-content\/uploads\/sites\/4\/2023\/02\/i1.png","datePublished":"2023-02-13T07:00:49+00:00","dateModified":"2023-12-21T14:51:48+00:00","description":"Akustische und thermische Isolierung Group 3 Informationen anfordern Die T\u00fcr ist somit frei von Rahmen und Zargen und erreicht eine vollst\u00e4ndige","breadcrumb":{"@id":"https:\/\/www.silvelox.it\/de\/akustische-und-thermische-isolierung\/#breadcrumb"},"inLanguage":"de","potentialAction":[{"@type":"ReadAction","target":["https:\/\/www.silvelox.it\/de\/akustische-und-thermische-isolierung\/"]}]},{"@type":"ImageObject","inLanguage":"de","@id":"https:\/\/www.silvelox.it\/de\/akustische-und-thermische-isolierung\/#primaryimage","url":"https:\/\/www.silvelox.it\/de\/wp-content\/uploads\/sites\/4\/2023\/02\/i1.png","contentUrl":"https:\/\/www.silvelox.it\/de\/wp-content\/uploads\/sites\/4\/2023\/02\/i1.png","width":59,"height":60},{"@type":"BreadcrumbList","@id":"https:\/\/www.silvelox.it\/de\/akustische-und-thermische-isolierung\/#breadcrumb","itemListElement":[{"@type":"ListItem","position":1,"name":"Home","item":"https:\/\/www.silvelox.it\/de\/"},{"@type":"ListItem","position":2,"name":"Akustische und thermische Isolierung"}]},{"@type":"WebSite","@id":"https:\/\/www.silvelox.it\/de\/#website","url":"https:\/\/www.silvelox.it\/de\/","name":"silvelox de","description":"","potentialAction":[{"@type":"SearchAction","target":{"@type":"EntryPoint","urlTemplate":"https:\/\/www.silvelox.it\/de\/?s={search_term_string}"},"query-input":{"@type":"PropertyValueSpecification","valueRequired":true,"valueName":"search_term_string"}}],"inLanguage":"de"}]}},"_links":{"self":[{"href":"https:\/\/www.silvelox.it\/de\/wp-json\/wp\/v2\/pages\/7003","targetHints":{"allow":["GET"]}}],"collection":[{"href":"https:\/\/www.silvelox.it\/de\/wp-json\/wp\/v2\/pages"}],"about":[{"href":"https:\/\/www.silvelox.it\/de\/wp-json\/wp\/v2\/types\/page"}],"author":[{"embeddable":true,"href":"https:\/\/www.silvelox.it\/de\/wp-json\/wp\/v2\/users\/2"}],"replies":[{"embeddable":true,"href":"https:\/\/www.silvelox.it\/de\/wp-json\/wp\/v2\/comments?post=7003"}],"version-history":[{"count":35,"href":"https:\/\/www.silvelox.it\/de\/wp-json\/wp\/v2\/pages\/7003\/revisions"}],"predecessor-version":[{"id":11063,"href":"https:\/\/www.silvelox.it\/de\/wp-json\/wp\/v2\/pages\/7003\/revisions\/11063"}],"wp:attachment":[{"href":"https:\/\/www.silvelox.it\/de\/wp-json\/wp\/v2\/media?parent=7003"}],"curies":[{"name":"wp","href":"https:\/\/api.w.org\/{rel}","templated":true}]}}