{"id":5233,"date":"2022-12-23T06:39:38","date_gmt":"2022-12-23T05:39:38","guid":{"rendered":"https:\/\/www.silvelox.it\/deu\/?page_id=5233"},"modified":"2024-03-22T15:07:49","modified_gmt":"2024-03-22T14:07:49","slug":"accessori-historico","status":"publish","type":"page","link":"https:\/\/www.silvelox.it\/de\/accessori-historico\/","title":{"rendered":"Accessori Historico"},"content":{"rendered":"\t\t<div data-elementor-type=\"wp-page\" data-elementor-id=\"5233\" class=\"elementor elementor-5233\" data-elementor-post-type=\"page\">\n\t\t\t\t\t\t<section class=\"elementor-section elementor-top-section elementor-element elementor-element-93a3331 news-main-sec meccanica elementor-section-content-middle elementor-section-boxed elementor-section-height-default elementor-section-height-default\" data-id=\"93a3331\" data-element_type=\"section\" data-e-type=\"section\">\n\t\t\t\t\t\t<div class=\"elementor-container elementor-column-gap-default\">\n\t\t\t\t\t<div class=\"elementor-column elementor-col-50 elementor-top-column elementor-element elementor-element-b3cad80\" data-id=\"b3cad80\" data-element_type=\"column\" data-e-type=\"column\">\n\t\t\t<div class=\"elementor-widget-wrap elementor-element-populated\">\n\t\t\t\t\t\t<div class=\"elementor-element elementor-element-ba01d53 elementor-widget elementor-widget-heading\" data-id=\"ba01d53\" data-element_type=\"widget\" data-e-type=\"widget\" data-widget_type=\"heading.default\">\n\t\t\t\t<div class=\"elementor-widget-container\">\n\t\t\t\t\t<h1 class=\"elementor-heading-title elementor-size-default\">Historico Zubeh\u00f6r<\/h1>\t\t\t\t<\/div>\n\t\t\t\t<\/div>\n\t\t\t\t\t<\/div>\n\t\t<\/div>\n\t\t\t\t<div class=\"elementor-column elementor-col-50 elementor-top-column elementor-element elementor-element-de86ada lavoran-info\" data-id=\"de86ada\" data-element_type=\"column\" data-e-type=\"column\">\n\t\t\t<div class=\"elementor-widget-wrap elementor-element-populated\">\n\t\t\t\t\t\t<div class=\"elementor-element elementor-element-3799eea elementor-icon-list--layout-inline elementor-align-end mecc-bann-buttons elementor-list-item-link-full_width elementor-widget elementor-widget-icon-list\" data-id=\"3799eea\" data-element_type=\"widget\" data-e-type=\"widget\" data-widget_type=\"icon-list.default\">\n\t\t\t\t<div class=\"elementor-widget-container\">\n\t\t\t\t\t\t\t<ul class=\"elementor-icon-list-items elementor-inline-items\">\n\t\t\t\t\t\t\t<li class=\"elementor-icon-list-item elementor-inline-item\">\n\t\t\t\t\t\t\t\t\t\t\t<a href=\"#footer-main-form\">\n\n\t\t\t\t\t\t\t\t\t\t\t\t<span class=\"elementor-icon-list-icon\">\n\t\t\t\t\t\t\t<svg xmlns=\"http:\/\/www.w3.org\/2000\/svg\" xmlns:xlink=\"http:\/\/www.w3.org\/1999\/xlink\" width=\"21px\" height=\"21px\" viewBox=\"0 0 21 21\"><title>Group 3<\/title><g id=\"Page-1\" stroke=\"none\" stroke-width=\"1\" fill=\"none\" fill-rule=\"evenodd\" stroke-linecap=\"round\"><g id=\"01---Homepage\" transform=\"translate(-1076.000000, -1808.000000)\" stroke=\"#976747\" stroke-width=\"2\"><g id=\"Group-6\" transform=\"translate(145.000000, 1472.873548)\"><g id=\"Group-4\" transform=\"translate(814.600000, 336.195204)\"><g id=\"Group-3\" transform=\"translate(117.400000, 0.000000)\"><line x1=\"18.5398218\" y1=\"8.89911447\" x2=\"0.539821812\" y2=\"8.89911447\" id=\"Line-2\"><\/line><line x1=\"9.64070734\" y1=\"0\" x2=\"9.64070734\" y2=\"18\" id=\"Line-2\"><\/line><\/g><\/g><\/g><\/g><\/g><\/svg>\t\t\t\t\t\t<\/span>\n\t\t\t\t\t\t\t\t\t\t<span class=\"elementor-icon-list-text\">Informationen anfordern<\/span>\n\t\t\t\t\t\t\t\t\t\t\t<\/a>\n\t\t\t\t\t\t\t\t\t<\/li>\n\t\t\t\t\t\t<\/ul>\n\t\t\t\t\t\t<\/div>\n\t\t\t\t<\/div>\n\t\t\t\t\t<\/div>\n\t\t<\/div>\n\t\t\t\t\t<\/div>\n\t\t<\/section>\n\t\t\t\t<section class=\"elementor-section elementor-top-section elementor-element elementor-element-cf311fe elementor-section-boxed elementor-section-height-default elementor-section-height-default\" data-id=\"cf311fe\" data-element_type=\"section\" data-e-type=\"section\">\n\t\t\t\t\t\t<div class=\"elementor-container elementor-column-gap-default\">\n\t\t\t\t\t<div class=\"elementor-column elementor-col-50 elementor-top-column elementor-element elementor-element-d08283c\" data-id=\"d08283c\" data-element_type=\"column\" data-e-type=\"column\">\n\t\t\t<div class=\"elementor-widget-wrap elementor-element-populated\">\n\t\t\t\t\t\t<div class=\"elementor-element elementor-element-20f7803 elementor-position-top elementor-widget elementor-widget-image-box\" data-id=\"20f7803\" data-element_type=\"widget\" data-e-type=\"widget\" data-widget_type=\"image-box.default\">\n\t\t\t\t<div class=\"elementor-widget-container\">\n\t\t\t\t\t<div class=\"elementor-image-box-wrapper\"><figure class=\"elementor-image-box-img\"><img fetchpriority=\"high\" decoding=\"async\" width=\"858\" height=\"708\" src=\"https:\/\/www.silvelox.it\/de\/wp-content\/uploads\/sites\/4\/2022\/12\/accessori-1.png\" class=\"attachment-full size-full wp-image-5235\" alt=\"\" srcset=\"https:\/\/www.silvelox.it\/de\/wp-content\/uploads\/sites\/4\/2022\/12\/accessori-1.png 858w, https:\/\/www.silvelox.it\/de\/wp-content\/uploads\/sites\/4\/2022\/12\/accessori-1-300x248.png 300w, https:\/\/www.silvelox.it\/de\/wp-content\/uploads\/sites\/4\/2022\/12\/accessori-1-768x634.png 768w\" sizes=\"(max-width: 858px) 100vw, 858px\" \/><\/figure><div class=\"elementor-image-box-content\"><p class=\"elementor-image-box-description\">Ein weiteres Zubeh\u00f6r auf Anfrage ist das Briefhalterfach mit Au\u00dfent\u00fcr aus bronziertem Messing, passend zu den Griffen.\n\nHundeklappe mit magnetischer \u00d6ffnung aus Polycarbonat.<\/p><\/div><\/div>\t\t\t\t<\/div>\n\t\t\t\t<\/div>\n\t\t\t\t\t<\/div>\n\t\t<\/div>\n\t\t\t\t<div class=\"elementor-column elementor-col-50 elementor-top-column elementor-element elementor-element-b7dc66d\" data-id=\"b7dc66d\" data-element_type=\"column\" data-e-type=\"column\">\n\t\t\t<div class=\"elementor-widget-wrap elementor-element-populated\">\n\t\t\t\t\t\t<div class=\"elementor-element elementor-element-bd2388d elementor-position-top elementor-widget elementor-widget-image-box\" data-id=\"bd2388d\" data-element_type=\"widget\" data-e-type=\"widget\" data-widget_type=\"image-box.default\">\n\t\t\t\t<div class=\"elementor-widget-container\">\n\t\t\t\t\t<div class=\"elementor-image-box-wrapper\"><figure class=\"elementor-image-box-img\"><img decoding=\"async\" width=\"858\" height=\"708\" src=\"https:\/\/www.silvelox.it\/de\/wp-content\/uploads\/sites\/4\/2022\/12\/elettroinci.png\" class=\"attachment-full size-full wp-image-5236\" alt=\"\" srcset=\"https:\/\/www.silvelox.it\/de\/wp-content\/uploads\/sites\/4\/2022\/12\/elettroinci.png 858w, https:\/\/www.silvelox.it\/de\/wp-content\/uploads\/sites\/4\/2022\/12\/elettroinci-300x248.png 300w, https:\/\/www.silvelox.it\/de\/wp-content\/uploads\/sites\/4\/2022\/12\/elettroinci-768x634.png 768w\" sizes=\"(max-width: 858px) 100vw, 858px\" \/><\/figure><div class=\"elementor-image-box-content\"><p class=\"elementor-image-box-description\"><b>ELEKTRONISCHES ZUBEH\u00d6R<\/b><br>\n\nKEY-Selektor mit numerischer Tastatur. Digitaler Funkw\u00e4hler zur Verwendung mit allen Rolling-Code-Empf\u00e4ngern, inklusive Batterien.<\/p><\/div><\/div>\t\t\t\t<\/div>\n\t\t\t\t<\/div>\n\t\t\t\t\t<\/div>\n\t\t<\/div>\n\t\t\t\t\t<\/div>\n\t\t<\/section>\n\t\t\t\t<section class=\"elementor-section elementor-top-section elementor-element elementor-element-1a08202 elementor-section-boxed elementor-section-height-default elementor-section-height-default\" data-id=\"1a08202\" data-element_type=\"section\" data-e-type=\"section\">\n\t\t\t\t\t\t<div class=\"elementor-container elementor-column-gap-default\">\n\t\t\t\t\t<div class=\"elementor-column elementor-col-100 elementor-top-column elementor-element elementor-element-dbd0d07\" data-id=\"dbd0d07\" data-element_type=\"column\" data-e-type=\"column\">\n\t\t\t<div class=\"elementor-widget-wrap elementor-element-populated\">\n\t\t\t\t\t\t<div class=\"elementor-element elementor-element-974b59d elementor-arrows-position-inside elementor-widget elementor-widget-image-carousel\" data-id=\"974b59d\" data-element_type=\"widget\" data-e-type=\"widget\" data-settings=\"{&quot;slides_to_show&quot;:&quot;2&quot;,&quot;slides_to_scroll&quot;:&quot;1&quot;,&quot;navigation&quot;:&quot;arrows&quot;,&quot;image_spacing_custom&quot;:{&quot;unit&quot;:&quot;px&quot;,&quot;size&quot;:15,&quot;sizes&quot;:[]},&quot;autoplay&quot;:&quot;yes&quot;,&quot;pause_on_hover&quot;:&quot;yes&quot;,&quot;pause_on_interaction&quot;:&quot;yes&quot;,&quot;autoplay_speed&quot;:5000,&quot;infinite&quot;:&quot;yes&quot;,&quot;speed&quot;:500,&quot;image_spacing_custom_tablet&quot;:{&quot;unit&quot;:&quot;px&quot;,&quot;size&quot;:&quot;&quot;,&quot;sizes&quot;:[]},&quot;image_spacing_custom_mobile&quot;:{&quot;unit&quot;:&quot;px&quot;,&quot;size&quot;:&quot;&quot;,&quot;sizes&quot;:[]}}\" data-widget_type=\"image-carousel.default\">\n\t\t\t\t<div class=\"elementor-widget-container\">\n\t\t\t\t\t\t\t<div class=\"elementor-image-carousel-wrapper swiper\" role=\"region\" aria-roledescription=\"carousel\" aria-label=\"Bild Karussell\" dir=\"ltr\">\n\t\t\t<div class=\"elementor-image-carousel swiper-wrapper\" aria-live=\"off\">\n\t\t\t\t\t\t\t\t<div class=\"swiper-slide\" role=\"group\" aria-roledescription=\"slide\" aria-label=\"1 von 2\"><figure class=\"swiper-slide-inner\"><img decoding=\"async\" class=\"swiper-slide-image\" src=\"https:\/\/www.silvelox.it\/de\/wp-content\/uploads\/sites\/4\/2022\/12\/slider-1-1.png\" alt=\"slider-1 (1)\" \/><\/figure><\/div><div class=\"swiper-slide\" role=\"group\" aria-roledescription=\"slide\" aria-label=\"2 von 2\"><figure class=\"swiper-slide-inner\"><img decoding=\"async\" class=\"swiper-slide-image\" src=\"https:\/\/www.silvelox.it\/de\/wp-content\/uploads\/sites\/4\/2022\/12\/slider2.png\" alt=\"slider2\" \/><\/figure><\/div>\t\t\t<\/div>\n\t\t\t\t\t\t\t\t\t\t\t\t<div class=\"elementor-swiper-button elementor-swiper-button-prev\" role=\"button\" tabindex=\"0\">\n\t\t\t\t\t\t<svg xmlns=\"http:\/\/www.w3.org\/2000\/svg\" xmlns:xlink=\"http:\/\/www.w3.org\/1999\/xlink\" width=\"51px\" height=\"51px\" viewBox=\"0 0 51 51\"><title>Group 2<\/title><g id=\"Page-1\" stroke=\"none\" stroke-width=\"1\" fill=\"none\" fill-rule=\"evenodd\"><g id=\"01---Homepage\" transform=\"translate(-1269.000000, -755.000000)\"><g id=\"Group-2\" transform=\"translate(1294.600000, 780.845005) rotate(-180.000000) translate(-1294.600000, -780.845005) translate(1269.600000, 755.845005)\"><circle id=\"Oval\" fill=\"#FFFFFF\" cx=\"25\" cy=\"25\" r=\"25\"><\/circle><line x1=\"21.5\" y1=\"34\" x2=\"30.5\" y2=\"25\" id=\"Line-2\" stroke=\"#000000\" stroke-width=\"2\" stroke-linecap=\"round\"><\/line><line x1=\"30.5\" y1=\"25\" x2=\"21.5\" y2=\"16\" id=\"Line-2\" stroke=\"#000000\" stroke-width=\"2\" stroke-linecap=\"round\"><\/line><\/g><\/g><\/g><\/svg>\t\t\t\t\t<\/div>\n\t\t\t\t\t<div class=\"elementor-swiper-button elementor-swiper-button-next\" role=\"button\" tabindex=\"0\">\n\t\t\t\t\t\t<svg xmlns=\"http:\/\/www.w3.org\/2000\/svg\" xmlns:xlink=\"http:\/\/www.w3.org\/1999\/xlink\" width=\"51px\" height=\"51px\" viewBox=\"0 0 51 51\"><title>Group 2<\/title><g id=\"Page-1\" stroke=\"none\" stroke-width=\"1\" fill=\"none\" fill-rule=\"evenodd\"><g id=\"01---Homepage\" transform=\"translate(-1336.000000, -755.000000)\"><g id=\"Group-2\" transform=\"translate(1336.600000, 755.845005)\"><circle id=\"Oval\" fill=\"#FFFFFF\" cx=\"25\" cy=\"25\" r=\"25\"><\/circle><line x1=\"21.5\" y1=\"34\" x2=\"30.5\" y2=\"25\" id=\"Line-2\" stroke=\"#000000\" stroke-width=\"2\" stroke-linecap=\"round\"><\/line><line x1=\"30.5\" y1=\"25\" x2=\"21.5\" y2=\"16\" id=\"Line-2\" stroke=\"#000000\" stroke-width=\"2\" stroke-linecap=\"round\"><\/line><\/g><\/g><\/g><\/svg>\t\t\t\t\t<\/div>\n\t\t\t\t\n\t\t\t\t\t\t\t\t\t<\/div>\n\t\t\t\t\t\t<\/div>\n\t\t\t\t<\/div>\n\t\t\t\t\t<\/div>\n\t\t<\/div>\n\t\t\t\t\t<\/div>\n\t\t<\/section>\n\t\t\t\t<\/div>\n\t\t","protected":false},"excerpt":{"rendered":"<p>Historico Zubeh\u00f6r Group 3 Informationen anfordern Ein weiteres Zubeh\u00f6r auf Anfrage ist das Briefhalterfach mit Au\u00dfent\u00fcr aus bronziertem Messing, passend zu den Griffen. Hundeklappe mit magnetischer \u00d6ffnung aus Polycarbonat. ELEKTRONISCHES ZUBEH\u00d6R KEY-Selektor mit numerischer Tastatur. Digitaler Funkw\u00e4hler zur Verwendung mit allen Rolling-Code-Empf\u00e4ngern, inklusive Batterien. Group 2 Group 2<\/p>\n","protected":false},"author":2,"featured_media":0,"parent":0,"menu_order":0,"comment_status":"closed","ping_status":"closed","template":"elementor_header_footer","meta":{"_acf_changed":false,"footnotes":""},"class_list":["post-5233","page","type-page","status-publish","hentry"],"acf":[],"yoast_head":"<!-- This site is optimized with the Yoast SEO plugin v27.4 - https:\/\/yoast.com\/product\/yoast-seo-wordpress\/ -->\n<title>Accessori Historico - silvelox de<\/title>\n<meta name=\"description\" content=\"Historico Zubeh\u00f6r Group 3 Informationen anfordern Ein weiteres Zubeh\u00f6r auf Anfrage ist das Briefhalterfach mit Au\u00dfent\u00fcr aus bronziertem Messing, passend\" \/>\n<meta name=\"robots\" content=\"index, follow, max-snippet:-1, max-image-preview:large, max-video-preview:-1\" \/>\n<link rel=\"canonical\" href=\"https:\/\/www.silvelox.it\/de\/accessori-historico\/\" \/>\n<meta property=\"og:locale\" content=\"de_DE\" \/>\n<meta property=\"og:type\" content=\"article\" \/>\n<meta property=\"og:title\" content=\"Accessori Historico - silvelox de\" \/>\n<meta property=\"og:description\" content=\"Historico Zubeh\u00f6r Group 3 Informationen anfordern Ein weiteres Zubeh\u00f6r auf Anfrage ist das Briefhalterfach mit Au\u00dfent\u00fcr aus bronziertem Messing, passend\" \/>\n<meta property=\"og:url\" content=\"https:\/\/www.silvelox.it\/de\/accessori-historico\/\" \/>\n<meta property=\"og:site_name\" content=\"silvelox de\" \/>\n<meta property=\"article:modified_time\" content=\"2024-03-22T14:07:49+00:00\" \/>\n<meta property=\"og:image\" content=\"https:\/\/www.silvelox.it\/deu\/wp-content\/uploads\/sites\/4\/2022\/12\/accessori-1.png\" \/>\n<meta name=\"twitter:card\" content=\"summary_large_image\" \/>\n<meta name=\"twitter:label1\" content=\"Gesch\u00e4tzte Lesezeit\" \/>\n\t<meta name=\"twitter:data1\" content=\"2\u00a0Minuten\" \/>\n<script type=\"application\/ld+json\" class=\"yoast-schema-graph\">{\"@context\":\"https:\\\/\\\/schema.org\",\"@graph\":[{\"@type\":\"WebPage\",\"@id\":\"https:\\\/\\\/www.silvelox.it\\\/de\\\/accessori-historico\\\/\",\"url\":\"https:\\\/\\\/www.silvelox.it\\\/de\\\/accessori-historico\\\/\",\"name\":\"Accessori Historico - silvelox de\",\"isPartOf\":{\"@id\":\"https:\\\/\\\/www.silvelox.it\\\/de\\\/#website\"},\"primaryImageOfPage\":{\"@id\":\"https:\\\/\\\/www.silvelox.it\\\/de\\\/accessori-historico\\\/#primaryimage\"},\"image\":{\"@id\":\"https:\\\/\\\/www.silvelox.it\\\/de\\\/accessori-historico\\\/#primaryimage\"},\"thumbnailUrl\":\"https:\\\/\\\/www.silvelox.it\\\/deu\\\/wp-content\\\/uploads\\\/sites\\\/4\\\/2022\\\/12\\\/accessori-1.png\",\"datePublished\":\"2022-12-23T05:39:38+00:00\",\"dateModified\":\"2024-03-22T14:07:49+00:00\",\"description\":\"Historico Zubeh\u00f6r Group 3 Informationen anfordern Ein weiteres Zubeh\u00f6r auf Anfrage ist das Briefhalterfach mit Au\u00dfent\u00fcr aus bronziertem Messing, passend\",\"breadcrumb\":{\"@id\":\"https:\\\/\\\/www.silvelox.it\\\/de\\\/accessori-historico\\\/#breadcrumb\"},\"inLanguage\":\"de\",\"potentialAction\":[{\"@type\":\"ReadAction\",\"target\":[\"https:\\\/\\\/www.silvelox.it\\\/de\\\/accessori-historico\\\/\"]}]},{\"@type\":\"ImageObject\",\"inLanguage\":\"de\",\"@id\":\"https:\\\/\\\/www.silvelox.it\\\/de\\\/accessori-historico\\\/#primaryimage\",\"url\":\"https:\\\/\\\/www.silvelox.it\\\/de\\\/wp-content\\\/uploads\\\/sites\\\/4\\\/2022\\\/12\\\/accessori-1.png\",\"contentUrl\":\"https:\\\/\\\/www.silvelox.it\\\/de\\\/wp-content\\\/uploads\\\/sites\\\/4\\\/2022\\\/12\\\/accessori-1.png\",\"width\":858,\"height\":708},{\"@type\":\"BreadcrumbList\",\"@id\":\"https:\\\/\\\/www.silvelox.it\\\/de\\\/accessori-historico\\\/#breadcrumb\",\"itemListElement\":[{\"@type\":\"ListItem\",\"position\":1,\"name\":\"Home\",\"item\":\"https:\\\/\\\/www.silvelox.it\\\/de\\\/\"},{\"@type\":\"ListItem\",\"position\":2,\"name\":\"Accessori Historico\"}]},{\"@type\":\"WebSite\",\"@id\":\"https:\\\/\\\/www.silvelox.it\\\/de\\\/#website\",\"url\":\"https:\\\/\\\/www.silvelox.it\\\/de\\\/\",\"name\":\"silvelox de\",\"description\":\"\",\"potentialAction\":[{\"@type\":\"SearchAction\",\"target\":{\"@type\":\"EntryPoint\",\"urlTemplate\":\"https:\\\/\\\/www.silvelox.it\\\/de\\\/?s={search_term_string}\"},\"query-input\":{\"@type\":\"PropertyValueSpecification\",\"valueRequired\":true,\"valueName\":\"search_term_string\"}}],\"inLanguage\":\"de\"}]}<\/script>\n<!-- \/ Yoast SEO plugin. -->","yoast_head_json":{"title":"Accessori Historico - silvelox de","description":"Historico Zubeh\u00f6r Group 3 Informationen anfordern Ein weiteres Zubeh\u00f6r auf Anfrage ist das Briefhalterfach mit Au\u00dfent\u00fcr aus bronziertem Messing, passend","robots":{"index":"index","follow":"follow","max-snippet":"max-snippet:-1","max-image-preview":"max-image-preview:large","max-video-preview":"max-video-preview:-1"},"canonical":"https:\/\/www.silvelox.it\/de\/accessori-historico\/","og_locale":"de_DE","og_type":"article","og_title":"Accessori Historico - silvelox de","og_description":"Historico Zubeh\u00f6r Group 3 Informationen anfordern Ein weiteres Zubeh\u00f6r auf Anfrage ist das Briefhalterfach mit Au\u00dfent\u00fcr aus bronziertem Messing, passend","og_url":"https:\/\/www.silvelox.it\/de\/accessori-historico\/","og_site_name":"silvelox de","article_modified_time":"2024-03-22T14:07:49+00:00","og_image":[{"url":"https:\/\/www.silvelox.it\/deu\/wp-content\/uploads\/sites\/4\/2022\/12\/accessori-1.png","type":"","width":"","height":""}],"twitter_card":"summary_large_image","twitter_misc":{"Gesch\u00e4tzte Lesezeit":"2\u00a0Minuten"},"schema":{"@context":"https:\/\/schema.org","@graph":[{"@type":"WebPage","@id":"https:\/\/www.silvelox.it\/de\/accessori-historico\/","url":"https:\/\/www.silvelox.it\/de\/accessori-historico\/","name":"Accessori Historico - silvelox de","isPartOf":{"@id":"https:\/\/www.silvelox.it\/de\/#website"},"primaryImageOfPage":{"@id":"https:\/\/www.silvelox.it\/de\/accessori-historico\/#primaryimage"},"image":{"@id":"https:\/\/www.silvelox.it\/de\/accessori-historico\/#primaryimage"},"thumbnailUrl":"https:\/\/www.silvelox.it\/deu\/wp-content\/uploads\/sites\/4\/2022\/12\/accessori-1.png","datePublished":"2022-12-23T05:39:38+00:00","dateModified":"2024-03-22T14:07:49+00:00","description":"Historico Zubeh\u00f6r Group 3 Informationen anfordern Ein weiteres Zubeh\u00f6r auf Anfrage ist das Briefhalterfach mit Au\u00dfent\u00fcr aus bronziertem Messing, passend","breadcrumb":{"@id":"https:\/\/www.silvelox.it\/de\/accessori-historico\/#breadcrumb"},"inLanguage":"de","potentialAction":[{"@type":"ReadAction","target":["https:\/\/www.silvelox.it\/de\/accessori-historico\/"]}]},{"@type":"ImageObject","inLanguage":"de","@id":"https:\/\/www.silvelox.it\/de\/accessori-historico\/#primaryimage","url":"https:\/\/www.silvelox.it\/de\/wp-content\/uploads\/sites\/4\/2022\/12\/accessori-1.png","contentUrl":"https:\/\/www.silvelox.it\/de\/wp-content\/uploads\/sites\/4\/2022\/12\/accessori-1.png","width":858,"height":708},{"@type":"BreadcrumbList","@id":"https:\/\/www.silvelox.it\/de\/accessori-historico\/#breadcrumb","itemListElement":[{"@type":"ListItem","position":1,"name":"Home","item":"https:\/\/www.silvelox.it\/de\/"},{"@type":"ListItem","position":2,"name":"Accessori Historico"}]},{"@type":"WebSite","@id":"https:\/\/www.silvelox.it\/de\/#website","url":"https:\/\/www.silvelox.it\/de\/","name":"silvelox de","description":"","potentialAction":[{"@type":"SearchAction","target":{"@type":"EntryPoint","urlTemplate":"https:\/\/www.silvelox.it\/de\/?s={search_term_string}"},"query-input":{"@type":"PropertyValueSpecification","valueRequired":true,"valueName":"search_term_string"}}],"inLanguage":"de"}]}},"_links":{"self":[{"href":"https:\/\/www.silvelox.it\/de\/wp-json\/wp\/v2\/pages\/5233","targetHints":{"allow":["GET"]}}],"collection":[{"href":"https:\/\/www.silvelox.it\/de\/wp-json\/wp\/v2\/pages"}],"about":[{"href":"https:\/\/www.silvelox.it\/de\/wp-json\/wp\/v2\/types\/page"}],"author":[{"embeddable":true,"href":"https:\/\/www.silvelox.it\/de\/wp-json\/wp\/v2\/users\/2"}],"replies":[{"embeddable":true,"href":"https:\/\/www.silvelox.it\/de\/wp-json\/wp\/v2\/comments?post=5233"}],"version-history":[{"count":22,"href":"https:\/\/www.silvelox.it\/de\/wp-json\/wp\/v2\/pages\/5233\/revisions"}],"predecessor-version":[{"id":11421,"href":"https:\/\/www.silvelox.it\/de\/wp-json\/wp\/v2\/pages\/5233\/revisions\/11421"}],"wp:attachment":[{"href":"https:\/\/www.silvelox.it\/de\/wp-json\/wp\/v2\/media?parent=5233"}],"curies":[{"name":"wp","href":"https:\/\/api.w.org\/{rel}","templated":true}]}}