{"id":5227,"date":"2022-12-23T06:34:56","date_gmt":"2022-12-23T05:34:56","guid":{"rendered":"https:\/\/www.silvelox.it\/deu\/?page_id=5227"},"modified":"2024-03-22T15:07:02","modified_gmt":"2024-03-22T14:07:02","slug":"motorizzazione-historico","status":"publish","type":"page","link":"https:\/\/www.silvelox.it\/de\/motorizzazione-historico\/","title":{"rendered":"Motorizzazione Historico"},"content":{"rendered":"\t\t<div data-elementor-type=\"wp-page\" data-elementor-id=\"5227\" class=\"elementor elementor-5227\" data-elementor-post-type=\"page\">\n\t\t\t\t\t\t<section class=\"elementor-section elementor-top-section elementor-element elementor-element-858208c news-main-sec meccanica elementor-section-content-middle elementor-section-boxed elementor-section-height-default elementor-section-height-default\" data-id=\"858208c\" data-element_type=\"section\" data-e-type=\"section\">\n\t\t\t\t\t\t<div class=\"elementor-container elementor-column-gap-default\">\n\t\t\t\t\t<div class=\"elementor-column elementor-col-50 elementor-top-column elementor-element elementor-element-a628e5f\" data-id=\"a628e5f\" data-element_type=\"column\" data-e-type=\"column\">\n\t\t\t<div class=\"elementor-widget-wrap elementor-element-populated\">\n\t\t\t\t\t\t<div class=\"elementor-element elementor-element-42853ec elementor-widget elementor-widget-heading\" data-id=\"42853ec\" data-element_type=\"widget\" data-e-type=\"widget\" data-widget_type=\"heading.default\">\n\t\t\t\t<div class=\"elementor-widget-container\">\n\t\t\t\t\t<h1 class=\"elementor-heading-title elementor-size-default\">Historische Motorisierung <\/h1>\t\t\t\t<\/div>\n\t\t\t\t<\/div>\n\t\t\t\t\t<\/div>\n\t\t<\/div>\n\t\t\t\t<div class=\"elementor-column elementor-col-50 elementor-top-column elementor-element elementor-element-7256852 lavoran-info\" data-id=\"7256852\" data-element_type=\"column\" data-e-type=\"column\">\n\t\t\t<div class=\"elementor-widget-wrap elementor-element-populated\">\n\t\t\t\t\t\t<div class=\"elementor-element elementor-element-dd213bd elementor-icon-list--layout-inline elementor-align-end mecc-bann-buttons elementor-list-item-link-full_width elementor-widget elementor-widget-icon-list\" data-id=\"dd213bd\" data-element_type=\"widget\" data-e-type=\"widget\" data-widget_type=\"icon-list.default\">\n\t\t\t\t<div class=\"elementor-widget-container\">\n\t\t\t\t\t\t\t<ul class=\"elementor-icon-list-items elementor-inline-items\">\n\t\t\t\t\t\t\t<li class=\"elementor-icon-list-item elementor-inline-item\">\n\t\t\t\t\t\t\t\t\t\t\t<a href=\"#footer-main-form\">\n\n\t\t\t\t\t\t\t\t\t\t\t\t<span class=\"elementor-icon-list-icon\">\n\t\t\t\t\t\t\t<svg xmlns=\"http:\/\/www.w3.org\/2000\/svg\" xmlns:xlink=\"http:\/\/www.w3.org\/1999\/xlink\" width=\"21px\" height=\"21px\" viewBox=\"0 0 21 21\"><title>Group 3<\/title><g id=\"Page-1\" stroke=\"none\" stroke-width=\"1\" fill=\"none\" fill-rule=\"evenodd\" stroke-linecap=\"round\"><g id=\"01---Homepage\" transform=\"translate(-1076.000000, -1808.000000)\" stroke=\"#976747\" stroke-width=\"2\"><g id=\"Group-6\" transform=\"translate(145.000000, 1472.873548)\"><g id=\"Group-4\" transform=\"translate(814.600000, 336.195204)\"><g id=\"Group-3\" transform=\"translate(117.400000, 0.000000)\"><line x1=\"18.5398218\" y1=\"8.89911447\" x2=\"0.539821812\" y2=\"8.89911447\" id=\"Line-2\"><\/line><line x1=\"9.64070734\" y1=\"0\" x2=\"9.64070734\" y2=\"18\" id=\"Line-2\"><\/line><\/g><\/g><\/g><\/g><\/g><\/svg>\t\t\t\t\t\t<\/span>\n\t\t\t\t\t\t\t\t\t\t<span class=\"elementor-icon-list-text\">Informationen anfordern<\/span>\n\t\t\t\t\t\t\t\t\t\t\t<\/a>\n\t\t\t\t\t\t\t\t\t<\/li>\n\t\t\t\t\t\t<\/ul>\n\t\t\t\t\t\t<\/div>\n\t\t\t\t<\/div>\n\t\t\t\t\t<\/div>\n\t\t<\/div>\n\t\t\t\t\t<\/div>\n\t\t<\/section>\n\t\t\t\t<section class=\"elementor-section elementor-top-section elementor-element elementor-element-518bd17 bottom-porte-hist elementor-section-boxed elementor-section-height-default elementor-section-height-default\" data-id=\"518bd17\" data-element_type=\"section\" data-e-type=\"section\">\n\t\t\t\t\t\t<div class=\"elementor-container elementor-column-gap-default\">\n\t\t\t\t\t<div class=\"elementor-column elementor-col-50 elementor-top-column elementor-element elementor-element-d63473f left-hist\" data-id=\"d63473f\" data-element_type=\"column\" data-e-type=\"column\">\n\t\t\t<div class=\"elementor-widget-wrap elementor-element-populated\">\n\t\t\t\t\t\t<div class=\"elementor-element elementor-element-eaf692d elementor-widget elementor-widget-text-editor\" data-id=\"eaf692d\" data-element_type=\"widget\" data-e-type=\"widget\" data-widget_type=\"text-editor.default\">\n\t\t\t\t<div class=\"elementor-widget-container\">\n\t\t\t\t\t\t\t\t\t<p>Es ist m\u00f6glich, Fl\u00fcgelt\u00fcren mit neuen Motorisierungssystemen mit Teleskoparmen auszustatten, die die Funktionalit\u00e4t garantieren und gleichzeitig die historischen und \u00e4sthetischen Zw\u00e4nge des Kontextes respektieren, in den sie eingef\u00fcgt werden.<\/p><p>Es sind sowohl Armantriebe auf dem Fl\u00fcgel als auch Armantriebe im Riegel erh\u00e4ltlich.<\/p>\t\t\t\t\t\t\t\t<\/div>\n\t\t\t\t<\/div>\n\t\t\t\t\t<\/div>\n\t\t<\/div>\n\t\t\t\t<div class=\"elementor-column elementor-col-50 elementor-top-column elementor-element elementor-element-832a737\" data-id=\"832a737\" data-element_type=\"column\" data-e-type=\"column\">\n\t\t\t<div class=\"elementor-widget-wrap elementor-element-populated\">\n\t\t\t\t\t\t<div class=\"elementor-element elementor-element-4f43fe4 elementor-widget elementor-widget-image\" data-id=\"4f43fe4\" data-element_type=\"widget\" data-e-type=\"widget\" data-widget_type=\"image.default\">\n\t\t\t\t<div class=\"elementor-widget-container\">\n\t\t\t\t\t\t\t\t\t\t\t\t\t\t\t<img fetchpriority=\"high\" decoding=\"async\" width=\"972\" height=\"528\" src=\"https:\/\/www.silvelox.it\/de\/wp-content\/uploads\/sites\/4\/2022\/12\/Schermata-2021-07-08-alle-09.37.39.png\" class=\"attachment-full size-full wp-image-5229\" alt=\"\" srcset=\"https:\/\/www.silvelox.it\/de\/wp-content\/uploads\/sites\/4\/2022\/12\/Schermata-2021-07-08-alle-09.37.39.png 972w, https:\/\/www.silvelox.it\/de\/wp-content\/uploads\/sites\/4\/2022\/12\/Schermata-2021-07-08-alle-09.37.39-300x163.png 300w, https:\/\/www.silvelox.it\/de\/wp-content\/uploads\/sites\/4\/2022\/12\/Schermata-2021-07-08-alle-09.37.39-768x417.png 768w\" sizes=\"(max-width: 972px) 100vw, 972px\" \/>\t\t\t\t\t\t\t\t\t\t\t\t\t\t\t<\/div>\n\t\t\t\t<\/div>\n\t\t\t\t\t<\/div>\n\t\t<\/div>\n\t\t\t\t\t<\/div>\n\t\t<\/section>\n\t\t\t\t<\/div>\n\t\t","protected":false},"excerpt":{"rendered":"<p>Historische Motorisierung Group 3 Informationen anfordern Es ist m\u00f6glich, Fl\u00fcgelt\u00fcren mit neuen Motorisierungssystemen mit Teleskoparmen auszustatten, die die Funktionalit\u00e4t garantieren und gleichzeitig die historischen und \u00e4sthetischen Zw\u00e4nge des Kontextes respektieren, in den sie eingef\u00fcgt werden. Es sind sowohl Armantriebe auf dem Fl\u00fcgel als auch Armantriebe im Riegel erh\u00e4ltlich.<\/p>\n","protected":false},"author":2,"featured_media":0,"parent":0,"menu_order":0,"comment_status":"closed","ping_status":"closed","template":"elementor_header_footer","meta":{"_acf_changed":false,"footnotes":""},"class_list":["post-5227","page","type-page","status-publish","hentry"],"acf":[],"yoast_head":"<!-- This site is optimized with the Yoast SEO plugin v27.4 - https:\/\/yoast.com\/product\/yoast-seo-wordpress\/ -->\n<title>Motorizzazione Historico - silvelox de<\/title>\n<meta name=\"description\" content=\"Historische Motorisierung Group 3 Informationen anfordern Es ist m\u00f6glich, Fl\u00fcgelt\u00fcren mit neuen Motorisierungssystemen mit Teleskoparmen auszustatten, die\" \/>\n<meta name=\"robots\" content=\"index, follow, max-snippet:-1, max-image-preview:large, max-video-preview:-1\" \/>\n<link rel=\"canonical\" href=\"https:\/\/www.silvelox.it\/de\/motorizzazione-historico\/\" \/>\n<meta property=\"og:locale\" content=\"de_DE\" \/>\n<meta property=\"og:type\" content=\"article\" \/>\n<meta property=\"og:title\" content=\"Motorizzazione Historico - silvelox de\" \/>\n<meta property=\"og:description\" content=\"Historische Motorisierung Group 3 Informationen anfordern Es ist m\u00f6glich, Fl\u00fcgelt\u00fcren mit neuen Motorisierungssystemen mit Teleskoparmen auszustatten, die\" \/>\n<meta property=\"og:url\" content=\"https:\/\/www.silvelox.it\/de\/motorizzazione-historico\/\" \/>\n<meta property=\"og:site_name\" content=\"silvelox de\" \/>\n<meta property=\"article:modified_time\" content=\"2024-03-22T14:07:02+00:00\" \/>\n<meta property=\"og:image\" content=\"https:\/\/www.silvelox.it\/deu\/wp-content\/uploads\/sites\/4\/2022\/12\/Schermata-2021-07-08-alle-09.37.39.png\" \/>\n<meta name=\"twitter:card\" content=\"summary_large_image\" \/>\n<meta name=\"twitter:label1\" content=\"Gesch\u00e4tzte Lesezeit\" \/>\n\t<meta name=\"twitter:data1\" content=\"1\u00a0Minute\" \/>\n<script type=\"application\/ld+json\" class=\"yoast-schema-graph\">{\"@context\":\"https:\\\/\\\/schema.org\",\"@graph\":[{\"@type\":\"WebPage\",\"@id\":\"https:\\\/\\\/www.silvelox.it\\\/de\\\/motorizzazione-historico\\\/\",\"url\":\"https:\\\/\\\/www.silvelox.it\\\/de\\\/motorizzazione-historico\\\/\",\"name\":\"Motorizzazione Historico - silvelox de\",\"isPartOf\":{\"@id\":\"https:\\\/\\\/www.silvelox.it\\\/de\\\/#website\"},\"primaryImageOfPage\":{\"@id\":\"https:\\\/\\\/www.silvelox.it\\\/de\\\/motorizzazione-historico\\\/#primaryimage\"},\"image\":{\"@id\":\"https:\\\/\\\/www.silvelox.it\\\/de\\\/motorizzazione-historico\\\/#primaryimage\"},\"thumbnailUrl\":\"https:\\\/\\\/www.silvelox.it\\\/deu\\\/wp-content\\\/uploads\\\/sites\\\/4\\\/2022\\\/12\\\/Schermata-2021-07-08-alle-09.37.39.png\",\"datePublished\":\"2022-12-23T05:34:56+00:00\",\"dateModified\":\"2024-03-22T14:07:02+00:00\",\"description\":\"Historische Motorisierung Group 3 Informationen anfordern Es ist m\u00f6glich, Fl\u00fcgelt\u00fcren mit neuen Motorisierungssystemen mit Teleskoparmen auszustatten, die\",\"breadcrumb\":{\"@id\":\"https:\\\/\\\/www.silvelox.it\\\/de\\\/motorizzazione-historico\\\/#breadcrumb\"},\"inLanguage\":\"de\",\"potentialAction\":[{\"@type\":\"ReadAction\",\"target\":[\"https:\\\/\\\/www.silvelox.it\\\/de\\\/motorizzazione-historico\\\/\"]}]},{\"@type\":\"ImageObject\",\"inLanguage\":\"de\",\"@id\":\"https:\\\/\\\/www.silvelox.it\\\/de\\\/motorizzazione-historico\\\/#primaryimage\",\"url\":\"https:\\\/\\\/www.silvelox.it\\\/de\\\/wp-content\\\/uploads\\\/sites\\\/4\\\/2022\\\/12\\\/Schermata-2021-07-08-alle-09.37.39.png\",\"contentUrl\":\"https:\\\/\\\/www.silvelox.it\\\/de\\\/wp-content\\\/uploads\\\/sites\\\/4\\\/2022\\\/12\\\/Schermata-2021-07-08-alle-09.37.39.png\",\"width\":972,\"height\":528},{\"@type\":\"BreadcrumbList\",\"@id\":\"https:\\\/\\\/www.silvelox.it\\\/de\\\/motorizzazione-historico\\\/#breadcrumb\",\"itemListElement\":[{\"@type\":\"ListItem\",\"position\":1,\"name\":\"Home\",\"item\":\"https:\\\/\\\/www.silvelox.it\\\/de\\\/\"},{\"@type\":\"ListItem\",\"position\":2,\"name\":\"Motorizzazione Historico\"}]},{\"@type\":\"WebSite\",\"@id\":\"https:\\\/\\\/www.silvelox.it\\\/de\\\/#website\",\"url\":\"https:\\\/\\\/www.silvelox.it\\\/de\\\/\",\"name\":\"silvelox de\",\"description\":\"\",\"potentialAction\":[{\"@type\":\"SearchAction\",\"target\":{\"@type\":\"EntryPoint\",\"urlTemplate\":\"https:\\\/\\\/www.silvelox.it\\\/de\\\/?s={search_term_string}\"},\"query-input\":{\"@type\":\"PropertyValueSpecification\",\"valueRequired\":true,\"valueName\":\"search_term_string\"}}],\"inLanguage\":\"de\"}]}<\/script>\n<!-- \/ Yoast SEO plugin. -->","yoast_head_json":{"title":"Motorizzazione Historico - silvelox de","description":"Historische Motorisierung Group 3 Informationen anfordern Es ist m\u00f6glich, Fl\u00fcgelt\u00fcren mit neuen Motorisierungssystemen mit Teleskoparmen auszustatten, die","robots":{"index":"index","follow":"follow","max-snippet":"max-snippet:-1","max-image-preview":"max-image-preview:large","max-video-preview":"max-video-preview:-1"},"canonical":"https:\/\/www.silvelox.it\/de\/motorizzazione-historico\/","og_locale":"de_DE","og_type":"article","og_title":"Motorizzazione Historico - silvelox de","og_description":"Historische Motorisierung Group 3 Informationen anfordern Es ist m\u00f6glich, Fl\u00fcgelt\u00fcren mit neuen Motorisierungssystemen mit Teleskoparmen auszustatten, die","og_url":"https:\/\/www.silvelox.it\/de\/motorizzazione-historico\/","og_site_name":"silvelox de","article_modified_time":"2024-03-22T14:07:02+00:00","og_image":[{"url":"https:\/\/www.silvelox.it\/deu\/wp-content\/uploads\/sites\/4\/2022\/12\/Schermata-2021-07-08-alle-09.37.39.png","type":"","width":"","height":""}],"twitter_card":"summary_large_image","twitter_misc":{"Gesch\u00e4tzte Lesezeit":"1\u00a0Minute"},"schema":{"@context":"https:\/\/schema.org","@graph":[{"@type":"WebPage","@id":"https:\/\/www.silvelox.it\/de\/motorizzazione-historico\/","url":"https:\/\/www.silvelox.it\/de\/motorizzazione-historico\/","name":"Motorizzazione Historico - silvelox de","isPartOf":{"@id":"https:\/\/www.silvelox.it\/de\/#website"},"primaryImageOfPage":{"@id":"https:\/\/www.silvelox.it\/de\/motorizzazione-historico\/#primaryimage"},"image":{"@id":"https:\/\/www.silvelox.it\/de\/motorizzazione-historico\/#primaryimage"},"thumbnailUrl":"https:\/\/www.silvelox.it\/deu\/wp-content\/uploads\/sites\/4\/2022\/12\/Schermata-2021-07-08-alle-09.37.39.png","datePublished":"2022-12-23T05:34:56+00:00","dateModified":"2024-03-22T14:07:02+00:00","description":"Historische Motorisierung Group 3 Informationen anfordern Es ist m\u00f6glich, Fl\u00fcgelt\u00fcren mit neuen Motorisierungssystemen mit Teleskoparmen auszustatten, die","breadcrumb":{"@id":"https:\/\/www.silvelox.it\/de\/motorizzazione-historico\/#breadcrumb"},"inLanguage":"de","potentialAction":[{"@type":"ReadAction","target":["https:\/\/www.silvelox.it\/de\/motorizzazione-historico\/"]}]},{"@type":"ImageObject","inLanguage":"de","@id":"https:\/\/www.silvelox.it\/de\/motorizzazione-historico\/#primaryimage","url":"https:\/\/www.silvelox.it\/de\/wp-content\/uploads\/sites\/4\/2022\/12\/Schermata-2021-07-08-alle-09.37.39.png","contentUrl":"https:\/\/www.silvelox.it\/de\/wp-content\/uploads\/sites\/4\/2022\/12\/Schermata-2021-07-08-alle-09.37.39.png","width":972,"height":528},{"@type":"BreadcrumbList","@id":"https:\/\/www.silvelox.it\/de\/motorizzazione-historico\/#breadcrumb","itemListElement":[{"@type":"ListItem","position":1,"name":"Home","item":"https:\/\/www.silvelox.it\/de\/"},{"@type":"ListItem","position":2,"name":"Motorizzazione Historico"}]},{"@type":"WebSite","@id":"https:\/\/www.silvelox.it\/de\/#website","url":"https:\/\/www.silvelox.it\/de\/","name":"silvelox de","description":"","potentialAction":[{"@type":"SearchAction","target":{"@type":"EntryPoint","urlTemplate":"https:\/\/www.silvelox.it\/de\/?s={search_term_string}"},"query-input":{"@type":"PropertyValueSpecification","valueRequired":true,"valueName":"search_term_string"}}],"inLanguage":"de"}]}},"_links":{"self":[{"href":"https:\/\/www.silvelox.it\/de\/wp-json\/wp\/v2\/pages\/5227","targetHints":{"allow":["GET"]}}],"collection":[{"href":"https:\/\/www.silvelox.it\/de\/wp-json\/wp\/v2\/pages"}],"about":[{"href":"https:\/\/www.silvelox.it\/de\/wp-json\/wp\/v2\/types\/page"}],"author":[{"embeddable":true,"href":"https:\/\/www.silvelox.it\/de\/wp-json\/wp\/v2\/users\/2"}],"replies":[{"embeddable":true,"href":"https:\/\/www.silvelox.it\/de\/wp-json\/wp\/v2\/comments?post=5227"}],"version-history":[{"count":10,"href":"https:\/\/www.silvelox.it\/de\/wp-json\/wp\/v2\/pages\/5227\/revisions"}],"predecessor-version":[{"id":11418,"href":"https:\/\/www.silvelox.it\/de\/wp-json\/wp\/v2\/pages\/5227\/revisions\/11418"}],"wp:attachment":[{"href":"https:\/\/www.silvelox.it\/de\/wp-json\/wp\/v2\/media?parent=5227"}],"curies":[{"name":"wp","href":"https:\/\/api.w.org\/{rel}","templated":true}]}}