{"id":5221,"date":"2022-12-23T06:32:16","date_gmt":"2022-12-23T05:32:16","guid":{"rendered":"https:\/\/www.silvelox.it\/deu\/?page_id=5221"},"modified":"2024-03-22T15:27:18","modified_gmt":"2024-03-22T14:27:18","slug":"einzigartigkeit-historico","status":"publish","type":"page","link":"https:\/\/www.silvelox.it\/de\/einzigartigkeit-historico\/","title":{"rendered":"Einzigartigkeit Historico"},"content":{"rendered":"\t\t<div data-elementor-type=\"wp-page\" data-elementor-id=\"5221\" class=\"elementor elementor-5221\" data-elementor-post-type=\"page\">\n\t\t\t\t\t\t<section class=\"elementor-section elementor-top-section elementor-element elementor-element-854f4c6 news-main-sec meccanica elementor-section-content-middle elementor-section-boxed elementor-section-height-default elementor-section-height-default\" data-id=\"854f4c6\" data-element_type=\"section\" data-e-type=\"section\">\n\t\t\t\t\t\t<div class=\"elementor-container elementor-column-gap-default\">\n\t\t\t\t\t<div class=\"elementor-column elementor-col-50 elementor-top-column elementor-element elementor-element-a09a982\" data-id=\"a09a982\" data-element_type=\"column\" data-e-type=\"column\">\n\t\t\t<div class=\"elementor-widget-wrap elementor-element-populated\">\n\t\t\t\t\t\t<div class=\"elementor-element elementor-element-a4a7c30 elementor-widget elementor-widget-heading\" data-id=\"a4a7c30\" data-element_type=\"widget\" data-e-type=\"widget\" data-widget_type=\"heading.default\">\n\t\t\t\t<div class=\"elementor-widget-container\">\n\t\t\t\t\t<h1 class=\"elementor-heading-title elementor-size-default\">Historico Sicherheit<\/h1>\t\t\t\t<\/div>\n\t\t\t\t<\/div>\n\t\t\t\t\t<\/div>\n\t\t<\/div>\n\t\t\t\t<div class=\"elementor-column elementor-col-50 elementor-top-column elementor-element elementor-element-d6afb9a lavoran-info\" data-id=\"d6afb9a\" data-element_type=\"column\" data-e-type=\"column\">\n\t\t\t<div class=\"elementor-widget-wrap elementor-element-populated\">\n\t\t\t\t\t\t<div class=\"elementor-element elementor-element-7229b40 elementor-icon-list--layout-inline elementor-align-end mecc-bann-buttons elementor-list-item-link-full_width elementor-widget elementor-widget-icon-list\" data-id=\"7229b40\" data-element_type=\"widget\" data-e-type=\"widget\" data-widget_type=\"icon-list.default\">\n\t\t\t\t<div class=\"elementor-widget-container\">\n\t\t\t\t\t\t\t<ul class=\"elementor-icon-list-items elementor-inline-items\">\n\t\t\t\t\t\t\t<li class=\"elementor-icon-list-item elementor-inline-item\">\n\t\t\t\t\t\t\t\t\t\t\t<a href=\"#footer-main-form\">\n\n\t\t\t\t\t\t\t\t\t\t\t\t<span class=\"elementor-icon-list-icon\">\n\t\t\t\t\t\t\t<svg xmlns=\"http:\/\/www.w3.org\/2000\/svg\" xmlns:xlink=\"http:\/\/www.w3.org\/1999\/xlink\" width=\"21px\" height=\"21px\" viewBox=\"0 0 21 21\"><title>Group 3<\/title><g id=\"Page-1\" stroke=\"none\" stroke-width=\"1\" fill=\"none\" fill-rule=\"evenodd\" stroke-linecap=\"round\"><g id=\"01---Homepage\" transform=\"translate(-1076.000000, -1808.000000)\" stroke=\"#976747\" stroke-width=\"2\"><g id=\"Group-6\" transform=\"translate(145.000000, 1472.873548)\"><g id=\"Group-4\" transform=\"translate(814.600000, 336.195204)\"><g id=\"Group-3\" transform=\"translate(117.400000, 0.000000)\"><line x1=\"18.5398218\" y1=\"8.89911447\" x2=\"0.539821812\" y2=\"8.89911447\" id=\"Line-2\"><\/line><line x1=\"9.64070734\" y1=\"0\" x2=\"9.64070734\" y2=\"18\" id=\"Line-2\"><\/line><\/g><\/g><\/g><\/g><\/g><\/svg>\t\t\t\t\t\t<\/span>\n\t\t\t\t\t\t\t\t\t\t<span class=\"elementor-icon-list-text\">Informationen anfordern<\/span>\n\t\t\t\t\t\t\t\t\t\t\t<\/a>\n\t\t\t\t\t\t\t\t\t<\/li>\n\t\t\t\t\t\t<\/ul>\n\t\t\t\t\t\t<\/div>\n\t\t\t\t<\/div>\n\t\t\t\t\t<\/div>\n\t\t<\/div>\n\t\t\t\t\t<\/div>\n\t\t<\/section>\n\t\t\t\t<section class=\"elementor-section elementor-top-section elementor-element elementor-element-4cace97 bottom-porte-hist elementor-section-boxed elementor-section-height-default elementor-section-height-default\" data-id=\"4cace97\" data-element_type=\"section\" data-e-type=\"section\">\n\t\t\t\t\t\t<div class=\"elementor-container elementor-column-gap-default\">\n\t\t\t\t\t<div class=\"elementor-column elementor-col-50 elementor-top-column elementor-element elementor-element-c3feeaf left-hist\" data-id=\"c3feeaf\" data-element_type=\"column\" data-e-type=\"column\">\n\t\t\t<div class=\"elementor-widget-wrap elementor-element-populated\">\n\t\t\t\t\t\t<div class=\"elementor-element elementor-element-0d73290 elementor-widget elementor-widget-text-editor\" data-id=\"0d73290\" data-element_type=\"widget\" data-e-type=\"widget\" data-widget_type=\"text-editor.default\">\n\t\t\t\t<div class=\"elementor-widget-container\">\n\t\t\t\t\t\t\t\t\t<p>Die Fl\u00fcgelt\u00fcr ist mit Sicherheitszylindern und einem Zweiwege-Mehrfachverriegelungsschloss ausgestattet. Dieses Schloss mit drei zentralen Riegeln und zwei weiteren au\u00dfermittigen Riegeln, einem oberen und einem unteren im Hauptfl\u00fcgel, geh\u00f6rt zur Standardausstattung.<\/p><p>Die Drehung der Fl\u00fcgel auf einstellbaren Drehzapfen und Kugellagern garantiert perfekte und reibungslose Bewegungen auch im Laufe der Zeit.<\/p>\t\t\t\t\t\t\t\t<\/div>\n\t\t\t\t<\/div>\n\t\t\t\t\t<\/div>\n\t\t<\/div>\n\t\t\t\t<div class=\"elementor-column elementor-col-50 elementor-top-column elementor-element elementor-element-a237f4d\" data-id=\"a237f4d\" data-element_type=\"column\" data-e-type=\"column\">\n\t\t\t<div class=\"elementor-widget-wrap elementor-element-populated\">\n\t\t\t\t\t\t<div class=\"elementor-element elementor-element-8de69c4 elementor-widget elementor-widget-image\" data-id=\"8de69c4\" data-element_type=\"widget\" data-e-type=\"widget\" data-widget_type=\"image.default\">\n\t\t\t\t<div class=\"elementor-widget-container\">\n\t\t\t\t\t\t\t\t\t\t\t\t\t\t\t<img fetchpriority=\"high\" decoding=\"async\" width=\"350\" height=\"340\" src=\"https:\/\/www.silvelox.it\/de\/wp-content\/uploads\/sites\/4\/2022\/12\/Schermata-2021-07-07-alle-15.38.51.png\" class=\"attachment-full size-full wp-image-5223\" alt=\"\" srcset=\"https:\/\/www.silvelox.it\/de\/wp-content\/uploads\/sites\/4\/2022\/12\/Schermata-2021-07-07-alle-15.38.51.png 350w, https:\/\/www.silvelox.it\/de\/wp-content\/uploads\/sites\/4\/2022\/12\/Schermata-2021-07-07-alle-15.38.51-300x291.png 300w\" sizes=\"(max-width: 350px) 100vw, 350px\" \/>\t\t\t\t\t\t\t\t\t\t\t\t\t\t\t<\/div>\n\t\t\t\t<\/div>\n\t\t\t\t\t<\/div>\n\t\t<\/div>\n\t\t\t\t\t<\/div>\n\t\t<\/section>\n\t\t\t\t<\/div>\n\t\t","protected":false},"excerpt":{"rendered":"<p>Historico Sicherheit Group 3 Informationen anfordern Die Fl\u00fcgelt\u00fcr ist mit Sicherheitszylindern und einem Zweiwege-Mehrfachverriegelungsschloss ausgestattet. Dieses Schloss mit drei zentralen Riegeln und zwei weiteren au\u00dfermittigen Riegeln, einem oberen und einem unteren im Hauptfl\u00fcgel, geh\u00f6rt zur Standardausstattung. Die Drehung der Fl\u00fcgel auf einstellbaren Drehzapfen und Kugellagern garantiert perfekte und reibungslose Bewegungen auch im Laufe der Zeit.<\/p>\n","protected":false},"author":2,"featured_media":0,"parent":0,"menu_order":0,"comment_status":"closed","ping_status":"closed","template":"elementor_header_footer","meta":{"_acf_changed":false,"footnotes":""},"class_list":["post-5221","page","type-page","status-publish","hentry"],"acf":[],"yoast_head":"<!-- This site is optimized with the Yoast SEO plugin v27.4 - https:\/\/yoast.com\/product\/yoast-seo-wordpress\/ -->\n<title>Einzigartigkeit Historico - silvelox de<\/title>\n<meta name=\"description\" content=\"Historico Sicherheit Group 3 Informationen anfordern Die Fl\u00fcgelt\u00fcr ist mit Sicherheitszylindern und einem Zweiwege-Mehrfachverriegelungsschloss\" \/>\n<meta name=\"robots\" content=\"index, follow, max-snippet:-1, max-image-preview:large, max-video-preview:-1\" \/>\n<link rel=\"canonical\" href=\"https:\/\/www.silvelox.it\/de\/einzigartigkeit-historico\/\" \/>\n<meta property=\"og:locale\" content=\"de_DE\" \/>\n<meta property=\"og:type\" content=\"article\" \/>\n<meta property=\"og:title\" content=\"Einzigartigkeit Historico - silvelox de\" \/>\n<meta property=\"og:description\" content=\"Historico Sicherheit Group 3 Informationen anfordern Die Fl\u00fcgelt\u00fcr ist mit Sicherheitszylindern und einem Zweiwege-Mehrfachverriegelungsschloss\" \/>\n<meta property=\"og:url\" content=\"https:\/\/www.silvelox.it\/de\/einzigartigkeit-historico\/\" \/>\n<meta property=\"og:site_name\" content=\"silvelox de\" \/>\n<meta property=\"article:modified_time\" content=\"2024-03-22T14:27:18+00:00\" \/>\n<meta property=\"og:image\" content=\"https:\/\/www.silvelox.it\/deu\/wp-content\/uploads\/sites\/4\/2022\/12\/Schermata-2021-07-07-alle-15.38.51.png\" \/>\n<meta name=\"twitter:card\" content=\"summary_large_image\" \/>\n<meta name=\"twitter:label1\" content=\"Gesch\u00e4tzte Lesezeit\" \/>\n\t<meta name=\"twitter:data1\" content=\"1\u00a0Minute\" \/>\n<script type=\"application\/ld+json\" class=\"yoast-schema-graph\">{\"@context\":\"https:\\\/\\\/schema.org\",\"@graph\":[{\"@type\":\"WebPage\",\"@id\":\"https:\\\/\\\/www.silvelox.it\\\/de\\\/einzigartigkeit-historico\\\/\",\"url\":\"https:\\\/\\\/www.silvelox.it\\\/de\\\/einzigartigkeit-historico\\\/\",\"name\":\"Einzigartigkeit Historico - silvelox de\",\"isPartOf\":{\"@id\":\"https:\\\/\\\/www.silvelox.it\\\/de\\\/#website\"},\"primaryImageOfPage\":{\"@id\":\"https:\\\/\\\/www.silvelox.it\\\/de\\\/einzigartigkeit-historico\\\/#primaryimage\"},\"image\":{\"@id\":\"https:\\\/\\\/www.silvelox.it\\\/de\\\/einzigartigkeit-historico\\\/#primaryimage\"},\"thumbnailUrl\":\"https:\\\/\\\/www.silvelox.it\\\/deu\\\/wp-content\\\/uploads\\\/sites\\\/4\\\/2022\\\/12\\\/Schermata-2021-07-07-alle-15.38.51.png\",\"datePublished\":\"2022-12-23T05:32:16+00:00\",\"dateModified\":\"2024-03-22T14:27:18+00:00\",\"description\":\"Historico Sicherheit Group 3 Informationen anfordern Die Fl\u00fcgelt\u00fcr ist mit Sicherheitszylindern und einem Zweiwege-Mehrfachverriegelungsschloss\",\"breadcrumb\":{\"@id\":\"https:\\\/\\\/www.silvelox.it\\\/de\\\/einzigartigkeit-historico\\\/#breadcrumb\"},\"inLanguage\":\"de\",\"potentialAction\":[{\"@type\":\"ReadAction\",\"target\":[\"https:\\\/\\\/www.silvelox.it\\\/de\\\/einzigartigkeit-historico\\\/\"]}]},{\"@type\":\"ImageObject\",\"inLanguage\":\"de\",\"@id\":\"https:\\\/\\\/www.silvelox.it\\\/de\\\/einzigartigkeit-historico\\\/#primaryimage\",\"url\":\"https:\\\/\\\/www.silvelox.it\\\/de\\\/wp-content\\\/uploads\\\/sites\\\/4\\\/2022\\\/12\\\/Schermata-2021-07-07-alle-15.38.51.png\",\"contentUrl\":\"https:\\\/\\\/www.silvelox.it\\\/de\\\/wp-content\\\/uploads\\\/sites\\\/4\\\/2022\\\/12\\\/Schermata-2021-07-07-alle-15.38.51.png\",\"width\":350,\"height\":340},{\"@type\":\"BreadcrumbList\",\"@id\":\"https:\\\/\\\/www.silvelox.it\\\/de\\\/einzigartigkeit-historico\\\/#breadcrumb\",\"itemListElement\":[{\"@type\":\"ListItem\",\"position\":1,\"name\":\"Home\",\"item\":\"https:\\\/\\\/www.silvelox.it\\\/de\\\/\"},{\"@type\":\"ListItem\",\"position\":2,\"name\":\"Einzigartigkeit Historico\"}]},{\"@type\":\"WebSite\",\"@id\":\"https:\\\/\\\/www.silvelox.it\\\/de\\\/#website\",\"url\":\"https:\\\/\\\/www.silvelox.it\\\/de\\\/\",\"name\":\"silvelox de\",\"description\":\"\",\"potentialAction\":[{\"@type\":\"SearchAction\",\"target\":{\"@type\":\"EntryPoint\",\"urlTemplate\":\"https:\\\/\\\/www.silvelox.it\\\/de\\\/?s={search_term_string}\"},\"query-input\":{\"@type\":\"PropertyValueSpecification\",\"valueRequired\":true,\"valueName\":\"search_term_string\"}}],\"inLanguage\":\"de\"}]}<\/script>\n<!-- \/ Yoast SEO plugin. -->","yoast_head_json":{"title":"Einzigartigkeit Historico - silvelox de","description":"Historico Sicherheit Group 3 Informationen anfordern Die Fl\u00fcgelt\u00fcr ist mit Sicherheitszylindern und einem Zweiwege-Mehrfachverriegelungsschloss","robots":{"index":"index","follow":"follow","max-snippet":"max-snippet:-1","max-image-preview":"max-image-preview:large","max-video-preview":"max-video-preview:-1"},"canonical":"https:\/\/www.silvelox.it\/de\/einzigartigkeit-historico\/","og_locale":"de_DE","og_type":"article","og_title":"Einzigartigkeit Historico - silvelox de","og_description":"Historico Sicherheit Group 3 Informationen anfordern Die Fl\u00fcgelt\u00fcr ist mit Sicherheitszylindern und einem Zweiwege-Mehrfachverriegelungsschloss","og_url":"https:\/\/www.silvelox.it\/de\/einzigartigkeit-historico\/","og_site_name":"silvelox de","article_modified_time":"2024-03-22T14:27:18+00:00","og_image":[{"url":"https:\/\/www.silvelox.it\/deu\/wp-content\/uploads\/sites\/4\/2022\/12\/Schermata-2021-07-07-alle-15.38.51.png","type":"","width":"","height":""}],"twitter_card":"summary_large_image","twitter_misc":{"Gesch\u00e4tzte Lesezeit":"1\u00a0Minute"},"schema":{"@context":"https:\/\/schema.org","@graph":[{"@type":"WebPage","@id":"https:\/\/www.silvelox.it\/de\/einzigartigkeit-historico\/","url":"https:\/\/www.silvelox.it\/de\/einzigartigkeit-historico\/","name":"Einzigartigkeit Historico - silvelox de","isPartOf":{"@id":"https:\/\/www.silvelox.it\/de\/#website"},"primaryImageOfPage":{"@id":"https:\/\/www.silvelox.it\/de\/einzigartigkeit-historico\/#primaryimage"},"image":{"@id":"https:\/\/www.silvelox.it\/de\/einzigartigkeit-historico\/#primaryimage"},"thumbnailUrl":"https:\/\/www.silvelox.it\/deu\/wp-content\/uploads\/sites\/4\/2022\/12\/Schermata-2021-07-07-alle-15.38.51.png","datePublished":"2022-12-23T05:32:16+00:00","dateModified":"2024-03-22T14:27:18+00:00","description":"Historico Sicherheit Group 3 Informationen anfordern Die Fl\u00fcgelt\u00fcr ist mit Sicherheitszylindern und einem Zweiwege-Mehrfachverriegelungsschloss","breadcrumb":{"@id":"https:\/\/www.silvelox.it\/de\/einzigartigkeit-historico\/#breadcrumb"},"inLanguage":"de","potentialAction":[{"@type":"ReadAction","target":["https:\/\/www.silvelox.it\/de\/einzigartigkeit-historico\/"]}]},{"@type":"ImageObject","inLanguage":"de","@id":"https:\/\/www.silvelox.it\/de\/einzigartigkeit-historico\/#primaryimage","url":"https:\/\/www.silvelox.it\/de\/wp-content\/uploads\/sites\/4\/2022\/12\/Schermata-2021-07-07-alle-15.38.51.png","contentUrl":"https:\/\/www.silvelox.it\/de\/wp-content\/uploads\/sites\/4\/2022\/12\/Schermata-2021-07-07-alle-15.38.51.png","width":350,"height":340},{"@type":"BreadcrumbList","@id":"https:\/\/www.silvelox.it\/de\/einzigartigkeit-historico\/#breadcrumb","itemListElement":[{"@type":"ListItem","position":1,"name":"Home","item":"https:\/\/www.silvelox.it\/de\/"},{"@type":"ListItem","position":2,"name":"Einzigartigkeit Historico"}]},{"@type":"WebSite","@id":"https:\/\/www.silvelox.it\/de\/#website","url":"https:\/\/www.silvelox.it\/de\/","name":"silvelox de","description":"","potentialAction":[{"@type":"SearchAction","target":{"@type":"EntryPoint","urlTemplate":"https:\/\/www.silvelox.it\/de\/?s={search_term_string}"},"query-input":{"@type":"PropertyValueSpecification","valueRequired":true,"valueName":"search_term_string"}}],"inLanguage":"de"}]}},"_links":{"self":[{"href":"https:\/\/www.silvelox.it\/de\/wp-json\/wp\/v2\/pages\/5221","targetHints":{"allow":["GET"]}}],"collection":[{"href":"https:\/\/www.silvelox.it\/de\/wp-json\/wp\/v2\/pages"}],"about":[{"href":"https:\/\/www.silvelox.it\/de\/wp-json\/wp\/v2\/types\/page"}],"author":[{"embeddable":true,"href":"https:\/\/www.silvelox.it\/de\/wp-json\/wp\/v2\/users\/2"}],"replies":[{"embeddable":true,"href":"https:\/\/www.silvelox.it\/de\/wp-json\/wp\/v2\/comments?post=5221"}],"version-history":[{"count":8,"href":"https:\/\/www.silvelox.it\/de\/wp-json\/wp\/v2\/pages\/5221\/revisions"}],"predecessor-version":[{"id":11438,"href":"https:\/\/www.silvelox.it\/de\/wp-json\/wp\/v2\/pages\/5221\/revisions\/11438"}],"wp:attachment":[{"href":"https:\/\/www.silvelox.it\/de\/wp-json\/wp\/v2\/media?parent=5221"}],"curies":[{"name":"wp","href":"https:\/\/api.w.org\/{rel}","templated":true}]}}