{"id":5205,"date":"2022-12-23T06:26:06","date_gmt":"2022-12-23T05:26:06","guid":{"rendered":"https:\/\/www.silvelox.it\/deu\/?page_id=5205"},"modified":"2024-03-22T15:06:54","modified_gmt":"2024-03-22T14:06:54","slug":"porta-pedonale-historico","status":"publish","type":"page","link":"https:\/\/www.silvelox.it\/de\/porta-pedonale-historico\/","title":{"rendered":"Porta Pedonale"},"content":{"rendered":"\t\t<div data-elementor-type=\"wp-page\" data-elementor-id=\"5205\" class=\"elementor elementor-5205\" data-elementor-post-type=\"page\">\n\t\t\t\t\t\t<section class=\"elementor-section elementor-top-section elementor-element elementor-element-1a04b46 news-main-sec meccanica elementor-section-content-middle elementor-section-boxed elementor-section-height-default elementor-section-height-default\" data-id=\"1a04b46\" data-element_type=\"section\" data-e-type=\"section\">\n\t\t\t\t\t\t<div class=\"elementor-container elementor-column-gap-default\">\n\t\t\t\t\t<div class=\"elementor-column elementor-col-50 elementor-top-column elementor-element elementor-element-31b9fba\" data-id=\"31b9fba\" data-element_type=\"column\" data-e-type=\"column\">\n\t\t\t<div class=\"elementor-widget-wrap elementor-element-populated\">\n\t\t\t\t\t\t<div class=\"elementor-element elementor-element-1fe4946 elementor-widget elementor-widget-heading\" data-id=\"1fe4946\" data-element_type=\"widget\" data-e-type=\"widget\" data-widget_type=\"heading.default\">\n\t\t\t\t<div class=\"elementor-widget-container\">\n\t\t\t\t\t<h1 class=\"elementor-heading-title elementor-size-default\">Fu\u00dfg\u00e4ngert\u00fcr<\/h1>\t\t\t\t<\/div>\n\t\t\t\t<\/div>\n\t\t\t\t\t<\/div>\n\t\t<\/div>\n\t\t\t\t<div class=\"elementor-column elementor-col-50 elementor-top-column elementor-element elementor-element-2f97820 lavoran-info\" data-id=\"2f97820\" data-element_type=\"column\" data-e-type=\"column\">\n\t\t\t<div class=\"elementor-widget-wrap elementor-element-populated\">\n\t\t\t\t\t\t<div class=\"elementor-element elementor-element-5e4edcd elementor-icon-list--layout-inline elementor-align-end mecc-bann-buttons elementor-list-item-link-full_width elementor-widget elementor-widget-icon-list\" data-id=\"5e4edcd\" data-element_type=\"widget\" data-e-type=\"widget\" data-widget_type=\"icon-list.default\">\n\t\t\t\t<div class=\"elementor-widget-container\">\n\t\t\t\t\t\t\t<ul class=\"elementor-icon-list-items elementor-inline-items\">\n\t\t\t\t\t\t\t<li class=\"elementor-icon-list-item elementor-inline-item\">\n\t\t\t\t\t\t\t\t\t\t\t<a href=\"#footer-main-form\">\n\n\t\t\t\t\t\t\t\t\t\t\t\t<span class=\"elementor-icon-list-icon\">\n\t\t\t\t\t\t\t<svg xmlns=\"http:\/\/www.w3.org\/2000\/svg\" xmlns:xlink=\"http:\/\/www.w3.org\/1999\/xlink\" width=\"21px\" height=\"21px\" viewBox=\"0 0 21 21\"><title>Group 3<\/title><g id=\"Page-1\" stroke=\"none\" stroke-width=\"1\" fill=\"none\" fill-rule=\"evenodd\" stroke-linecap=\"round\"><g id=\"01---Homepage\" transform=\"translate(-1076.000000, -1808.000000)\" stroke=\"#976747\" stroke-width=\"2\"><g id=\"Group-6\" transform=\"translate(145.000000, 1472.873548)\"><g id=\"Group-4\" transform=\"translate(814.600000, 336.195204)\"><g id=\"Group-3\" transform=\"translate(117.400000, 0.000000)\"><line x1=\"18.5398218\" y1=\"8.89911447\" x2=\"0.539821812\" y2=\"8.89911447\" id=\"Line-2\"><\/line><line x1=\"9.64070734\" y1=\"0\" x2=\"9.64070734\" y2=\"18\" id=\"Line-2\"><\/line><\/g><\/g><\/g><\/g><\/g><\/svg>\t\t\t\t\t\t<\/span>\n\t\t\t\t\t\t\t\t\t\t<span class=\"elementor-icon-list-text\">Informationen anfordern<\/span>\n\t\t\t\t\t\t\t\t\t\t\t<\/a>\n\t\t\t\t\t\t\t\t\t<\/li>\n\t\t\t\t\t\t<\/ul>\n\t\t\t\t\t\t<\/div>\n\t\t\t\t<\/div>\n\t\t\t\t\t<\/div>\n\t\t<\/div>\n\t\t\t\t\t<\/div>\n\t\t<\/section>\n\t\t\t\t<section class=\"elementor-section elementor-top-section elementor-element elementor-element-2eaaf06 bottom-porte-hist elementor-section-boxed elementor-section-height-default elementor-section-height-default\" data-id=\"2eaaf06\" data-element_type=\"section\" data-e-type=\"section\">\n\t\t\t\t\t\t<div class=\"elementor-container elementor-column-gap-default\">\n\t\t\t\t\t<div class=\"elementor-column elementor-col-50 elementor-top-column elementor-element elementor-element-e485238 left-hist\" data-id=\"e485238\" data-element_type=\"column\" data-e-type=\"column\">\n\t\t\t<div class=\"elementor-widget-wrap elementor-element-populated\">\n\t\t\t\t\t\t<div class=\"elementor-element elementor-element-df982ba elementor-widget elementor-widget-text-editor\" data-id=\"df982ba\" data-element_type=\"widget\" data-e-type=\"widget\" data-widget_type=\"text-editor.default\">\n\t\t\t\t<div class=\"elementor-widget-container\">\n\t\t\t\t\t\t\t\t\t<p>Der Einbau der Fu\u00dfg\u00e4ngert\u00fcr erm\u00f6glicht einen bequemen Durchgang f\u00fcr Fu\u00dfg\u00e4nger, was vor allem bei sehr gro\u00dfen Eing\u00e4ngen von Vorteil ist, und ist frei von Bodenbel\u00e4gen. Sie ist optimal im T\u00fcrblatt versteckt und beeintr\u00e4chtigt nicht die \u00e4sthetische Gesamtwirkung.<\/p><p>Auf Wunsch kann die Schlupft\u00fcr mit einem hydraulischen T\u00fcrschlie\u00dfer und einem elektrischen Schloss ausgestattet werden, das eine \u00d6ffnung per Fernsteuerung erm\u00f6glicht.<\/p>\t\t\t\t\t\t\t\t<\/div>\n\t\t\t\t<\/div>\n\t\t\t\t\t<\/div>\n\t\t<\/div>\n\t\t\t\t<div class=\"elementor-column elementor-col-50 elementor-top-column elementor-element elementor-element-c1b319e\" data-id=\"c1b319e\" data-element_type=\"column\" data-e-type=\"column\">\n\t\t\t<div class=\"elementor-widget-wrap elementor-element-populated\">\n\t\t\t\t\t\t<div class=\"elementor-element elementor-element-b81a52e elementor-widget elementor-widget-image\" data-id=\"b81a52e\" data-element_type=\"widget\" data-e-type=\"widget\" data-widget_type=\"image.default\">\n\t\t\t\t<div class=\"elementor-widget-container\">\n\t\t\t\t\t\t\t\t\t\t\t\t\t\t\t<img fetchpriority=\"high\" decoding=\"async\" width=\"1200\" height=\"897\" src=\"https:\/\/www.silvelox.it\/de\/wp-content\/uploads\/sites\/4\/2022\/12\/porta-pedonale-img.png\" class=\"attachment-full size-full wp-image-5207\" alt=\"\" srcset=\"https:\/\/www.silvelox.it\/de\/wp-content\/uploads\/sites\/4\/2022\/12\/porta-pedonale-img.png 1200w, https:\/\/www.silvelox.it\/de\/wp-content\/uploads\/sites\/4\/2022\/12\/porta-pedonale-img-300x224.png 300w, https:\/\/www.silvelox.it\/de\/wp-content\/uploads\/sites\/4\/2022\/12\/porta-pedonale-img-1024x765.png 1024w, https:\/\/www.silvelox.it\/de\/wp-content\/uploads\/sites\/4\/2022\/12\/porta-pedonale-img-768x574.png 768w\" sizes=\"(max-width: 1200px) 100vw, 1200px\" \/>\t\t\t\t\t\t\t\t\t\t\t\t\t\t\t<\/div>\n\t\t\t\t<\/div>\n\t\t\t\t\t<\/div>\n\t\t<\/div>\n\t\t\t\t\t<\/div>\n\t\t<\/section>\n\t\t\t\t<\/div>\n\t\t","protected":false},"excerpt":{"rendered":"<p>Fu\u00dfg\u00e4ngert\u00fcr Group 3 Informationen anfordern Der Einbau der Fu\u00dfg\u00e4ngert\u00fcr erm\u00f6glicht einen bequemen Durchgang f\u00fcr Fu\u00dfg\u00e4nger, was vor allem bei sehr gro\u00dfen Eing\u00e4ngen von Vorteil ist, und ist frei von Bodenbel\u00e4gen. Sie ist optimal im T\u00fcrblatt versteckt und beeintr\u00e4chtigt nicht die \u00e4sthetische Gesamtwirkung. Auf Wunsch kann die Schlupft\u00fcr mit einem hydraulischen T\u00fcrschlie\u00dfer und einem elektrischen Schloss [&hellip;]<\/p>\n","protected":false},"author":2,"featured_media":0,"parent":0,"menu_order":0,"comment_status":"closed","ping_status":"closed","template":"elementor_header_footer","meta":{"_acf_changed":false,"footnotes":""},"class_list":["post-5205","page","type-page","status-publish","hentry"],"acf":[],"yoast_head":"<!-- This site is optimized with the Yoast SEO plugin v27.4 - https:\/\/yoast.com\/product\/yoast-seo-wordpress\/ -->\n<title>Porta Pedonale - silvelox de<\/title>\n<meta name=\"description\" content=\"Fu\u00dfg\u00e4ngert\u00fcr Group 3 Informationen anfordern Der Einbau der Fu\u00dfg\u00e4ngert\u00fcr erm\u00f6glicht einen bequemen Durchgang f\u00fcr Fu\u00dfg\u00e4nger, was vor allem bei sehr gro\u00dfen\" \/>\n<meta name=\"robots\" content=\"index, follow, max-snippet:-1, max-image-preview:large, max-video-preview:-1\" \/>\n<link rel=\"canonical\" href=\"https:\/\/www.silvelox.it\/de\/porta-pedonale-historico\/\" \/>\n<meta property=\"og:locale\" content=\"de_DE\" \/>\n<meta property=\"og:type\" content=\"article\" \/>\n<meta property=\"og:title\" content=\"Porta Pedonale - silvelox de\" \/>\n<meta property=\"og:description\" content=\"Fu\u00dfg\u00e4ngert\u00fcr Group 3 Informationen anfordern Der Einbau der Fu\u00dfg\u00e4ngert\u00fcr erm\u00f6glicht einen bequemen Durchgang f\u00fcr Fu\u00dfg\u00e4nger, was vor allem bei sehr gro\u00dfen\" \/>\n<meta property=\"og:url\" content=\"https:\/\/www.silvelox.it\/de\/porta-pedonale-historico\/\" \/>\n<meta property=\"og:site_name\" content=\"silvelox de\" \/>\n<meta property=\"article:modified_time\" content=\"2024-03-22T14:06:54+00:00\" \/>\n<meta property=\"og:image\" content=\"https:\/\/www.silvelox.it\/deu\/wp-content\/uploads\/sites\/4\/2022\/12\/porta-pedonale-img.png\" \/>\n<meta name=\"twitter:card\" content=\"summary_large_image\" \/>\n<meta name=\"twitter:label1\" content=\"Gesch\u00e4tzte Lesezeit\" \/>\n\t<meta name=\"twitter:data1\" content=\"1\u00a0Minute\" \/>\n<script type=\"application\/ld+json\" class=\"yoast-schema-graph\">{\"@context\":\"https:\\\/\\\/schema.org\",\"@graph\":[{\"@type\":\"WebPage\",\"@id\":\"https:\\\/\\\/www.silvelox.it\\\/de\\\/porta-pedonale-historico\\\/\",\"url\":\"https:\\\/\\\/www.silvelox.it\\\/de\\\/porta-pedonale-historico\\\/\",\"name\":\"Porta Pedonale - silvelox de\",\"isPartOf\":{\"@id\":\"https:\\\/\\\/www.silvelox.it\\\/de\\\/#website\"},\"primaryImageOfPage\":{\"@id\":\"https:\\\/\\\/www.silvelox.it\\\/de\\\/porta-pedonale-historico\\\/#primaryimage\"},\"image\":{\"@id\":\"https:\\\/\\\/www.silvelox.it\\\/de\\\/porta-pedonale-historico\\\/#primaryimage\"},\"thumbnailUrl\":\"https:\\\/\\\/www.silvelox.it\\\/deu\\\/wp-content\\\/uploads\\\/sites\\\/4\\\/2022\\\/12\\\/porta-pedonale-img.png\",\"datePublished\":\"2022-12-23T05:26:06+00:00\",\"dateModified\":\"2024-03-22T14:06:54+00:00\",\"description\":\"Fu\u00dfg\u00e4ngert\u00fcr Group 3 Informationen anfordern Der Einbau der Fu\u00dfg\u00e4ngert\u00fcr erm\u00f6glicht einen bequemen Durchgang f\u00fcr Fu\u00dfg\u00e4nger, was vor allem bei sehr gro\u00dfen\",\"breadcrumb\":{\"@id\":\"https:\\\/\\\/www.silvelox.it\\\/de\\\/porta-pedonale-historico\\\/#breadcrumb\"},\"inLanguage\":\"de\",\"potentialAction\":[{\"@type\":\"ReadAction\",\"target\":[\"https:\\\/\\\/www.silvelox.it\\\/de\\\/porta-pedonale-historico\\\/\"]}]},{\"@type\":\"ImageObject\",\"inLanguage\":\"de\",\"@id\":\"https:\\\/\\\/www.silvelox.it\\\/de\\\/porta-pedonale-historico\\\/#primaryimage\",\"url\":\"https:\\\/\\\/www.silvelox.it\\\/de\\\/wp-content\\\/uploads\\\/sites\\\/4\\\/2022\\\/12\\\/porta-pedonale-img.png\",\"contentUrl\":\"https:\\\/\\\/www.silvelox.it\\\/de\\\/wp-content\\\/uploads\\\/sites\\\/4\\\/2022\\\/12\\\/porta-pedonale-img.png\",\"width\":1200,\"height\":897},{\"@type\":\"BreadcrumbList\",\"@id\":\"https:\\\/\\\/www.silvelox.it\\\/de\\\/porta-pedonale-historico\\\/#breadcrumb\",\"itemListElement\":[{\"@type\":\"ListItem\",\"position\":1,\"name\":\"Home\",\"item\":\"https:\\\/\\\/www.silvelox.it\\\/de\\\/\"},{\"@type\":\"ListItem\",\"position\":2,\"name\":\"Porta Pedonale\"}]},{\"@type\":\"WebSite\",\"@id\":\"https:\\\/\\\/www.silvelox.it\\\/de\\\/#website\",\"url\":\"https:\\\/\\\/www.silvelox.it\\\/de\\\/\",\"name\":\"silvelox de\",\"description\":\"\",\"potentialAction\":[{\"@type\":\"SearchAction\",\"target\":{\"@type\":\"EntryPoint\",\"urlTemplate\":\"https:\\\/\\\/www.silvelox.it\\\/de\\\/?s={search_term_string}\"},\"query-input\":{\"@type\":\"PropertyValueSpecification\",\"valueRequired\":true,\"valueName\":\"search_term_string\"}}],\"inLanguage\":\"de\"}]}<\/script>\n<!-- \/ Yoast SEO plugin. -->","yoast_head_json":{"title":"Porta Pedonale - silvelox de","description":"Fu\u00dfg\u00e4ngert\u00fcr Group 3 Informationen anfordern Der Einbau der Fu\u00dfg\u00e4ngert\u00fcr erm\u00f6glicht einen bequemen Durchgang f\u00fcr Fu\u00dfg\u00e4nger, was vor allem bei sehr gro\u00dfen","robots":{"index":"index","follow":"follow","max-snippet":"max-snippet:-1","max-image-preview":"max-image-preview:large","max-video-preview":"max-video-preview:-1"},"canonical":"https:\/\/www.silvelox.it\/de\/porta-pedonale-historico\/","og_locale":"de_DE","og_type":"article","og_title":"Porta Pedonale - silvelox de","og_description":"Fu\u00dfg\u00e4ngert\u00fcr Group 3 Informationen anfordern Der Einbau der Fu\u00dfg\u00e4ngert\u00fcr erm\u00f6glicht einen bequemen Durchgang f\u00fcr Fu\u00dfg\u00e4nger, was vor allem bei sehr gro\u00dfen","og_url":"https:\/\/www.silvelox.it\/de\/porta-pedonale-historico\/","og_site_name":"silvelox de","article_modified_time":"2024-03-22T14:06:54+00:00","og_image":[{"url":"https:\/\/www.silvelox.it\/deu\/wp-content\/uploads\/sites\/4\/2022\/12\/porta-pedonale-img.png","type":"","width":"","height":""}],"twitter_card":"summary_large_image","twitter_misc":{"Gesch\u00e4tzte Lesezeit":"1\u00a0Minute"},"schema":{"@context":"https:\/\/schema.org","@graph":[{"@type":"WebPage","@id":"https:\/\/www.silvelox.it\/de\/porta-pedonale-historico\/","url":"https:\/\/www.silvelox.it\/de\/porta-pedonale-historico\/","name":"Porta Pedonale - silvelox de","isPartOf":{"@id":"https:\/\/www.silvelox.it\/de\/#website"},"primaryImageOfPage":{"@id":"https:\/\/www.silvelox.it\/de\/porta-pedonale-historico\/#primaryimage"},"image":{"@id":"https:\/\/www.silvelox.it\/de\/porta-pedonale-historico\/#primaryimage"},"thumbnailUrl":"https:\/\/www.silvelox.it\/deu\/wp-content\/uploads\/sites\/4\/2022\/12\/porta-pedonale-img.png","datePublished":"2022-12-23T05:26:06+00:00","dateModified":"2024-03-22T14:06:54+00:00","description":"Fu\u00dfg\u00e4ngert\u00fcr Group 3 Informationen anfordern Der Einbau der Fu\u00dfg\u00e4ngert\u00fcr erm\u00f6glicht einen bequemen Durchgang f\u00fcr Fu\u00dfg\u00e4nger, was vor allem bei sehr gro\u00dfen","breadcrumb":{"@id":"https:\/\/www.silvelox.it\/de\/porta-pedonale-historico\/#breadcrumb"},"inLanguage":"de","potentialAction":[{"@type":"ReadAction","target":["https:\/\/www.silvelox.it\/de\/porta-pedonale-historico\/"]}]},{"@type":"ImageObject","inLanguage":"de","@id":"https:\/\/www.silvelox.it\/de\/porta-pedonale-historico\/#primaryimage","url":"https:\/\/www.silvelox.it\/de\/wp-content\/uploads\/sites\/4\/2022\/12\/porta-pedonale-img.png","contentUrl":"https:\/\/www.silvelox.it\/de\/wp-content\/uploads\/sites\/4\/2022\/12\/porta-pedonale-img.png","width":1200,"height":897},{"@type":"BreadcrumbList","@id":"https:\/\/www.silvelox.it\/de\/porta-pedonale-historico\/#breadcrumb","itemListElement":[{"@type":"ListItem","position":1,"name":"Home","item":"https:\/\/www.silvelox.it\/de\/"},{"@type":"ListItem","position":2,"name":"Porta Pedonale"}]},{"@type":"WebSite","@id":"https:\/\/www.silvelox.it\/de\/#website","url":"https:\/\/www.silvelox.it\/de\/","name":"silvelox de","description":"","potentialAction":[{"@type":"SearchAction","target":{"@type":"EntryPoint","urlTemplate":"https:\/\/www.silvelox.it\/de\/?s={search_term_string}"},"query-input":{"@type":"PropertyValueSpecification","valueRequired":true,"valueName":"search_term_string"}}],"inLanguage":"de"}]}},"_links":{"self":[{"href":"https:\/\/www.silvelox.it\/de\/wp-json\/wp\/v2\/pages\/5205","targetHints":{"allow":["GET"]}}],"collection":[{"href":"https:\/\/www.silvelox.it\/de\/wp-json\/wp\/v2\/pages"}],"about":[{"href":"https:\/\/www.silvelox.it\/de\/wp-json\/wp\/v2\/types\/page"}],"author":[{"embeddable":true,"href":"https:\/\/www.silvelox.it\/de\/wp-json\/wp\/v2\/users\/2"}],"replies":[{"embeddable":true,"href":"https:\/\/www.silvelox.it\/de\/wp-json\/wp\/v2\/comments?post=5205"}],"version-history":[{"count":16,"href":"https:\/\/www.silvelox.it\/de\/wp-json\/wp\/v2\/pages\/5205\/revisions"}],"predecessor-version":[{"id":11415,"href":"https:\/\/www.silvelox.it\/de\/wp-json\/wp\/v2\/pages\/5205\/revisions\/11415"}],"wp:attachment":[{"href":"https:\/\/www.silvelox.it\/de\/wp-json\/wp\/v2\/media?parent=5205"}],"curies":[{"name":"wp","href":"https:\/\/api.w.org\/{rel}","templated":true}]}}