{"id":5044,"date":"2022-12-21T13:06:06","date_gmt":"2022-12-21T12:06:06","guid":{"rendered":"https:\/\/www.silvelox.it\/deu\/?page_id=5044"},"modified":"2025-06-20T15:25:15","modified_gmt":"2025-06-20T13:25:15","slug":"motorisierung-securlap","status":"publish","type":"page","link":"https:\/\/www.silvelox.it\/de\/motorisierung-securlap\/","title":{"rendered":"Motorisierung securlap"},"content":{"rendered":"\t\t<div data-elementor-type=\"wp-page\" data-elementor-id=\"5044\" class=\"elementor elementor-5044\" data-elementor-post-type=\"page\">\n\t\t\t\t\t\t<section class=\"elementor-section elementor-top-section elementor-element elementor-element-21fc21d4 news-main-sec meccanica elementor-section-content-middle elementor-section-boxed elementor-section-height-default elementor-section-height-default\" data-id=\"21fc21d4\" data-element_type=\"section\" data-e-type=\"section\">\n\t\t\t\t\t\t<div class=\"elementor-container elementor-column-gap-default\">\n\t\t\t\t\t<div class=\"elementor-column elementor-col-50 elementor-top-column elementor-element elementor-element-a0ed47b\" data-id=\"a0ed47b\" data-element_type=\"column\" data-e-type=\"column\">\n\t\t\t<div class=\"elementor-widget-wrap elementor-element-populated\">\n\t\t\t\t\t\t<div class=\"elementor-element elementor-element-75aaae85 elementor-widget elementor-widget-heading\" data-id=\"75aaae85\" data-element_type=\"widget\" data-e-type=\"widget\" data-widget_type=\"heading.default\">\n\t\t\t\t<div class=\"elementor-widget-container\">\n\t\t\t\t\t<h1 class=\"elementor-heading-title elementor-size-default\">Mehr Platz f\u00fcr Ihren Raum<\/h1>\t\t\t\t<\/div>\n\t\t\t\t<\/div>\n\t\t\t\t\t<\/div>\n\t\t<\/div>\n\t\t\t\t<div class=\"elementor-column elementor-col-50 elementor-top-column elementor-element elementor-element-3e726f30 lavoran-info\" data-id=\"3e726f30\" data-element_type=\"column\" data-e-type=\"column\">\n\t\t\t<div class=\"elementor-widget-wrap elementor-element-populated\">\n\t\t\t\t\t\t<div class=\"elementor-element elementor-element-b1d8a65 elementor-icon-list--layout-inline elementor-align-end mecc-bann-buttons elementor-list-item-link-full_width elementor-widget elementor-widget-icon-list\" data-id=\"b1d8a65\" data-element_type=\"widget\" data-e-type=\"widget\" data-widget_type=\"icon-list.default\">\n\t\t\t\t<div class=\"elementor-widget-container\">\n\t\t\t\t\t\t\t<ul class=\"elementor-icon-list-items elementor-inline-items\">\n\t\t\t\t\t\t\t<li class=\"elementor-icon-list-item elementor-inline-item\">\n\t\t\t\t\t\t\t\t\t\t\t<a href=\"#footer-main-form\">\n\n\t\t\t\t\t\t\t\t\t\t\t\t<span class=\"elementor-icon-list-icon\">\n\t\t\t\t\t\t\t<svg xmlns=\"http:\/\/www.w3.org\/2000\/svg\" xmlns:xlink=\"http:\/\/www.w3.org\/1999\/xlink\" width=\"21px\" height=\"21px\" viewBox=\"0 0 21 21\"><title>Group 3<\/title><g id=\"Page-1\" stroke=\"none\" stroke-width=\"1\" fill=\"none\" fill-rule=\"evenodd\" stroke-linecap=\"round\"><g id=\"01---Homepage\" transform=\"translate(-1076.000000, -1808.000000)\" stroke=\"#976747\" stroke-width=\"2\"><g id=\"Group-6\" transform=\"translate(145.000000, 1472.873548)\"><g id=\"Group-4\" transform=\"translate(814.600000, 336.195204)\"><g id=\"Group-3\" transform=\"translate(117.400000, 0.000000)\"><line x1=\"18.5398218\" y1=\"8.89911447\" x2=\"0.539821812\" y2=\"8.89911447\" id=\"Line-2\"><\/line><line x1=\"9.64070734\" y1=\"0\" x2=\"9.64070734\" y2=\"18\" id=\"Line-2\"><\/line><\/g><\/g><\/g><\/g><\/g><\/svg>\t\t\t\t\t\t<\/span>\n\t\t\t\t\t\t\t\t\t\t<span class=\"elementor-icon-list-text\">Informationen anfordern<\/span>\n\t\t\t\t\t\t\t\t\t\t\t<\/a>\n\t\t\t\t\t\t\t\t\t<\/li>\n\t\t\t\t\t\t<\/ul>\n\t\t\t\t\t\t<\/div>\n\t\t\t\t<\/div>\n\t\t\t\t\t<\/div>\n\t\t<\/div>\n\t\t\t\t\t<\/div>\n\t\t<\/section>\n\t\t\t\t<section class=\"elementor-section elementor-top-section elementor-element elementor-element-1d924abf mecc-sec-one elementor-section-boxed elementor-section-height-default elementor-section-height-default\" data-id=\"1d924abf\" data-element_type=\"section\" data-e-type=\"section\">\n\t\t\t\t\t\t<div class=\"elementor-container elementor-column-gap-default\">\n\t\t\t\t\t<div class=\"elementor-column elementor-col-100 elementor-top-column elementor-element elementor-element-626672e4\" data-id=\"626672e4\" data-element_type=\"column\" data-e-type=\"column\">\n\t\t\t<div class=\"elementor-widget-wrap elementor-element-populated\">\n\t\t\t\t\t\t<div class=\"elementor-element elementor-element-29653df0 la-limita-sec elementor-widget elementor-widget-text-editor\" data-id=\"29653df0\" data-element_type=\"widget\" data-e-type=\"widget\" data-widget_type=\"text-editor.default\">\n\t\t\t\t<div class=\"elementor-widget-container\">\n\t\t\t\t\t\t\t\t\t<p>Das SECURLAP_OO-Sektionaltor verf\u00fcgt \u00fcber eine einheitliche Mechanik f\u00fcr jede Art von Wandhohlraum und l\u00e4sst sich au\u00dferdem leicht an verschiedene Renovierungssituationen in jedem Geb\u00e4udetyp anpassen. Es eignet sich f\u00fcr den Einsatz in besonderen Innenraumsituationen, die durch schr\u00e4ge, gew\u00f6lbte, niedrige Balken und Seitenw\u00e4nde mit engem Radius sowie durch schr\u00e4ge Decken gekennzeichnet sind.<\/p>\t\t\t\t\t\t\t\t<\/div>\n\t\t\t\t<\/div>\n\t\t\t\t\t<\/div>\n\t\t<\/div>\n\t\t\t\t\t<\/div>\n\t\t<\/section>\n\t\t\t\t<section class=\"elementor-section elementor-top-section elementor-element elementor-element-5278835 mecc-sec-two elementor-section-boxed elementor-section-height-default elementor-section-height-default\" data-id=\"5278835\" data-element_type=\"section\" data-e-type=\"section\">\n\t\t\t\t\t\t<div class=\"elementor-container elementor-column-gap-default\">\n\t\t\t\t\t<div class=\"elementor-column elementor-col-50 elementor-top-column elementor-element elementor-element-8e8b529 anta-main-sec\" data-id=\"8e8b529\" data-element_type=\"column\" data-e-type=\"column\">\n\t\t\t<div class=\"elementor-widget-wrap elementor-element-populated\">\n\t\t\t\t\t\t<div class=\"elementor-element elementor-element-173c5d9 elementor-widget__width-initial elementor-position-top elementor-widget elementor-widget-image-box\" data-id=\"173c5d9\" data-element_type=\"widget\" data-e-type=\"widget\" data-widget_type=\"image-box.default\">\n\t\t\t\t<div class=\"elementor-widget-container\">\n\t\t\t\t\t<div class=\"elementor-image-box-wrapper\"><figure class=\"elementor-image-box-img\"><img fetchpriority=\"high\" decoding=\"async\" width=\"2025\" height=\"1336\" src=\"https:\/\/www.silvelox.it\/de\/wp-content\/uploads\/sites\/4\/2025\/06\/Catalogo-Silvelox-Overlap_unlocked_mod-48.png\" class=\"attachment-2048x2048 size-2048x2048 wp-image-13245\" alt=\"\" srcset=\"https:\/\/www.silvelox.it\/de\/wp-content\/uploads\/sites\/4\/2025\/06\/Catalogo-Silvelox-Overlap_unlocked_mod-48.png 2025w, https:\/\/www.silvelox.it\/de\/wp-content\/uploads\/sites\/4\/2025\/06\/Catalogo-Silvelox-Overlap_unlocked_mod-48-300x198.png 300w, https:\/\/www.silvelox.it\/de\/wp-content\/uploads\/sites\/4\/2025\/06\/Catalogo-Silvelox-Overlap_unlocked_mod-48-1024x676.png 1024w, https:\/\/www.silvelox.it\/de\/wp-content\/uploads\/sites\/4\/2025\/06\/Catalogo-Silvelox-Overlap_unlocked_mod-48-768x507.png 768w, https:\/\/www.silvelox.it\/de\/wp-content\/uploads\/sites\/4\/2025\/06\/Catalogo-Silvelox-Overlap_unlocked_mod-48-1536x1013.png 1536w\" sizes=\"(max-width: 2025px) 100vw, 2025px\" \/><\/figure><\/div>\t\t\t\t<\/div>\n\t\t\t\t<\/div>\n\t\t\t\t\t<\/div>\n\t\t<\/div>\n\t\t\t\t<div class=\"elementor-column elementor-col-50 elementor-top-column elementor-element elementor-element-6ba68fe anta-main-sec\" data-id=\"6ba68fe\" data-element_type=\"column\" data-e-type=\"column\">\n\t\t\t<div class=\"elementor-widget-wrap elementor-element-populated\">\n\t\t\t\t\t\t<div class=\"elementor-element elementor-element-0e3c5ae elementor-widget__width-initial elementor-position-top elementor-widget elementor-widget-image-box\" data-id=\"0e3c5ae\" data-element_type=\"widget\" data-e-type=\"widget\" data-widget_type=\"image-box.default\">\n\t\t\t\t<div class=\"elementor-widget-container\">\n\t\t\t\t\t<div class=\"elementor-image-box-wrapper\"><figure class=\"elementor-image-box-img\"><img decoding=\"async\" width=\"2348\" height=\"1320\" src=\"https:\/\/www.silvelox.it\/de\/wp-content\/uploads\/sites\/4\/2025\/06\/Catalogo-Silvelox-Overlap_unlocked_mod-49.png\" class=\"attachment-full size-full wp-image-13246\" alt=\"\" srcset=\"https:\/\/www.silvelox.it\/de\/wp-content\/uploads\/sites\/4\/2025\/06\/Catalogo-Silvelox-Overlap_unlocked_mod-49.png 2348w, https:\/\/www.silvelox.it\/de\/wp-content\/uploads\/sites\/4\/2025\/06\/Catalogo-Silvelox-Overlap_unlocked_mod-49-300x169.png 300w, https:\/\/www.silvelox.it\/de\/wp-content\/uploads\/sites\/4\/2025\/06\/Catalogo-Silvelox-Overlap_unlocked_mod-49-1024x576.png 1024w, https:\/\/www.silvelox.it\/de\/wp-content\/uploads\/sites\/4\/2025\/06\/Catalogo-Silvelox-Overlap_unlocked_mod-49-768x432.png 768w, https:\/\/www.silvelox.it\/de\/wp-content\/uploads\/sites\/4\/2025\/06\/Catalogo-Silvelox-Overlap_unlocked_mod-49-1536x864.png 1536w, https:\/\/www.silvelox.it\/de\/wp-content\/uploads\/sites\/4\/2025\/06\/Catalogo-Silvelox-Overlap_unlocked_mod-49-2048x1151.png 2048w\" sizes=\"(max-width: 2348px) 100vw, 2348px\" \/><\/figure><\/div>\t\t\t\t<\/div>\n\t\t\t\t<\/div>\n\t\t\t\t\t<\/div>\n\t\t<\/div>\n\t\t\t\t\t<\/div>\n\t\t<\/section>\n\t\t\t\t<\/div>\n\t\t","protected":false},"excerpt":{"rendered":"<p>Mehr Platz f\u00fcr Ihren Raum Group 3 Informationen anfordern Das SECURLAP_OO-Sektionaltor verf\u00fcgt \u00fcber eine einheitliche Mechanik f\u00fcr jede Art von Wandhohlraum und l\u00e4sst sich au\u00dferdem leicht an verschiedene Renovierungssituationen in jedem Geb\u00e4udetyp anpassen. Es eignet sich f\u00fcr den Einsatz in besonderen Innenraumsituationen, die durch schr\u00e4ge, gew\u00f6lbte, niedrige Balken und Seitenw\u00e4nde mit engem Radius sowie durch [&hellip;]<\/p>\n","protected":false},"author":2,"featured_media":0,"parent":0,"menu_order":0,"comment_status":"closed","ping_status":"closed","template":"","meta":{"_acf_changed":false,"footnotes":""},"class_list":["post-5044","page","type-page","status-publish","hentry"],"acf":[],"yoast_head":"<!-- This site is optimized with the Yoast SEO plugin v27.5 - https:\/\/yoast.com\/product\/yoast-seo-wordpress\/ -->\n<title>Motorisierung securlap - silvelox de<\/title>\n<meta name=\"description\" content=\"Mehr Platz f\u00fcr Ihren Raum Group 3 Informationen anfordern Das SECURLAP_OO-Sektionaltor verf\u00fcgt \u00fcber eine einheitliche Mechanik f\u00fcr jede Art von\" \/>\n<meta name=\"robots\" content=\"index, follow, max-snippet:-1, max-image-preview:large, max-video-preview:-1\" \/>\n<link rel=\"canonical\" href=\"https:\/\/www.silvelox.it\/de\/motorisierung-securlap\/\" \/>\n<meta property=\"og:locale\" content=\"de_DE\" \/>\n<meta property=\"og:type\" content=\"article\" \/>\n<meta property=\"og:title\" content=\"Motorisierung securlap - silvelox de\" \/>\n<meta property=\"og:description\" content=\"Mehr Platz f\u00fcr Ihren Raum Group 3 Informationen anfordern Das SECURLAP_OO-Sektionaltor verf\u00fcgt \u00fcber eine einheitliche Mechanik f\u00fcr jede Art von\" \/>\n<meta property=\"og:url\" content=\"https:\/\/www.silvelox.it\/de\/motorisierung-securlap\/\" \/>\n<meta property=\"og:site_name\" content=\"silvelox de\" \/>\n<meta property=\"article:modified_time\" content=\"2025-06-20T13:25:15+00:00\" \/>\n<meta property=\"og:image\" content=\"https:\/\/www.silvelox.it\/de\/wp-content\/uploads\/sites\/4\/2025\/06\/Catalogo-Silvelox-Overlap_unlocked_mod-48.png\" \/>\n<meta name=\"twitter:card\" content=\"summary_large_image\" \/>\n<meta name=\"twitter:label1\" content=\"Gesch\u00e4tzte Lesezeit\" \/>\n\t<meta name=\"twitter:data1\" content=\"1\u00a0Minute\" \/>\n<script type=\"application\/ld+json\" class=\"yoast-schema-graph\">{\"@context\":\"https:\\\/\\\/schema.org\",\"@graph\":[{\"@type\":\"WebPage\",\"@id\":\"https:\\\/\\\/www.silvelox.it\\\/de\\\/motorisierung-securlap\\\/\",\"url\":\"https:\\\/\\\/www.silvelox.it\\\/de\\\/motorisierung-securlap\\\/\",\"name\":\"Motorisierung securlap - silvelox de\",\"isPartOf\":{\"@id\":\"https:\\\/\\\/www.silvelox.it\\\/de\\\/#website\"},\"primaryImageOfPage\":{\"@id\":\"https:\\\/\\\/www.silvelox.it\\\/de\\\/motorisierung-securlap\\\/#primaryimage\"},\"image\":{\"@id\":\"https:\\\/\\\/www.silvelox.it\\\/de\\\/motorisierung-securlap\\\/#primaryimage\"},\"thumbnailUrl\":\"https:\\\/\\\/www.silvelox.it\\\/de\\\/wp-content\\\/uploads\\\/sites\\\/4\\\/2025\\\/06\\\/Catalogo-Silvelox-Overlap_unlocked_mod-48.png\",\"datePublished\":\"2022-12-21T12:06:06+00:00\",\"dateModified\":\"2025-06-20T13:25:15+00:00\",\"description\":\"Mehr Platz f\u00fcr Ihren Raum Group 3 Informationen anfordern Das SECURLAP_OO-Sektionaltor verf\u00fcgt \u00fcber eine einheitliche Mechanik f\u00fcr jede Art von\",\"breadcrumb\":{\"@id\":\"https:\\\/\\\/www.silvelox.it\\\/de\\\/motorisierung-securlap\\\/#breadcrumb\"},\"inLanguage\":\"de\",\"potentialAction\":[{\"@type\":\"ReadAction\",\"target\":[\"https:\\\/\\\/www.silvelox.it\\\/de\\\/motorisierung-securlap\\\/\"]}]},{\"@type\":\"ImageObject\",\"inLanguage\":\"de\",\"@id\":\"https:\\\/\\\/www.silvelox.it\\\/de\\\/motorisierung-securlap\\\/#primaryimage\",\"url\":\"https:\\\/\\\/www.silvelox.it\\\/de\\\/wp-content\\\/uploads\\\/sites\\\/4\\\/2025\\\/06\\\/Catalogo-Silvelox-Overlap_unlocked_mod-48.png\",\"contentUrl\":\"https:\\\/\\\/www.silvelox.it\\\/de\\\/wp-content\\\/uploads\\\/sites\\\/4\\\/2025\\\/06\\\/Catalogo-Silvelox-Overlap_unlocked_mod-48.png\",\"width\":2025,\"height\":1336},{\"@type\":\"BreadcrumbList\",\"@id\":\"https:\\\/\\\/www.silvelox.it\\\/de\\\/motorisierung-securlap\\\/#breadcrumb\",\"itemListElement\":[{\"@type\":\"ListItem\",\"position\":1,\"name\":\"Home\",\"item\":\"https:\\\/\\\/www.silvelox.it\\\/de\\\/\"},{\"@type\":\"ListItem\",\"position\":2,\"name\":\"Motorisierung securlap\"}]},{\"@type\":\"WebSite\",\"@id\":\"https:\\\/\\\/www.silvelox.it\\\/de\\\/#website\",\"url\":\"https:\\\/\\\/www.silvelox.it\\\/de\\\/\",\"name\":\"silvelox de\",\"description\":\"\",\"potentialAction\":[{\"@type\":\"SearchAction\",\"target\":{\"@type\":\"EntryPoint\",\"urlTemplate\":\"https:\\\/\\\/www.silvelox.it\\\/de\\\/?s={search_term_string}\"},\"query-input\":{\"@type\":\"PropertyValueSpecification\",\"valueRequired\":true,\"valueName\":\"search_term_string\"}}],\"inLanguage\":\"de\"}]}<\/script>\n<!-- \/ Yoast SEO plugin. -->","yoast_head_json":{"title":"Motorisierung securlap - silvelox de","description":"Mehr Platz f\u00fcr Ihren Raum Group 3 Informationen anfordern Das SECURLAP_OO-Sektionaltor verf\u00fcgt \u00fcber eine einheitliche Mechanik f\u00fcr jede Art von","robots":{"index":"index","follow":"follow","max-snippet":"max-snippet:-1","max-image-preview":"max-image-preview:large","max-video-preview":"max-video-preview:-1"},"canonical":"https:\/\/www.silvelox.it\/de\/motorisierung-securlap\/","og_locale":"de_DE","og_type":"article","og_title":"Motorisierung securlap - silvelox de","og_description":"Mehr Platz f\u00fcr Ihren Raum Group 3 Informationen anfordern Das SECURLAP_OO-Sektionaltor verf\u00fcgt \u00fcber eine einheitliche Mechanik f\u00fcr jede Art von","og_url":"https:\/\/www.silvelox.it\/de\/motorisierung-securlap\/","og_site_name":"silvelox de","article_modified_time":"2025-06-20T13:25:15+00:00","og_image":[{"url":"https:\/\/www.silvelox.it\/de\/wp-content\/uploads\/sites\/4\/2025\/06\/Catalogo-Silvelox-Overlap_unlocked_mod-48.png","type":"","width":"","height":""}],"twitter_card":"summary_large_image","twitter_misc":{"Gesch\u00e4tzte Lesezeit":"1\u00a0Minute"},"schema":{"@context":"https:\/\/schema.org","@graph":[{"@type":"WebPage","@id":"https:\/\/www.silvelox.it\/de\/motorisierung-securlap\/","url":"https:\/\/www.silvelox.it\/de\/motorisierung-securlap\/","name":"Motorisierung securlap - silvelox de","isPartOf":{"@id":"https:\/\/www.silvelox.it\/de\/#website"},"primaryImageOfPage":{"@id":"https:\/\/www.silvelox.it\/de\/motorisierung-securlap\/#primaryimage"},"image":{"@id":"https:\/\/www.silvelox.it\/de\/motorisierung-securlap\/#primaryimage"},"thumbnailUrl":"https:\/\/www.silvelox.it\/de\/wp-content\/uploads\/sites\/4\/2025\/06\/Catalogo-Silvelox-Overlap_unlocked_mod-48.png","datePublished":"2022-12-21T12:06:06+00:00","dateModified":"2025-06-20T13:25:15+00:00","description":"Mehr Platz f\u00fcr Ihren Raum Group 3 Informationen anfordern Das SECURLAP_OO-Sektionaltor verf\u00fcgt \u00fcber eine einheitliche Mechanik f\u00fcr jede Art von","breadcrumb":{"@id":"https:\/\/www.silvelox.it\/de\/motorisierung-securlap\/#breadcrumb"},"inLanguage":"de","potentialAction":[{"@type":"ReadAction","target":["https:\/\/www.silvelox.it\/de\/motorisierung-securlap\/"]}]},{"@type":"ImageObject","inLanguage":"de","@id":"https:\/\/www.silvelox.it\/de\/motorisierung-securlap\/#primaryimage","url":"https:\/\/www.silvelox.it\/de\/wp-content\/uploads\/sites\/4\/2025\/06\/Catalogo-Silvelox-Overlap_unlocked_mod-48.png","contentUrl":"https:\/\/www.silvelox.it\/de\/wp-content\/uploads\/sites\/4\/2025\/06\/Catalogo-Silvelox-Overlap_unlocked_mod-48.png","width":2025,"height":1336},{"@type":"BreadcrumbList","@id":"https:\/\/www.silvelox.it\/de\/motorisierung-securlap\/#breadcrumb","itemListElement":[{"@type":"ListItem","position":1,"name":"Home","item":"https:\/\/www.silvelox.it\/de\/"},{"@type":"ListItem","position":2,"name":"Motorisierung securlap"}]},{"@type":"WebSite","@id":"https:\/\/www.silvelox.it\/de\/#website","url":"https:\/\/www.silvelox.it\/de\/","name":"silvelox de","description":"","potentialAction":[{"@type":"SearchAction","target":{"@type":"EntryPoint","urlTemplate":"https:\/\/www.silvelox.it\/de\/?s={search_term_string}"},"query-input":{"@type":"PropertyValueSpecification","valueRequired":true,"valueName":"search_term_string"}}],"inLanguage":"de"}]}},"_links":{"self":[{"href":"https:\/\/www.silvelox.it\/de\/wp-json\/wp\/v2\/pages\/5044","targetHints":{"allow":["GET"]}}],"collection":[{"href":"https:\/\/www.silvelox.it\/de\/wp-json\/wp\/v2\/pages"}],"about":[{"href":"https:\/\/www.silvelox.it\/de\/wp-json\/wp\/v2\/types\/page"}],"author":[{"embeddable":true,"href":"https:\/\/www.silvelox.it\/de\/wp-json\/wp\/v2\/users\/2"}],"replies":[{"embeddable":true,"href":"https:\/\/www.silvelox.it\/de\/wp-json\/wp\/v2\/comments?post=5044"}],"version-history":[{"count":33,"href":"https:\/\/www.silvelox.it\/de\/wp-json\/wp\/v2\/pages\/5044\/revisions"}],"predecessor-version":[{"id":13249,"href":"https:\/\/www.silvelox.it\/de\/wp-json\/wp\/v2\/pages\/5044\/revisions\/13249"}],"wp:attachment":[{"href":"https:\/\/www.silvelox.it\/de\/wp-json\/wp\/v2\/media?parent=5044"}],"curies":[{"name":"wp","href":"https:\/\/api.w.org\/{rel}","templated":true}]}}