{"id":4996,"date":"2022-12-21T12:17:26","date_gmt":"2022-12-21T11:17:26","guid":{"rendered":"https:\/\/www.silvelox.it\/deu\/?page_id=4996"},"modified":"2023-11-15T11:32:55","modified_gmt":"2023-11-15T10:32:55","slug":"einzigartigkeit-securlap","status":"publish","type":"page","link":"https:\/\/www.silvelox.it\/de\/einzigartigkeit-securlap\/","title":{"rendered":"Einzigartigkeit securlap"},"content":{"rendered":"\t\t<div data-elementor-type=\"wp-page\" data-elementor-id=\"4996\" class=\"elementor elementor-4996\" data-elementor-post-type=\"page\">\n\t\t\t\t\t\t<section class=\"elementor-section elementor-top-section elementor-element elementor-element-734c5d2 news-main-sec meccanica elementor-section-content-middle elementor-section-boxed elementor-section-height-default elementor-section-height-default\" data-id=\"734c5d2\" data-element_type=\"section\" data-e-type=\"section\">\n\t\t\t\t\t\t<div class=\"elementor-container elementor-column-gap-default\">\n\t\t\t\t\t<div class=\"elementor-column elementor-col-50 elementor-top-column elementor-element elementor-element-170008b9\" data-id=\"170008b9\" data-element_type=\"column\" data-e-type=\"column\">\n\t\t\t<div class=\"elementor-widget-wrap elementor-element-populated\">\n\t\t\t\t\t\t<div class=\"elementor-element elementor-element-11ffc8bd elementor-widget elementor-widget-heading\" data-id=\"11ffc8bd\" data-element_type=\"widget\" data-e-type=\"widget\" data-widget_type=\"heading.default\">\n\t\t\t\t<div class=\"elementor-widget-container\">\n\t\t\t\t\t<h1 class=\"elementor-heading-title elementor-size-default\">Einzigartigkeit<\/h1>\t\t\t\t<\/div>\n\t\t\t\t<\/div>\n\t\t\t\t\t<\/div>\n\t\t<\/div>\n\t\t\t\t<div class=\"elementor-column elementor-col-50 elementor-top-column elementor-element elementor-element-39a83538 lavoran-info\" data-id=\"39a83538\" data-element_type=\"column\" data-e-type=\"column\">\n\t\t\t<div class=\"elementor-widget-wrap elementor-element-populated\">\n\t\t\t\t\t\t<div class=\"elementor-element elementor-element-1b5c9ca elementor-icon-list--layout-inline elementor-align-end mecc-bann-buttons elementor-list-item-link-full_width elementor-widget elementor-widget-icon-list\" data-id=\"1b5c9ca\" data-element_type=\"widget\" data-e-type=\"widget\" data-widget_type=\"icon-list.default\">\n\t\t\t\t<div class=\"elementor-widget-container\">\n\t\t\t\t\t\t\t<ul class=\"elementor-icon-list-items elementor-inline-items\">\n\t\t\t\t\t\t\t<li class=\"elementor-icon-list-item elementor-inline-item\">\n\t\t\t\t\t\t\t\t\t\t\t<a href=\"#footer-main-form\">\n\n\t\t\t\t\t\t\t\t\t\t\t\t<span class=\"elementor-icon-list-icon\">\n\t\t\t\t\t\t\t<svg xmlns=\"http:\/\/www.w3.org\/2000\/svg\" xmlns:xlink=\"http:\/\/www.w3.org\/1999\/xlink\" width=\"21px\" height=\"21px\" viewBox=\"0 0 21 21\"><title>Group 3<\/title><g id=\"Page-1\" stroke=\"none\" stroke-width=\"1\" fill=\"none\" fill-rule=\"evenodd\" stroke-linecap=\"round\"><g id=\"01---Homepage\" transform=\"translate(-1076.000000, -1808.000000)\" stroke=\"#976747\" stroke-width=\"2\"><g id=\"Group-6\" transform=\"translate(145.000000, 1472.873548)\"><g id=\"Group-4\" transform=\"translate(814.600000, 336.195204)\"><g id=\"Group-3\" transform=\"translate(117.400000, 0.000000)\"><line x1=\"18.5398218\" y1=\"8.89911447\" x2=\"0.539821812\" y2=\"8.89911447\" id=\"Line-2\"><\/line><line x1=\"9.64070734\" y1=\"0\" x2=\"9.64070734\" y2=\"18\" id=\"Line-2\"><\/line><\/g><\/g><\/g><\/g><\/g><\/svg>\t\t\t\t\t\t<\/span>\n\t\t\t\t\t\t\t\t\t\t<span class=\"elementor-icon-list-text\">Informationen anfordern<\/span>\n\t\t\t\t\t\t\t\t\t\t\t<\/a>\n\t\t\t\t\t\t\t\t\t<\/li>\n\t\t\t\t\t\t<\/ul>\n\t\t\t\t\t\t<\/div>\n\t\t\t\t<\/div>\n\t\t\t\t\t<\/div>\n\t\t<\/div>\n\t\t\t\t\t<\/div>\n\t\t<\/section>\n\t\t\t\t<section class=\"elementor-section elementor-top-section elementor-element elementor-element-5dfba22 mecc-sec-one elementor-section-boxed elementor-section-height-default elementor-section-height-default\" data-id=\"5dfba22\" data-element_type=\"section\" data-e-type=\"section\">\n\t\t\t\t\t\t<div class=\"elementor-container elementor-column-gap-default\">\n\t\t\t\t\t<div class=\"elementor-column elementor-col-100 elementor-top-column elementor-element elementor-element-2704d6b\" data-id=\"2704d6b\" data-element_type=\"column\" data-e-type=\"column\">\n\t\t\t<div class=\"elementor-widget-wrap elementor-element-populated\">\n\t\t\t\t\t\t<div class=\"elementor-element elementor-element-965c50d la-limita-sec elementor-widget elementor-widget-text-editor\" data-id=\"965c50d\" data-element_type=\"widget\" data-e-type=\"widget\" data-widget_type=\"text-editor.default\">\n\t\t\t\t<div class=\"elementor-widget-container\">\n\t\t\t\t\t\t\t\t\t<p><strong>SECURLAP ist das einzige Sektionaltor, das durch sein originelles \u00d6ffnungssystem innovativ ist, da es keine Deckenschienen ben\u00f6tigt und den Platzbedarf im Innenraum halbiert.<\/strong><\/p><p>Mit SECURLAP nutzen Sie den Platz in der Garage optimal aus und optimieren den Durchgangsraum sowohl in der H\u00f6he als auch in der Breite. Bei ge\u00f6ffnetem Torblatt ist die Durchfahrtsh\u00f6he nur 200 mm geringer als die Deckenh\u00f6he.<\/p><p>Der Konstruktionsstandard des SECURLAP-Sektionaltors ist das in der oberen Querstange der Zarge eingebaute Silvelox-Motorisierungssystem. Dieses System treibt die Bewegung des Torfl\u00fcgels an, ohne dass ein Motor und sichtbare, an der Decke angebrachte F\u00fchrungen erforderlich sind.<\/p><p>Der Fl\u00fcgel hebt sich, faltet sich in der H\u00e4lfte, dreht sich unter der Decke und teilt sich in zwei Teile, wobei der untere unter den oberen gleitet.<\/p><p><strong>MINIMALER RAUM. MAXIMALE \u00d6FFNUNG.<\/strong><\/p><p>SECURLAP ist ein innovatives Sektionaltor mit einem originellen \u00d6ffnungssystem, das keine Deckenschienen ben\u00f6tigt und die Innenma\u00dfe halbiert. Mit SECURLAP nutzen Sie den Raum in der Garage optimal aus und optimieren das Licht in der Durchfahrt, sowohl in der H\u00f6he als auch in der Breite. Bei ge\u00f6ffnetem Torblatt ist die Durchfahrtsh\u00f6he nur 200 mm geringer als die Deckenh\u00f6he. Der Konstruktionsstandard des SECURLAP-Sektionaltors ist das in der oberen Querstange des Rahmens eingebaute Silvelox-Motorisierungssystem. Dieses System treibt die Bewegung des Torfl\u00fcgels an, ohne dass sichtbare Motoren und an der Decke angebrachte F\u00fchrungen erforderlich sind.<\/p>\t\t\t\t\t\t\t\t<\/div>\n\t\t\t\t<\/div>\n\t\t\t\t<div class=\"elementor-element elementor-element-caa2b21 elementor-arrows-position-inside elementor-widget elementor-widget-image-carousel\" data-id=\"caa2b21\" data-element_type=\"widget\" data-e-type=\"widget\" data-settings=\"{&quot;slides_to_show&quot;:&quot;4&quot;,&quot;slides_to_scroll&quot;:&quot;1&quot;,&quot;navigation&quot;:&quot;arrows&quot;,&quot;image_spacing_custom&quot;:{&quot;unit&quot;:&quot;px&quot;,&quot;size&quot;:10,&quot;sizes&quot;:[]},&quot;autoplay&quot;:&quot;yes&quot;,&quot;pause_on_hover&quot;:&quot;yes&quot;,&quot;pause_on_interaction&quot;:&quot;yes&quot;,&quot;autoplay_speed&quot;:5000,&quot;infinite&quot;:&quot;yes&quot;,&quot;speed&quot;:500,&quot;image_spacing_custom_tablet&quot;:{&quot;unit&quot;:&quot;px&quot;,&quot;size&quot;:&quot;&quot;,&quot;sizes&quot;:[]},&quot;image_spacing_custom_mobile&quot;:{&quot;unit&quot;:&quot;px&quot;,&quot;size&quot;:&quot;&quot;,&quot;sizes&quot;:[]}}\" data-widget_type=\"image-carousel.default\">\n\t\t\t\t<div class=\"elementor-widget-container\">\n\t\t\t\t\t\t\t<div class=\"elementor-image-carousel-wrapper swiper\" role=\"region\" aria-roledescription=\"carousel\" aria-label=\"Bild Karussell\" dir=\"ltr\">\n\t\t\t<div class=\"elementor-image-carousel swiper-wrapper\" aria-live=\"off\">\n\t\t\t\t\t\t\t\t<div class=\"swiper-slide\" role=\"group\" aria-roledescription=\"slide\" aria-label=\"1 von 8\"><figure class=\"swiper-slide-inner\"><img decoding=\"async\" class=\"swiper-slide-image\" src=\"https:\/\/www.silvelox.it\/de\/wp-content\/uploads\/sites\/4\/2022\/12\/securlap-01-.jpg\" alt=\"securlap-01-\" \/><\/figure><\/div><div class=\"swiper-slide\" role=\"group\" aria-roledescription=\"slide\" aria-label=\"2 von 8\"><figure class=\"swiper-slide-inner\"><img decoding=\"async\" class=\"swiper-slide-image\" src=\"https:\/\/www.silvelox.it\/de\/wp-content\/uploads\/sites\/4\/2022\/12\/securlap-02-.jpg\" alt=\"securlap-02-\" \/><\/figure><\/div><div class=\"swiper-slide\" role=\"group\" aria-roledescription=\"slide\" aria-label=\"3 von 8\"><figure class=\"swiper-slide-inner\"><img decoding=\"async\" class=\"swiper-slide-image\" src=\"https:\/\/www.silvelox.it\/de\/wp-content\/uploads\/sites\/4\/2022\/12\/securlap-03-.jpg\" alt=\"securlap-03-\" \/><\/figure><\/div><div class=\"swiper-slide\" role=\"group\" aria-roledescription=\"slide\" aria-label=\"4 von 8\"><figure class=\"swiper-slide-inner\"><img decoding=\"async\" class=\"swiper-slide-image\" src=\"https:\/\/www.silvelox.it\/de\/wp-content\/uploads\/sites\/4\/2022\/12\/securlap-04-.jpg\" alt=\"securlap-04-\" \/><\/figure><\/div><div class=\"swiper-slide\" role=\"group\" aria-roledescription=\"slide\" aria-label=\"5 von 8\"><figure class=\"swiper-slide-inner\"><img decoding=\"async\" class=\"swiper-slide-image\" src=\"https:\/\/www.silvelox.it\/de\/wp-content\/uploads\/sites\/4\/2022\/12\/securlap-05-.jpg\" alt=\"securlap-05-\" \/><\/figure><\/div><div class=\"swiper-slide\" role=\"group\" aria-roledescription=\"slide\" aria-label=\"6 von 8\"><figure class=\"swiper-slide-inner\"><img decoding=\"async\" class=\"swiper-slide-image\" src=\"https:\/\/www.silvelox.it\/de\/wp-content\/uploads\/sites\/4\/2022\/12\/securlap-04-1-1.jpg\" alt=\"securlap-04-\" \/><\/figure><\/div><div class=\"swiper-slide\" role=\"group\" aria-roledescription=\"slide\" aria-label=\"7 von 8\"><figure class=\"swiper-slide-inner\"><img decoding=\"async\" class=\"swiper-slide-image\" src=\"https:\/\/www.silvelox.it\/de\/wp-content\/uploads\/sites\/4\/2022\/12\/securlap-03-1-1.jpg\" alt=\"securlap-03-\" \/><\/figure><\/div><div class=\"swiper-slide\" role=\"group\" aria-roledescription=\"slide\" aria-label=\"8 von 8\"><figure class=\"swiper-slide-inner\"><img decoding=\"async\" class=\"swiper-slide-image\" src=\"https:\/\/www.silvelox.it\/de\/wp-content\/uploads\/sites\/4\/2022\/12\/securlap-02-1-1.jpg\" alt=\"securlap-02-\" \/><\/figure><\/div>\t\t\t<\/div>\n\t\t\t\t\t\t\t\t\t\t\t\t<div class=\"elementor-swiper-button elementor-swiper-button-prev\" role=\"button\" tabindex=\"0\">\n\t\t\t\t\t\t<svg xmlns=\"http:\/\/www.w3.org\/2000\/svg\" xmlns:xlink=\"http:\/\/www.w3.org\/1999\/xlink\" width=\"51px\" height=\"51px\" viewBox=\"0 0 51 51\"><title>Group 2<\/title><g id=\"Page-1\" stroke=\"none\" stroke-width=\"1\" fill=\"none\" fill-rule=\"evenodd\"><g id=\"01---Homepage\" transform=\"translate(-1269.000000, -755.000000)\"><g id=\"Group-2\" transform=\"translate(1294.600000, 780.845005) rotate(-180.000000) translate(-1294.600000, -780.845005) translate(1269.600000, 755.845005)\"><circle id=\"Oval\" fill=\"#FFFFFF\" cx=\"25\" cy=\"25\" r=\"25\"><\/circle><line x1=\"21.5\" y1=\"34\" x2=\"30.5\" y2=\"25\" id=\"Line-2\" stroke=\"#000000\" stroke-width=\"2\" stroke-linecap=\"round\"><\/line><line x1=\"30.5\" y1=\"25\" x2=\"21.5\" y2=\"16\" id=\"Line-2\" stroke=\"#000000\" stroke-width=\"2\" stroke-linecap=\"round\"><\/line><\/g><\/g><\/g><\/svg>\t\t\t\t\t<\/div>\n\t\t\t\t\t<div class=\"elementor-swiper-button elementor-swiper-button-next\" role=\"button\" tabindex=\"0\">\n\t\t\t\t\t\t<svg xmlns=\"http:\/\/www.w3.org\/2000\/svg\" xmlns:xlink=\"http:\/\/www.w3.org\/1999\/xlink\" width=\"51px\" height=\"51px\" viewBox=\"0 0 51 51\"><title>Group 2<\/title><g id=\"Page-1\" stroke=\"none\" stroke-width=\"1\" fill=\"none\" fill-rule=\"evenodd\"><g id=\"01---Homepage\" transform=\"translate(-1336.000000, -755.000000)\"><g id=\"Group-2\" transform=\"translate(1336.600000, 755.845005)\"><circle id=\"Oval\" fill=\"#FFFFFF\" cx=\"25\" cy=\"25\" r=\"25\"><\/circle><line x1=\"21.5\" y1=\"34\" x2=\"30.5\" y2=\"25\" id=\"Line-2\" stroke=\"#000000\" stroke-width=\"2\" stroke-linecap=\"round\"><\/line><line x1=\"30.5\" y1=\"25\" x2=\"21.5\" y2=\"16\" id=\"Line-2\" stroke=\"#000000\" stroke-width=\"2\" stroke-linecap=\"round\"><\/line><\/g><\/g><\/g><\/svg>\t\t\t\t\t<\/div>\n\t\t\t\t\n\t\t\t\t\t\t\t\t\t<\/div>\n\t\t\t\t\t\t<\/div>\n\t\t\t\t<\/div>\n\t\t\t\t<div class=\"elementor-element elementor-element-0dd39ce elementor-widget elementor-widget-text-editor\" data-id=\"0dd39ce\" data-element_type=\"widget\" data-e-type=\"widget\" data-widget_type=\"text-editor.default\">\n\t\t\t\t<div class=\"elementor-widget-container\">\n\t\t\t\t\t\t\t\t\t<p><strong>VERDECKTER MOTOR:<\/strong><br \/>Er ist vollst\u00e4ndig im oberen K\u00e4mpfer des T\u00fcrrahmens verborgen, ben\u00f6tigt keine Gleitschienen und schr\u00e4nkt den Durchgangsraum nicht ein.<\/p><p><strong>GEGENGEWICHTSSYSTEM:<\/strong><br \/>Das mechanische Antriebssystem ist mit einem Ausgleich des Fl\u00fcgels durch doppelte Gegengewichte ausgestattet, wodurch die Verschlei\u00dfteile auf ein Minimum reduziert werden.<\/p><p><strong>INNENSEITE:<\/strong><br \/>Die spezielle Konstruktion erm\u00f6glicht ein sauberes Aussehen ohne sichtbare Scharniere.<\/p><p><strong>SECURLAP-TECHNOLOGIE:<\/strong><\/p><p>Die SECURLAP-T\u00fcr wurde auf der Grundlage der SECURLAP TECHNOLOGY entwickelt, einem patentierten System, das auf maximale Funktionalit\u00e4t und \u00c4sthetik ausgerichtet ist.<br \/>Die SECURLAP TECHNOLOGIE erm\u00f6glicht es, die T\u00fcr an jede Art von baulichen Anforderungen anzupassen und sie zur ersten Visitenkarte des Hauses zu machen<\/p><p><strong>Maximales Sicherheitssystem f\u00fcr Securlap-T\u00fcren<\/strong><\/p><p>An der T\u00fcr ist eine Sicherheitsleiste angebracht, die bei einem Fremdk\u00f6rperkontakt die Bewegung durch Umkehrung der Bewegungsrichtung unterbricht, um jegliche Quetschgefahr zu vermeiden.<\/p>\t\t\t\t\t\t\t\t<\/div>\n\t\t\t\t<\/div>\n\t\t\t\t<div class=\"elementor-element elementor-element-af6f609 elementor-widget__width-initial elementor-widget elementor-widget-image\" data-id=\"af6f609\" data-element_type=\"widget\" data-e-type=\"widget\" data-widget_type=\"image.default\">\n\t\t\t\t<div class=\"elementor-widget-container\">\n\t\t\t\t\t\t\t\t\t\t\t\t\t\t\t<img fetchpriority=\"high\" decoding=\"async\" width=\"1024\" height=\"512\" src=\"https:\/\/www.silvelox.it\/de\/wp-content\/uploads\/sites\/4\/2022\/12\/Prodotti-SilveloxGroup-Securlap_sicurezza-02-1024x512.jpg\" class=\"attachment-large size-large wp-image-5047\" alt=\"\" srcset=\"https:\/\/www.silvelox.it\/de\/wp-content\/uploads\/sites\/4\/2022\/12\/Prodotti-SilveloxGroup-Securlap_sicurezza-02-1024x512.jpg 1024w, https:\/\/www.silvelox.it\/de\/wp-content\/uploads\/sites\/4\/2022\/12\/Prodotti-SilveloxGroup-Securlap_sicurezza-02-300x150.jpg 300w, https:\/\/www.silvelox.it\/de\/wp-content\/uploads\/sites\/4\/2022\/12\/Prodotti-SilveloxGroup-Securlap_sicurezza-02-768x384.jpg 768w, https:\/\/www.silvelox.it\/de\/wp-content\/uploads\/sites\/4\/2022\/12\/Prodotti-SilveloxGroup-Securlap_sicurezza-02-1536x768.jpg 1536w, https:\/\/www.silvelox.it\/de\/wp-content\/uploads\/sites\/4\/2022\/12\/Prodotti-SilveloxGroup-Securlap_sicurezza-02.jpg 2000w\" sizes=\"(max-width: 1024px) 100vw, 1024px\" \/>\t\t\t\t\t\t\t\t\t\t\t\t\t\t\t<\/div>\n\t\t\t\t<\/div>\n\t\t\t\t\t<\/div>\n\t\t<\/div>\n\t\t\t\t\t<\/div>\n\t\t<\/section>\n\t\t\t\t<\/div>\n\t\t","protected":false},"excerpt":{"rendered":"<p>Meccanica Richiedi informazioni SECURLAP \u00e8 una porta sezionale innovativa per l\u2019originale sistema d\u2019apertura, che non necessita delle guide a soffitto e dimezza l\u2019ingombro interno. Con SECURLAP si ha il miglior utilizzo dello spazio interno al garage e si ottimizza la luce di passaggio, sia in altezza che in larghezza. Ad anta aperta, l\u2019altezza di passaggio [&hellip;]<\/p>\n","protected":false},"author":2,"featured_media":0,"parent":0,"menu_order":0,"comment_status":"closed","ping_status":"closed","template":"","meta":{"_acf_changed":false,"footnotes":""},"class_list":["post-4996","page","type-page","status-publish","hentry"],"acf":[],"yoast_head":"<!-- This site is optimized with the Yoast SEO plugin v27.4 - https:\/\/yoast.com\/product\/yoast-seo-wordpress\/ -->\n<title>Einzigartigkeit securlap - silvelox de<\/title>\n<meta name=\"description\" content=\"Meccanica Richiedi informazioni SECURLAP \u00e8 una porta sezionale innovativa per l\u2019originale sistema d\u2019apertura, che non necessita delle guide a soffitto e\" \/>\n<meta name=\"robots\" content=\"index, follow, max-snippet:-1, max-image-preview:large, max-video-preview:-1\" \/>\n<link rel=\"canonical\" href=\"https:\/\/www.silvelox.it\/de\/einzigartigkeit-securlap\/\" \/>\n<meta property=\"og:locale\" content=\"de_DE\" \/>\n<meta property=\"og:type\" content=\"article\" \/>\n<meta property=\"og:title\" content=\"Einzigartigkeit securlap - silvelox de\" \/>\n<meta property=\"og:description\" content=\"Meccanica Richiedi informazioni SECURLAP \u00e8 una porta sezionale innovativa per l\u2019originale sistema d\u2019apertura, che non necessita delle guide a soffitto e\" \/>\n<meta property=\"og:url\" content=\"https:\/\/www.silvelox.it\/de\/einzigartigkeit-securlap\/\" \/>\n<meta property=\"og:site_name\" content=\"silvelox de\" \/>\n<meta property=\"article:modified_time\" content=\"2023-11-15T10:32:55+00:00\" \/>\n<meta property=\"og:image\" content=\"https:\/\/www.silvelox.it\/deu\/wp-content\/uploads\/sites\/4\/2022\/12\/securlap-01-.jpg\" \/>\n<meta name=\"twitter:card\" content=\"summary_large_image\" \/>\n<meta name=\"twitter:label1\" content=\"Gesch\u00e4tzte Lesezeit\" \/>\n\t<meta name=\"twitter:data1\" content=\"3\u00a0Minuten\" \/>\n<script type=\"application\/ld+json\" class=\"yoast-schema-graph\">{\"@context\":\"https:\\\/\\\/schema.org\",\"@graph\":[{\"@type\":\"WebPage\",\"@id\":\"https:\\\/\\\/www.silvelox.it\\\/de\\\/einzigartigkeit-securlap\\\/\",\"url\":\"https:\\\/\\\/www.silvelox.it\\\/de\\\/einzigartigkeit-securlap\\\/\",\"name\":\"Einzigartigkeit securlap - silvelox de\",\"isPartOf\":{\"@id\":\"https:\\\/\\\/www.silvelox.it\\\/de\\\/#website\"},\"primaryImageOfPage\":{\"@id\":\"https:\\\/\\\/www.silvelox.it\\\/de\\\/einzigartigkeit-securlap\\\/#primaryimage\"},\"image\":{\"@id\":\"https:\\\/\\\/www.silvelox.it\\\/de\\\/einzigartigkeit-securlap\\\/#primaryimage\"},\"thumbnailUrl\":\"https:\\\/\\\/www.silvelox.it\\\/deu\\\/wp-content\\\/uploads\\\/sites\\\/4\\\/2022\\\/12\\\/securlap-01-.jpg\",\"datePublished\":\"2022-12-21T11:17:26+00:00\",\"dateModified\":\"2023-11-15T10:32:55+00:00\",\"description\":\"Meccanica Richiedi informazioni SECURLAP \u00e8 una porta sezionale innovativa per l\u2019originale sistema d\u2019apertura, che non necessita delle guide a soffitto e\",\"breadcrumb\":{\"@id\":\"https:\\\/\\\/www.silvelox.it\\\/de\\\/einzigartigkeit-securlap\\\/#breadcrumb\"},\"inLanguage\":\"de\",\"potentialAction\":[{\"@type\":\"ReadAction\",\"target\":[\"https:\\\/\\\/www.silvelox.it\\\/de\\\/einzigartigkeit-securlap\\\/\"]}]},{\"@type\":\"ImageObject\",\"inLanguage\":\"de\",\"@id\":\"https:\\\/\\\/www.silvelox.it\\\/de\\\/einzigartigkeit-securlap\\\/#primaryimage\",\"url\":\"https:\\\/\\\/www.silvelox.it\\\/de\\\/wp-content\\\/uploads\\\/sites\\\/4\\\/2022\\\/12\\\/securlap-01-.jpg\",\"contentUrl\":\"https:\\\/\\\/www.silvelox.it\\\/de\\\/wp-content\\\/uploads\\\/sites\\\/4\\\/2022\\\/12\\\/securlap-01-.jpg\",\"width\":500,\"height\":500},{\"@type\":\"BreadcrumbList\",\"@id\":\"https:\\\/\\\/www.silvelox.it\\\/de\\\/einzigartigkeit-securlap\\\/#breadcrumb\",\"itemListElement\":[{\"@type\":\"ListItem\",\"position\":1,\"name\":\"Home\",\"item\":\"https:\\\/\\\/www.silvelox.it\\\/de\\\/\"},{\"@type\":\"ListItem\",\"position\":2,\"name\":\"Einzigartigkeit securlap\"}]},{\"@type\":\"WebSite\",\"@id\":\"https:\\\/\\\/www.silvelox.it\\\/de\\\/#website\",\"url\":\"https:\\\/\\\/www.silvelox.it\\\/de\\\/\",\"name\":\"silvelox de\",\"description\":\"\",\"potentialAction\":[{\"@type\":\"SearchAction\",\"target\":{\"@type\":\"EntryPoint\",\"urlTemplate\":\"https:\\\/\\\/www.silvelox.it\\\/de\\\/?s={search_term_string}\"},\"query-input\":{\"@type\":\"PropertyValueSpecification\",\"valueRequired\":true,\"valueName\":\"search_term_string\"}}],\"inLanguage\":\"de\"}]}<\/script>\n<!-- \/ Yoast SEO plugin. -->","yoast_head_json":{"title":"Einzigartigkeit securlap - silvelox de","description":"Meccanica Richiedi informazioni SECURLAP \u00e8 una porta sezionale innovativa per l\u2019originale sistema d\u2019apertura, che non necessita delle guide a soffitto e","robots":{"index":"index","follow":"follow","max-snippet":"max-snippet:-1","max-image-preview":"max-image-preview:large","max-video-preview":"max-video-preview:-1"},"canonical":"https:\/\/www.silvelox.it\/de\/einzigartigkeit-securlap\/","og_locale":"de_DE","og_type":"article","og_title":"Einzigartigkeit securlap - silvelox de","og_description":"Meccanica Richiedi informazioni SECURLAP \u00e8 una porta sezionale innovativa per l\u2019originale sistema d\u2019apertura, che non necessita delle guide a soffitto e","og_url":"https:\/\/www.silvelox.it\/de\/einzigartigkeit-securlap\/","og_site_name":"silvelox de","article_modified_time":"2023-11-15T10:32:55+00:00","og_image":[{"url":"https:\/\/www.silvelox.it\/deu\/wp-content\/uploads\/sites\/4\/2022\/12\/securlap-01-.jpg","type":"","width":"","height":""}],"twitter_card":"summary_large_image","twitter_misc":{"Gesch\u00e4tzte Lesezeit":"3\u00a0Minuten"},"schema":{"@context":"https:\/\/schema.org","@graph":[{"@type":"WebPage","@id":"https:\/\/www.silvelox.it\/de\/einzigartigkeit-securlap\/","url":"https:\/\/www.silvelox.it\/de\/einzigartigkeit-securlap\/","name":"Einzigartigkeit securlap - silvelox de","isPartOf":{"@id":"https:\/\/www.silvelox.it\/de\/#website"},"primaryImageOfPage":{"@id":"https:\/\/www.silvelox.it\/de\/einzigartigkeit-securlap\/#primaryimage"},"image":{"@id":"https:\/\/www.silvelox.it\/de\/einzigartigkeit-securlap\/#primaryimage"},"thumbnailUrl":"https:\/\/www.silvelox.it\/deu\/wp-content\/uploads\/sites\/4\/2022\/12\/securlap-01-.jpg","datePublished":"2022-12-21T11:17:26+00:00","dateModified":"2023-11-15T10:32:55+00:00","description":"Meccanica Richiedi informazioni SECURLAP \u00e8 una porta sezionale innovativa per l\u2019originale sistema d\u2019apertura, che non necessita delle guide a soffitto e","breadcrumb":{"@id":"https:\/\/www.silvelox.it\/de\/einzigartigkeit-securlap\/#breadcrumb"},"inLanguage":"de","potentialAction":[{"@type":"ReadAction","target":["https:\/\/www.silvelox.it\/de\/einzigartigkeit-securlap\/"]}]},{"@type":"ImageObject","inLanguage":"de","@id":"https:\/\/www.silvelox.it\/de\/einzigartigkeit-securlap\/#primaryimage","url":"https:\/\/www.silvelox.it\/de\/wp-content\/uploads\/sites\/4\/2022\/12\/securlap-01-.jpg","contentUrl":"https:\/\/www.silvelox.it\/de\/wp-content\/uploads\/sites\/4\/2022\/12\/securlap-01-.jpg","width":500,"height":500},{"@type":"BreadcrumbList","@id":"https:\/\/www.silvelox.it\/de\/einzigartigkeit-securlap\/#breadcrumb","itemListElement":[{"@type":"ListItem","position":1,"name":"Home","item":"https:\/\/www.silvelox.it\/de\/"},{"@type":"ListItem","position":2,"name":"Einzigartigkeit securlap"}]},{"@type":"WebSite","@id":"https:\/\/www.silvelox.it\/de\/#website","url":"https:\/\/www.silvelox.it\/de\/","name":"silvelox de","description":"","potentialAction":[{"@type":"SearchAction","target":{"@type":"EntryPoint","urlTemplate":"https:\/\/www.silvelox.it\/de\/?s={search_term_string}"},"query-input":{"@type":"PropertyValueSpecification","valueRequired":true,"valueName":"search_term_string"}}],"inLanguage":"de"}]}},"_links":{"self":[{"href":"https:\/\/www.silvelox.it\/de\/wp-json\/wp\/v2\/pages\/4996","targetHints":{"allow":["GET"]}}],"collection":[{"href":"https:\/\/www.silvelox.it\/de\/wp-json\/wp\/v2\/pages"}],"about":[{"href":"https:\/\/www.silvelox.it\/de\/wp-json\/wp\/v2\/types\/page"}],"author":[{"embeddable":true,"href":"https:\/\/www.silvelox.it\/de\/wp-json\/wp\/v2\/users\/2"}],"replies":[{"embeddable":true,"href":"https:\/\/www.silvelox.it\/de\/wp-json\/wp\/v2\/comments?post=4996"}],"version-history":[{"count":41,"href":"https:\/\/www.silvelox.it\/de\/wp-json\/wp\/v2\/pages\/4996\/revisions"}],"predecessor-version":[{"id":10660,"href":"https:\/\/www.silvelox.it\/de\/wp-json\/wp\/v2\/pages\/4996\/revisions\/10660"}],"wp:attachment":[{"href":"https:\/\/www.silvelox.it\/de\/wp-json\/wp\/v2\/media?parent=4996"}],"curies":[{"name":"wp","href":"https:\/\/api.w.org\/{rel}","templated":true}]}}