{"id":4358,"date":"2022-12-20T08:40:33","date_gmt":"2022-12-20T07:40:33","guid":{"rendered":"https:\/\/www.silvelox.it\/deu\/?page_id=4358"},"modified":"2023-11-02T12:30:03","modified_gmt":"2023-11-02T11:30:03","slug":"motorisierung-sicherheitsturen","status":"publish","type":"page","link":"https:\/\/www.silvelox.it\/de\/motorisierung-sicherheitsturen\/","title":{"rendered":"Motorisierung SICHERHEITST\u00dcREN"},"content":{"rendered":"\t\t<div data-elementor-type=\"wp-page\" data-elementor-id=\"4358\" class=\"elementor elementor-4358\" data-elementor-post-type=\"page\">\n\t\t\t\t\t\t<section class=\"elementor-section elementor-top-section elementor-element elementor-element-7b2410e news-main-sec meccanica elementor-section-content-middle elementor-section-boxed elementor-section-height-default elementor-section-height-default\" data-id=\"7b2410e\" data-element_type=\"section\" data-e-type=\"section\">\n\t\t\t\t\t\t<div class=\"elementor-container elementor-column-gap-default\">\n\t\t\t\t\t<div class=\"elementor-column elementor-col-50 elementor-top-column elementor-element elementor-element-73575975\" data-id=\"73575975\" data-element_type=\"column\" data-e-type=\"column\">\n\t\t\t<div class=\"elementor-widget-wrap elementor-element-populated\">\n\t\t\t\t\t\t<div class=\"elementor-element elementor-element-52414dda elementor-widget elementor-widget-heading\" data-id=\"52414dda\" data-element_type=\"widget\" data-e-type=\"widget\" data-widget_type=\"heading.default\">\n\t\t\t\t<div class=\"elementor-widget-container\">\n\t\t\t\t\t<h1 class=\"elementor-heading-title elementor-size-default\">Motorisierung<\/h1>\t\t\t\t<\/div>\n\t\t\t\t<\/div>\n\t\t\t\t\t<\/div>\n\t\t<\/div>\n\t\t\t\t<div class=\"elementor-column elementor-col-50 elementor-top-column elementor-element elementor-element-2dc73e9d lavoran-info\" data-id=\"2dc73e9d\" data-element_type=\"column\" data-e-type=\"column\">\n\t\t\t<div class=\"elementor-widget-wrap elementor-element-populated\">\n\t\t\t\t\t\t<div class=\"elementor-element elementor-element-f14198e elementor-icon-list--layout-inline elementor-align-end mecc-bann-buttons elementor-list-item-link-full_width elementor-widget elementor-widget-icon-list\" data-id=\"f14198e\" data-element_type=\"widget\" data-e-type=\"widget\" data-widget_type=\"icon-list.default\">\n\t\t\t\t<div class=\"elementor-widget-container\">\n\t\t\t\t\t\t\t<ul class=\"elementor-icon-list-items elementor-inline-items\">\n\t\t\t\t\t\t\t<li class=\"elementor-icon-list-item elementor-inline-item\">\n\t\t\t\t\t\t\t\t\t\t\t<a href=\"#footer-main-form\">\n\n\t\t\t\t\t\t\t\t\t\t\t\t<span class=\"elementor-icon-list-icon\">\n\t\t\t\t\t\t\t<svg xmlns=\"http:\/\/www.w3.org\/2000\/svg\" xmlns:xlink=\"http:\/\/www.w3.org\/1999\/xlink\" width=\"21px\" height=\"21px\" viewBox=\"0 0 21 21\"><title>Group 3<\/title><g id=\"Page-1\" stroke=\"none\" stroke-width=\"1\" fill=\"none\" fill-rule=\"evenodd\" stroke-linecap=\"round\"><g id=\"01---Homepage\" transform=\"translate(-1076.000000, -1808.000000)\" stroke=\"#976747\" stroke-width=\"2\"><g id=\"Group-6\" transform=\"translate(145.000000, 1472.873548)\"><g id=\"Group-4\" transform=\"translate(814.600000, 336.195204)\"><g id=\"Group-3\" transform=\"translate(117.400000, 0.000000)\"><line x1=\"18.5398218\" y1=\"8.89911447\" x2=\"0.539821812\" y2=\"8.89911447\" id=\"Line-2\"><\/line><line x1=\"9.64070734\" y1=\"0\" x2=\"9.64070734\" y2=\"18\" id=\"Line-2\"><\/line><\/g><\/g><\/g><\/g><\/g><\/svg>\t\t\t\t\t\t<\/span>\n\t\t\t\t\t\t\t\t\t\t<span class=\"elementor-icon-list-text\">Informationen anfordern<\/span>\n\t\t\t\t\t\t\t\t\t\t\t<\/a>\n\t\t\t\t\t\t\t\t\t<\/li>\n\t\t\t\t\t\t\t\t<li class=\"elementor-icon-list-item elementor-inline-item\">\n\t\t\t\t\t\t\t\t\t\t\t<a href=\"#caratteristiche-sec\">\n\n\t\t\t\t\t\t\t\t\t\t\t\t<span class=\"elementor-icon-list-icon\">\n\t\t\t\t\t\t\t<svg xmlns=\"http:\/\/www.w3.org\/2000\/svg\" xmlns:xlink=\"http:\/\/www.w3.org\/1999\/xlink\" width=\"17px\" height=\"17px\" viewBox=\"0 0 17 17\"><title>Group 3<\/title><g id=\"Page-1\" stroke=\"none\" stroke-width=\"1\" fill=\"none\" fill-rule=\"evenodd\" stroke-linecap=\"round\"><g id=\"04---Prodotto\" transform=\"translate(-513.000000, -492.000000)\" stroke=\"#976747\" stroke-width=\"2\"><g id=\"Group-4\" transform=\"translate(424.000000, 493.895131)\"><g id=\"Group-3\" transform=\"translate(97.318549, 7.444645) rotate(-315.000000) translate(-97.318549, -7.444645) translate(91.868992, 2.365884)\"><line x1=\"9.64070734\" y1=\"8.89911447\" x2=\"0.539821812\" y2=\"8.89911447\" id=\"Line-2\"><\/line><line x1=\"9.64070734\" y1=\"0\" x2=\"9.64070734\" y2=\"8.89911447\" id=\"Line-2\"><\/line><\/g><\/g><\/g><\/g><\/svg>\t\t\t\t\t\t<\/span>\n\t\t\t\t\t\t\t\t\t\t<span class=\"elementor-icon-list-text\">Eigenschaften<\/span>\n\t\t\t\t\t\t\t\t\t\t\t<\/a>\n\t\t\t\t\t\t\t\t\t<\/li>\n\t\t\t\t\t\t<\/ul>\n\t\t\t\t\t\t<\/div>\n\t\t\t\t<\/div>\n\t\t\t\t\t<\/div>\n\t\t<\/div>\n\t\t\t\t\t<\/div>\n\t\t<\/section>\n\t\t\t\t<section class=\"elementor-section elementor-top-section elementor-element elementor-element-58821843 mecc-sec-one elementor-section-boxed elementor-section-height-default elementor-section-height-default\" data-id=\"58821843\" data-element_type=\"section\" data-e-type=\"section\">\n\t\t\t\t\t\t<div class=\"elementor-container elementor-column-gap-default\">\n\t\t\t\t\t<div class=\"elementor-column elementor-col-100 elementor-top-column elementor-element elementor-element-4ae0bf1f\" data-id=\"4ae0bf1f\" data-element_type=\"column\" data-e-type=\"column\">\n\t\t\t<div class=\"elementor-widget-wrap elementor-element-populated\">\n\t\t\t\t\t\t<div class=\"elementor-element elementor-element-1ce95944 la-limita-sec elementor-widget elementor-widget-text-editor\" data-id=\"1ce95944\" data-element_type=\"widget\" data-e-type=\"widget\" data-widget_type=\"text-editor.default\">\n\t\t\t\t<div class=\"elementor-widget-container\">\n\t\t\t\t\t\t\t\t\t<p>Durch die Anreicherung der mechanischen Basis der Schl\u00f6sser mit elektronischen Komponenten der neuesten Generation kann der Zugang zum Haus intelligent und vor allem praktischer und sicherer gestaltet werden.<\/p><p>Je nach Bedarf k\u00f6nnen Sie zwischen einer \u00d6ffnung von au\u00dfen mit einem Transponderleser (TAG) oder einer beleuchteten numerischen Codetastatur w\u00e4hlen, f\u00fcr optimale Sicht auch bei Nacht.<\/p>\t\t\t\t\t\t\t\t<\/div>\n\t\t\t\t<\/div>\n\t\t\t\t<div class=\"elementor-element elementor-element-d55891f font-size-25 elementor-widget elementor-widget-heading\" data-id=\"d55891f\" data-element_type=\"widget\" data-e-type=\"widget\" data-widget_type=\"heading.default\">\n\t\t\t\t<div class=\"elementor-widget-container\">\n\t\t\t\t\t<div class=\"elementor-heading-title elementor-size-default\">Transponder-Leseger\u00e4t (TAG)<\/div>\t\t\t\t<\/div>\n\t\t\t\t<\/div>\n\t\t\t\t<div class=\"elementor-element elementor-element-d44e004 la-limita-sec elementor-widget elementor-widget-text-editor\" data-id=\"d44e004\" data-element_type=\"widget\" data-e-type=\"widget\" data-widget_type=\"text-editor.default\">\n\t\t\t\t<div class=\"elementor-widget-container\">\n\t\t\t\t\t\t\t\t\t<p>Bei diesem elektronischen System wird das Schloss einfach ge\u00f6ffnet, indem der elektronische Schl\u00fcssel in die N\u00e4he des Au\u00dfenschildes gebracht wird.<\/p>\t\t\t\t\t\t\t\t<\/div>\n\t\t\t\t<\/div>\n\t\t\t\t<div class=\"elementor-element elementor-element-762a657 font-size-25 elementor-widget elementor-widget-heading\" data-id=\"762a657\" data-element_type=\"widget\" data-e-type=\"widget\" data-widget_type=\"heading.default\">\n\t\t\t\t<div class=\"elementor-widget-container\">\n\t\t\t\t\t<div class=\"elementor-heading-title elementor-size-default\">Tastatur f\u00fcr numerische Codes<\/div>\t\t\t\t<\/div>\n\t\t\t\t<\/div>\n\t\t\t\t<div class=\"elementor-element elementor-element-9d3cc92 la-limita-sec elementor-widget elementor-widget-text-editor\" data-id=\"9d3cc92\" data-element_type=\"widget\" data-e-type=\"widget\" data-widget_type=\"text-editor.default\">\n\t\t\t\t<div class=\"elementor-widget-container\">\n\t\t\t\t\t\t\t\t\t<p>Der eingegebene Zahlencode (bis zu maximal 8 Ziffern) wird vom Prozessor der elektronischen Karte verarbeitet und l\u00f6st, wenn er als g\u00fcltig erkannt wird, die \u00d6ffnung der T\u00fcr aus.<\/p><p>Andere erg\u00e4nzende Zubeh\u00f6rteile sind:<\/p>\t\t\t\t\t\t\t\t<\/div>\n\t\t\t\t<\/div>\n\t\t\t\t<div class=\"elementor-element elementor-element-64bad599 elementor-align-start elementor-icon-list--layout-traditional elementor-list-item-link-full_width elementor-widget elementor-widget-icon-list\" data-id=\"64bad599\" data-element_type=\"widget\" data-e-type=\"widget\" data-widget_type=\"icon-list.default\">\n\t\t\t\t<div class=\"elementor-widget-container\">\n\t\t\t\t\t\t\t<ul class=\"elementor-icon-list-items\">\n\t\t\t\t\t\t\t<li class=\"elementor-icon-list-item\">\n\t\t\t\t\t\t\t\t\t\t\t<span class=\"elementor-icon-list-icon\">\n\t\t\t\t\t\t\t<i aria-hidden=\"true\" class=\"fas fa-circle\"><\/i>\t\t\t\t\t\t<\/span>\n\t\t\t\t\t\t\t\t\t\t<span class=\"elementor-icon-list-text\">Fingerabdruckleser<\/span>\n\t\t\t\t\t\t\t\t\t<\/li>\n\t\t\t\t\t\t\t\t<li class=\"elementor-icon-list-item\">\n\t\t\t\t\t\t\t\t\t\t\t<span class=\"elementor-icon-list-icon\">\n\t\t\t\t\t\t\t<i aria-hidden=\"true\" class=\"fas fa-circle\"><\/i>\t\t\t\t\t\t<\/span>\n\t\t\t\t\t\t\t\t\t\t<span class=\"elementor-icon-list-text\">\u00d6ffnen des Ger\u00e4ts vom Telefonh\u00f6rer aus.<\/span>\n\t\t\t\t\t\t\t\t\t<\/li>\n\t\t\t\t\t\t<\/ul>\n\t\t\t\t\t\t<\/div>\n\t\t\t\t<\/div>\n\t\t\t\t\t<\/div>\n\t\t<\/div>\n\t\t\t\t\t<\/div>\n\t\t<\/section>\n\t\t\t\t<section class=\"elementor-section elementor-top-section elementor-element elementor-element-66e289f8 mecc-sec-one elementor-section-boxed elementor-section-height-default elementor-section-height-default\" data-id=\"66e289f8\" data-element_type=\"section\" data-e-type=\"section\" id=\"caratteristiche-sec\">\n\t\t\t\t\t\t<div class=\"elementor-container elementor-column-gap-default\">\n\t\t\t\t\t<div class=\"elementor-column elementor-col-100 elementor-top-column elementor-element elementor-element-2f495e67\" data-id=\"2f495e67\" data-element_type=\"column\" data-e-type=\"column\">\n\t\t\t<div class=\"elementor-widget-wrap elementor-element-populated\">\n\t\t\t\t\t\t<div class=\"elementor-element elementor-element-7486187d font-size-25 elementor-widget elementor-widget-heading\" data-id=\"7486187d\" data-element_type=\"widget\" data-e-type=\"widget\" data-widget_type=\"heading.default\">\n\t\t\t\t<div class=\"elementor-widget-container\">\n\t\t\t\t\t<div class=\"elementor-heading-title elementor-size-default\">1. Motorisiertes Schloss X1R SMART | 2. Smartphone-Leser | 3. Kartenleser <\/div>\t\t\t\t<\/div>\n\t\t\t\t<\/div>\n\t\t\t\t<div class=\"elementor-element elementor-element-6e07d7a elementor-widget__width-initial elementor-widget elementor-widget-image\" data-id=\"6e07d7a\" data-element_type=\"widget\" data-e-type=\"widget\" data-widget_type=\"image.default\">\n\t\t\t\t<div class=\"elementor-widget-container\">\n\t\t\t\t\t\t\t\t\t\t\t\t\t\t\t<img fetchpriority=\"high\" decoding=\"async\" width=\"989\" height=\"427\" src=\"https:\/\/www.silvelox.it\/de\/wp-content\/uploads\/sites\/4\/2023\/08\/serratura-blindateSikura.jpg\" class=\"attachment-full size-full wp-image-10028\" alt=\"\" srcset=\"https:\/\/www.silvelox.it\/de\/wp-content\/uploads\/sites\/4\/2023\/08\/serratura-blindateSikura.jpg 989w, https:\/\/www.silvelox.it\/de\/wp-content\/uploads\/sites\/4\/2023\/08\/serratura-blindateSikura-300x130.jpg 300w, https:\/\/www.silvelox.it\/de\/wp-content\/uploads\/sites\/4\/2023\/08\/serratura-blindateSikura-768x332.jpg 768w\" sizes=\"(max-width: 989px) 100vw, 989px\" \/>\t\t\t\t\t\t\t\t\t\t\t\t\t\t\t<\/div>\n\t\t\t\t<\/div>\n\t\t\t\t\t<\/div>\n\t\t<\/div>\n\t\t\t\t\t<\/div>\n\t\t<\/section>\n\t\t\t\t<section class=\"elementor-section elementor-top-section elementor-element elementor-element-f2fff64 elementor-section-boxed elementor-section-height-default elementor-section-height-default\" data-id=\"f2fff64\" data-element_type=\"section\" data-e-type=\"section\">\n\t\t\t\t\t\t<div class=\"elementor-container elementor-column-gap-default\">\n\t\t\t\t\t<div class=\"elementor-column elementor-col-50 elementor-top-column elementor-element elementor-element-b6a43dd\" data-id=\"b6a43dd\" data-element_type=\"column\" data-e-type=\"column\">\n\t\t\t<div class=\"elementor-widget-wrap elementor-element-populated\">\n\t\t\t\t\t\t<div class=\"elementor-element elementor-element-1be0127 elementor-widget__width-initial elementor-widget elementor-widget-image\" data-id=\"1be0127\" data-element_type=\"widget\" data-e-type=\"widget\" data-widget_type=\"image.default\">\n\t\t\t\t<div class=\"elementor-widget-container\">\n\t\t\t\t\t\t\t\t\t\t\t\t\t\t\t<img decoding=\"async\" width=\"456\" height=\"436\" src=\"https:\/\/www.silvelox.it\/de\/wp-content\/uploads\/sites\/4\/2023\/08\/lettore-smartphoneSikura.jpg\" class=\"attachment-large size-large wp-image-10029\" alt=\"\" srcset=\"https:\/\/www.silvelox.it\/de\/wp-content\/uploads\/sites\/4\/2023\/08\/lettore-smartphoneSikura.jpg 456w, https:\/\/www.silvelox.it\/de\/wp-content\/uploads\/sites\/4\/2023\/08\/lettore-smartphoneSikura-300x287.jpg 300w\" sizes=\"(max-width: 456px) 100vw, 456px\" \/>\t\t\t\t\t\t\t\t\t\t\t\t\t\t\t<\/div>\n\t\t\t\t<\/div>\n\t\t\t\t\t<\/div>\n\t\t<\/div>\n\t\t\t\t<div class=\"elementor-column elementor-col-50 elementor-top-column elementor-element elementor-element-b75d82d\" data-id=\"b75d82d\" data-element_type=\"column\" data-e-type=\"column\">\n\t\t\t<div class=\"elementor-widget-wrap elementor-element-populated\">\n\t\t\t\t\t\t<div class=\"elementor-element elementor-element-f3b31eb elementor-widget__width-initial elementor-widget elementor-widget-image\" data-id=\"f3b31eb\" data-element_type=\"widget\" data-e-type=\"widget\" data-widget_type=\"image.default\">\n\t\t\t\t<div class=\"elementor-widget-container\">\n\t\t\t\t\t\t\t\t\t\t\t\t\t\t\t<img decoding=\"async\" width=\"458\" height=\"438\" src=\"https:\/\/www.silvelox.it\/de\/wp-content\/uploads\/sites\/4\/2023\/08\/lettore-cardSikura.jpg\" class=\"attachment-large size-large wp-image-10030\" alt=\"\" srcset=\"https:\/\/www.silvelox.it\/de\/wp-content\/uploads\/sites\/4\/2023\/08\/lettore-cardSikura.jpg 458w, https:\/\/www.silvelox.it\/de\/wp-content\/uploads\/sites\/4\/2023\/08\/lettore-cardSikura-300x287.jpg 300w\" sizes=\"(max-width: 458px) 100vw, 458px\" \/>\t\t\t\t\t\t\t\t\t\t\t\t\t\t\t<\/div>\n\t\t\t\t<\/div>\n\t\t\t\t\t<\/div>\n\t\t<\/div>\n\t\t\t\t\t<\/div>\n\t\t<\/section>\n\t\t\t\t<\/div>\n\t\t","protected":false},"excerpt":{"rendered":"<p>Tecnologia Richiedi informazioni Caratteristiche L\u2019arricchimento della base meccanica delle serrature con componenti elettronici di ultima generazione permette di rendere intelligente, e soprattutto pi\u00f9 pratico e sicuro, l\u2019accesso all\u2019abitazione. A seconda delle esigenze, si pu\u00f2 scegliere tra un\u2019apertura dall\u2019esterno con lettore transponder (TAG) o una tastiera a codice numerico retroilluminata, per una visione ottimale anche notturna. [&hellip;]<\/p>\n","protected":false},"author":2,"featured_media":0,"parent":0,"menu_order":0,"comment_status":"closed","ping_status":"closed","template":"","meta":{"_acf_changed":false,"footnotes":""},"class_list":["post-4358","page","type-page","status-publish","hentry"],"acf":[],"yoast_head":"<!-- This site is optimized with the Yoast SEO plugin v27.4 - https:\/\/yoast.com\/product\/yoast-seo-wordpress\/ -->\n<title>Motorisierung SICHERHEITST\u00dcREN - silvelox de<\/title>\n<meta name=\"description\" content=\"Tecnologia Richiedi informazioni Caratteristiche L\u2019arricchimento della base meccanica delle serrature con componenti elettronici di ultima generazione\" \/>\n<meta name=\"robots\" content=\"index, follow, max-snippet:-1, max-image-preview:large, max-video-preview:-1\" \/>\n<link rel=\"canonical\" href=\"https:\/\/www.silvelox.it\/de\/motorisierung-sicherheitsturen\/\" \/>\n<meta property=\"og:locale\" content=\"de_DE\" \/>\n<meta property=\"og:type\" content=\"article\" \/>\n<meta property=\"og:title\" content=\"Motorisierung SICHERHEITST\u00dcREN - silvelox de\" \/>\n<meta property=\"og:description\" content=\"Tecnologia Richiedi informazioni Caratteristiche L\u2019arricchimento della base meccanica delle serrature con componenti elettronici di ultima generazione\" \/>\n<meta property=\"og:url\" content=\"https:\/\/www.silvelox.it\/de\/motorisierung-sicherheitsturen\/\" \/>\n<meta property=\"og:site_name\" content=\"silvelox de\" \/>\n<meta property=\"article:modified_time\" content=\"2023-11-02T11:30:03+00:00\" \/>\n<meta property=\"og:image\" content=\"https:\/\/www.silvelox.it\/deu\/wp-content\/uploads\/sites\/4\/2023\/08\/serratura-blindateSikura.jpg\" \/>\n<meta name=\"twitter:card\" content=\"summary_large_image\" \/>\n<meta name=\"twitter:label1\" content=\"Gesch\u00e4tzte Lesezeit\" \/>\n\t<meta name=\"twitter:data1\" content=\"2\u00a0Minuten\" \/>\n<script type=\"application\/ld+json\" class=\"yoast-schema-graph\">{\"@context\":\"https:\\\/\\\/schema.org\",\"@graph\":[{\"@type\":\"WebPage\",\"@id\":\"https:\\\/\\\/www.silvelox.it\\\/de\\\/motorisierung-sicherheitsturen\\\/\",\"url\":\"https:\\\/\\\/www.silvelox.it\\\/de\\\/motorisierung-sicherheitsturen\\\/\",\"name\":\"Motorisierung SICHERHEITST\u00dcREN - silvelox de\",\"isPartOf\":{\"@id\":\"https:\\\/\\\/www.silvelox.it\\\/de\\\/#website\"},\"primaryImageOfPage\":{\"@id\":\"https:\\\/\\\/www.silvelox.it\\\/de\\\/motorisierung-sicherheitsturen\\\/#primaryimage\"},\"image\":{\"@id\":\"https:\\\/\\\/www.silvelox.it\\\/de\\\/motorisierung-sicherheitsturen\\\/#primaryimage\"},\"thumbnailUrl\":\"https:\\\/\\\/www.silvelox.it\\\/deu\\\/wp-content\\\/uploads\\\/sites\\\/4\\\/2023\\\/08\\\/serratura-blindateSikura.jpg\",\"datePublished\":\"2022-12-20T07:40:33+00:00\",\"dateModified\":\"2023-11-02T11:30:03+00:00\",\"description\":\"Tecnologia Richiedi informazioni Caratteristiche L\u2019arricchimento della base meccanica delle serrature con componenti elettronici di ultima generazione\",\"breadcrumb\":{\"@id\":\"https:\\\/\\\/www.silvelox.it\\\/de\\\/motorisierung-sicherheitsturen\\\/#breadcrumb\"},\"inLanguage\":\"de\",\"potentialAction\":[{\"@type\":\"ReadAction\",\"target\":[\"https:\\\/\\\/www.silvelox.it\\\/de\\\/motorisierung-sicherheitsturen\\\/\"]}]},{\"@type\":\"ImageObject\",\"inLanguage\":\"de\",\"@id\":\"https:\\\/\\\/www.silvelox.it\\\/de\\\/motorisierung-sicherheitsturen\\\/#primaryimage\",\"url\":\"https:\\\/\\\/www.silvelox.it\\\/de\\\/wp-content\\\/uploads\\\/sites\\\/4\\\/2023\\\/08\\\/serratura-blindateSikura.jpg\",\"contentUrl\":\"https:\\\/\\\/www.silvelox.it\\\/de\\\/wp-content\\\/uploads\\\/sites\\\/4\\\/2023\\\/08\\\/serratura-blindateSikura.jpg\",\"width\":989,\"height\":427},{\"@type\":\"BreadcrumbList\",\"@id\":\"https:\\\/\\\/www.silvelox.it\\\/de\\\/motorisierung-sicherheitsturen\\\/#breadcrumb\",\"itemListElement\":[{\"@type\":\"ListItem\",\"position\":1,\"name\":\"Home\",\"item\":\"https:\\\/\\\/www.silvelox.it\\\/de\\\/\"},{\"@type\":\"ListItem\",\"position\":2,\"name\":\"Motorisierung SICHERHEITST\u00dcREN\"}]},{\"@type\":\"WebSite\",\"@id\":\"https:\\\/\\\/www.silvelox.it\\\/de\\\/#website\",\"url\":\"https:\\\/\\\/www.silvelox.it\\\/de\\\/\",\"name\":\"silvelox de\",\"description\":\"\",\"potentialAction\":[{\"@type\":\"SearchAction\",\"target\":{\"@type\":\"EntryPoint\",\"urlTemplate\":\"https:\\\/\\\/www.silvelox.it\\\/de\\\/?s={search_term_string}\"},\"query-input\":{\"@type\":\"PropertyValueSpecification\",\"valueRequired\":true,\"valueName\":\"search_term_string\"}}],\"inLanguage\":\"de\"}]}<\/script>\n<!-- \/ Yoast SEO plugin. -->","yoast_head_json":{"title":"Motorisierung SICHERHEITST\u00dcREN - silvelox de","description":"Tecnologia Richiedi informazioni Caratteristiche L\u2019arricchimento della base meccanica delle serrature con componenti elettronici di ultima generazione","robots":{"index":"index","follow":"follow","max-snippet":"max-snippet:-1","max-image-preview":"max-image-preview:large","max-video-preview":"max-video-preview:-1"},"canonical":"https:\/\/www.silvelox.it\/de\/motorisierung-sicherheitsturen\/","og_locale":"de_DE","og_type":"article","og_title":"Motorisierung SICHERHEITST\u00dcREN - silvelox de","og_description":"Tecnologia Richiedi informazioni Caratteristiche L\u2019arricchimento della base meccanica delle serrature con componenti elettronici di ultima generazione","og_url":"https:\/\/www.silvelox.it\/de\/motorisierung-sicherheitsturen\/","og_site_name":"silvelox de","article_modified_time":"2023-11-02T11:30:03+00:00","og_image":[{"url":"https:\/\/www.silvelox.it\/deu\/wp-content\/uploads\/sites\/4\/2023\/08\/serratura-blindateSikura.jpg","type":"","width":"","height":""}],"twitter_card":"summary_large_image","twitter_misc":{"Gesch\u00e4tzte Lesezeit":"2\u00a0Minuten"},"schema":{"@context":"https:\/\/schema.org","@graph":[{"@type":"WebPage","@id":"https:\/\/www.silvelox.it\/de\/motorisierung-sicherheitsturen\/","url":"https:\/\/www.silvelox.it\/de\/motorisierung-sicherheitsturen\/","name":"Motorisierung SICHERHEITST\u00dcREN - silvelox de","isPartOf":{"@id":"https:\/\/www.silvelox.it\/de\/#website"},"primaryImageOfPage":{"@id":"https:\/\/www.silvelox.it\/de\/motorisierung-sicherheitsturen\/#primaryimage"},"image":{"@id":"https:\/\/www.silvelox.it\/de\/motorisierung-sicherheitsturen\/#primaryimage"},"thumbnailUrl":"https:\/\/www.silvelox.it\/deu\/wp-content\/uploads\/sites\/4\/2023\/08\/serratura-blindateSikura.jpg","datePublished":"2022-12-20T07:40:33+00:00","dateModified":"2023-11-02T11:30:03+00:00","description":"Tecnologia Richiedi informazioni Caratteristiche L\u2019arricchimento della base meccanica delle serrature con componenti elettronici di ultima generazione","breadcrumb":{"@id":"https:\/\/www.silvelox.it\/de\/motorisierung-sicherheitsturen\/#breadcrumb"},"inLanguage":"de","potentialAction":[{"@type":"ReadAction","target":["https:\/\/www.silvelox.it\/de\/motorisierung-sicherheitsturen\/"]}]},{"@type":"ImageObject","inLanguage":"de","@id":"https:\/\/www.silvelox.it\/de\/motorisierung-sicherheitsturen\/#primaryimage","url":"https:\/\/www.silvelox.it\/de\/wp-content\/uploads\/sites\/4\/2023\/08\/serratura-blindateSikura.jpg","contentUrl":"https:\/\/www.silvelox.it\/de\/wp-content\/uploads\/sites\/4\/2023\/08\/serratura-blindateSikura.jpg","width":989,"height":427},{"@type":"BreadcrumbList","@id":"https:\/\/www.silvelox.it\/de\/motorisierung-sicherheitsturen\/#breadcrumb","itemListElement":[{"@type":"ListItem","position":1,"name":"Home","item":"https:\/\/www.silvelox.it\/de\/"},{"@type":"ListItem","position":2,"name":"Motorisierung SICHERHEITST\u00dcREN"}]},{"@type":"WebSite","@id":"https:\/\/www.silvelox.it\/de\/#website","url":"https:\/\/www.silvelox.it\/de\/","name":"silvelox de","description":"","potentialAction":[{"@type":"SearchAction","target":{"@type":"EntryPoint","urlTemplate":"https:\/\/www.silvelox.it\/de\/?s={search_term_string}"},"query-input":{"@type":"PropertyValueSpecification","valueRequired":true,"valueName":"search_term_string"}}],"inLanguage":"de"}]}},"_links":{"self":[{"href":"https:\/\/www.silvelox.it\/de\/wp-json\/wp\/v2\/pages\/4358","targetHints":{"allow":["GET"]}}],"collection":[{"href":"https:\/\/www.silvelox.it\/de\/wp-json\/wp\/v2\/pages"}],"about":[{"href":"https:\/\/www.silvelox.it\/de\/wp-json\/wp\/v2\/types\/page"}],"author":[{"embeddable":true,"href":"https:\/\/www.silvelox.it\/de\/wp-json\/wp\/v2\/users\/2"}],"replies":[{"embeddable":true,"href":"https:\/\/www.silvelox.it\/de\/wp-json\/wp\/v2\/comments?post=4358"}],"version-history":[{"count":41,"href":"https:\/\/www.silvelox.it\/de\/wp-json\/wp\/v2\/pages\/4358\/revisions"}],"predecessor-version":[{"id":10249,"href":"https:\/\/www.silvelox.it\/de\/wp-json\/wp\/v2\/pages\/4358\/revisions\/10249"}],"wp:attachment":[{"href":"https:\/\/www.silvelox.it\/de\/wp-json\/wp\/v2\/media?parent=4358"}],"curies":[{"name":"wp","href":"https:\/\/api.w.org\/{rel}","templated":true}]}}