{"id":2505,"date":"2022-12-08T06:33:36","date_gmt":"2022-12-08T05:33:36","guid":{"rendered":"https:\/\/www.silvelox.it\/deu\/?page_id=2505"},"modified":"2023-09-06T16:54:30","modified_gmt":"2023-09-06T14:54:30","slug":"handler","status":"publish","type":"page","link":"https:\/\/www.silvelox.it\/de\/handler\/","title":{"rendered":"H\u00e4ndler"},"content":{"rendered":"\t\t<div data-elementor-type=\"wp-page\" data-elementor-id=\"2505\" class=\"elementor elementor-2505\" data-elementor-post-type=\"page\">\n\t\t\t\t\t\t<section class=\"elementor-section elementor-top-section elementor-element elementor-element-fb3c537 breadcrumb-main-inner elementor-section-boxed elementor-section-height-default elementor-section-height-default\" data-id=\"fb3c537\" data-element_type=\"section\" data-e-type=\"section\">\n\t\t\t\t\t\t<div class=\"elementor-container elementor-column-gap-default\">\n\t\t\t\t\t<div class=\"elementor-column elementor-col-100 elementor-top-column elementor-element elementor-element-f3bd3c2\" data-id=\"f3bd3c2\" data-element_type=\"column\" data-e-type=\"column\">\n\t\t\t<div class=\"elementor-widget-wrap elementor-element-populated\">\n\t\t\t\t\t\t<div class=\"elementor-element elementor-element-8742931 elementor-widget elementor-widget-shortcode\" data-id=\"8742931\" data-element_type=\"widget\" data-e-type=\"widget\" data-widget_type=\"shortcode.default\">\n\t\t\t\t<div class=\"elementor-widget-container\">\n\t\t\t\t\t\t\t<div class=\"elementor-shortcode\"><div class=\"breadcrumbs\">\n<a href=\"https:\/\/www.silvelox.it\/de\">Homepage<\/a> \n\n<\/a> \n\/ <b> H\u00e4ndler<\/b>\n<\/div>\n<\/div>\n\t\t\t\t\t\t<\/div>\n\t\t\t\t<\/div>\n\t\t\t\t\t<\/div>\n\t\t<\/div>\n\t\t\t\t\t<\/div>\n\t\t<\/section>\n\t\t\t\t<section class=\"elementor-section elementor-top-section elementor-element elementor-element-e297ab2 news-main-sec elementor-section-boxed elementor-section-height-default elementor-section-height-default\" data-id=\"e297ab2\" data-element_type=\"section\" data-e-type=\"section\">\n\t\t\t\t\t\t<div class=\"elementor-container elementor-column-gap-default\">\n\t\t\t\t\t<div class=\"elementor-column elementor-col-100 elementor-top-column elementor-element elementor-element-fe8ebcb lavoran-info\" data-id=\"fe8ebcb\" data-element_type=\"column\" data-e-type=\"column\">\n\t\t\t<div class=\"elementor-widget-wrap elementor-element-populated\">\n\t\t\t\t\t\t<div class=\"elementor-element elementor-element-0beaa02 elementor-widget elementor-widget-heading\" data-id=\"0beaa02\" data-element_type=\"widget\" data-e-type=\"widget\" data-widget_type=\"heading.default\">\n\t\t\t\t<div class=\"elementor-widget-container\">\n\t\t\t\t\t<h1 class=\"elementor-heading-title elementor-size-default\">AUTORISIERTE H\u00c4NDLER<\/h1>\t\t\t\t<\/div>\n\t\t\t\t<\/div>\n\t\t\t\t<div class=\"elementor-element elementor-element-53be074 elementor-widget elementor-widget-text-editor\" data-id=\"53be074\" data-element_type=\"widget\" data-e-type=\"widget\" data-widget_type=\"text-editor.default\">\n\t\t\t\t<div class=\"elementor-widget-container\">\n\t\t\t\t\t\t\t\t\t<p>Entdecken Sie unsere Wiederverk\u00e4ufer und finden Sie den H\u00e4ndler in Ihrer N\u00e4he!&nbsp;<\/p>\t\t\t\t\t\t\t\t<\/div>\n\t\t\t\t<\/div>\n\t\t\t\t\t<\/div>\n\t\t<\/div>\n\t\t\t\t\t<\/div>\n\t\t<\/section>\n\t\t\t\t<section class=\"elementor-section elementor-top-section elementor-element elementor-element-d0d4958 elementor-section-boxed elementor-section-height-default elementor-section-height-default\" data-id=\"d0d4958\" data-element_type=\"section\" data-e-type=\"section\">\n\t\t\t\t\t\t<div class=\"elementor-container elementor-column-gap-default\">\n\t\t\t\t\t<div class=\"elementor-column elementor-col-100 elementor-top-column elementor-element elementor-element-046ad24\" data-id=\"046ad24\" data-element_type=\"column\" data-e-type=\"column\">\n\t\t\t<div class=\"elementor-widget-wrap elementor-element-populated\">\n\t\t\t\t\t\t<div class=\"elementor-element elementor-element-2b7191f elementor-widget elementor-widget-shortcode\" data-id=\"2b7191f\" data-element_type=\"widget\" data-e-type=\"widget\" data-widget_type=\"shortcode.default\">\n\t\t\t\t<div class=\"elementor-widget-container\">\n\t\t\t\t\t\t\t<div class=\"elementor-shortcode\"><script>\n\n\t\t\tssf_default_category='Rivenditori';\n\n\t\t\t<\/script><\/div>\n\t\t\t\t\t\t<\/div>\n\t\t\t\t<\/div>\n\t\t\t\t\t<\/div>\n\t\t<\/div>\n\t\t\t\t\t<\/div>\n\t\t<\/section>\n\t\t\t\t<\/div>\n\t\t","protected":false},"excerpt":{"rendered":"<p>AUTORISIERTE H\u00c4NDLER Entdecken Sie unsere Wiederverk\u00e4ufer und finden Sie den H\u00e4ndler in Ihrer N\u00e4he!&nbsp;<\/p>\n","protected":false},"author":2,"featured_media":0,"parent":0,"menu_order":0,"comment_status":"closed","ping_status":"closed","template":"elementor_header_footer","meta":{"_acf_changed":false,"footnotes":""},"class_list":["post-2505","page","type-page","status-publish","hentry"],"acf":[],"yoast_head":"<!-- This site is optimized with the Yoast SEO plugin v27.5 - https:\/\/yoast.com\/product\/yoast-seo-wordpress\/ -->\n<title>H\u00e4ndler - silvelox de<\/title>\n<meta name=\"description\" content=\"AUTORISIERTE H\u00c4NDLER   Entdecken Sie unsere Wiederverk\u00e4ufer und finden Sie den H\u00e4ndler in Ihrer N\u00e4he!&nbsp;\" \/>\n<meta name=\"robots\" content=\"index, follow, max-snippet:-1, max-image-preview:large, max-video-preview:-1\" \/>\n<link rel=\"canonical\" href=\"https:\/\/www.silvelox.it\/de\/handler\/\" \/>\n<meta property=\"og:locale\" content=\"de_DE\" \/>\n<meta property=\"og:type\" content=\"article\" \/>\n<meta property=\"og:title\" content=\"H\u00e4ndler - silvelox de\" \/>\n<meta property=\"og:description\" content=\"AUTORISIERTE H\u00c4NDLER   Entdecken Sie unsere Wiederverk\u00e4ufer und finden Sie den H\u00e4ndler in Ihrer N\u00e4he!&nbsp;\" \/>\n<meta property=\"og:url\" content=\"https:\/\/www.silvelox.it\/de\/handler\/\" \/>\n<meta property=\"og:site_name\" content=\"silvelox de\" \/>\n<meta property=\"article:modified_time\" content=\"2023-09-06T14:54:30+00:00\" \/>\n<meta name=\"twitter:card\" content=\"summary_large_image\" \/>\n<meta name=\"twitter:label1\" content=\"Gesch\u00e4tzte Lesezeit\" \/>\n\t<meta name=\"twitter:data1\" content=\"1\u00a0Minute\" \/>\n<script type=\"application\/ld+json\" class=\"yoast-schema-graph\">{\"@context\":\"https:\\\/\\\/schema.org\",\"@graph\":[{\"@type\":\"WebPage\",\"@id\":\"https:\\\/\\\/www.silvelox.it\\\/de\\\/handler\\\/\",\"url\":\"https:\\\/\\\/www.silvelox.it\\\/de\\\/handler\\\/\",\"name\":\"H\u00e4ndler - silvelox de\",\"isPartOf\":{\"@id\":\"https:\\\/\\\/www.silvelox.it\\\/de\\\/#website\"},\"datePublished\":\"2022-12-08T05:33:36+00:00\",\"dateModified\":\"2023-09-06T14:54:30+00:00\",\"description\":\"AUTORISIERTE H\u00c4NDLER Entdecken Sie unsere Wiederverk\u00e4ufer und finden Sie den H\u00e4ndler in Ihrer N\u00e4he!&nbsp;\",\"breadcrumb\":{\"@id\":\"https:\\\/\\\/www.silvelox.it\\\/de\\\/handler\\\/#breadcrumb\"},\"inLanguage\":\"de\",\"potentialAction\":[{\"@type\":\"ReadAction\",\"target\":[\"https:\\\/\\\/www.silvelox.it\\\/de\\\/handler\\\/\"]}]},{\"@type\":\"BreadcrumbList\",\"@id\":\"https:\\\/\\\/www.silvelox.it\\\/de\\\/handler\\\/#breadcrumb\",\"itemListElement\":[{\"@type\":\"ListItem\",\"position\":1,\"name\":\"Home\",\"item\":\"https:\\\/\\\/www.silvelox.it\\\/de\\\/\"},{\"@type\":\"ListItem\",\"position\":2,\"name\":\"H\u00e4ndler\"}]},{\"@type\":\"WebSite\",\"@id\":\"https:\\\/\\\/www.silvelox.it\\\/de\\\/#website\",\"url\":\"https:\\\/\\\/www.silvelox.it\\\/de\\\/\",\"name\":\"silvelox de\",\"description\":\"\",\"potentialAction\":[{\"@type\":\"SearchAction\",\"target\":{\"@type\":\"EntryPoint\",\"urlTemplate\":\"https:\\\/\\\/www.silvelox.it\\\/de\\\/?s={search_term_string}\"},\"query-input\":{\"@type\":\"PropertyValueSpecification\",\"valueRequired\":true,\"valueName\":\"search_term_string\"}}],\"inLanguage\":\"de\"}]}<\/script>\n<!-- \/ Yoast SEO plugin. -->","yoast_head_json":{"title":"H\u00e4ndler - silvelox de","description":"AUTORISIERTE H\u00c4NDLER   Entdecken Sie unsere Wiederverk\u00e4ufer und finden Sie den H\u00e4ndler in Ihrer N\u00e4he!&nbsp;","robots":{"index":"index","follow":"follow","max-snippet":"max-snippet:-1","max-image-preview":"max-image-preview:large","max-video-preview":"max-video-preview:-1"},"canonical":"https:\/\/www.silvelox.it\/de\/handler\/","og_locale":"de_DE","og_type":"article","og_title":"H\u00e4ndler - silvelox de","og_description":"AUTORISIERTE H\u00c4NDLER   Entdecken Sie unsere Wiederverk\u00e4ufer und finden Sie den H\u00e4ndler in Ihrer N\u00e4he!&nbsp;","og_url":"https:\/\/www.silvelox.it\/de\/handler\/","og_site_name":"silvelox de","article_modified_time":"2023-09-06T14:54:30+00:00","twitter_card":"summary_large_image","twitter_misc":{"Gesch\u00e4tzte Lesezeit":"1\u00a0Minute"},"schema":{"@context":"https:\/\/schema.org","@graph":[{"@type":"WebPage","@id":"https:\/\/www.silvelox.it\/de\/handler\/","url":"https:\/\/www.silvelox.it\/de\/handler\/","name":"H\u00e4ndler - silvelox de","isPartOf":{"@id":"https:\/\/www.silvelox.it\/de\/#website"},"datePublished":"2022-12-08T05:33:36+00:00","dateModified":"2023-09-06T14:54:30+00:00","description":"AUTORISIERTE H\u00c4NDLER Entdecken Sie unsere Wiederverk\u00e4ufer und finden Sie den H\u00e4ndler in Ihrer N\u00e4he!&nbsp;","breadcrumb":{"@id":"https:\/\/www.silvelox.it\/de\/handler\/#breadcrumb"},"inLanguage":"de","potentialAction":[{"@type":"ReadAction","target":["https:\/\/www.silvelox.it\/de\/handler\/"]}]},{"@type":"BreadcrumbList","@id":"https:\/\/www.silvelox.it\/de\/handler\/#breadcrumb","itemListElement":[{"@type":"ListItem","position":1,"name":"Home","item":"https:\/\/www.silvelox.it\/de\/"},{"@type":"ListItem","position":2,"name":"H\u00e4ndler"}]},{"@type":"WebSite","@id":"https:\/\/www.silvelox.it\/de\/#website","url":"https:\/\/www.silvelox.it\/de\/","name":"silvelox de","description":"","potentialAction":[{"@type":"SearchAction","target":{"@type":"EntryPoint","urlTemplate":"https:\/\/www.silvelox.it\/de\/?s={search_term_string}"},"query-input":{"@type":"PropertyValueSpecification","valueRequired":true,"valueName":"search_term_string"}}],"inLanguage":"de"}]}},"_links":{"self":[{"href":"https:\/\/www.silvelox.it\/de\/wp-json\/wp\/v2\/pages\/2505","targetHints":{"allow":["GET"]}}],"collection":[{"href":"https:\/\/www.silvelox.it\/de\/wp-json\/wp\/v2\/pages"}],"about":[{"href":"https:\/\/www.silvelox.it\/de\/wp-json\/wp\/v2\/types\/page"}],"author":[{"embeddable":true,"href":"https:\/\/www.silvelox.it\/de\/wp-json\/wp\/v2\/users\/2"}],"replies":[{"embeddable":true,"href":"https:\/\/www.silvelox.it\/de\/wp-json\/wp\/v2\/comments?post=2505"}],"version-history":[{"count":11,"href":"https:\/\/www.silvelox.it\/de\/wp-json\/wp\/v2\/pages\/2505\/revisions"}],"predecessor-version":[{"id":10189,"href":"https:\/\/www.silvelox.it\/de\/wp-json\/wp\/v2\/pages\/2505\/revisions\/10189"}],"wp:attachment":[{"href":"https:\/\/www.silvelox.it\/de\/wp-json\/wp\/v2\/media?parent=2505"}],"curies":[{"name":"wp","href":"https:\/\/api.w.org\/{rel}","templated":true}]}}