{"id":25,"date":"2022-10-04T08:53:46","date_gmt":"2022-10-04T06:53:46","guid":{"rendered":"https:\/\/www.silvelox.it\/deu\/?page_id=25"},"modified":"2024-03-08T14:49:54","modified_gmt":"2024-03-08T13:49:54","slug":"arbeiten-sie-mit-uns","status":"publish","type":"page","link":"https:\/\/www.silvelox.it\/de\/arbeiten-sie-mit-uns\/","title":{"rendered":"Arbeiten sie mit uns"},"content":{"rendered":"\t\t<div data-elementor-type=\"wp-page\" data-elementor-id=\"25\" class=\"elementor elementor-25\" data-elementor-post-type=\"page\">\n\t\t\t\t\t\t<section class=\"elementor-section elementor-top-section elementor-element elementor-element-2628362 breadcrumb-main-inner elementor-section-full_width elementor-section-height-default elementor-section-height-default\" data-id=\"2628362\" data-element_type=\"section\" data-e-type=\"section\">\n\t\t\t\t\t\t<div class=\"elementor-container elementor-column-gap-default\">\n\t\t\t\t\t<div class=\"elementor-column elementor-col-100 elementor-top-column elementor-element elementor-element-2173ff7\" data-id=\"2173ff7\" data-element_type=\"column\" data-e-type=\"column\">\n\t\t\t<div class=\"elementor-widget-wrap elementor-element-populated\">\n\t\t\t\t\t\t<div class=\"elementor-element elementor-element-cdcda0c elementor-widget elementor-widget-shortcode\" data-id=\"cdcda0c\" data-element_type=\"widget\" data-e-type=\"widget\" data-widget_type=\"shortcode.default\">\n\t\t\t\t<div class=\"elementor-widget-container\">\n\t\t\t\t\t\t\t<div class=\"elementor-shortcode\"><div class=\"breadcrumbs\">\n<a href=\"https:\/\/www.silvelox.it\/de\">Homepage<\/a> \n\n<\/a> \n\/ <b> Arbeiten sie mit uns<\/b>\n<\/div>\n<\/div>\n\t\t\t\t\t\t<\/div>\n\t\t\t\t<\/div>\n\t\t\t\t\t<\/div>\n\t\t<\/div>\n\t\t\t\t\t<\/div>\n\t\t<\/section>\n\t\t\t\t<section class=\"elementor-section elementor-top-section elementor-element elementor-element-e6620d1 lavora-main-sec elementor-section-boxed elementor-section-height-default elementor-section-height-default\" data-id=\"e6620d1\" data-element_type=\"section\" data-e-type=\"section\">\n\t\t\t\t\t\t<div class=\"elementor-container elementor-column-gap-default\">\n\t\t\t\t\t<div class=\"elementor-column elementor-col-33 elementor-top-column elementor-element elementor-element-0dcddd9 lavoran-info\" data-id=\"0dcddd9\" data-element_type=\"column\" data-e-type=\"column\">\n\t\t\t<div class=\"elementor-widget-wrap elementor-element-populated\">\n\t\t\t\t\t\t<div class=\"elementor-element elementor-element-b3ed10a elementor-widget elementor-widget-heading\" data-id=\"b3ed10a\" data-element_type=\"widget\" data-e-type=\"widget\" data-widget_type=\"heading.default\">\n\t\t\t\t<div class=\"elementor-widget-container\">\n\t\t\t\t\t<h1 class=\"elementor-heading-title elementor-size-default\">Arbeiten sie mit uns<\/h1>\t\t\t\t<\/div>\n\t\t\t\t<\/div>\n\t\t\t\t<div class=\"elementor-element elementor-element-60534aa elementor-widget elementor-widget-text-editor\" data-id=\"60534aa\" data-element_type=\"widget\" data-e-type=\"widget\" data-widget_type=\"text-editor.default\">\n\t\t\t\t<div class=\"elementor-widget-container\">\n\t\t\t\t\t\t\t\t\t<p>M\u00f6chten Sie Teil unseres Teams werden?<\/p>\n<p><strong>Senden Sie Ihren Lebenslauf!&nbsp;<\/strong><\/p>\t\t\t\t\t\t\t\t<\/div>\n\t\t\t\t<\/div>\n\t\t\t\t\t<\/div>\n\t\t<\/div>\n\t\t\t\t<div class=\"elementor-column elementor-col-66 elementor-top-column elementor-element elementor-element-e839bc3\" data-id=\"e839bc3\" data-element_type=\"column\" data-e-type=\"column\">\n\t\t\t<div class=\"elementor-widget-wrap elementor-element-populated\">\n\t\t\t\t\t\t<div class=\"elementor-element elementor-element-9462203 contect-right-form elementor-widget elementor-widget-shortcode\" data-id=\"9462203\" data-element_type=\"widget\" data-e-type=\"widget\" data-widget_type=\"shortcode.default\">\n\t\t\t\t<div class=\"elementor-widget-container\">\n\t\t\t\t\t\t\t<div class=\"elementor-shortcode\"><div class=\"frm_forms  with_frm_style frm_style_stile-di-formidable\" id=\"frm_form_3_container\" data-token=\"93e09bd4b9ced827f0be99555277c90e\">\n<form enctype=\"multipart\/form-data\" method=\"post\" class=\"frm-show-form  frm_js_validate  frm_ajax_submit  frm_pro_form \" id=\"form_contactus\" data-token=\"93e09bd4b9ced827f0be99555277c90e\">\n<div class=\"frm_form_fields \">\n<fieldset>\n<legend class=\"frm_screen_reader\">lavora con noi<\/legend>\r\n<h3 class=\"frm_form_title\">lavora con noi<\/h3>\r\n<div class=\"frm_fields_container\">\n<input type=\"hidden\" name=\"frm_action\" value=\"create\" \/>\n<input type=\"hidden\" name=\"form_id\" value=\"3\" \/>\n<input type=\"hidden\" name=\"frm_hide_fields_3\" id=\"frm_hide_fields_3\" value=\"\" \/>\n<input type=\"hidden\" name=\"form_key\" value=\"contactus\" \/>\n<input type=\"hidden\" name=\"item_meta[0]\" value=\"\" \/>\n<input type=\"hidden\" id=\"frm_submit_entry_3\" name=\"frm_submit_entry_3\" value=\"c1e545c3f0\" \/><input type=\"hidden\" name=\"_wp_http_referer\" value=\"\/de\/wp-json\/wp\/v2\/pages\/25\" \/><input type=\"hidden\" name=\"item_meta[131]\" id=\"field_jm6ek\" value=\"\"  data-invmsg=\"HubSpot ist ung\u00fcltig\"   \/>\n<div id=\"frm_field_40_container\" class=\"frm_form_field form-field  frm_required_field frm_top_container frm6 frm_first\">\r\n    <label for=\"field_hso17\" id=\"field_hso17_label\" class=\"frm_primary_label\">Vorname*\r\n        <span class=\"frm_required\" aria-hidden=\"true\">*<\/span>\r\n    <\/label>\r\n    <input type=\"text\" id=\"field_hso17\" name=\"item_meta[40]\" value=\"\"  data-reqmsg=\"Dieses Feld kann nicht leer sein.\" aria-required=\"true\" data-invmsg=\"Testo non \u00e8 valido\" aria-invalid=\"false\"  \/>\r\n    \r\n    \r\n<\/div>\n<div id=\"frm_field_92_container\" class=\"frm_form_field form-field  frm_required_field frm_top_container frm6\">\r\n    <label for=\"field_4blu6\" id=\"field_4blu6_label\" class=\"frm_primary_label\">Nachname*\r\n        <span class=\"frm_required\" aria-hidden=\"true\">*<\/span>\r\n    <\/label>\r\n    <input type=\"text\" id=\"field_4blu6\" name=\"item_meta[92]\" value=\"\"  data-reqmsg=\"Dieses Feld kann nicht leer sein.\" aria-required=\"true\" data-invmsg=\"Testo non \u00e8 valido\" aria-invalid=\"false\"  \/>\r\n    \r\n    \r\n<\/div>\n<div id=\"frm_field_42_container\" class=\"frm_form_field form-field  frm_required_field frm_top_container frm6 frm_first\">\r\n    <label for=\"field_h9fc7\" id=\"field_h9fc7_label\" class=\"frm_primary_label\">E-mail*\r\n        <span class=\"frm_required\" aria-hidden=\"true\">*<\/span>\r\n    <\/label>\r\n    <input type=\"email\" id=\"field_h9fc7\" name=\"item_meta[42]\" value=\"\"  data-reqmsg=\"Dieses Feld kann nicht leer sein.\" aria-required=\"true\" data-invmsg=\"E-Mail ist ung\u00fcltig\" aria-invalid=\"false\"  \/>\r\n    \r\n    \r\n<\/div>\n<div id=\"frm_field_82_container\" class=\"frm_form_field form-field  frm_required_field frm_top_container frm6\">\r\n    <label for=\"field_a3ewn\" id=\"field_a3ewn_label\" class=\"frm_primary_label\">Mobiltelefon*\r\n        <span class=\"frm_required\" aria-hidden=\"true\">*<\/span>\r\n    <\/label>\r\n    <input type=\"tel\" id=\"field_a3ewn\" name=\"item_meta[82]\" value=\"\"  data-reqmsg=\"Dieses Feld kann nicht leer sein.\" aria-required=\"true\" data-invmsg=\"Ung\u00fcltige Telefonnummer\" aria-invalid=\"false\" pattern=\"((\\+\\d{1,3}(-|.| )?\\(?\\d\\)?(-| |.)?\\d{1,5})|(\\(?\\d{2,6}\\)?))(-|.| )?(\\d{3,4})(-|.| )?(\\d{4})(( x| ext)\\d{1,5}){0,1}$\"  \/>\r\n    \r\n    \r\n<\/div>\n<div id=\"frm_field_105_container\" class=\"frm_form_field form-field  frm_required_field frm_top_container frm6 frm_first\">\r\n    <label for=\"field_q3kdn\" id=\"field_q3kdn_label\" class=\"frm_primary_label\">Region*\r\n        <span class=\"frm_required\" aria-hidden=\"true\">*<\/span>\r\n    <\/label>\r\n    <input type=\"text\" id=\"field_q3kdn\" name=\"item_meta[105]\" value=\"\"  data-reqmsg=\"Dieses Feld kann nicht leer sein.\" aria-required=\"true\" data-invmsg=\"Testo non \u00e8 valido\" aria-invalid=\"false\"  \/>\r\n    \r\n    \r\n<\/div>\n<div id=\"frm_field_44_container\" class=\"frm_form_field form-field  frm_required_field frm_top_container frm6\">\r\n    <label for=\"field_gwawo\" id=\"field_gwawo_label\" class=\"frm_primary_label\">Stadt*\r\n        <span class=\"frm_required\" aria-hidden=\"true\">*<\/span>\r\n    <\/label>\r\n    <input type=\"text\" id=\"field_gwawo\" name=\"item_meta[44]\" value=\"\"  data-reqmsg=\"Dieses Feld kann nicht leer sein.\" aria-required=\"true\" data-invmsg=\"Testo non \u00e8 valido\" aria-invalid=\"false\"  \/>\r\n    \r\n    \r\n<\/div>\n<div id=\"frm_field_46_container\" class=\"frm_form_field form-field  frm_required_field frm_top_container\">\r\n    <label for=\"field_vos0x\" id=\"field_vos0x_label\" class=\"frm_primary_label\">Laden Sie ihren Lebenslauf hoch*\r\n        <span class=\"frm_required\" aria-hidden=\"true\">*<\/span>\r\n    <\/label>\r\n    <input type=\"hidden\" name=\"item_meta[46][]\"  data-reqmsg=\"Dieses Feld kann nicht leer sein.\"  value=\"\" data-frmfile=\"46\" \/>\n\n<div class=\"frm_dropzone frm_multi_upload frm_clearfix\" id=\"file46_dropzone\" role=\"group\" >\n\t<div class=\"fallback\">\n\t\t<input type=\"file\" name=\"file46[]\" id=\"field_vos0x\"\n\t\t\t data-frmfile=\"46\" multiple=\"multiple\"  data-reqmsg=\"Dieses Feld kann nicht leer sein.\" data-invmsg=\"Der Datei-Upload ist ung\u00fcltig\" class=\"auto_width\" aria-invalid=\"false\"  \t\t\t\/>\n\t\t\t\t<div class=\"frm_clearfix \"><\/div>\n\t<\/div>\n\t<div class=\"dz-message needsclick\">\n\t\t\t\t<svg  viewBox=\"0 0 18 18\" class=\"frmsvg frm-svg-icon\">\n\t<path viewBox=\"0 0 18 18\" fill-rule=\"evenodd\" clip-rule=\"evenodd\" d=\"M8.2 4v8a.8.8 0 001.5 0V4l2.1 2.2A.7.7 0 1013 5L9.5 1.7a.7.7 0 00-1.1 0L5.1 5.2a.8.8 0 001 1l2.1-2zm7.6 4.3c.4 0 .7.3.7.7v6.8c0 .4-.3.7-.8.7H2.3a.8.8 0 01-.8-.8V9A.8.8 0 013 9v6h12V9c0-.4.3-.8.8-.8z\"><\/path>\n<\/svg>\t\t<span class=\"frm_upload_text\"><button type=\"button\" aria-label=\"Laden Sie ihren Lebenslauf hoch*. . Maximum file size: 3MB\"><\/button><\/span>\n\t\t<span class=\"frm_compact_text\"><button type=\"button\" aria-label=\"Laden Sie ihren Lebenslauf hoch*. W\u00e4hle Dateien. Maximum file size: 3MB\">W\u00e4hle Dateien<\/button><\/span>\n\t\t<div class=\"frm_small_text\">\n\t\t\t<p>Maximum file size: 3MB<\/p>\n\t\t<\/div>\n\t<\/div>\n<\/div>\n\r\n    \r\n    \r\n<\/div>\n<div id=\"frm_field_47_container\" class=\"frm_form_field form-field  frm_required_field frm_top_container checkbox-label vertical_radio\">\r\n    <div  id=\"field_avczl_label\" class=\"frm_primary_label\">\r\n        <span class=\"frm_required\" aria-hidden=\"true\">*<\/span>\r\n    <\/div>\r\n    <div class=\"frm_opt_container\" aria-labelledby=\"field_avczl_label\" role=\"group\">\t\t<div class=\"frm_checkbox\" id=\"frm_checkbox_47-0\">\t\t\t<label  for=\"field_avczl-0\">\n\t\t\t<input type=\"checkbox\" name=\"item_meta[47][]\" id=\"field_avczl-0\" value=\"Ich habe die &lt;a href=&quot;https:\/\/www.iubenda.com\/privacy-policy\/53433510\/full-legal&quot; target=&quot;_blank&quot;&gt;Datenschutzerkl\u00e4rung*&lt;\/a&gt; gelesen und akzeptiere sie\"  data-reqmsg=\"Dieses Feld kann nicht leer sein.\" data-invmsg=\"Dieses Feld ist ung\u00fcltig\"   aria-required=\"true\"  \/> Ich habe die <a href=\"https:\/\/www.iubenda.com\/privacy-policy\/53433510\/full-legal\" target=\"_blank\">Datenschutzerkl\u00e4rung*<\/a> gelesen und akzeptiere sie<\/label><\/div>\n<\/div>\r\n    \r\n    \r\n<\/div>\n\t<input type=\"hidden\" name=\"item_key\" value=\"\" \/>\n\t\t\t<div id=\"frm_field_134_container\">\n\t\t\t<label for=\"field_oomqh\" >\n\t\t\t\tFalls Du menschlich bist, lasse dieses Feld leer.\t\t\t<\/label>\n\t\t\t<input  id=\"field_oomqh\" type=\"text\" class=\"frm_form_field form-field frm_verify\" name=\"item_meta[134]\" value=\"\"  \/>\n\t\t<\/div>\n\t\t<input name=\"frm_state\" type=\"hidden\" value=\"znsdEoZZ6rXqAKqxKFnL8gQ8ZpcUKWepsoZi7y9kLDDYIFWiNx0483m40Uao5D2q\" \/><div class=\"contactus-button\">\r\n<div class=\"frm_submit\">\r\n\r\n<button class=\"frm_button_submit frm_final_submit\" type=\"submit\"   formnovalidate=\"formnovalidate\">Anfrage absenden<\/button>\r\n\r\n<a href=\"#\" tabindex=\"0\" class=\"frm_start_over\" >Start Over<\/a>\r\n<\/div>\r\n<\/div><\/div>\n<\/fieldset>\n<\/div>\n\n<\/form>\n<\/div>\n<\/div>\n\t\t\t\t\t\t<\/div>\n\t\t\t\t<\/div>\n\t\t\t\t\t<\/div>\n\t\t<\/div>\n\t\t\t\t\t<\/div>\n\t\t<\/section>\n\t\t\t\t<section class=\"elementor-section elementor-top-section elementor-element elementor-element-ef268c8 bg-lavora elementor-section-boxed elementor-section-height-default elementor-section-height-default\" data-id=\"ef268c8\" data-element_type=\"section\" data-e-type=\"section\" data-settings=\"{&quot;background_background&quot;:&quot;classic&quot;}\">\n\t\t\t\t\t\t\t<div class=\"elementor-background-overlay\"><\/div>\n\t\t\t\t\t\t\t<div class=\"elementor-container elementor-column-gap-default\">\n\t\t\t\t\t<div class=\"elementor-column elementor-col-100 elementor-top-column elementor-element elementor-element-8003007\" data-id=\"8003007\" data-element_type=\"column\" data-e-type=\"column\">\n\t\t\t<div class=\"elementor-widget-wrap elementor-element-populated\">\n\t\t\t\t\t\t<div class=\"elementor-element elementor-element-928043f elementor-widget elementor-widget-heading\" data-id=\"928043f\" data-element_type=\"widget\" data-e-type=\"widget\" data-widget_type=\"heading.default\">\n\t\t\t\t<div class=\"elementor-widget-container\">\n\t\t\t\t\t<h2 class=\"elementor-heading-title elementor-size-default\">Allgemeine Politik der Silvelox Group S.p.a. in Bezug auf Vielfalt, Integration und Gleichberechtigung<\/h2>\t\t\t\t<\/div>\n\t\t\t\t<\/div>\n\t\t\t\t<div class=\"elementor-element elementor-element-8215ff2 elementor-widget elementor-widget-text-editor\" data-id=\"8215ff2\" data-element_type=\"widget\" data-e-type=\"widget\" data-widget_type=\"text-editor.default\">\n\t\t\t\t<div class=\"elementor-widget-container\">\n\t\t\t\t\t\t\t\t\t<p><span style=\"font-weight: 400;\">Wir sind der festen \u00dcberzeugung, dass die Werte der Vielfalt, der Einbeziehung (D&amp;I) und insbesondere der Gleichbehandlung von M\u00e4nnern und Frauen von grundlegender Bedeutung f\u00fcr die Entwicklung eines vielf\u00e4ltigen und fairen Arbeitsumfelds sind, in dem sich die Talente jedes Einzelnen voll entfalten k\u00f6nnen.<\/span><\/p><p><span style=\"font-weight: 400;\">Aus diesem Grund arbeiten wir bei Silvelox daran, unser Engagement f\u00fcr die F\u00f6rderung einer Kultur, die auf die Wertsch\u00e4tzung von Vielfalt ausgerichtet ist, sowie f\u00fcr die Gleichstellung der Geschlechter, die Elternschaft und die Vereinbarkeit von Beruf und Familie intern und extern zu f\u00f6rdern.\u00a0<\/span><\/p>\t\t\t\t\t\t\t\t<\/div>\n\t\t\t\t<\/div>\n\t\t\t\t<div class=\"elementor-element elementor-element-067aaa2 transparent-button white-text elementor-widget__width-auto elementor-widget elementor-widget-button\" data-id=\"067aaa2\" data-element_type=\"widget\" data-e-type=\"widget\" data-widget_type=\"button.default\">\n\t\t\t\t<div class=\"elementor-widget-container\">\n\t\t\t\t\t\t\t\t\t<div class=\"elementor-button-wrapper\">\n\t\t\t\t\t<a class=\"elementor-button elementor-button-link elementor-size-sm\" href=\"https:\/\/www.silvelox.it\/wp-content\/uploads\/2023\/09\/POLITICA_GLOBALE_Parita_di_Genere_Silvelox_ITA_ENG.pdf\" target=\"_blank\">\n\t\t\t\t\t\t<span class=\"elementor-button-content-wrapper\">\n\t\t\t\t\t\t<span class=\"elementor-button-icon\">\n\t\t\t\t<svg xmlns=\"http:\/\/www.w3.org\/2000\/svg\" xmlns:xlink=\"http:\/\/www.w3.org\/1999\/xlink\" width=\"17px\" height=\"21px\" viewBox=\"0 0 17 21\"><title>Group 10<\/title><g id=\"Page-1\" stroke=\"none\" stroke-width=\"1\" fill=\"none\" fill-rule=\"evenodd\" stroke-linecap=\"round\"><g id=\"03---Pivo't\" transform=\"translate(-327.000000, -1107.000000)\" stroke=\"#976747\" stroke-width=\"2\"><g id=\"Group-7\" transform=\"translate(144.000000, 1108.000000)\"><g id=\"Group-10\" transform=\"translate(184.917057, 0.000000)\"><g id=\"Group-5\" transform=\"translate(2.027890, 8.841783)\"><line x1=\"4.95063942\" y1=\"4.95063942\" x2=\"0\" y2=\"4.37293309e-14\" id=\"Line-2\"><\/line><line x1=\"9.79152075\" y1=\"0.109758085\" x2=\"4.89576038\" y2=\"5.00551846\" id=\"Line-2\"><\/line><\/g><line x1=\"0\" y1=\"18.1153527\" x2=\"13.8473014\" y2=\"18.1153527\" id=\"Line-2\"><\/line><line x1=\"6.92365072\" y1=\"0\" x2=\"6.92365072\" y2=\"13.8473014\" id=\"Line-2\"><\/line><\/g><\/g><\/g><\/g><\/svg>\t\t\t<\/span>\n\t\t\t\t\t\t\t\t\t<span class=\"elementor-button-text\">Zertifikat herunterladen<\/span>\n\t\t\t\t\t<\/span>\n\t\t\t\t\t<\/a>\n\t\t\t\t<\/div>\n\t\t\t\t\t\t\t\t<\/div>\n\t\t\t\t<\/div>\n\t\t\t\t<div class=\"elementor-element elementor-element-8f47988 transparent-button white-text elementor-widget__width-auto elementor-widget elementor-widget-button\" data-id=\"8f47988\" data-element_type=\"widget\" data-e-type=\"widget\" data-widget_type=\"button.default\">\n\t\t\t\t<div class=\"elementor-widget-container\">\n\t\t\t\t\t\t\t\t\t<div class=\"elementor-button-wrapper\">\n\t\t\t\t\t<a class=\"elementor-button elementor-button-link elementor-size-sm\" href=\"https:\/\/www.silvelox.it\/de\/wp-content\/uploads\/sites\/4\/2024\/03\/silvelox-uni-125-2022.pdf\" target=\"_blank\">\n\t\t\t\t\t\t<span class=\"elementor-button-content-wrapper\">\n\t\t\t\t\t\t<span class=\"elementor-button-icon\">\n\t\t\t\t<svg xmlns=\"http:\/\/www.w3.org\/2000\/svg\" xmlns:xlink=\"http:\/\/www.w3.org\/1999\/xlink\" width=\"17px\" height=\"21px\" viewBox=\"0 0 17 21\"><title>Group 10<\/title><g id=\"Page-1\" stroke=\"none\" stroke-width=\"1\" fill=\"none\" fill-rule=\"evenodd\" stroke-linecap=\"round\"><g id=\"03---Pivo't\" transform=\"translate(-327.000000, -1107.000000)\" stroke=\"#976747\" stroke-width=\"2\"><g id=\"Group-7\" transform=\"translate(144.000000, 1108.000000)\"><g id=\"Group-10\" transform=\"translate(184.917057, 0.000000)\"><g id=\"Group-5\" transform=\"translate(2.027890, 8.841783)\"><line x1=\"4.95063942\" y1=\"4.95063942\" x2=\"0\" y2=\"4.37293309e-14\" id=\"Line-2\"><\/line><line x1=\"9.79152075\" y1=\"0.109758085\" x2=\"4.89576038\" y2=\"5.00551846\" id=\"Line-2\"><\/line><\/g><line x1=\"0\" y1=\"18.1153527\" x2=\"13.8473014\" y2=\"18.1153527\" id=\"Line-2\"><\/line><line x1=\"6.92365072\" y1=\"0\" x2=\"6.92365072\" y2=\"13.8473014\" id=\"Line-2\"><\/line><\/g><\/g><\/g><\/g><\/svg>\t\t\t<\/span>\n\t\t\t\t\t\t\t\t\t<span class=\"elementor-button-text\">Politik herunterladen<\/span>\n\t\t\t\t\t<\/span>\n\t\t\t\t\t<\/a>\n\t\t\t\t<\/div>\n\t\t\t\t\t\t\t\t<\/div>\n\t\t\t\t<\/div>\n\t\t\t\t\t<\/div>\n\t\t<\/div>\n\t\t\t\t\t<\/div>\n\t\t<\/section>\n\t\t\t\t<\/div>\n\t\t","protected":false},"excerpt":{"rendered":"<p>Arbeiten sie mit uns M\u00f6chten Sie Teil unseres Teams werden? Senden Sie Ihren Lebenslauf!&nbsp; lavora con noi lavora con noi Vorname* * Nachname* * E-mail* * Mobiltelefon* * Region* * Stadt* * Laden Sie ihren Lebenslauf hoch* * W\u00e4hle Dateien Maximum file size: 3MB * Ich habe die Datenschutzerkl\u00e4rung* gelesen und akzeptiere sie Falls Du [&hellip;]<\/p>\n","protected":false},"author":2,"featured_media":0,"parent":0,"menu_order":0,"comment_status":"closed","ping_status":"closed","template":"elementor_header_footer","meta":{"_acf_changed":false,"footnotes":""},"class_list":["post-25","page","type-page","status-publish","hentry"],"acf":[],"yoast_head":"<!-- This site is optimized with the Yoast SEO plugin v27.4 - https:\/\/yoast.com\/product\/yoast-seo-wordpress\/ -->\n<title>Arbeiten sie mit uns - silvelox de<\/title>\n<meta name=\"description\" content=\"Arbeiten sie mit uns M\u00f6chten Sie Teil unseres Teams werden? Senden Sie Ihren Lebenslauf!&nbsp; Allgemeine Politik der Silvelox Group S.p.a. in Bezug auf\" \/>\n<meta name=\"robots\" content=\"index, follow, max-snippet:-1, max-image-preview:large, max-video-preview:-1\" \/>\n<link rel=\"canonical\" href=\"https:\/\/www.silvelox.it\/de\/arbeiten-sie-mit-uns\/\" \/>\n<meta property=\"og:locale\" content=\"de_DE\" \/>\n<meta property=\"og:type\" content=\"article\" \/>\n<meta property=\"og:title\" content=\"Arbeiten sie mit uns - silvelox de\" \/>\n<meta property=\"og:description\" content=\"Arbeiten sie mit uns M\u00f6chten Sie Teil unseres Teams werden? Senden Sie Ihren Lebenslauf!&nbsp; Allgemeine Politik der Silvelox Group S.p.a. in Bezug auf\" \/>\n<meta property=\"og:url\" content=\"https:\/\/www.silvelox.it\/de\/arbeiten-sie-mit-uns\/\" \/>\n<meta property=\"og:site_name\" content=\"silvelox de\" \/>\n<meta property=\"article:modified_time\" content=\"2024-03-08T13:49:54+00:00\" \/>\n<meta name=\"twitter:card\" content=\"summary_large_image\" \/>\n<meta name=\"twitter:label1\" content=\"Gesch\u00e4tzte Lesezeit\" \/>\n\t<meta name=\"twitter:data1\" content=\"1\u00a0Minute\" \/>\n<script type=\"application\/ld+json\" class=\"yoast-schema-graph\">{\"@context\":\"https:\\\/\\\/schema.org\",\"@graph\":[{\"@type\":\"WebPage\",\"@id\":\"https:\\\/\\\/www.silvelox.it\\\/de\\\/arbeiten-sie-mit-uns\\\/\",\"url\":\"https:\\\/\\\/www.silvelox.it\\\/de\\\/arbeiten-sie-mit-uns\\\/\",\"name\":\"Arbeiten sie mit uns - silvelox de\",\"isPartOf\":{\"@id\":\"https:\\\/\\\/www.silvelox.it\\\/de\\\/#website\"},\"datePublished\":\"2022-10-04T06:53:46+00:00\",\"dateModified\":\"2024-03-08T13:49:54+00:00\",\"description\":\"Arbeiten sie mit uns M\u00f6chten Sie Teil unseres Teams werden? Senden Sie Ihren Lebenslauf!&nbsp; Allgemeine Politik der Silvelox Group S.p.a. in Bezug auf\",\"breadcrumb\":{\"@id\":\"https:\\\/\\\/www.silvelox.it\\\/de\\\/arbeiten-sie-mit-uns\\\/#breadcrumb\"},\"inLanguage\":\"de\",\"potentialAction\":[{\"@type\":\"ReadAction\",\"target\":[\"https:\\\/\\\/www.silvelox.it\\\/de\\\/arbeiten-sie-mit-uns\\\/\"]}]},{\"@type\":\"BreadcrumbList\",\"@id\":\"https:\\\/\\\/www.silvelox.it\\\/de\\\/arbeiten-sie-mit-uns\\\/#breadcrumb\",\"itemListElement\":[{\"@type\":\"ListItem\",\"position\":1,\"name\":\"Home\",\"item\":\"https:\\\/\\\/www.silvelox.it\\\/de\\\/\"},{\"@type\":\"ListItem\",\"position\":2,\"name\":\"Arbeiten sie mit uns\"}]},{\"@type\":\"WebSite\",\"@id\":\"https:\\\/\\\/www.silvelox.it\\\/de\\\/#website\",\"url\":\"https:\\\/\\\/www.silvelox.it\\\/de\\\/\",\"name\":\"silvelox de\",\"description\":\"\",\"potentialAction\":[{\"@type\":\"SearchAction\",\"target\":{\"@type\":\"EntryPoint\",\"urlTemplate\":\"https:\\\/\\\/www.silvelox.it\\\/de\\\/?s={search_term_string}\"},\"query-input\":{\"@type\":\"PropertyValueSpecification\",\"valueRequired\":true,\"valueName\":\"search_term_string\"}}],\"inLanguage\":\"de\"}]}<\/script>\n<!-- \/ Yoast SEO plugin. -->","yoast_head_json":{"title":"Arbeiten sie mit uns - silvelox de","description":"Arbeiten sie mit uns M\u00f6chten Sie Teil unseres Teams werden? Senden Sie Ihren Lebenslauf!&nbsp; Allgemeine Politik der Silvelox Group S.p.a. in Bezug auf","robots":{"index":"index","follow":"follow","max-snippet":"max-snippet:-1","max-image-preview":"max-image-preview:large","max-video-preview":"max-video-preview:-1"},"canonical":"https:\/\/www.silvelox.it\/de\/arbeiten-sie-mit-uns\/","og_locale":"de_DE","og_type":"article","og_title":"Arbeiten sie mit uns - silvelox de","og_description":"Arbeiten sie mit uns M\u00f6chten Sie Teil unseres Teams werden? Senden Sie Ihren Lebenslauf!&nbsp; Allgemeine Politik der Silvelox Group S.p.a. in Bezug auf","og_url":"https:\/\/www.silvelox.it\/de\/arbeiten-sie-mit-uns\/","og_site_name":"silvelox de","article_modified_time":"2024-03-08T13:49:54+00:00","twitter_card":"summary_large_image","twitter_misc":{"Gesch\u00e4tzte Lesezeit":"1\u00a0Minute"},"schema":{"@context":"https:\/\/schema.org","@graph":[{"@type":"WebPage","@id":"https:\/\/www.silvelox.it\/de\/arbeiten-sie-mit-uns\/","url":"https:\/\/www.silvelox.it\/de\/arbeiten-sie-mit-uns\/","name":"Arbeiten sie mit uns - silvelox de","isPartOf":{"@id":"https:\/\/www.silvelox.it\/de\/#website"},"datePublished":"2022-10-04T06:53:46+00:00","dateModified":"2024-03-08T13:49:54+00:00","description":"Arbeiten sie mit uns M\u00f6chten Sie Teil unseres Teams werden? Senden Sie Ihren Lebenslauf!&nbsp; Allgemeine Politik der Silvelox Group S.p.a. in Bezug auf","breadcrumb":{"@id":"https:\/\/www.silvelox.it\/de\/arbeiten-sie-mit-uns\/#breadcrumb"},"inLanguage":"de","potentialAction":[{"@type":"ReadAction","target":["https:\/\/www.silvelox.it\/de\/arbeiten-sie-mit-uns\/"]}]},{"@type":"BreadcrumbList","@id":"https:\/\/www.silvelox.it\/de\/arbeiten-sie-mit-uns\/#breadcrumb","itemListElement":[{"@type":"ListItem","position":1,"name":"Home","item":"https:\/\/www.silvelox.it\/de\/"},{"@type":"ListItem","position":2,"name":"Arbeiten sie mit uns"}]},{"@type":"WebSite","@id":"https:\/\/www.silvelox.it\/de\/#website","url":"https:\/\/www.silvelox.it\/de\/","name":"silvelox de","description":"","potentialAction":[{"@type":"SearchAction","target":{"@type":"EntryPoint","urlTemplate":"https:\/\/www.silvelox.it\/de\/?s={search_term_string}"},"query-input":{"@type":"PropertyValueSpecification","valueRequired":true,"valueName":"search_term_string"}}],"inLanguage":"de"}]}},"_links":{"self":[{"href":"https:\/\/www.silvelox.it\/de\/wp-json\/wp\/v2\/pages\/25","targetHints":{"allow":["GET"]}}],"collection":[{"href":"https:\/\/www.silvelox.it\/de\/wp-json\/wp\/v2\/pages"}],"about":[{"href":"https:\/\/www.silvelox.it\/de\/wp-json\/wp\/v2\/types\/page"}],"author":[{"embeddable":true,"href":"https:\/\/www.silvelox.it\/de\/wp-json\/wp\/v2\/users\/2"}],"replies":[{"embeddable":true,"href":"https:\/\/www.silvelox.it\/de\/wp-json\/wp\/v2\/comments?post=25"}],"version-history":[{"count":60,"href":"https:\/\/www.silvelox.it\/de\/wp-json\/wp\/v2\/pages\/25\/revisions"}],"predecessor-version":[{"id":11112,"href":"https:\/\/www.silvelox.it\/de\/wp-json\/wp\/v2\/pages\/25\/revisions\/11112"}],"wp:attachment":[{"href":"https:\/\/www.silvelox.it\/de\/wp-json\/wp\/v2\/media?parent=25"}],"curies":[{"name":"wp","href":"https:\/\/api.w.org\/{rel}","templated":true}]}}